{"id":17644,"date":"2025-09-16T16:58:31","date_gmt":"2025-09-16T20:58:31","guid":{"rendered":"https:\/\/readtogrow.org\/politica-de-privacidad\/"},"modified":"2025-09-16T16:58:35","modified_gmt":"2025-09-16T20:58:35","slug":"politica-de-privacidad","status":"publish","type":"page","link":"https:\/\/readtogrow.org\/es\/politica-de-privacidad\/","title":{"rendered":"Pol\u00edtica de privacidad"},"content":{"rendered":"\t\t<div data-elementor-type=\"wp-page\" data-elementor-id=\"17644\" class=\"elementor elementor-17644 elementor-6266\" data-elementor-post-type=\"page\">\n\t\t\t\t<div class=\"elementor-element elementor-element-3029350 page-header e-flex e-con-boxed wpr-particle-no wpr-jarallax-no wpr-parallax-no wpr-sticky-section-no wpr-equal-height-no e-con e-parent\" data-id=\"3029350\" data-element_type=\"container\" data-e-type=\"container\" id=\"page-header\">\n\t\t\t\t\t<div class=\"e-con-inner\">\n\t\t\t\t<div class=\"elementor-element elementor-element-b6aea72 elementor-widget elementor-widget-text-editor\" data-id=\"b6aea72\" data-element_type=\"widget\" data-e-type=\"widget\" data-widget_type=\"text-editor.default\">\n\t\t\t\t<div class=\"elementor-widget-container\">\n\t\t\t\t\t\t\t\t\t<h1>Pol\u00edtica de privacidad<\/h1>\t\t\t\t\t\t\t\t<\/div>\n\t\t\t\t<\/div>\n\t\t\t\t\t<\/div>\n\t\t\t\t<\/div>\n\t\t<div class=\"elementor-element elementor-element-322da98f e-flex e-con-boxed wpr-particle-no wpr-jarallax-no wpr-parallax-no wpr-sticky-section-no wpr-equal-height-no e-con e-parent\" data-id=\"322da98f\" data-element_type=\"container\" data-e-type=\"container\">\n\t\t\t\t\t<div class=\"e-con-inner\">\n\t\t<div class=\"elementor-element elementor-element-39fdf9ed e-flex e-con-boxed wpr-particle-no wpr-jarallax-no wpr-parallax-no wpr-sticky-section-no wpr-equal-height-no e-con e-child\" data-id=\"39fdf9ed\" data-element_type=\"container\" data-e-type=\"container\" data-settings=\"{&quot;background_background&quot;:&quot;classic&quot;}\">\n\t\t\t\t\t<div class=\"e-con-inner\">\n\t\t\t\t<div class=\"elementor-element elementor-element-7620ab9a elementor-widget elementor-widget-text-editor\" data-id=\"7620ab9a\" data-element_type=\"widget\" data-e-type=\"widget\" data-widget_type=\"text-editor.default\">\n\t\t\t\t<div class=\"elementor-widget-container\">\n\t\t\t\t\t\t\t\t\t<p>Nos preocupa su privacidad. Esta pol\u00edtica explica qu\u00e9 informaci\u00f3n recopilamos en nuestro sitio web, c\u00f3mo la utilizamos y c\u00f3mo la mantenemos segura. <\/p><h4>Qu\u00e9 recopilamos<\/h4><p>Si rellena un formulario, solicita libros, se inscribe en un programa o completa una encuesta en nuestro sitio web, es posible que le solicitemos:<\/p><ul><li>Tu nombre<\/li><li>Direcci\u00f3n postal<\/li><li>Direcci\u00f3n de correo electr\u00f3nico<\/li><li>N\u00famero de tel\u00e9fono<\/li><li>La edad o el curso de su hijo\/a (si solicita libros para un ni\u00f1o\/a)<\/li><li>El nombre de su organizaci\u00f3n (si solicita libros para un programa)<\/li><li>Tambi\u00e9n podemos recopilar otra informaci\u00f3n que elija compartir con nosotros a trav\u00e9s de nuestro sitio web, formularios o encuestas.<\/li><\/ul><h4>C\u00f3mo utilizamos su informaci\u00f3n<\/h4><p>Utilizamos esta informaci\u00f3n para:<\/p><ul><li>Procesar y entregar sus solicitudes de libros<\/li><li>Inscribirle en programas o eventos<\/li><li>Hacer un seguimiento con usted si tenemos preguntas sobre su formulario o encuesta<\/li><li>Mejorar nuestros servicios y programas<\/li><li>Mantener registros para fines informativos<\/li><li>Solo recopilamos lo que necesitamos para proporcionar nuestros servicios.<\/li><\/ul><h4>Qu\u00e9 no hacemos<\/h4><p>No vendemos, alquilamos ni intercambiamos su informaci\u00f3n personal. Solo la compartimos con personal, voluntarios o proveedores de servicios de confianza cuando es necesario, para cumplir con su solicitud o proporcionar un servicio. <\/p><h4>Sus opciones<\/h4><ul><li>Puede visitar nuestro sitio web sin compartir informaci\u00f3n personal.<\/li><li>Puede elegir si desea o no suscribirse a nuestras actualizaciones por correo electr\u00f3nico.<\/li><li>Puede solicitarnos que corrijamos o eliminemos su informaci\u00f3n en cualquier momento.<\/li><\/ul><h4>C\u00f3mo la mantenemos segura<\/h4><p>Utilizamos medidas de seguridad razonables para proteger su informaci\u00f3n del acceso o uso indebido no autorizado.<\/p><h4>Cont\u00e1ctenos<\/h4><p>Si tiene preguntas sobre nuestra pol\u00edtica de privacidad o sobre c\u00f3mo utilizamos su informaci\u00f3n, p\u00f3ngase en contacto con nosotros:<\/p><ul><li><a href=\"mailto:info@readtogrow.org\">info@readtogrow.org<\/a><\/li><li>203.488.6800<\/li><li>53 school ground road, branford, CT 06405<\/li><\/ul>\t\t\t\t\t\t\t\t<\/div>\n\t\t\t\t<\/div>\n\t\t\t\t\t<\/div>\n\t\t\t\t<\/div>\n\t\t\t\t\t<\/div>\n\t\t\t\t<\/div>\n\t\t\t\t<\/div>\n\t\t","protected":false},"excerpt":{"rendered":"<p>Pol\u00edtica de privacidad Nos preocupa su privacidad. Esta pol\u00edtica explica qu\u00e9 informaci\u00f3n recopilamos en nuestro sitio web, c\u00f3mo la utilizamos y c\u00f3mo la mantenemos segura. Qu\u00e9 recopilamos Si rellena un formulario, solicita libros, se inscribe en un programa o completa una encuesta en nuestro sitio web, es posible que le solicitemos: Tu nombre Direcci\u00f3n postal Direcci\u00f3n de correo electr\u00f3nico N\u00famero de tel\u00e9fono La edad o el curso de su hijo\/a (si solicita libros para un ni\u00f1o\/a) El nombre de su organizaci\u00f3n (si solicita libros para un programa) Tambi\u00e9n podemos recopilar otra informaci\u00f3n que elija compartir con nosotros a trav\u00e9s de nuestro sitio web, formularios o encuestas. C\u00f3mo utilizamos su informaci\u00f3n Utilizamos esta informaci\u00f3n para: Procesar y entregar sus solicitudes de libros Inscribirle en programas o eventos Hacer un seguimiento con usted si tenemos preguntas sobre su formulario o encuesta Mejorar nuestros servicios y programas Mantener registros para fines informativos Solo recopilamos lo que necesitamos para proporcionar nuestros servicios. Qu\u00e9 no hacemos No vendemos, alquilamos ni intercambiamos su informaci\u00f3n personal. Solo la compartimos con personal, voluntarios o proveedores de servicios de confianza cuando es necesario, para cumplir con su solicitud o proporcionar un servicio. Sus opciones Puede visitar nuestro sitio web sin compartir informaci\u00f3n personal. Puede elegir si desea o no suscribirse a nuestras actualizaciones por correo electr\u00f3nico. Puede solicitarnos que corrijamos o eliminemos su informaci\u00f3n en cualquier momento. C\u00f3mo la mantenemos segura Utilizamos medidas de seguridad razonables para proteger su informaci\u00f3n del acceso o uso indebido no autorizado. Cont\u00e1ctenos Si tiene preguntas sobre nuestra pol\u00edtica de privacidad o sobre c\u00f3mo utilizamos su informaci\u00f3n, p\u00f3ngase en contacto con nosotros: info@readtogrow.org 203.488.6800 53 school ground road, branford, CT 06405<\/p>\n","protected":false},"author":2,"featured_media":0,"parent":0,"menu_order":0,"comment_status":"closed","ping_status":"closed","template":"","meta":{"footnotes":""},"class_list":["post-17644","page","type-page","status-publish","hentry"],"_links":{"self":[{"href":"https:\/\/readtogrow.org\/es\/wp-json\/wp\/v2\/pages\/17644","targetHints":{"allow":["GET"]}}],"collection":[{"href":"https:\/\/readtogrow.org\/es\/wp-json\/wp\/v2\/pages"}],"about":[{"href":"https:\/\/readtogrow.org\/es\/wp-json\/wp\/v2\/types\/page"}],"author":[{"embeddable":true,"href":"https:\/\/readtogrow.org\/es\/wp-json\/wp\/v2\/users\/2"}],"replies":[{"embeddable":true,"href":"https:\/\/readtogrow.org\/es\/wp-json\/wp\/v2\/comments?post=17644"}],"version-history":[{"count":1,"href":"https:\/\/readtogrow.org\/es\/wp-json\/wp\/v2\/pages\/17644\/revisions"}],"predecessor-version":[{"id":17646,"href":"https:\/\/readtogrow.org\/es\/wp-json\/wp\/v2\/pages\/17644\/revisions\/17646"}],"wp:attachment":[{"href":"https:\/\/readtogrow.org\/es\/wp-json\/wp\/v2\/media?parent=17644"}],"curies":[{"name":"wp","href":"https:\/\/api.w.org\/{rel}","templated":true}]}}