{"id":17864,"date":"2025-09-16T17:00:41","date_gmt":"2025-09-16T21:00:41","guid":{"rendered":"https:\/\/readtogrow.org\/bibliobus\/"},"modified":"2025-09-16T17:00:45","modified_gmt":"2025-09-16T21:00:45","slug":"bibliobus","status":"publish","type":"page","link":"https:\/\/readtogrow.org\/es\/bibliobus\/","title":{"rendered":"Bibliob\u00fas"},"content":{"rendered":"\t\t<div data-elementor-type=\"wp-page\" data-elementor-id=\"17864\" class=\"elementor elementor-17864 elementor-11430\" data-elementor-post-type=\"page\">\n\t\t\t\t<div class=\"elementor-element elementor-element-526a9d64 page-header e-con-full e-flex wpr-particle-no wpr-jarallax-no wpr-parallax-no wpr-sticky-section-no wpr-equal-height-no e-con e-parent\" data-id=\"526a9d64\" data-element_type=\"container\" data-e-type=\"container\" id=\"page-header\">\n\t\t\t\t<div class=\"elementor-element elementor-element-6a74617a elementor-widget elementor-widget-text-editor\" data-id=\"6a74617a\" data-element_type=\"widget\" data-e-type=\"widget\" data-widget_type=\"text-editor.default\">\n\t\t\t\t<div class=\"elementor-widget-container\">\n\t\t\t\t\t\t\t\t\t<h1>Bibliob\u00fas<\/h1>\t\t\t\t\t\t\t\t<\/div>\n\t\t\t\t<\/div>\n\t\t\t\t<\/div>\n\t\t<div class=\"elementor-element elementor-element-59f2e9f4 hero-section e-flex e-con-boxed wpr-particle-no wpr-jarallax-no wpr-parallax-no wpr-sticky-section-no wpr-equal-height-no e-con e-parent\" data-id=\"59f2e9f4\" data-element_type=\"container\" data-e-type=\"container\" data-settings=\"{&quot;background_background&quot;:&quot;classic&quot;}\">\n\t\t\t\t\t<div class=\"e-con-inner\">\n\t\t<div class=\"elementor-element elementor-element-60aa3c0 e-con-full e-flex wpr-particle-no wpr-jarallax-no wpr-parallax-no wpr-sticky-section-no wpr-equal-height-no e-con e-child\" data-id=\"60aa3c0\" data-element_type=\"container\" data-e-type=\"container\" data-settings=\"{&quot;background_background&quot;:&quot;classic&quot;}\">\n\t\t\t\t<div class=\"elementor-element elementor-element-4373d114 intro elementor-widget elementor-widget-text-editor\" data-id=\"4373d114\" data-element_type=\"widget\" data-e-type=\"widget\" data-widget_type=\"text-editor.default\">\n\t\t\t\t<div class=\"elementor-widget-container\">\n\t\t\t\t\t\t\t\t\t<h2>\u00a1Todos a bordo del bibliob\u00fas!<\/h2><p>El <strong>Bibliob\u00fas<\/strong> de Read to Grow, nuestro recurso de alfabetizaci\u00f3n sobre ruedas, se ech\u00f3 a la carretera en septiembre de 2022 y, desde entonces, ha estado llevando la alegr\u00eda de la lectura a ni\u00f1os de todo Connecticut.<\/p><p>M\u00e1s que una biblioteca m\u00f3vil, el Bibliob\u00fas crea un espacio atractivo e interactivo donde los ni\u00f1os pueden elegir un libro para qued\u00e1rselo, relajarse en nuestros c\u00f3modos bancos o reunirse en nuestra alfombra grande y confortable para una lectura en voz alta. Si bien nuestra programaci\u00f3n est\u00e1 dise\u00f1ada principalmente para ni\u00f1os de 0 a 7 a\u00f1os, ocasionalmente aceptamos visitas para ni\u00f1os mayores seg\u00fan solicitudes espec\u00edficas y necesidades de la comunidad. <\/p>\t\t\t\t\t\t\t\t<\/div>\n\t\t\t\t<\/div>\n\t\t\t\t<\/div>\n\t\t<div class=\"elementor-element elementor-element-f6d84b e-con-full e-flex wpr-particle-no wpr-jarallax-no wpr-parallax-no wpr-sticky-section-no wpr-equal-height-no e-con e-child\" data-id=\"f6d84b\" data-element_type=\"container\" data-e-type=\"container\" data-settings=\"{&quot;background_background&quot;:&quot;classic&quot;}\">\n\t\t\t\t<\/div>\n\t\t\t\t\t<\/div>\n\t\t\t\t<\/div>\n\t\t<div class=\"elementor-element elementor-element-cfe9bbc e-flex e-con-boxed wpr-particle-no wpr-jarallax-no wpr-parallax-no wpr-sticky-section-no wpr-equal-height-no e-con e-parent\" data-id=\"cfe9bbc\" data-element_type=\"container\" data-e-type=\"container\">\n\t\t\t\t\t<div class=\"e-con-inner\">\n\t\t<div class=\"elementor-element elementor-element-a0ec543 e-flex e-con-boxed wpr-particle-no wpr-jarallax-no wpr-parallax-no wpr-sticky-section-no wpr-equal-height-no e-con e-child\" data-id=\"a0ec543\" data-element_type=\"container\" data-e-type=\"container\" data-settings=\"{&quot;background_background&quot;:&quot;classic&quot;}\">\n\t\t\t\t\t<div class=\"e-con-inner\">\n\t\t\t\t<div class=\"elementor-element elementor-element-349cade elementor-widget elementor-widget-heading\" data-id=\"349cade\" data-element_type=\"widget\" data-e-type=\"widget\" data-widget_type=\"heading.default\">\n\t\t\t\t<div class=\"elementor-widget-container\">\n\t\t\t\t\t<h2 class=\"elementor-heading-title elementor-size-default\">\u00bfQuiere que el bibliob\u00fas visite su comunidad?<\/h2>\t\t\t\t<\/div>\n\t\t\t\t<\/div>\n\t\t\t\t<div class=\"elementor-element elementor-element-b26e116 elementor-widget elementor-widget-text-editor\" data-id=\"b26e116\" data-element_type=\"widget\" data-e-type=\"widget\" data-widget_type=\"text-editor.default\">\n\t\t\t\t<div class=\"elementor-widget-container\">\n\t\t\t\t\t\t\t\t\t<p>Si est\u00e1 interesado en que el Bibliob\u00fas visite su comunidad, complete el formulario de solicitud del Bibliob\u00fas. Si bien es posible que no podamos atender todas las solicitudes, haremos un seguimiento con usted de todos modos. <\/p><p>Si tiene alguna pregunta, p\u00f3ngase en contacto con nosotros en <span style=\"color: #ffffff;\"><a style=\"color: #ffffff;\" href=\"mailto:bookmobile@readtogrow.org\">bookmobile@readtogrow.org<\/a>.<\/span><\/p>\t\t\t\t\t\t\t\t<\/div>\n\t\t\t\t<\/div>\n\t\t<div class=\"elementor-element elementor-element-7cb231ee e-con-full e-flex wpr-particle-no wpr-jarallax-no wpr-parallax-no wpr-sticky-section-no wpr-equal-height-no e-con e-child\" data-id=\"7cb231ee\" data-element_type=\"container\" data-e-type=\"container\" data-settings=\"{&quot;background_background&quot;:&quot;classic&quot;}\">\n\t\t\t\t<div class=\"elementor-element elementor-element-64e5a865 elementor-widget elementor-widget-heading\" data-id=\"64e5a865\" data-element_type=\"widget\" data-e-type=\"widget\" data-widget_type=\"heading.default\">\n\t\t\t\t<div class=\"elementor-widget-container\">\n\t\t\t\t\t<h4 class=\"elementor-heading-title elementor-size-default\">Formulario de solicitud del bibliob\u00fas<\/h4>\t\t\t\t<\/div>\n\t\t\t\t<\/div>\n\t\t\t\t<div class=\"elementor-element elementor-element-5dab3cfc elementor-align-center align-self-end elementor-widget elementor-widget-button\" data-id=\"5dab3cfc\" data-element_type=\"widget\" data-e-type=\"widget\" data-widget_type=\"button.default\">\n\t\t\t\t<div class=\"elementor-widget-container\">\n\t\t\t\t\t\t\t\t\t<div class=\"elementor-button-wrapper\">\n\t\t\t\t\t<a class=\"elementor-button elementor-button-link elementor-size-sm\" href=\"https:\/\/cxl.474.myftpupload.com\/es\/formulario-de-solicitud-del-bibliobus\/\">\n\t\t\t\t\t\t<span class=\"elementor-button-content-wrapper\">\n\t\t\t\t\t\t\t\t\t<span class=\"elementor-button-text\">Ir al formulario<\/span>\n\t\t\t\t\t<\/span>\n\t\t\t\t\t<\/a>\n\t\t\t\t<\/div>\n\t\t\t\t\t\t\t\t<\/div>\n\t\t\t\t<\/div>\n\t\t\t\t<\/div>\n\t\t\t\t\t<\/div>\n\t\t\t\t<\/div>\n\t\t\t\t\t<\/div>\n\t\t\t\t<\/div>\n\t\t<div class=\"elementor-element elementor-element-6df88615 e-flex e-con-boxed wpr-particle-no wpr-jarallax-no wpr-parallax-no wpr-sticky-section-no wpr-equal-height-no e-con e-parent\" data-id=\"6df88615\" data-element_type=\"container\" data-e-type=\"container\" data-settings=\"{&quot;background_background&quot;:&quot;classic&quot;}\">\n\t\t\t\t\t<div class=\"e-con-inner\">\n\t\t<div class=\"elementor-element elementor-element-99dda5c e-flex e-con-boxed wpr-particle-no wpr-jarallax-no wpr-parallax-no wpr-sticky-section-no wpr-equal-height-no e-con e-child\" data-id=\"99dda5c\" data-element_type=\"container\" data-e-type=\"container\" data-settings=\"{&quot;background_background&quot;:&quot;classic&quot;}\">\n\t\t\t\t\t<div class=\"e-con-inner\">\n\t\t\t\t<div class=\"elementor-element elementor-element-5a9ff966 elementor-widget elementor-widget-text-editor\" data-id=\"5a9ff966\" data-element_type=\"widget\" data-e-type=\"widget\" data-widget_type=\"text-editor.default\">\n\t\t\t\t<div class=\"elementor-widget-container\">\n\t\t\t\t\t\t\t\t\t<h2 style=\"text-align: center;\">Llevando libros a comunidades de todo Connecticut<\/h2><p>El Bibliob\u00fas est\u00e1 disponible para viajar a cualquier condado o comunidad de Connecticut, con un enfoque especial en las \u00e1reas con menos recursos. Nuestro objetivo es hacer que los libros y las experiencias de alfabetizaci\u00f3n sean accesibles para todos los ni\u00f1os, sin importar d\u00f3nde vivan. <\/p>\t\t\t\t\t\t\t\t<\/div>\n\t\t\t\t<\/div>\n\t\t<div class=\"elementor-element elementor-element-8ab8752 e-flex e-con-boxed wpr-particle-no wpr-jarallax-no wpr-parallax-no wpr-sticky-section-no wpr-equal-height-no e-con e-child\" data-id=\"8ab8752\" data-element_type=\"container\" data-e-type=\"container\">\n\t\t\t\t\t<div class=\"e-con-inner\">\n\t\t<div class=\"elementor-element elementor-element-b76cd4a e-con-full e-flex wpr-particle-no wpr-jarallax-no wpr-parallax-no wpr-sticky-section-no wpr-equal-height-no e-con e-child\" data-id=\"b76cd4a\" data-element_type=\"container\" data-e-type=\"container\">\n\t\t\t\t<div class=\"elementor-element elementor-element-bc6e28e elementor-widget elementor-widget-image\" data-id=\"bc6e28e\" data-element_type=\"widget\" data-e-type=\"widget\" data-widget_type=\"image.default\">\n\t\t\t\t<div class=\"elementor-widget-container\">\n\t\t\t\t\t\t\t\t\t\t\t\t\t\t\t<img fetchpriority=\"high\" decoding=\"async\" width=\"595\" height=\"800\" src=\"https:\/\/readtogrow.org\/wp-content\/uploads\/IMG_3519.jpg\" class=\"attachment-large size-large wp-image-15922\" alt=\"\" srcset=\"https:\/\/readtogrow.org\/wp-content\/uploads\/IMG_3519.jpg 595w, https:\/\/readtogrow.org\/wp-content\/uploads\/IMG_3519-223x300.jpg 223w\" sizes=\"(max-width: 595px) 100vw, 595px\" \/>\t\t\t\t\t\t\t\t\t\t\t\t\t\t\t<\/div>\n\t\t\t\t<\/div>\n\t\t\t\t<\/div>\n\t\t<div class=\"elementor-element elementor-element-bade5d8 e-con-full e-flex wpr-particle-no wpr-jarallax-no wpr-parallax-no wpr-sticky-section-no wpr-equal-height-no e-con e-child\" data-id=\"bade5d8\" data-element_type=\"container\" data-e-type=\"container\">\n\t\t\t\t<div class=\"elementor-element elementor-element-e0d2739 elementor-widget elementor-widget-image\" data-id=\"e0d2739\" data-element_type=\"widget\" data-e-type=\"widget\" data-widget_type=\"image.default\">\n\t\t\t\t<div class=\"elementor-widget-container\">\n\t\t\t\t\t\t\t\t\t\t\t\t\t\t\t<img decoding=\"async\" width=\"773\" height=\"1030\" src=\"https:\/\/readtogrow.org\/wp-content\/uploads\/Bookmobile-Image-4-773x1030.webp\" class=\"attachment-large size-large wp-image-14612\" alt=\"\" srcset=\"https:\/\/readtogrow.org\/wp-content\/uploads\/Bookmobile-Image-4-773x1030.webp 773w, https:\/\/readtogrow.org\/wp-content\/uploads\/Bookmobile-Image-4-225x300.webp 225w, https:\/\/readtogrow.org\/wp-content\/uploads\/Bookmobile-Image-4-768x1024.webp 768w, https:\/\/readtogrow.org\/wp-content\/uploads\/Bookmobile-Image-4.webp 1000w\" sizes=\"(max-width: 773px) 100vw, 773px\" \/>\t\t\t\t\t\t\t\t\t\t\t\t\t\t\t<\/div>\n\t\t\t\t<\/div>\n\t\t\t\t<\/div>\n\t\t<div class=\"elementor-element elementor-element-c1311d8 e-con-full e-flex wpr-particle-no wpr-jarallax-no wpr-parallax-no wpr-sticky-section-no wpr-equal-height-no e-con e-child\" data-id=\"c1311d8\" data-element_type=\"container\" data-e-type=\"container\">\n\t\t\t\t<div class=\"elementor-element elementor-element-079c29f elementor-widget elementor-widget-image\" data-id=\"079c29f\" data-element_type=\"widget\" data-e-type=\"widget\" data-widget_type=\"image.default\">\n\t\t\t\t<div class=\"elementor-widget-container\">\n\t\t\t\t\t\t\t\t\t\t\t\t\t\t\t<img decoding=\"async\" width=\"773\" height=\"1030\" src=\"https:\/\/readtogrow.org\/wp-content\/uploads\/Bookmobile-Image-13-773x1030.webp\" class=\"attachment-large size-large wp-image-14640\" alt=\"\" srcset=\"https:\/\/readtogrow.org\/wp-content\/uploads\/Bookmobile-Image-13-773x1030.webp 773w, https:\/\/readtogrow.org\/wp-content\/uploads\/Bookmobile-Image-13-225x300.webp 225w, https:\/\/readtogrow.org\/wp-content\/uploads\/Bookmobile-Image-13-768x1024.webp 768w, https:\/\/readtogrow.org\/wp-content\/uploads\/Bookmobile-Image-13.webp 1000w\" sizes=\"(max-width: 773px) 100vw, 773px\" \/>\t\t\t\t\t\t\t\t\t\t\t\t\t\t\t<\/div>\n\t\t\t\t<\/div>\n\t\t\t\t<\/div>\n\t\t\t\t\t<\/div>\n\t\t\t\t<\/div>\n\t\t\t\t\t<\/div>\n\t\t\t\t<\/div>\n\t\t\t\t\t<\/div>\n\t\t\t\t<\/div>\n\t\t\t\t<\/div>\n\t\t","protected":false},"excerpt":{"rendered":"<p>Bibliob\u00fas \u00a1Todos a bordo del bibliob\u00fas! El Bibliob\u00fas de Read to Grow, nuestro recurso de alfabetizaci\u00f3n sobre ruedas, se ech\u00f3 a la carretera en septiembre de 2022 y, desde entonces, ha estado llevando la alegr\u00eda de la lectura a ni\u00f1os de todo Connecticut. M\u00e1s que una biblioteca m\u00f3vil, el Bibliob\u00fas crea un espacio atractivo e interactivo donde los ni\u00f1os pueden elegir un libro para qued\u00e1rselo, relajarse en nuestros c\u00f3modos bancos o reunirse en nuestra alfombra grande y confortable para una lectura en voz alta. Si bien nuestra programaci\u00f3n est\u00e1 dise\u00f1ada principalmente para ni\u00f1os de 0 a 7 a\u00f1os, ocasionalmente aceptamos visitas para ni\u00f1os mayores seg\u00fan solicitudes espec\u00edficas y necesidades de la comunidad. \u00bfQuiere que el bibliob\u00fas visite su comunidad? Si est\u00e1 interesado en que el Bibliob\u00fas visite su comunidad, complete el formulario de solicitud del Bibliob\u00fas. Si bien es posible que no podamos atender todas las solicitudes, haremos un seguimiento con usted de todos modos. Si tiene alguna pregunta, p\u00f3ngase en contacto con nosotros en bookmobile@readtogrow.org. Formulario de solicitud del bibliob\u00fas Ir al formulario Llevando libros a comunidades de todo Connecticut El Bibliob\u00fas est\u00e1 disponible para viajar a cualquier condado o comunidad de Connecticut, con un enfoque especial en las \u00e1reas con menos recursos. Nuestro objetivo es hacer que los libros y las experiencias de alfabetizaci\u00f3n sean accesibles para todos los ni\u00f1os, sin importar d\u00f3nde vivan.<\/p>\n","protected":false},"author":2,"featured_media":0,"parent":0,"menu_order":0,"comment_status":"closed","ping_status":"closed","template":"","meta":{"footnotes":""},"class_list":["post-17864","page","type-page","status-publish","hentry"],"_links":{"self":[{"href":"https:\/\/readtogrow.org\/es\/wp-json\/wp\/v2\/pages\/17864","targetHints":{"allow":["GET"]}}],"collection":[{"href":"https:\/\/readtogrow.org\/es\/wp-json\/wp\/v2\/pages"}],"about":[{"href":"https:\/\/readtogrow.org\/es\/wp-json\/wp\/v2\/types\/page"}],"author":[{"embeddable":true,"href":"https:\/\/readtogrow.org\/es\/wp-json\/wp\/v2\/users\/2"}],"replies":[{"embeddable":true,"href":"https:\/\/readtogrow.org\/es\/wp-json\/wp\/v2\/comments?post=17864"}],"version-history":[{"count":4,"href":"https:\/\/readtogrow.org\/es\/wp-json\/wp\/v2\/pages\/17864\/revisions"}],"predecessor-version":[{"id":17874,"href":"https:\/\/readtogrow.org\/es\/wp-json\/wp\/v2\/pages\/17864\/revisions\/17874"}],"wp:attachment":[{"href":"https:\/\/readtogrow.org\/es\/wp-json\/wp\/v2\/media?parent=17864"}],"curies":[{"name":"wp","href":"https:\/\/api.w.org\/{rel}","templated":true}]}}