{"id":18098,"date":"2025-09-16T17:01:48","date_gmt":"2025-09-16T21:01:48","guid":{"rendered":"https:\/\/readtogrow.org\/voluntario-a\/"},"modified":"2025-09-16T17:01:55","modified_gmt":"2025-09-16T21:01:55","slug":"voluntario-a","status":"publish","type":"page","link":"https:\/\/readtogrow.org\/es\/voluntario-a\/","title":{"rendered":"Voluntario\/a"},"content":{"rendered":"\t\t<div data-elementor-type=\"wp-page\" data-elementor-id=\"18098\" class=\"elementor elementor-18098 elementor-12845\" data-elementor-post-type=\"page\">\n\t\t\t\t<div class=\"elementor-element elementor-element-24234775 page-header e-flex e-con-boxed wpr-particle-no wpr-jarallax-no wpr-parallax-no wpr-sticky-section-no wpr-equal-height-no e-con e-parent\" data-id=\"24234775\" data-element_type=\"container\" data-e-type=\"container\" id=\"page-header\" data-settings=\"{&quot;background_background&quot;:&quot;classic&quot;}\">\n\t\t\t\t\t<div class=\"e-con-inner\">\n\t\t\t\t<div class=\"elementor-element elementor-element-18f098c0 elementor-widget elementor-widget-text-editor\" data-id=\"18f098c0\" data-element_type=\"widget\" data-e-type=\"widget\" data-widget_type=\"text-editor.default\">\n\t\t\t\t<div class=\"elementor-widget-container\">\n\t\t\t\t\t\t\t\t\t<h1>Hazte voluntario\/a de Read to Grow<\/h1>\t\t\t\t\t\t\t\t<\/div>\n\t\t\t\t<\/div>\n\t\t\t\t\t<\/div>\n\t\t\t\t<\/div>\n\t\t<div class=\"elementor-element elementor-element-7e780054 hero-section e-flex e-con-boxed wpr-particle-no wpr-jarallax-no wpr-parallax-no wpr-sticky-section-no wpr-equal-height-no e-con e-parent\" data-id=\"7e780054\" data-element_type=\"container\" data-e-type=\"container\" data-settings=\"{&quot;background_background&quot;:&quot;classic&quot;}\">\n\t\t\t\t\t<div class=\"e-con-inner\">\n\t\t<div class=\"elementor-element elementor-element-29f9c98f e-con-full intro e-flex wpr-particle-no wpr-jarallax-no wpr-parallax-no wpr-sticky-section-no wpr-equal-height-no e-con e-child\" data-id=\"29f9c98f\" data-element_type=\"container\" data-e-type=\"container\" data-settings=\"{&quot;background_background&quot;:&quot;classic&quot;}\">\n\t\t\t\t<div class=\"elementor-element elementor-element-2da1dd79 elementor-widget elementor-widget-text-editor\" data-id=\"2da1dd79\" data-element_type=\"widget\" data-e-type=\"widget\" data-widget_type=\"text-editor.default\">\n\t\t\t\t<div class=\"elementor-widget-container\">\n\t\t\t\t\t\t\t\t\t<h2>Ay\u00fadanos a dar a cada ni\u00f1o el regalo de la alfabetizaci\u00f3n<\/h2><p>En Read to Grow, los voluntarios son el coraz\u00f3n de nuestra misi\u00f3n. Ya sea montando paquetes de alfabetizaci\u00f3n para padres primerizos o poniendo libros en manos de ni\u00f1os de todo Connecticut, nuestros voluntarios lo hacen posible. Estamos profundamente agradecidos por vuestro tiempo, energ\u00eda y dedicaci\u00f3n; realmente no podr\u00edamos hacerlo sin vosotros.  <\/p>\t\t\t\t\t\t\t\t<\/div>\n\t\t\t\t<\/div>\n\t\t\t\t<\/div>\n\t\t<div class=\"elementor-element elementor-element-162415ea e-con-full e-flex wpr-particle-no wpr-jarallax-no wpr-parallax-no wpr-sticky-section-no wpr-equal-height-no e-con e-child\" data-id=\"162415ea\" data-element_type=\"container\" data-e-type=\"container\" data-settings=\"{&quot;background_background&quot;:&quot;classic&quot;}\">\n\t\t\t\t<\/div>\n\t\t\t\t\t<\/div>\n\t\t\t\t<\/div>\n\t\t<div class=\"elementor-element elementor-element-5ccece46 e-flex e-con-boxed wpr-particle-no wpr-jarallax-no wpr-parallax-no wpr-sticky-section-no wpr-equal-height-no e-con e-parent\" data-id=\"5ccece46\" data-element_type=\"container\" data-e-type=\"container\">\n\t\t\t\t\t<div class=\"e-con-inner\">\n\t\t<div class=\"elementor-element elementor-element-780ec8a4 e-flex e-con-boxed wpr-particle-no wpr-jarallax-no wpr-parallax-no wpr-sticky-section-no wpr-equal-height-no e-con e-child\" data-id=\"780ec8a4\" data-element_type=\"container\" data-e-type=\"container\" data-settings=\"{&quot;background_background&quot;:&quot;classic&quot;}\">\n\t\t\t\t\t<div class=\"e-con-inner\">\n\t\t\t\t<div class=\"elementor-element elementor-element-5d8c98af elementor-widget elementor-widget-text-editor\" data-id=\"5d8c98af\" data-element_type=\"widget\" data-e-type=\"widget\" data-widget_type=\"text-editor.default\">\n\t\t\t\t<div class=\"elementor-widget-container\">\n\t\t\t\t\t\t\t\t\t<p data-start=\"76\" data-end=\"423\">Aunque las oportunidades de voluntariado en Read to Grow no se presenten todos los d\u00edas, cuando lo hacen, siempre son significativas y profundamente gratificantes. Ya sea montando paquetes de alfabetizaci\u00f3n para padres primerizos o ayudando a distribuir libros en eventos comunitarios, cada momento que dedicas ayuda a poner historias y sonrisas en manos de los ni\u00f1os que m\u00e1s lo necesitan. <\/p><h3>\u00bfListo para empezar?<\/h3><p data-start=\"425\" data-end=\"662\">Si deseas compartir tu tiempo y talento, completa el siguiente formulario para ser a\u00f1adido a nuestra lista de voluntarios. Nos pondremos en contacto contigo cuando haya oportunidades disponibles, para que puedas participar y marcar la diferencia en el momento oportuno. <\/p><p data-start=\"664\" data-end=\"815\">Desde clasificar libros hasta apoyar eventos o echar una mano en la oficina, tus contribuciones son realmente importantes para los ni\u00f1os y las familias de todo Connecticut.<\/p><p data-start=\"817\" data-end=\"937\">Si tienes alguna pregunta antes de enviar tu solicitud, nos encantar\u00eda escucharte, solo tienes que llamarnos al 203.488.6800.<\/p><p data-start=\"939\" data-end=\"1013\"><strong>\u00a1Estamos muy contentos de tu inter\u00e9s en unirte a nuestra familia Read to Grow!<\/strong><\/p>\t\t\t\t\t\t\t\t<\/div>\n\t\t\t\t<\/div>\n\t\t\t\t<div class=\"elementor-element elementor-element-0260527 elementor-align-center elementor-widget elementor-widget-button\" data-id=\"0260527\" data-element_type=\"widget\" data-e-type=\"widget\" data-widget_type=\"button.default\">\n\t\t\t\t<div class=\"elementor-widget-container\">\n\t\t\t\t\t\t\t\t\t<div class=\"elementor-button-wrapper\">\n\t\t\t\t\t<a class=\"elementor-button elementor-button-link elementor-size-sm\" href=\"https:\/\/cxl.474.myftpupload.com\/es\/solicitud-de-voluntariado\/\">\n\t\t\t\t\t\t<span class=\"elementor-button-content-wrapper\">\n\t\t\t\t\t\t\t\t\t<span class=\"elementor-button-text\">Enviar una solicitud de voluntariado<\/span>\n\t\t\t\t\t<\/span>\n\t\t\t\t\t<\/a>\n\t\t\t\t<\/div>\n\t\t\t\t\t\t\t\t<\/div>\n\t\t\t\t<\/div>\n\t\t\t\t\t<\/div>\n\t\t\t\t<\/div>\n\t\t\t\t\t<\/div>\n\t\t\t\t<\/div>\n\t\t<div class=\"elementor-element elementor-element-4bbe800f e-flex e-con-boxed wpr-particle-no wpr-jarallax-no wpr-parallax-no wpr-sticky-section-no wpr-equal-height-no e-con e-child\" data-id=\"4bbe800f\" data-element_type=\"container\" data-e-type=\"container\" data-settings=\"{&quot;background_background&quot;:&quot;classic&quot;}\">\n\t\t\t\t\t<div class=\"e-con-inner\">\n\t\t<div class=\"elementor-element elementor-element-6dd6bdd e-flex e-con-boxed wpr-particle-no wpr-jarallax-no wpr-parallax-no wpr-sticky-section-no wpr-equal-height-no e-con e-child\" data-id=\"6dd6bdd\" data-element_type=\"container\" data-e-type=\"container\" data-settings=\"{&quot;background_background&quot;:&quot;classic&quot;}\">\n\t\t\t\t\t<div class=\"e-con-inner\">\n\t\t\t\t<div class=\"elementor-element elementor-element-6922f6a9 elementor-widget elementor-widget-heading\" data-id=\"6922f6a9\" data-element_type=\"widget\" data-e-type=\"widget\" data-widget_type=\"heading.default\">\n\t\t\t\t<div class=\"elementor-widget-container\">\n\t\t\t\t\t<h2 class=\"elementor-heading-title elementor-size-default\">Oportunidades de voluntariado<\/h2>\t\t\t\t<\/div>\n\t\t\t\t<\/div>\n\t\t\t\t<div class=\"elementor-element elementor-element-45a91058 elementor-widget elementor-widget-text-editor\" data-id=\"45a91058\" data-element_type=\"widget\" data-e-type=\"widget\" data-widget_type=\"text-editor.default\">\n\t\t\t\t<div class=\"elementor-widget-container\">\n\t\t\t\t\t\t\t\t\t<p>Read to Grow llega a las familias de forma temprana y frecuente a trav\u00e9s de un conjunto de programas interconectados:<\/p>\t\t\t\t\t\t\t\t<\/div>\n\t\t\t\t<\/div>\n\t\t<div class=\"elementor-element elementor-element-6811a356 e-flex e-con-boxed wpr-particle-no wpr-jarallax-no wpr-parallax-no wpr-sticky-section-no wpr-equal-height-no e-con e-child\" data-id=\"6811a356\" data-element_type=\"container\" data-e-type=\"container\">\n\t\t\t\t\t<div class=\"e-con-inner\">\n\t\t<div class=\"elementor-element elementor-element-14201101 e-con-full e-flex wpr-particle-no wpr-jarallax-no wpr-parallax-no wpr-sticky-section-no wpr-equal-height-no e-con e-child\" data-id=\"14201101\" data-element_type=\"container\" data-e-type=\"container\">\n\t\t\t\t<div class=\"elementor-element elementor-element-b91e2a4 elementor-widget elementor-widget-heading\" data-id=\"b91e2a4\" data-element_type=\"widget\" data-e-type=\"widget\" data-widget_type=\"heading.default\">\n\t\t\t\t<div class=\"elementor-widget-container\">\n\t\t\t\t\t<h4 class=\"elementor-heading-title elementor-size-default\">Libros para beb\u00e9s<\/h4>\t\t\t\t<\/div>\n\t\t\t\t<\/div>\n\t\t\t\t<div class=\"elementor-element elementor-element-7973d544 elementor-widget elementor-widget-text-editor\" data-id=\"7973d544\" data-element_type=\"widget\" data-e-type=\"widget\" data-widget_type=\"text-editor.default\">\n\t\t\t\t<div class=\"elementor-widget-container\">\n\t\t\t\t\t\t\t\t\t<ul><li>Montar paquetes de alfabetizaci\u00f3n<\/li><li>Introducci\u00f3n de datos y env\u00edos<\/li><li>Visitar a las familias en nuestros hospitales asociados<\/li><\/ul>\t\t\t\t\t\t\t\t<\/div>\n\t\t\t\t<\/div>\n\t\t\t\t<\/div>\n\t\t<div class=\"elementor-element elementor-element-4b4165b9 e-con-full e-flex wpr-particle-no wpr-jarallax-no wpr-parallax-no wpr-sticky-section-no wpr-equal-height-no e-con e-child\" data-id=\"4b4165b9\" data-element_type=\"container\" data-e-type=\"container\">\n\t\t\t\t<div class=\"elementor-element elementor-element-454bd97d elementor-widget elementor-widget-heading\" data-id=\"454bd97d\" data-element_type=\"widget\" data-e-type=\"widget\" data-widget_type=\"heading.default\">\n\t\t\t\t<div class=\"elementor-widget-container\">\n\t\t\t\t\t<h4 class=\"elementor-heading-title elementor-size-default\">Libros para ni\u00f1os<\/h4>\t\t\t\t<\/div>\n\t\t\t\t<\/div>\n\t\t\t\t<div class=\"elementor-element elementor-element-13ffc25a elementor-widget elementor-widget-text-editor\" data-id=\"13ffc25a\" data-element_type=\"widget\" data-e-type=\"widget\" data-widget_type=\"text-editor.default\">\n\t\t\t\t<div class=\"elementor-widget-container\">\n\t\t\t\t\t\t\t\t\t<ul><li>Clasificar y organizar los libros donados<\/li><li>Montar las solicitudes de libros<\/li><li>Organizar una colecta de libros<\/li><\/ul>\t\t\t\t\t\t\t\t<\/div>\n\t\t\t\t<\/div>\n\t\t\t\t<\/div>\n\t\t<div class=\"elementor-element elementor-element-2070ed35 e-con-full e-flex wpr-particle-no wpr-jarallax-no wpr-parallax-no wpr-sticky-section-no wpr-equal-height-no e-con e-child\" data-id=\"2070ed35\" data-element_type=\"container\" data-e-type=\"container\">\n\t\t\t\t<div class=\"elementor-element elementor-element-290a41d9 elementor-widget elementor-widget-heading\" data-id=\"290a41d9\" data-element_type=\"widget\" data-e-type=\"widget\" data-widget_type=\"heading.default\">\n\t\t\t\t<div class=\"elementor-widget-container\">\n\t\t\t\t\t<h4 class=\"elementor-heading-title elementor-size-default\">Bibliob\u00fas\/Eventos especiales<\/h4>\t\t\t\t<\/div>\n\t\t\t\t<\/div>\n\t\t\t\t<div class=\"elementor-element elementor-element-3225b43f elementor-widget elementor-widget-text-editor\" data-id=\"3225b43f\" data-element_type=\"widget\" data-e-type=\"widget\" data-widget_type=\"text-editor.default\">\n\t\t\t\t<div class=\"elementor-widget-container\">\n\t\t\t\t\t\t\t\t\t<ul><li>Interactuar con nuestras familias en el lugar<\/li><li>Tener un comportamiento amable<\/li><li>Tareas operativas y de elevaci\u00f3n de cargas ligeras<\/li><\/ul>\t\t\t\t\t\t\t\t<\/div>\n\t\t\t\t<\/div>\n\t\t\t\t<\/div>\n\t\t\t\t\t<\/div>\n\t\t\t\t<\/div>\n\t\t\t\t\t<\/div>\n\t\t\t\t<\/div>\n\t\t\t\t\t<\/div>\n\t\t\t\t<\/div>\n\t\t\t\t<\/div>\n\t\t","protected":false},"excerpt":{"rendered":"<p>Hazte voluntario\/a de Read to Grow Ay\u00fadanos a dar a cada ni\u00f1o el regalo de la alfabetizaci\u00f3n En Read to Grow, los voluntarios son el coraz\u00f3n de nuestra misi\u00f3n. Ya sea montando paquetes de alfabetizaci\u00f3n para padres primerizos o poniendo libros en manos de ni\u00f1os de todo Connecticut, nuestros voluntarios lo hacen posible. Estamos profundamente agradecidos por vuestro tiempo, energ\u00eda y dedicaci\u00f3n; realmente no podr\u00edamos hacerlo sin vosotros. Aunque las oportunidades de voluntariado en Read to Grow no se presenten todos los d\u00edas, cuando lo hacen, siempre son significativas y profundamente gratificantes. Ya sea montando paquetes de alfabetizaci\u00f3n para padres primerizos o ayudando a distribuir libros en eventos comunitarios, cada momento que dedicas ayuda a poner historias y sonrisas en manos de los ni\u00f1os que m\u00e1s lo necesitan. \u00bfListo para empezar? Si deseas compartir tu tiempo y talento, completa el siguiente formulario para ser a\u00f1adido a nuestra lista de voluntarios. Nos pondremos en contacto contigo cuando haya oportunidades disponibles, para que puedas participar y marcar la diferencia en el momento oportuno. Desde clasificar libros hasta apoyar eventos o echar una mano en la oficina, tus contribuciones son realmente importantes para los ni\u00f1os y las familias de todo Connecticut. Si tienes alguna pregunta antes de enviar tu solicitud, nos encantar\u00eda escucharte, solo tienes que llamarnos al 203.488.6800. \u00a1Estamos muy contentos de tu inter\u00e9s en unirte a nuestra familia Read to Grow! Enviar una solicitud de voluntariado Oportunidades de voluntariado Read to Grow llega a las familias de forma temprana y frecuente a trav\u00e9s de un conjunto de programas interconectados: Libros para beb\u00e9s Montar paquetes de alfabetizaci\u00f3n Introducci\u00f3n de datos y env\u00edos Visitar a las familias en nuestros hospitales asociados Libros para ni\u00f1os Clasificar y organizar los libros donados Montar las solicitudes de libros Organizar una colecta de libros Bibliob\u00fas\/Eventos especiales Interactuar con nuestras familias en el lugar Tener un comportamiento amable Tareas operativas y de elevaci\u00f3n de cargas ligeras<\/p>\n","protected":false},"author":2,"featured_media":0,"parent":0,"menu_order":0,"comment_status":"closed","ping_status":"closed","template":"","meta":{"footnotes":""},"class_list":["post-18098","page","type-page","status-publish","hentry"],"_links":{"self":[{"href":"https:\/\/readtogrow.org\/es\/wp-json\/wp\/v2\/pages\/18098","targetHints":{"allow":["GET"]}}],"collection":[{"href":"https:\/\/readtogrow.org\/es\/wp-json\/wp\/v2\/pages"}],"about":[{"href":"https:\/\/readtogrow.org\/es\/wp-json\/wp\/v2\/types\/page"}],"author":[{"embeddable":true,"href":"https:\/\/readtogrow.org\/es\/wp-json\/wp\/v2\/users\/2"}],"replies":[{"embeddable":true,"href":"https:\/\/readtogrow.org\/es\/wp-json\/wp\/v2\/comments?post=18098"}],"version-history":[{"count":1,"href":"https:\/\/readtogrow.org\/es\/wp-json\/wp\/v2\/pages\/18098\/revisions"}],"predecessor-version":[{"id":18102,"href":"https:\/\/readtogrow.org\/es\/wp-json\/wp\/v2\/pages\/18098\/revisions\/18102"}],"wp:attachment":[{"href":"https:\/\/readtogrow.org\/es\/wp-json\/wp\/v2\/media?parent=18098"}],"curies":[{"name":"wp","href":"https:\/\/api.w.org\/{rel}","templated":true}]}}