{"id":18145,"date":"2025-09-16T17:01:59","date_gmt":"2025-09-16T21:01:59","guid":{"rendered":"https:\/\/readtogrow.org\/consigue-libros\/"},"modified":"2025-09-16T17:02:02","modified_gmt":"2025-09-16T21:02:02","slug":"consigue-libros","status":"publish","type":"page","link":"https:\/\/readtogrow.org\/es\/consigue-libros\/","title":{"rendered":"Consigue libros"},"content":{"rendered":"\t\t<div data-elementor-type=\"wp-page\" data-elementor-id=\"18145\" class=\"elementor elementor-18145 elementor-12638\" data-elementor-post-type=\"page\">\n\t\t\t\t<div class=\"elementor-element elementor-element-737c0c6d page-header e-flex e-con-boxed wpr-particle-no wpr-jarallax-no wpr-parallax-no wpr-sticky-section-no wpr-equal-height-no e-con e-parent\" data-id=\"737c0c6d\" data-element_type=\"container\" data-e-type=\"container\" id=\"page-header\" data-settings=\"{&quot;background_background&quot;:&quot;classic&quot;}\">\n\t\t\t\t\t<div class=\"e-con-inner\">\n\t\t\t\t<div class=\"elementor-element elementor-element-3ac96992 elementor-widget elementor-widget-text-editor\" data-id=\"3ac96992\" data-element_type=\"widget\" data-e-type=\"widget\" data-widget_type=\"text-editor.default\">\n\t\t\t\t<div class=\"elementor-widget-container\">\n\t\t\t\t\t\t\t\t\t<h1>Consigue libros<\/h1>\t\t\t\t\t\t\t\t<\/div>\n\t\t\t\t<\/div>\n\t\t\t\t\t<\/div>\n\t\t\t\t<\/div>\n\t\t<div class=\"elementor-element elementor-element-8c58516 hero-section e-flex e-con-boxed wpr-particle-no wpr-jarallax-no wpr-parallax-no wpr-sticky-section-no wpr-equal-height-no e-con e-parent\" data-id=\"8c58516\" data-element_type=\"container\" data-e-type=\"container\" data-settings=\"{&quot;background_background&quot;:&quot;classic&quot;}\">\n\t\t\t\t\t<div class=\"e-con-inner\">\n\t\t<div class=\"elementor-element elementor-element-2d6fdc5e e-con-full e-flex wpr-particle-no wpr-jarallax-no wpr-parallax-no wpr-sticky-section-no wpr-equal-height-no e-con e-child\" data-id=\"2d6fdc5e\" data-element_type=\"container\" data-e-type=\"container\" data-settings=\"{&quot;background_background&quot;:&quot;classic&quot;}\">\n\t\t\t\t<div class=\"elementor-element elementor-element-4879288e intro elementor-widget elementor-widget-text-editor\" data-id=\"4879288e\" data-element_type=\"widget\" data-e-type=\"widget\" data-widget_type=\"text-editor.default\">\n\t\t\t\t<div class=\"elementor-widget-container\">\n\t\t\t\t\t\t\t\t\t<p>En Read to Grow, creemos que todos los ni\u00f1os merecen tener acceso a libros, desde el nacimiento y a lo largo de la primera infancia y m\u00e1s all\u00e1. A trav\u00e9s de nuestro programa Books for Kids y el Bookmobile de Read to Grow, facilitamos que las familias, los educadores y las organizaciones comunitarias obtengan libros infantiles gratuitos de alta calidad. <\/p>\t\t\t\t\t\t\t\t<\/div>\n\t\t\t\t<\/div>\n\t\t\t\t<\/div>\n\t\t<div class=\"elementor-element elementor-element-27e8a597 e-con-full e-flex wpr-particle-no wpr-jarallax-no wpr-parallax-no wpr-sticky-section-no wpr-equal-height-no e-con e-child\" data-id=\"27e8a597\" data-element_type=\"container\" data-e-type=\"container\" data-settings=\"{&quot;background_background&quot;:&quot;classic&quot;}\">\n\t\t\t\t<\/div>\n\t\t\t\t\t<\/div>\n\t\t\t\t<\/div>\n\t\t<div class=\"elementor-element elementor-element-2d1e8e9a e-flex e-con-boxed wpr-particle-no wpr-jarallax-no wpr-parallax-no wpr-sticky-section-no wpr-equal-height-no e-con e-parent\" data-id=\"2d1e8e9a\" data-element_type=\"container\" data-e-type=\"container\" data-settings=\"{&quot;background_background&quot;:&quot;classic&quot;}\">\n\t\t\t\t\t<div class=\"e-con-inner\">\n\t\t<div class=\"elementor-element elementor-element-a130836 e-flex e-con-boxed wpr-particle-no wpr-jarallax-no wpr-parallax-no wpr-sticky-section-no wpr-equal-height-no e-con e-child\" data-id=\"a130836\" data-element_type=\"container\" data-e-type=\"container\" data-settings=\"{&quot;background_background&quot;:&quot;classic&quot;}\">\n\t\t\t\t\t<div class=\"e-con-inner\">\n\t\t<div class=\"elementor-element elementor-element-be712dd e-con-full e-flex wpr-particle-no wpr-jarallax-no wpr-parallax-no wpr-sticky-section-no wpr-equal-height-no e-con e-child\" data-id=\"be712dd\" data-element_type=\"container\" data-e-type=\"container\">\n\t\t\t\t<div class=\"elementor-element elementor-element-09f23b3 elementor-widget elementor-widget-image\" data-id=\"09f23b3\" data-element_type=\"widget\" data-e-type=\"widget\" data-widget_type=\"image.default\">\n\t\t\t\t<div class=\"elementor-widget-container\">\n\t\t\t\t\t\t\t\t\t\t\t\t\t\t\t<img fetchpriority=\"high\" decoding=\"async\" width=\"1500\" height=\"1000\" src=\"https:\/\/readtogrow.org\/wp-content\/uploads\/ESSS-Coordinator-Cherese.webp\" class=\"attachment-full size-full wp-image-14743\" alt=\"\" srcset=\"https:\/\/readtogrow.org\/wp-content\/uploads\/ESSS-Coordinator-Cherese.webp 1500w, https:\/\/readtogrow.org\/wp-content\/uploads\/ESSS-Coordinator-Cherese-300x200.webp 300w, https:\/\/readtogrow.org\/wp-content\/uploads\/ESSS-Coordinator-Cherese-1030x687.webp 1030w, https:\/\/readtogrow.org\/wp-content\/uploads\/ESSS-Coordinator-Cherese-768x512.webp 768w\" sizes=\"(max-width: 1500px) 100vw, 1500px\" \/>\t\t\t\t\t\t\t\t\t\t\t\t\t\t\t<\/div>\n\t\t\t\t<\/div>\n\t\t\t\t<\/div>\n\t\t<div class=\"elementor-element elementor-element-c8a4d0b e-con-full e-flex wpr-particle-no wpr-jarallax-no wpr-parallax-no wpr-sticky-section-no wpr-equal-height-no e-con e-child\" data-id=\"c8a4d0b\" data-element_type=\"container\" data-e-type=\"container\">\n\t\t\t\t<div class=\"elementor-element elementor-element-75a54164 elementor-widget elementor-widget-text-editor\" data-id=\"75a54164\" data-element_type=\"widget\" data-e-type=\"widget\" data-widget_type=\"text-editor.default\">\n\t\t\t\t<div class=\"elementor-widget-container\">\n\t\t\t\t\t\t\t\t\t<h2>Formas de conseguir libros<\/h2><p><strong><a href=\"https:\/\/cxl.474.myftpupload.com\/es\/formulario-de-solicitud-de-libro-de-familia\/\">Para familias y particulares<\/a>:<\/strong> Tanto si eres padre, cuidador o ni\u00f1o, puedes solicitar libros gratuitos para bibliotecas dom\u00e9sticas a trav\u00e9s de nuestro programa Books for Kids.<\/p><p><strong><a href=\"https:\/\/cxl.474.myftpupload.com\/es\/formulario-de-solicitud-de-libro-de-programa\/\">Para organizaciones y escuelas<\/a>:<\/strong> Colaboramos con guarder\u00edas, escuelas y organizaciones comunitarias para proporcionar grandes donaciones de libros que apoyen los esfuerzos de alfabetizaci\u00f3n en todo Connecticut.<\/p><p><strong><a href=\"https:\/\/cxl.474.myftpupload.com\/es\/bibliobus\/\">Bookmobile de Read to Grow<\/a>:<\/strong> Nuestro Bookmobile lleva libros directamente a barrios, escuelas y eventos comunitarios en todo Connecticut, ofreciendo a los ni\u00f1os la oportunidad de elegir sus propios libros gratuitos.<\/p>\t\t\t\t\t\t\t\t<\/div>\n\t\t\t\t<\/div>\n\t\t\t\t<\/div>\n\t\t\t\t\t<\/div>\n\t\t\t\t<\/div>\n\t\t\t\t\t<\/div>\n\t\t\t\t<\/div>\n\t\t\t\t<\/div>\n\t\t","protected":false},"excerpt":{"rendered":"<p>Consigue libros En Read to Grow, creemos que todos los ni\u00f1os merecen tener acceso a libros, desde el nacimiento y a lo largo de la primera infancia y m\u00e1s all\u00e1. A trav\u00e9s de nuestro programa Books for Kids y el Bookmobile de Read to Grow, facilitamos que las familias, los educadores y las organizaciones comunitarias obtengan libros infantiles gratuitos de alta calidad. Formas de conseguir libros Para familias y particulares: Tanto si eres padre, cuidador o ni\u00f1o, puedes solicitar libros gratuitos para bibliotecas dom\u00e9sticas a trav\u00e9s de nuestro programa Books for Kids. Para organizaciones y escuelas: Colaboramos con guarder\u00edas, escuelas y organizaciones comunitarias para proporcionar grandes donaciones de libros que apoyen los esfuerzos de alfabetizaci\u00f3n en todo Connecticut. Bookmobile de Read to Grow: Nuestro Bookmobile lleva libros directamente a barrios, escuelas y eventos comunitarios en todo Connecticut, ofreciendo a los ni\u00f1os la oportunidad de elegir sus propios libros gratuitos.<\/p>\n","protected":false},"author":2,"featured_media":0,"parent":0,"menu_order":0,"comment_status":"closed","ping_status":"closed","template":"","meta":{"footnotes":""},"class_list":["post-18145","page","type-page","status-publish","hentry"],"_links":{"self":[{"href":"https:\/\/readtogrow.org\/es\/wp-json\/wp\/v2\/pages\/18145","targetHints":{"allow":["GET"]}}],"collection":[{"href":"https:\/\/readtogrow.org\/es\/wp-json\/wp\/v2\/pages"}],"about":[{"href":"https:\/\/readtogrow.org\/es\/wp-json\/wp\/v2\/types\/page"}],"author":[{"embeddable":true,"href":"https:\/\/readtogrow.org\/es\/wp-json\/wp\/v2\/users\/2"}],"replies":[{"embeddable":true,"href":"https:\/\/readtogrow.org\/es\/wp-json\/wp\/v2\/comments?post=18145"}],"version-history":[{"count":1,"href":"https:\/\/readtogrow.org\/es\/wp-json\/wp\/v2\/pages\/18145\/revisions"}],"predecessor-version":[{"id":18147,"href":"https:\/\/readtogrow.org\/es\/wp-json\/wp\/v2\/pages\/18145\/revisions\/18147"}],"wp:attachment":[{"href":"https:\/\/readtogrow.org\/es\/wp-json\/wp\/v2\/media?parent=18145"}],"curies":[{"name":"wp","href":"https:\/\/api.w.org\/{rel}","templated":true}]}}