{"id":20086,"date":"2026-01-16T11:55:52","date_gmt":"2026-01-16T16:55:52","guid":{"rendered":"https:\/\/readtogrow.org\/noticias-y-actualizaciones\/"},"modified":"2026-01-19T21:09:18","modified_gmt":"2026-01-20T02:09:18","slug":"noticias-y-actualizaciones","status":"publish","type":"page","link":"https:\/\/readtogrow.org\/es\/noticias-y-actualizaciones\/","title":{"rendered":"Noticias y actualizaciones"},"content":{"rendered":"\t\t<div data-elementor-type=\"wp-page\" data-elementor-id=\"20086\" class=\"elementor elementor-20086 elementor-20082\" data-elementor-post-type=\"page\">\n\t\t\t\t<div class=\"elementor-element elementor-element-e27fb7f e-con-full page-header e-flex wpr-particle-no wpr-jarallax-no wpr-parallax-no wpr-sticky-section-no wpr-column-slider-no wpr-equal-height-no e-con e-parent\" data-id=\"e27fb7f\" data-element_type=\"container\" data-e-type=\"container\" id=\"page-header\">\n\t\t\t\t<div class=\"elementor-element elementor-element-b9030d2 elementor-widget elementor-widget-text-editor\" data-id=\"b9030d2\" data-element_type=\"widget\" data-e-type=\"widget\" data-widget_type=\"text-editor.default\">\n\t\t\t\t<div class=\"elementor-widget-container\">\n\t\t\t\t\t\t\t\t\t<h1>Noticias y actualizaciones<\/h1>\t\t\t\t\t\t\t\t<\/div>\n\t\t\t\t<\/div>\n\t\t\t\t<\/div>\n\t\t<div class=\"elementor-element elementor-element-4cfb6fde hero-section e-flex e-con-boxed wpr-particle-no wpr-jarallax-no wpr-parallax-no wpr-sticky-section-no wpr-column-slider-no wpr-equal-height-no e-con e-parent\" data-id=\"4cfb6fde\" data-element_type=\"container\" data-e-type=\"container\" data-settings=\"{&quot;background_background&quot;:&quot;classic&quot;}\">\n\t\t\t\t\t<div class=\"e-con-inner\">\n\t\t<div class=\"elementor-element elementor-element-16c277b6 e-con-full e-flex wpr-particle-no wpr-jarallax-no wpr-parallax-no wpr-sticky-section-no wpr-column-slider-no wpr-equal-height-no e-con e-child\" data-id=\"16c277b6\" data-element_type=\"container\" data-e-type=\"container\" data-settings=\"{&quot;background_background&quot;:&quot;classic&quot;}\">\n\t\t\t\t<div class=\"elementor-element elementor-element-406d10ff intro elementor-widget elementor-widget-text-editor\" data-id=\"406d10ff\" data-element_type=\"widget\" data-e-type=\"widget\" data-widget_type=\"text-editor.default\">\n\t\t\t\t<div class=\"elementor-widget-container\">\n\t\t\t\t\t\t\t\t\t<h2>Read to Grow en acci\u00f3n<\/h2><p>Mant\u00e9ngase informado con las \u00faltimas noticias de Read to Grow. Explore historias sobre c\u00f3mo nuestros programas de alfabetizaci\u00f3n est\u00e1n teniendo un impacto en comunidades de todo Connecticut. <\/p>\t\t\t\t\t\t\t\t<\/div>\n\t\t\t\t<\/div>\n\t\t\t\t<\/div>\n\t\t<div class=\"elementor-element elementor-element-1c90a58 e-con-full e-flex wpr-particle-no wpr-jarallax-no wpr-parallax-no wpr-sticky-section-no wpr-column-slider-no wpr-equal-height-no e-con e-child\" data-id=\"1c90a58\" data-element_type=\"container\" data-e-type=\"container\" data-settings=\"{&quot;background_background&quot;:&quot;classic&quot;}\">\n\t\t\t\t<\/div>\n\t\t\t\t\t<\/div>\n\t\t\t\t<\/div>\n\t\t<div class=\"elementor-element elementor-element-6975210 e-flex e-con-boxed wpr-particle-no wpr-jarallax-no wpr-parallax-no wpr-sticky-section-no wpr-column-slider-no wpr-equal-height-no e-con e-parent\" data-id=\"6975210\" data-element_type=\"container\" data-e-type=\"container\">\n\t\t\t\t\t<div class=\"e-con-inner\">\n\t\t<div class=\"elementor-element elementor-element-779e927 e-con-full e-flex wpr-particle-no wpr-jarallax-no wpr-parallax-no wpr-sticky-section-no wpr-column-slider-no wpr-equal-height-no e-con e-child\" data-id=\"779e927\" data-element_type=\"container\" data-e-type=\"container\" data-settings=\"{&quot;background_background&quot;:&quot;classic&quot;}\">\n\t\t<div class=\"elementor-element elementor-element-df7b5fb e-con-full e-flex wpr-particle-no wpr-jarallax-no wpr-parallax-no wpr-sticky-section-no wpr-column-slider-no wpr-equal-height-no e-con e-child\" data-id=\"df7b5fb\" data-element_type=\"container\" data-e-type=\"container\">\n\t\t<div class=\"elementor-element elementor-element-8bd1cba e-flex e-con-boxed wpr-particle-no wpr-jarallax-no wpr-parallax-no wpr-sticky-section-no wpr-column-slider-no wpr-equal-height-no e-con e-child\" data-id=\"8bd1cba\" data-element_type=\"container\" data-e-type=\"container\">\n\t\t\t\t\t<div class=\"e-con-inner\">\n\t\t\t\t<div class=\"elementor-element elementor-element-7c2cbaa elementor-widget elementor-widget-ucaddon_ue_select_post_filter\" data-id=\"7c2cbaa\" data-element_type=\"widget\" data-e-type=\"widget\" data-widget_type=\"ucaddon_ue_select_post_filter.default\">\n\t\t\t\t<div class=\"elementor-widget-container\">\n\t\t\t\t\t\n<!-- start Select Dropdown Filter -->\n\t\t<link id='font-awesome-css' href='https:\/\/readtogrow.org\/wp-content\/plugins\/unlimited-elements-for-elementor\/assets_libraries\/font-awesome6\/fontawesome-all.min.css' type='text\/css' rel='stylesheet' >\n\t\t<link id='font-awesome-4-shim-css' href='https:\/\/readtogrow.org\/wp-content\/plugins\/unlimited-elements-for-elementor\/assets_libraries\/font-awesome6\/fontawesome-v4-shims.min.css' type='text\/css' rel='stylesheet' >\n\n<style>\/* widget: Select Dropdown Filter *\/\n\n#uc_ue_select_post_filter_elementor_7c2cbaa.uc-filter-hidden,\n#uc_ue_select_post_filter_elementor_7c2cbaa.uc-filter-initing.uc-initing-filter-hidden{\n  display:none !important;\n}\n\n#uc_ue_select_post_filter_elementor_7c2cbaa .uc-filter-item-hidden{\n\tdisplay:none;\n}\n\n#uc_ue_select_post_filter_elementor_7c2cbaa{\n  position: relative;\n}\n\n\n#uc_ue_select_post_filter_elementor_7c2cbaa.uc-filter-hidden,\n#uc_ue_select_post_filter_elementor_7c2cbaa.uc-filter-initing.uc-initing-filter-hidden{\n  display:none !important;\n}\n\n#uc_ue_select_post_filter_elementor_7c2cbaa .uc-filter-item-hidden{\n\tdisplay:none;\n}\n\n#uc_ue_select_post_filter_elementor_7c2cbaa .uc-select-filter__loader{\n\tposition:absolute;\n  \ttop:0px;\n    width:100%;\n    height:100%;\n  \tbackground-color:lightgray;\n}\n\n#uc_ue_select_post_filter_elementor_7c2cbaa.uc-filter-initing .uc-select-filter__loader{\t\n  display:block !important;\n}\n\n#uc_ue_select_post_filter_elementor_7c2cbaa.uc-filter-initing{\n  opacity:1 !important;\n}\n\n#uc_ue_select_post_filter_elementor_7c2cbaa label{\n  flex-shrink:1;\n  display:block;\n}\n\n#uc_ue_select_post_filter_elementor_7c2cbaa{\n  align-items:center;\n}\n\n#uc_ue_select_post_filter_elementor_7c2cbaa select{\n\t-webkit-appearance: none;\n    -moz-appearance: none;\n    appearance:\u00a0none;\n}\n\n#uc_ue_select_post_filter_elementor_7c2cbaa .uc-select-filter__select-wrapper{\n\tposition: relative;\n}\n\n#uc_ue_select_post_filter_elementor_7c2cbaa .uc-select-filter__select-indicator{\n\tposition: absolute;\n  \ttop: 50%;\n  \ttransform: translate(0, -50%);\n  \tz-index: 1;\n  \theight: 100%;\n    display: flex;\n    align-items: center;\n    justify-content: center;\n  \tpointer-events: none;\n}\n\n#uc_ue_select_post_filter_elementor_7c2cbaa .uc-select-filter__option.uc-hidden{\n  display: none;  \n}\n\n\n#uc_ue_select_post_filter_elementor_7c2cbaa .select2-container--open{\n  top: 100% !important;\n}\n\n#uc_ue_select_post_filter_elementor_7c2cbaa .select2-results__options li{\n  transition: all 0ms ease;\n}\n\n#uc_ue_select_post_filter_elementor_7c2cbaa .select2.select2-container,\n#uc_ue_select_post_filter_elementor_7c2cbaa .uc-select-filter__select-indicator{\n  transition: all 0ms ease;\n}\n\n#uc_ue_select_post_filter_elementor_7c2cbaa.uc-select-filter{\n  display: flex;\n}\n\n#uc_ue_select_post_filter_elementor_7c2cbaa .select2-selection__clear,\n#uc_ue_select_post_filter_elementor_7c2cbaa .select2-selection__arrow{\n  display: none;\n}\n\n#uc_ue_select_post_filter_elementor_7c2cbaa .select2-selection__rendered{\n  padding: 0;\n}\n\n#uc_ue_select_post_filter_elementor_7c2cbaa .select2-container .select2-dropdown, \n#uc_ue_select_post_filter_elementor_7c2cbaa .select2-container .select2-selection{\n  border: 0;\n  border-radius: 0;\n  background-color: unset;\n}\n\n#uc_ue_select_post_filter_elementor_7c2cbaa .select2-container .select2-selection{\n  display: flex;\n  align-items: center;\n  height: 100%;\n}\n\n\n\n<\/style>\n\n\n<div id=\"uc_ue_select_post_filter_elementor_7c2cbaa\" class=\"uc-select-filter  uc-grid-filter uc-filter-initing\" data-filtertype=\"select\"  data-initafter=\"true\" data-replace-mode=\"true\" style=\"\" >\n\n  \n  <div class=\"uc-select-filter__select-wrapper\">\n    <select class=\"uc-select-filter__select select-uc_ue_select_post_filter_elementor_7c2cbaa\" aria-label=\"Filter\">\n\n      \n    <\/select>\n    <div class=\"uc-select-filter__select-indicator\"><i class='fas fa-angle-down'><\/i><\/div>\n  <\/div>  \n\n    \n    \n \n  <div class=\"uc-select-filter__loader\" style=\"display:none\"><\/div>\n\n<\/div>\n<!-- end Select Dropdown Filter -->\t\t\t\t<\/div>\n\t\t\t\t<\/div>\n\t\t<div class=\"elementor-element elementor-element-2c7361f e-flex e-con-boxed wpr-particle-no wpr-jarallax-no wpr-parallax-no wpr-sticky-section-no wpr-column-slider-no wpr-equal-height-no e-con e-child\" data-id=\"2c7361f\" data-element_type=\"container\" data-e-type=\"container\">\n\t\t\t\t\t<div class=\"e-con-inner\">\n\t\t\t\t<div class=\"elementor-element elementor-element-3a1155e elementor-widget elementor-widget-ucaddon_post_list\" data-id=\"3a1155e\" data-element_type=\"widget\" data-e-type=\"widget\" data-widget_type=\"ucaddon_post_list.default\">\n\t\t\t\t<div class=\"elementor-widget-container\">\n\t\t\t\t\t\n<!-- start Post List -->\n\n<style>\/* widget: Post List *\/\n\n\n\n#uc_post_list_elementor_3a1155e{\n  display:grid;\n}\n\n#uc_post_list_elementor_3a1155e .uc_post_list_image div{\n  background-size:cover;\n  background-position:center;\n}\n\n.uc_post_list .uc_post_list_box{\n\tposition: relative;\n\toverflow: hidden;\n\tdisplay: flex;\n}\n\n#uc_post_list_elementor_3a1155e .uc_post_list_image{\n  flex-grow:0;\n  flex-shrink:0;\n  overflow: hidden;\n}\n\n#uc_post_list_elementor_3a1155e .uc_post_list_image img{\n  width:100%;\n  height:100%;\n  display:block;\n  transition:0.3s;  \n  position: relative;\n  z-index: 1;\n}\n\n.uc_post_list_title a{\n    position: relative;\n    z-index: 1;\n\tcolor: #333333;\n    display: block;\n}\n\n.uc_post_list_date{\n\tfont-size: 12px;\n}\n\n#uc_post_list_elementor_3a1155e .uc_post_list_content{\n  display:flex;\n  flex-direction:column;\n  flex:1;\n}\n\n#uc_post_list_elementor_3a1155e .uc_more_btn{\n  text-align:center;\n  text-decoration:none;\n  transition:0.3s;\n  position: relative;\n  z-index: 1;\n}\n\n#uc_post_list_elementor_3a1155e .button-on-side{\n  display:flex;\n  align-items:center;\n}\n\n#uc_post_list_elementor_3a1155e .ue-grid-item-category{\n  display: flex;\n  align-items: center;\n}\n\n.ue-grid-item-category a{\n  display:inline-block;\n  font-size:10px;\n  text-transform:uppercase;\n  white-space: nowrap;\n}\n\n#uc_post_list_elementor_3a1155e .ue-meta-data{  \n  display:flex;\n  flex-wrap: wrap;\n  line-height:1em;\n}\n\n#uc_post_list_elementor_3a1155e .ue-grid-item-meta-data{\n      display:inline-flex;\n      align-items:center;\n}\n\n.ue-grid-item-meta-data{\n  font-size:12px;\n}\n\n#uc_post_list_elementor_3a1155e .ue-grid-item-meta-data-icon{\n  line-height:1em;\n}\n\n#uc_post_list_elementor_3a1155e .ue-grid-item-meta-data-icon svg{\n  width:1em;\n  height:1em;\n} \n\n#uc_post_list_elementor_3a1155e .ue-debug-meta{\n  padding:10px;\n  border:1px solid red;\n  position:relative;\n  line-height:1.5em;\n  font-size:11px;\n  width:100%;\n}\n\n.uc-remote-parent .uc_post_list_box{\n\tcursor:pointer;\n}\n\n#uc_post_list_elementor_3a1155e .ue-post-link-overlay{\n  display:block;\n  position:absolute;\n  top:0;\n  bottom:0;\n  right:0;\n  left:0;\n}\n\n\n\n\n\n<\/style>\n\n<div class=\"uc_post_list uc-items-wrapper uc-filterable-grid \" id=\"uc_post_list_elementor_3a1155e\"  data-ajax='true'  data-filterbehave='ajax'  querydata='{&quot;count_posts&quot;:0,&quot;total_posts&quot;:0,&quot;page&quot;:1,&quot;num_pages&quot;:1}' >    \t\n  \n<\/div>\n\n  <div id=\"uc_post_list_elementor_3a1155e_empty_message\" class=\"ue-no-posts-found\" >No se han encontrado entradas<\/div>\n\n<!-- end Post List -->\t\t\t\t<\/div>\n\t\t\t\t<\/div>\n\t\t\t\t<div class=\"elementor-element elementor-element-0b8ecb3 elementor-widget elementor-widget-ucaddon_archive_pagination\" data-id=\"0b8ecb3\" data-element_type=\"widget\" data-e-type=\"widget\" data-widget_type=\"ucaddon_archive_pagination.default\">\n\t\t\t\t<div class=\"elementor-widget-container\">\n\t\t\t\t\t\n<!-- start Post Pagination -->\n\n<style>\/* widget: Post Pagination *\/\n\n#uc_archive_pagination_elementor_0b8ecb3 nav{\n  padding:0px;\n  margin:0px;\n}\n\n#uc_archive_pagination_elementor_0b8ecb3 {\n  display:flex;\n  flex-wrap: wrap;\n  justify-content:center;\n}\n\n#uc_archive_pagination_elementor_0b8ecb3 .nav-links{\n  display:flex;\n  justify-content:center;\n}\n\n#uc_archive_pagination_elementor_0b8ecb3 .page-numbers{\n  display:flex;  \n  align-items:center;\n  justify-content:center;\n  transition:0.3s;\n  line-height:1em;\n}\n\n#uc_archive_pagination_elementor_0b8ecb3 a.page-numbers, \n#uc_archive_pagination_elementor_0b8ecb3 .dots{\n  color:#243A78;\n  background-color:;\n}\n\n#uc_archive_pagination_elementor_0b8ecb3 a.page-numbers:hover{\n  color:#6e6e6e;\n  background-color:#eeeeee;\n}\n\n#uc_archive_pagination_elementor_0b8ecb3 .page-numbers.current,\n#uc_archive_pagination_elementor_0b8ecb3 .page-numbers.current:hover{\n  background-color:#00A5E8;\n  color:#FFFFFF;\n}\n\n#uc_archive_pagination_elementor_0b8ecb3 .page-numbers.prev, #uc_archive_pagination_elementor_0b8ecb3 .page-numbers.next{\n  padding-left:15px;\n  padding-right:15px;\n}\n\n\n  #uc_archive_pagination_elementor_0b8ecb3 .archive_pagination-icons{\n    display: none;\n  }\n\n  #uc_archive_pagination_elementor_0b8ecb3 .archive_pagination-prev-icon {     \n       }\n\n  #uc_archive_pagination_elementor_0b8ecb3 .archive_pagination-next-icon {\n       }\n\n\n#uc_archive_pagination_elementor_0b8ecb3.uc-ajax-loading{\n\topacity:1 !important;\n}\n\n#uc_archive_pagination_elementor_0b8ecb3.uc-ajax-loading .current{\n\tposition:relative;\n    overflow:hidden;\n}\n\n\n  #uc_archive_pagination_elementor_0b8ecb3.uc-ajax-loading .current:before{\n    content: \"\";\n    display:block;\n    width:100%;\n    height:100%;\n    box-sizing:border-box;\n    position:absolute;\n    top:0px;\n    left:0px;\n    background-color: #c2c2c2;\n    animation: uc-spinning-border 0.5s linear infinite;\n    opacity:50%;\n    border-radius:inherit;\n  }\n\n  @keyframes uc-spinning-border {\n      0%{transform: scale(0);}\n      100%{transform: scale(1); }\t\n  }\n\n\n\n<\/style>\n\n<div id=\"uc_archive_pagination_elementor_0b8ecb3\" class=\"archive_pagination uc-filter-pagination \">\n    \n  <div class=\"archive_pagination-icons\">\n    <span class=\"archive_pagination-next-icon\"><i class='fas fa-chevron-right'><\/i><\/span>\n    <span class=\"archive_pagination-prev-icon\"><i class='fas fa-chevron-left'><\/i><\/span>\n  <\/div>\n<\/div>\n<!-- end Post Pagination -->\t\t\t\t<\/div>\n\t\t\t\t<\/div>\n\t\t\t\t\t<\/div>\n\t\t\t\t<\/div>\n\t\t\t\t\t<\/div>\n\t\t\t\t<\/div>\n\t\t\t\t<\/div>\n\t\t\t\t<\/div>\n\t\t\t\t\t<\/div>\n\t\t\t\t<\/div>\n\t\t<div class=\"elementor-element elementor-element-73c033d e-flex e-con-boxed wpr-particle-no wpr-jarallax-no wpr-parallax-no wpr-sticky-section-no wpr-column-slider-no wpr-equal-height-no e-con e-parent\" data-id=\"73c033d\" data-element_type=\"container\" data-e-type=\"container\">\n\t\t\t\t\t<div class=\"e-con-inner\">\n\t\t<div class=\"elementor-element elementor-element-8d95f2d e-flex e-con-boxed wpr-particle-no wpr-jarallax-no wpr-parallax-no wpr-sticky-section-no wpr-column-slider-no wpr-equal-height-no e-con e-child\" data-id=\"8d95f2d\" data-element_type=\"container\" data-e-type=\"container\" data-settings=\"{&quot;background_background&quot;:&quot;classic&quot;}\">\n\t\t\t\t\t<div class=\"e-con-inner\">\n\t\t\t\t<div class=\"elementor-element elementor-element-d15b788 elementor-widget elementor-widget-html\" data-id=\"d15b788\" data-element_type=\"widget\" data-e-type=\"widget\" data-widget_type=\"html.default\">\n\t\t\t\t<div class=\"elementor-widget-container\">\n\t\t\t\t\t<!-- creates the filter on the page -->\n\n<label for=\"taxonomy-filter\">Filtrar por tipo:<\/label>\n<select id=\"taxonomy-dropdown\">\n    <option value=\"\">Por tipo<\/option>\n<\/select>\n\n\n<!-- show total number of posts\nCreate a function that counts total number of posts and displays it above the filter dropdown in wordpress. \nThis outputs a shortcode that can be used in wordpress. \n\n[total_posts_count] \/\/ should look like this --> \n\n\n<!-- styles the filter -->\n\n<style>\n    label {font-size:12px;\n    text-transform:uppercase;\n    color:#222222;\n    letter-spacing: 0.5px;\n    padding-bottom: 6px;\n    }\n\n\/* this will hide the default filter\n    .elementor-widget-taxonomy-filter { display: none; } *\/\n    \n    #taxonomy-dropdown {\n    padding: 10px;\n    font-size: 16px;\n    border-radius: 4px;\n    margin-right: 10px;\n    max-width: 350px;\n}\n<\/style>\n\n\n<!--\nthe JS\n\/\/add your own elementor widget ID by using the following prompt:\n\/\/ step 1: copy and paste the html from concsole to chapt gpt and ask it to find  the elementor widget ID\n\/\/ step 2: then replace the ID it found with the one here\n\/\/ step 3: and now copy the code and paste it over to your elementor page\n-->\n\n<script>\ndocument.addEventListener(\"DOMContentLoaded\", function() {\n    \/\/ Select the taxonomy filter buttons\n    var taxonomyButtons = document.querySelectorAll('.elementor-widget-taxonomy-filter .e-filter-item');\n    \n    \/\/ Get the dropdown element\n    var dropdown = document.getElementById('taxonomy-dropdown');\n\n    \/\/ First, add the \"All\" option manually\n    var allOption = document.createElement('option');\n    allOption.value = \"__all\"; \/\/ Set the value of the \"All\" option\n    allOption.text = \"All\"; \/\/ Set the label for the \"All\" option\n    dropdown.appendChild(allOption); \/\/ Add it as the first option\n\n    \/\/ Loop through the buttons and create an option element for each one, except the \"All\" button\n    taxonomyButtons.forEach(function(button) {\n        var filterValue = button.getAttribute('data-filter');\n        if (filterValue !== \"__all\") { \/\/ Skip the \"All\" button\n            var option = document.createElement('option');\n            option.value = filterValue; \/\/ Set the option's value to the filter's data-filter attribute\n            option.text = button.textContent; \/\/ Set the option's text to the button's label\n            dropdown.appendChild(option); \/\/ Add the option to the dropdown\n        }\n    });\n\n    \/\/ Listen for changes to the dropdown and filter the results\n    dropdown.addEventListener('change', function() {\n        var selectedFilter = this.value;\n        if (selectedFilter) {\n            \/\/ Simulate clicking the corresponding filter button\n            taxonomyButtons.forEach(function(button) {\n                if (button.getAttribute('data-filter') === selectedFilter) {\n                    button.click(); \/\/ Simulate a click on the matching button\n                }\n            });\n        }\n    });\n});\n<\/script>\n\n\n\n\n<!--\n\u2014------------------------------\n\n\n Here is your HTML & CSS: -->\n<style>\n#sort-posts {\n    padding: 10px;\n    font-size: 16px;\n    border-radius: 4px;\n    margin-right: 10px;\n}\n<\/style>\n\n\n<label for=\"sort-posts\">Ordenar por:<\/label>\n<select id=\"sort-posts\">\n    <option value=\"newest\">M\u00e1s recientes primero<\/option>\n    <option value=\"oldest\">M\u00e1s antiguos primero<\/option>\n<\/select>\n\n<script>\ndocument.addEventListener(\"DOMContentLoaded\", function() {\n    var sortDropdown = document.getElementById(\"sort-posts\");\n\n    \/\/ Listen for changes in the dropdown\n    sortDropdown.addEventListener('change', function() {\n        var selectedSort = this.value;\n\n        \/\/ Reload the page with the selected sorting method in the URL\n        if (selectedSort === 'newest') {\n            window.location.href = \"?sort=newest\";\n        } else if (selectedSort === 'oldest') {\n            window.location.href = \"?sort=oldest\";\n        }\n    });\n\n    \/\/ On page load, set the dropdown value based on the query parameter\n    var urlParams = new URLSearchParams(window.location.search);\n    var sortParam = urlParams.get('sort');\n    if (sortParam) {\n        sortDropdown.value = sortParam;\n    }\n});\n<\/script>\n\n\n<!-- You will have to add this to your function.php to work with this:\n\n\nfunction sort_posts_by_date($query) {\n    if (!is_admin() && $query->is_main_query()) {\n        \/\/ Check if the 'sort' parameter is present in the URL\n        if (isset($_GET['sort'])) {\n            if ($_GET['sort'] == 'oldest') {\n                \/\/ Sort by date ascending (oldest first)\n                $query->set('orderby', 'date');\n                $query->set('order', 'ASC');\n            } else if ($_GET['sort'] == 'newest') {\n                \/\/ Sort by date descending (newest first)\n                $query->set('orderby', 'date');\n                $query->set('order', 'DESC');\n            }\n        }\n    }\n}\nadd_action('pre_get_posts', 'sort_posts_by_date'); -->\n\t\t\t\t<\/div>\n\t\t\t\t<\/div>\n\t\t\t\t<div class=\"elementor-element elementor-element-09ffede elementor-widget elementor-widget-rpws-ew-taxonomy-filter-lite\" data-id=\"09ffede\" data-element_type=\"widget\" data-e-type=\"widget\" data-settings=\"{&quot;selected_element&quot;:&quot;0a4d022&quot;,&quot;taxonomy&quot;:&quot;category&quot;,&quot;display_type&quot;:&quot;dropdown&quot;}\" data-widget_type=\"rpws-ew-taxonomy-filter-lite.default\">\n\t\t\t\t<div class=\"elementor-widget-container\">\n\t\t\t\t\t\t\t<div class=\"rpws-ew-taxonomy-filter-lite\">\n\t\t\t<search class=\"e-filter\" role=\"search\" data-base-url=\"https:\/\/readtogrow.org\/es\/wp-json\/wp\/v2\/pages\/20086\/\" data-page-num=\"1\">\n\t\t\t\t\t\t<div class=\"rpws-ew-taxonomy-filter-lite-dropdown-wrapper\">\n\t\t\t<select class=\"rpws-ew-taxonomy-filter-lite-dropdown rpws-ew-taxonomy-filter-lite-control\">\n\t\t\t\t<option value=\"__all\">All<\/option>\n\t\t\t\t\t\t\t\t\t\t<option value=\"sin-categorizar\">\n\t\t\t\t\t\t\tSin categorizar\t\t\t\t\t\t<\/option>\n\t\t\t\t\t\t\t\t\t<\/select>\n\t\t\t\t\t<span class=\"rpws-ew-taxonomy-filter-lite-dropdown-icon\">\n\t\t\t<svg aria-hidden=\"true\" class=\"e-font-icon-svg e-fas-chevron-down\" viewBox=\"0 0 448 512\" xmlns=\"http:\/\/www.w3.org\/2000\/svg\"><path d=\"M207.029 381.476L12.686 187.132c-9.373-9.373-9.373-24.569 0-33.941l22.667-22.667c9.357-9.357 24.522-9.375 33.901-.04L224 284.505l154.745-154.021c9.379-9.335 24.544-9.317 33.901.04l22.667 22.667c9.373 9.373 9.373 24.569 0 33.941L240.971 381.476c-9.373 9.372-24.569 9.372-33.942 0z\"><\/path><\/svg>\t\t<\/span>\n\t\t\t\t<\/div>\n\t\t\t\t\t<\/search>\n\t\t<\/div>\n\t\t\t\t\t\t<\/div>\n\t\t\t\t<\/div>\n\t\t\t\t<div class=\"elementor-element elementor-element-0a4d022 elementor-grid-1 elementor-grid-tablet-2 elementor-grid-mobile-1 elementor-widget elementor-widget-loop-grid\" data-id=\"0a4d022\" data-element_type=\"widget\" data-e-type=\"widget\" data-settings=\"{&quot;template_id&quot;:20328,&quot;columns&quot;:1,&quot;pagination_type&quot;:&quot;numbers_and_prev_next&quot;,&quot;pagination_load_type&quot;:&quot;ajax&quot;,&quot;_skin&quot;:&quot;post&quot;,&quot;columns_tablet&quot;:&quot;2&quot;,&quot;columns_mobile&quot;:&quot;1&quot;,&quot;edit_handle_selector&quot;:&quot;[data-elementor-type=\\&quot;loop-item\\&quot;]&quot;,&quot;row_gap&quot;:{&quot;unit&quot;:&quot;px&quot;,&quot;size&quot;:&quot;&quot;,&quot;sizes&quot;:[]},&quot;row_gap_tablet&quot;:{&quot;unit&quot;:&quot;px&quot;,&quot;size&quot;:&quot;&quot;,&quot;sizes&quot;:[]},&quot;row_gap_mobile&quot;:{&quot;unit&quot;:&quot;px&quot;,&quot;size&quot;:&quot;&quot;,&quot;sizes&quot;:[]}}\" data-widget_type=\"loop-grid.post\">\n\t\t\t\t<div class=\"elementor-widget-container\">\n\t\t\t\t\t\t\t<div class=\"e-loop-nothing-found-message\">\n\t\t<\/div>\n\t\t\t\t\t\t<\/div>\n\t\t\t\t<\/div>\n\t\t\t\t\t<\/div>\n\t\t\t\t<\/div>\n\t\t\t\t\t<\/div>\n\t\t\t\t<\/div>\n\t\t\t\t<\/div>\n\t\t","protected":false},"excerpt":{"rendered":"<p>Noticias y actualizaciones Read to Grow en acci\u00f3n Mant\u00e9ngase informado con las \u00faltimas noticias de Read to Grow. Explore historias sobre c\u00f3mo nuestros programas de alfabetizaci\u00f3n est\u00e1n teniendo un impacto en comunidades de todo Connecticut. No se han encontrado t\u00e9rminos No se han encontrado entradas 1 2 3 4 5 Filtrar por tipo: Por tipo Ordenar por: M\u00e1s recientes primeroM\u00e1s antiguos primero All Uncategorized<\/p>\n","protected":false},"author":2,"featured_media":0,"parent":0,"menu_order":0,"comment_status":"closed","ping_status":"closed","template":"","meta":{"footnotes":""},"class_list":["post-20086","page","type-page","status-publish","hentry"],"_links":{"self":[{"href":"https:\/\/readtogrow.org\/es\/wp-json\/wp\/v2\/pages\/20086","targetHints":{"allow":["GET"]}}],"collection":[{"href":"https:\/\/readtogrow.org\/es\/wp-json\/wp\/v2\/pages"}],"about":[{"href":"https:\/\/readtogrow.org\/es\/wp-json\/wp\/v2\/types\/page"}],"author":[{"embeddable":true,"href":"https:\/\/readtogrow.org\/es\/wp-json\/wp\/v2\/users\/2"}],"replies":[{"embeddable":true,"href":"https:\/\/readtogrow.org\/es\/wp-json\/wp\/v2\/comments?post=20086"}],"version-history":[{"count":110,"href":"https:\/\/readtogrow.org\/es\/wp-json\/wp\/v2\/pages\/20086\/revisions"}],"predecessor-version":[{"id":21132,"href":"https:\/\/readtogrow.org\/es\/wp-json\/wp\/v2\/pages\/20086\/revisions\/21132"}],"wp:attachment":[{"href":"https:\/\/readtogrow.org\/es\/wp-json\/wp\/v2\/media?parent=20086"}],"curies":[{"name":"wp","href":"https:\/\/api.w.org\/{rel}","templated":true}]}}