{"id":8287,"date":"2016-05-03T17:14:50","date_gmt":"2016-05-03T17:14:50","guid":{"rendered":"https:\/\/readtogrow.org\/es\/?page_id=8287"},"modified":"2025-09-24T15:37:50","modified_gmt":"2025-09-24T19:37:50","slug":"junta-directiva","status":"publish","type":"page","link":"https:\/\/readtogrow.org\/es\/junta-directiva\/","title":{"rendered":"Nuestro consejo"},"content":{"rendered":"\t\t<div data-elementor-type=\"wp-page\" data-elementor-id=\"8287\" class=\"elementor elementor-8287 elementor-6989\" data-elementor-post-type=\"page\">\n\t\t\t\t<div class=\"elementor-element elementor-element-46260b5c page-header e-flex e-con-boxed wpr-particle-no wpr-jarallax-no wpr-parallax-no wpr-sticky-section-no wpr-equal-height-no e-con e-parent\" data-id=\"46260b5c\" data-element_type=\"container\" data-e-type=\"container\" id=\"page-header\">\n\t\t\t\t\t<div class=\"e-con-inner\">\n\t\t\t\t<div class=\"elementor-element elementor-element-3df86055 elementor-widget elementor-widget-text-editor\" data-id=\"3df86055\" data-element_type=\"widget\" data-e-type=\"widget\" data-widget_type=\"text-editor.default\">\n\t\t\t\t<div class=\"elementor-widget-container\">\n\t\t\t\t\t\t\t\t\t<h1>Nuestro consejo<\/h1>\t\t\t\t\t\t\t\t<\/div>\n\t\t\t\t<\/div>\n\t\t\t\t\t<\/div>\n\t\t\t\t<\/div>\n\t\t<div class=\"elementor-element elementor-element-1325fce7 e-flex e-con-boxed wpr-particle-no wpr-jarallax-no wpr-parallax-no wpr-sticky-section-no wpr-equal-height-no e-con e-parent\" data-id=\"1325fce7\" data-element_type=\"container\" data-e-type=\"container\">\n\t\t\t\t\t<div class=\"e-con-inner\">\n\t\t<div class=\"elementor-element elementor-element-3ae567c4 e-flex e-con-boxed wpr-particle-no wpr-jarallax-no wpr-parallax-no wpr-sticky-section-no wpr-equal-height-no e-con e-child\" data-id=\"3ae567c4\" data-element_type=\"container\" data-e-type=\"container\" data-settings=\"{&quot;background_background&quot;:&quot;classic&quot;}\">\n\t\t\t\t\t<div class=\"e-con-inner\">\n\t\t\t\t<div class=\"elementor-element elementor-element-384971bc narrow board elementor-widget elementor-widget-text-editor\" data-id=\"384971bc\" data-element_type=\"widget\" data-e-type=\"widget\" data-widget_type=\"text-editor.default\">\n\t\t\t\t<div class=\"elementor-widget-container\">\n\t\t\t\t\t\t\t\t\t<h4>Monette Ferguson, ph.d., presidenta<\/h4><p>Directora ejecutiva, Alliance for community empowerment<\/p><h4>Carla M. Horwitz, Ed.D., vicepresidenta<\/h4><p>Profesora, Yale Child Study Center &amp; Department of Psychology;<br>Directora em\u00e9rita, Calvin Hill Day Care Center &amp; Kitty Lustman-Findling Kindergarten<\/p><h4>Jane Lee, m.B.a., tesorera<\/h4><p>Asesora\/consultora de desarrollo econ\u00f3mico, all our Kin, new Haven<\/p><h4>Jennifer Groves fusco, j.d., secretaria<\/h4><p>Directora, Updike, Kelly &amp; Spellacy, P.C., New Haven<\/p><h4>Barbara Clerkin, R.N., M.P.H.  <\/h4><p>Jubilado, Facultad de Medicina de la UCLA, Departamento de Cirug\u00eda  <\/p><h4>Katherine kohari, m.D.<\/h4><p>Medicina materno-fetal de Yale, new Haven<\/p><h4>Shabnam lainwala, m.D., ph.d.<\/h4><p>Directora del programa regional de seguimiento del desarrollo neurol\u00f3gico neonatal, connecticut children&#8217;s, Hartford<\/p><h4>Nick Lebron<\/h4><p>Catholic charities, coordinadora regional y gestora de escuelas comunitarias, Hartford<\/p><h4>Lisa maass<\/h4><p>Presidenta, Citizens Bank CT, New Haven<\/p><h4>Irene peluso<\/h4><p>Recursos Humanos, viking global investors, greenwich<\/p><h4>Kymberlee powe<\/h4><p>Consultora de ni\u00f1os y j\u00f3venes adultos, connecticut state library, Middletown<\/p><h4>Anna reiter<\/h4><p>Directora de campa\u00f1a, ge\u00f3loga<\/p><h4>John toscano, c.P.a.<\/h4><p>Director, Clifton, Larson, Allen, LLP, West Hartford<\/p><h4>Roxanne J. Coady, fundadora y consejera em\u00e9rita<\/h4><p>Presidenta y propietaria, r. J. Julia booksellers<\/p>\t\t\t\t\t\t\t\t<\/div>\n\t\t\t\t<\/div>\n\t\t\t\t\t<\/div>\n\t\t\t\t<\/div>\n\t\t\t\t\t<\/div>\n\t\t\t\t<\/div>\n\t\t\t\t<\/div>\n\t\t","protected":false},"excerpt":{"rendered":"<p>Nuestro consejo Monette Ferguson, ph.d., presidenta Directora ejecutiva, Alliance for community empowerment Carla M. Horwitz, Ed.D., vicepresidenta Profesora, Yale Child Study Center &amp; Department of Psychology;Directora em\u00e9rita, Calvin Hill Day Care Center &amp; Kitty Lustman-Findling Kindergarten Jane Lee, m.B.a., tesorera Asesora\/consultora de desarrollo econ\u00f3mico, all our Kin, new Haven Jennifer Groves fusco, j.d., secretaria Directora, Updike, Kelly &amp; Spellacy, P.C., New Haven Barbara Clerkin, R.N., M.P.H. Jubilado, Facultad de Medicina de la UCLA, Departamento de Cirug\u00eda Katherine kohari, m.D. Medicina materno-fetal de Yale, new Haven Shabnam lainwala, m.D., ph.d. Directora del programa regional de seguimiento del desarrollo neurol\u00f3gico neonatal, connecticut children&#8217;s, Hartford Nick Lebron Catholic charities, coordinadora regional y gestora de escuelas comunitarias, Hartford Lisa maass Presidenta, Citizens Bank CT, New Haven Irene peluso Recursos Humanos, viking global investors, greenwich Kymberlee powe Consultora de ni\u00f1os y j\u00f3venes adultos, connecticut state library, Middletown Anna reiter Directora de campa\u00f1a, ge\u00f3loga John toscano, c.P.a. Director, Clifton, Larson, Allen, LLP, West Hartford Roxanne J. Coady, fundadora y consejera em\u00e9rita Presidenta y propietaria, r. J. Julia booksellers<\/p>\n","protected":false},"author":2,"featured_media":0,"parent":0,"menu_order":0,"comment_status":"closed","ping_status":"closed","template":"","meta":{"footnotes":""},"class_list":["post-8287","page","type-page","status-publish","hentry"],"_links":{"self":[{"href":"https:\/\/readtogrow.org\/es\/wp-json\/wp\/v2\/pages\/8287","targetHints":{"allow":["GET"]}}],"collection":[{"href":"https:\/\/readtogrow.org\/es\/wp-json\/wp\/v2\/pages"}],"about":[{"href":"https:\/\/readtogrow.org\/es\/wp-json\/wp\/v2\/types\/page"}],"author":[{"embeddable":true,"href":"https:\/\/readtogrow.org\/es\/wp-json\/wp\/v2\/users\/2"}],"replies":[{"embeddable":true,"href":"https:\/\/readtogrow.org\/es\/wp-json\/wp\/v2\/comments?post=8287"}],"version-history":[{"count":6,"href":"https:\/\/readtogrow.org\/es\/wp-json\/wp\/v2\/pages\/8287\/revisions"}],"predecessor-version":[{"id":19557,"href":"https:\/\/readtogrow.org\/es\/wp-json\/wp\/v2\/pages\/8287\/revisions\/19557"}],"wp:attachment":[{"href":"https:\/\/readtogrow.org\/es\/wp-json\/wp\/v2\/media?parent=8287"}],"curies":[{"name":"wp","href":"https:\/\/api.w.org\/{rel}","templated":true}]}}