{"id":8356,"date":"2016-05-03T21:18:57","date_gmt":"2016-05-03T21:18:57","guid":{"rendered":"https:\/\/readtogrow.org\/es\/?page_id=8356"},"modified":"2025-09-16T16:58:26","modified_gmt":"2025-09-16T20:58:26","slug":"programa-de-books-for-babies","status":"publish","type":"page","link":"https:\/\/readtogrow.org\/es\/programa-de-books-for-babies\/","title":{"rendered":"Libros para beb\u00e9s"},"content":{"rendered":"\t\t<div data-elementor-type=\"wp-page\" data-elementor-id=\"8356\" class=\"elementor elementor-8356 elementor-6382\" data-elementor-post-type=\"page\">\n\t\t\t\t<div class=\"elementor-element elementor-element-748859fe page-header e-flex e-con-boxed wpr-particle-no wpr-jarallax-no wpr-parallax-no wpr-sticky-section-no wpr-equal-height-no e-con e-parent\" data-id=\"748859fe\" data-element_type=\"container\" data-e-type=\"container\" id=\"page-header\" data-settings=\"{&quot;background_background&quot;:&quot;classic&quot;}\">\n\t\t\t\t\t<div class=\"e-con-inner\">\n\t\t\t\t<div class=\"elementor-element elementor-element-3683a52f elementor-widget elementor-widget-text-editor\" data-id=\"3683a52f\" data-element_type=\"widget\" data-e-type=\"widget\" data-widget_type=\"text-editor.default\">\n\t\t\t\t<div class=\"elementor-widget-container\">\n\t\t\t\t\t\t\t\t\t<h1>Libros para beb\u00e9s<\/h1>\t\t\t\t\t\t\t\t<\/div>\n\t\t\t\t<\/div>\n\t\t\t\t\t<\/div>\n\t\t\t\t<\/div>\n\t\t<div class=\"elementor-element elementor-element-1c9d983e hero-section e-flex e-con-boxed wpr-particle-no wpr-jarallax-no wpr-parallax-no wpr-sticky-section-no wpr-equal-height-no e-con e-parent\" data-id=\"1c9d983e\" data-element_type=\"container\" data-e-type=\"container\" data-settings=\"{&quot;background_background&quot;:&quot;classic&quot;}\">\n\t\t\t\t\t<div class=\"e-con-inner\">\n\t\t<div class=\"elementor-element elementor-element-643a3ff1 e-con-full intro e-flex wpr-particle-no wpr-jarallax-no wpr-parallax-no wpr-sticky-section-no wpr-equal-height-no e-con e-child\" data-id=\"643a3ff1\" data-element_type=\"container\" data-e-type=\"container\" data-settings=\"{&quot;background_background&quot;:&quot;classic&quot;}\">\n\t\t\t\t<div class=\"elementor-element elementor-element-379b44bd elementor-widget elementor-widget-text-editor\" data-id=\"379b44bd\" data-element_type=\"widget\" data-e-type=\"widget\" data-widget_type=\"text-editor.default\">\n\t\t\t\t<div class=\"elementor-widget-container\">\n\t\t\t\t\t\t\t\t\t<p data-start=\"91\" data-end=\"347\"><strong data-start=\"91\" data-end=\"135\">Los padres son los primeros maestros de sus hijos.<\/strong><br data-start=\"135\" data-end=\"138\">Con sede en Connecticut, Books for Babies capacita a los padres para apoyar la alfabetizaci\u00f3n temprana desde el primer d\u00eda. A trav\u00e9s de libros, gu\u00edas y materiales, las familias obtienen las herramientas que necesitan para fomentar el lenguaje y las habilidades de lectura. <\/p><p data-start=\"349\" data-end=\"654\"><strong data-start=\"349\" data-end=\"373\">El impacto es evidente:<\/strong> en Connecticut, solo el 51% de las familias lee a sus hijos a diario. Despu\u00e9s de un punto de contacto de Books for Babies, el 71% lee junto a diario, y despu\u00e9s de un segundo, ese n\u00famero aumenta al 80%. Nuestro programa ayuda a las familias a crear h\u00e1bitos de lectura duraderos que preparan a los ni\u00f1os para el \u00e9xito de por vida.  <\/p><p data-start=\"656\" data-end=\"813\">Read to Grow se compromete a proporcionar a las familias el conocimiento y los recursos necesarios para fomentar la alfabetizaci\u00f3n, la salud y el aprendizaje permanente desde el primer d\u00eda.<\/p>\t\t\t\t\t\t\t\t<\/div>\n\t\t\t\t<\/div>\n\t\t\t\t<\/div>\n\t\t<div class=\"elementor-element elementor-element-249d834 e-con-full e-flex wpr-particle-no wpr-jarallax-no wpr-parallax-no wpr-sticky-section-no wpr-equal-height-no e-con e-child\" data-id=\"249d834\" data-element_type=\"container\" data-e-type=\"container\" data-settings=\"{&quot;background_background&quot;:&quot;classic&quot;}\">\n\t\t\t\t<\/div>\n\t\t\t\t\t<\/div>\n\t\t\t\t<\/div>\n\t\t<div class=\"elementor-element elementor-element-e549a7f e-flex e-con-boxed wpr-particle-no wpr-jarallax-no wpr-parallax-no wpr-sticky-section-no wpr-equal-height-no e-con e-parent\" data-id=\"e549a7f\" data-element_type=\"container\" data-e-type=\"container\" data-settings=\"{&quot;background_background&quot;:&quot;classic&quot;}\">\n\t\t\t\t\t<div class=\"e-con-inner\">\n\t\t<div class=\"elementor-element elementor-element-4c8fdaf e-flex e-con-boxed wpr-particle-no wpr-jarallax-no wpr-parallax-no wpr-sticky-section-no wpr-equal-height-no e-con e-child\" data-id=\"4c8fdaf\" data-element_type=\"container\" data-e-type=\"container\" data-settings=\"{&quot;background_background&quot;:&quot;classic&quot;}\">\n\t\t\t\t\t<div class=\"e-con-inner\">\n\t\t\t\t<div class=\"elementor-element elementor-element-c8148ea elementor-widget elementor-widget-text-editor\" data-id=\"c8148ea\" data-element_type=\"widget\" data-e-type=\"widget\" data-widget_type=\"text-editor.default\">\n\t\t\t\t<div class=\"elementor-widget-container\">\n\t\t\t\t\t\t\t\t\t<p>Como programa insignia de Read to Grow, Books for Babies comenz\u00f3 hace m\u00e1s de 25 a\u00f1os en el Yale New Haven Hospital y desde entonces se ha expandido en tres iniciativas clave:<\/p>\t\t\t\t\t\t\t\t<\/div>\n\t\t\t\t<\/div>\n\t\t<div class=\"elementor-element elementor-element-2c454870 e-con-full e-flex wpr-particle-no wpr-jarallax-no wpr-parallax-no wpr-sticky-section-no wpr-equal-height-no e-con e-child\" data-id=\"2c454870\" data-element_type=\"container\" data-e-type=\"container\" data-settings=\"{&quot;background_background&quot;:&quot;classic&quot;}\">\n\t\t<div class=\"elementor-element elementor-element-43de99ab e-con-full e-flex wpr-particle-no wpr-jarallax-no wpr-parallax-no wpr-sticky-section-no wpr-equal-height-no e-con e-child\" data-id=\"43de99ab\" data-element_type=\"container\" data-e-type=\"container\" data-settings=\"{&quot;background_background&quot;:&quot;classic&quot;}\">\n\t\t\t\t<div class=\"elementor-element elementor-element-6a62a75 elementor-widget elementor-widget-text-editor\" data-id=\"6a62a75\" data-element_type=\"widget\" data-e-type=\"widget\" data-widget_type=\"text-editor.default\">\n\t\t\t\t<div class=\"elementor-widget-container\">\n\t\t\t\t\t\t\t\t\t<h3>Proyecto para reci\u00e9n nacidos<\/h3><p>Nuestro Proyecto para Reci\u00e9n Nacidos contin\u00faa el trabajo que comenzamos en 2001 en el Yale New Haven Hospital y ahora opera en hospitales de todo Connecticut. Cada familia con un reci\u00e9n nacido en nuestros hospitales asociados recibe un Paquete de Alfabetizaci\u00f3n gratuito, lleno de recursos para ayudar a los padres a apoyar el aprendizaje temprano y el desarrollo de la alfabetizaci\u00f3n de sus hijos. Las familias tambi\u00e9n pueden inscribirse en nuestro Proyecto del Primer A\u00f1o, que proporciona libros adicionales apropiados para la edad y orientaci\u00f3n para el desarrollo en hitos clave, a los 3 meses y 1 a\u00f1o, ayudando a los padres a fomentar el crecimiento de sus hijos en cada etapa.  <\/p>\t\t\t\t\t\t\t\t<\/div>\n\t\t\t\t<\/div>\n\t\t\t\t<div class=\"elementor-element elementor-element-e23fdaa elementor-widget__width-initial elementor-widget elementor-widget-image\" data-id=\"e23fdaa\" data-element_type=\"widget\" data-e-type=\"widget\" data-widget_type=\"image.default\">\n\t\t\t\t<div class=\"elementor-widget-container\">\n\t\t\t\t\t\t\t\t\t\t\t\t\t\t\t<img fetchpriority=\"high\" decoding=\"async\" width=\"2560\" height=\"1707\" src=\"https:\/\/readtogrow.org\/wp-content\/uploads\/RTG-yale-7344-scaled.jpg\" class=\"attachment-full size-full wp-image-16022\" alt=\"\" srcset=\"https:\/\/readtogrow.org\/wp-content\/uploads\/RTG-yale-7344-scaled.jpg 2560w, https:\/\/readtogrow.org\/wp-content\/uploads\/RTG-yale-7344-300x200.jpg 300w, https:\/\/readtogrow.org\/wp-content\/uploads\/RTG-yale-7344-1030x687.jpg 1030w, https:\/\/readtogrow.org\/wp-content\/uploads\/RTG-yale-7344-768x512.jpg 768w, https:\/\/readtogrow.org\/wp-content\/uploads\/RTG-yale-7344-391x260.jpg 391w, https:\/\/readtogrow.org\/wp-content\/uploads\/RTG-yale-7344-1536x1024.jpg 1536w, https:\/\/readtogrow.org\/wp-content\/uploads\/RTG-yale-7344-2048x1365.jpg 2048w\" sizes=\"(max-width: 2560px) 100vw, 2560px\" \/>\t\t\t\t\t\t\t\t\t\t\t\t\t\t\t<\/div>\n\t\t\t\t<\/div>\n\t\t\t\t<\/div>\n\t\t<div class=\"elementor-element elementor-element-6fadee0a e-con-full e-flex wpr-particle-no wpr-jarallax-no wpr-parallax-no wpr-sticky-section-no wpr-equal-height-no e-con e-child\" data-id=\"6fadee0a\" data-element_type=\"container\" data-e-type=\"container\" data-settings=\"{&quot;background_background&quot;:&quot;classic&quot;}\">\n\t\t\t\t<div class=\"elementor-element elementor-element-65e281e5 elementor-widget elementor-widget-text-editor\" data-id=\"65e281e5\" data-element_type=\"widget\" data-e-type=\"widget\" data-widget_type=\"text-editor.default\">\n\t\t\t\t<div class=\"elementor-widget-container\">\n\t\t\t\t\t\t\t\t\t<h3>Proyecto prenatal<\/h3><p>Lanzado en 2016, nuestro Proyecto Prenatal proporciona a las familias embarazadas materiales educativos y libros de cart\u00f3n a trav\u00e9s de centros de salud comunitarios y cl\u00ednicas. Esta iniciativa basada en las necesidades ayuda a los padres a establecer rutinas de lectura temprana e interacciones significativas con sus beb\u00e9s antes del nacimiento. Los proveedores de atenci\u00f3n m\u00e9dica transmiten el mensaje de alfabetizaci\u00f3n de Read to Grow y distribuyen materiales de alfabetizaci\u00f3n, incluyendo libros gratuitos, capacitando a las familias para construir una biblioteca en casa desde el principio. Estamos comprometidos a hacer crecer este proyecto para servir a a\u00fan m\u00e1s familias en todo Connecticut.   <\/p>\t\t\t\t\t\t\t\t<\/div>\n\t\t\t\t<\/div>\n\t\t\t\t<div class=\"elementor-element elementor-element-d8b49fb elementor-widget__width-initial elementor-widget elementor-widget-image\" data-id=\"d8b49fb\" data-element_type=\"widget\" data-e-type=\"widget\" data-widget_type=\"image.default\">\n\t\t\t\t<div class=\"elementor-widget-container\">\n\t\t\t\t\t\t\t\t\t\t\t\t\t\t\t<img decoding=\"async\" width=\"1432\" height=\"736\" src=\"https:\/\/readtogrow.org\/wp-content\/uploads\/download-e1754933193489.png\" class=\"attachment-full size-full wp-image-16017\" alt=\"\" \/>\t\t\t\t\t\t\t\t\t\t\t\t\t\t\t<\/div>\n\t\t\t\t<\/div>\n\t\t\t\t<\/div>\n\t\t<div class=\"elementor-element elementor-element-3087f13a e-con-full e-flex wpr-particle-no wpr-jarallax-no wpr-parallax-no wpr-sticky-section-no wpr-equal-height-no e-con e-child\" data-id=\"3087f13a\" data-element_type=\"container\" data-e-type=\"container\" data-settings=\"{&quot;background_background&quot;:&quot;classic&quot;}\">\n\t\t\t\t<div class=\"elementor-element elementor-element-357317bf elementor-widget elementor-widget-text-editor\" data-id=\"357317bf\" data-element_type=\"widget\" data-e-type=\"widget\" data-widget_type=\"text-editor.default\">\n\t\t\t\t<div class=\"elementor-widget-container\">\n\t\t\t\t\t\t\t\t\t<h3>Proyecto de alfabetizaci\u00f3n temprana en la UCIN<\/h3><p data-start=\"127\" data-end=\"820\">Dise\u00f1ado para apoyar el desarrollo del lenguaje de los beb\u00e9s en las Unidades de Cuidados Intensivos Neonatales (UCIN), nuestro Proyecto de Alfabetizaci\u00f3n Temprana en la UCIN proporciona libros y recursos de alfabetizaci\u00f3n directamente en el isolette de cada beb\u00e9. Lanzada en 2020 en el Connecticut Children\u2019s Hospital, la iniciativa \u00abTiny Tales\u00bb anima a los padres a leer, hablar y cantar a sus beb\u00e9s, actividades clave que apoyan el crecimiento cognitivo y del lenguaje. Las investigaciones demuestran que los beb\u00e9s prematuros tienen un mayor riesgo de sufrir retrasos en el desarrollo, y Read to Grow tiene como objetivo ayudar a cerrar esta brecha fomentando la exposici\u00f3n temprana al lenguaje. Esperamos ampliar este programa para llegar a m\u00e1s UCIN y familias en todo Connecticut.   <\/p>\t\t\t\t\t\t\t\t<\/div>\n\t\t\t\t<\/div>\n\t\t\t\t<div class=\"elementor-element elementor-element-686e36d elementor-widget__width-initial elementor-widget elementor-widget-image\" data-id=\"686e36d\" data-element_type=\"widget\" data-e-type=\"widget\" data-widget_type=\"image.default\">\n\t\t\t\t<div class=\"elementor-widget-container\">\n\t\t\t\t\t\t\t\t\t\t\t\t\t\t\t<img decoding=\"async\" width=\"612\" height=\"408\" src=\"https:\/\/readtogrow.org\/wp-content\/uploads\/istockphoto-147312603-612x612-1.jpg\" class=\"attachment-full size-full wp-image-16027\" alt=\"\" srcset=\"https:\/\/readtogrow.org\/wp-content\/uploads\/istockphoto-147312603-612x612-1.jpg 612w, https:\/\/readtogrow.org\/wp-content\/uploads\/istockphoto-147312603-612x612-1-300x200.jpg 300w, https:\/\/readtogrow.org\/wp-content\/uploads\/istockphoto-147312603-612x612-1-391x260.jpg 391w\" sizes=\"(max-width: 612px) 100vw, 612px\" \/>\t\t\t\t\t\t\t\t\t\t\t\t\t\t\t<\/div>\n\t\t\t\t<\/div>\n\t\t\t\t<\/div>\n\t\t\t\t<\/div>\n\t\t\t\t\t<\/div>\n\t\t\t\t<\/div>\n\t\t\t\t\t<\/div>\n\t\t\t\t<\/div>\n\t\t\t\t<\/div>\n\t\t","protected":false},"excerpt":{"rendered":"<p>Libros para beb\u00e9s Los padres son los primeros maestros de sus hijos.Con sede en Connecticut, Books for Babies capacita a los padres para apoyar la alfabetizaci\u00f3n temprana desde el primer d\u00eda. A trav\u00e9s de libros, gu\u00edas y materiales, las familias obtienen las herramientas que necesitan para fomentar el lenguaje y las habilidades de lectura. El impacto es evidente: en Connecticut, solo el 51% de las familias lee a sus hijos a diario. Despu\u00e9s de un punto de contacto de Books for Babies, el 71% lee junto a diario, y despu\u00e9s de un segundo, ese n\u00famero aumenta al 80%. Nuestro programa ayuda a las familias a crear h\u00e1bitos de lectura duraderos que preparan a los ni\u00f1os para el \u00e9xito de por vida. Read to Grow se compromete a proporcionar a las familias el conocimiento y los recursos necesarios para fomentar la alfabetizaci\u00f3n, la salud y el aprendizaje permanente desde el primer d\u00eda. Como programa insignia de Read to Grow, Books for Babies comenz\u00f3 hace m\u00e1s de 25 a\u00f1os en el Yale New Haven Hospital y desde entonces se ha expandido en tres iniciativas clave: Proyecto para reci\u00e9n nacidos Nuestro Proyecto para Reci\u00e9n Nacidos contin\u00faa el trabajo que comenzamos en 2001 en el Yale New Haven Hospital y ahora opera en hospitales de todo Connecticut. Cada familia con un reci\u00e9n nacido en nuestros hospitales asociados recibe un Paquete de Alfabetizaci\u00f3n gratuito, lleno de recursos para ayudar a los padres a apoyar el aprendizaje temprano y el desarrollo de la alfabetizaci\u00f3n de sus hijos. Las familias tambi\u00e9n pueden inscribirse en nuestro Proyecto del Primer A\u00f1o, que proporciona libros adicionales apropiados para la edad y orientaci\u00f3n para el desarrollo en hitos clave, a los 3 meses y 1 a\u00f1o, ayudando a los padres a fomentar el crecimiento de sus hijos en cada etapa. Proyecto prenatal Lanzado en 2016, nuestro Proyecto Prenatal proporciona a las familias embarazadas materiales educativos y libros de cart\u00f3n a trav\u00e9s de centros de salud comunitarios y cl\u00ednicas. Esta iniciativa basada en las necesidades ayuda a los padres a establecer rutinas de lectura temprana e interacciones significativas con sus beb\u00e9s antes del nacimiento. Los proveedores de atenci\u00f3n m\u00e9dica transmiten el mensaje de alfabetizaci\u00f3n de Read to Grow y distribuyen materiales de alfabetizaci\u00f3n, incluyendo libros gratuitos, capacitando a las familias para construir una biblioteca en casa desde el principio. Estamos comprometidos a hacer crecer este proyecto para servir a a\u00fan m\u00e1s familias en todo Connecticut. Proyecto de alfabetizaci\u00f3n temprana en la UCIN Dise\u00f1ado para apoyar el desarrollo del lenguaje de los beb\u00e9s en las Unidades de Cuidados Intensivos Neonatales (UCIN), nuestro Proyecto de Alfabetizaci\u00f3n Temprana en la UCIN proporciona libros y recursos de alfabetizaci\u00f3n directamente en el isolette de cada beb\u00e9. Lanzada en 2020 en el Connecticut Children\u2019s Hospital, la iniciativa \u00abTiny Tales\u00bb anima a los padres a leer, hablar y cantar a sus beb\u00e9s, actividades clave que apoyan el crecimiento cognitivo y del lenguaje. Las investigaciones demuestran que los beb\u00e9s prematuros tienen un mayor riesgo de sufrir retrasos en el desarrollo, y Read to Grow tiene como objetivo ayudar a cerrar esta brecha fomentando la exposici\u00f3n temprana al lenguaje. Esperamos ampliar este programa para llegar a m\u00e1s UCIN y familias en todo Connecticut.<\/p>\n","protected":false},"author":2,"featured_media":0,"parent":0,"menu_order":0,"comment_status":"closed","ping_status":"closed","template":"","meta":{"footnotes":""},"class_list":["post-8356","page","type-page","status-publish","hentry"],"_links":{"self":[{"href":"https:\/\/readtogrow.org\/es\/wp-json\/wp\/v2\/pages\/8356","targetHints":{"allow":["GET"]}}],"collection":[{"href":"https:\/\/readtogrow.org\/es\/wp-json\/wp\/v2\/pages"}],"about":[{"href":"https:\/\/readtogrow.org\/es\/wp-json\/wp\/v2\/types\/page"}],"author":[{"embeddable":true,"href":"https:\/\/readtogrow.org\/es\/wp-json\/wp\/v2\/users\/2"}],"replies":[{"embeddable":true,"href":"https:\/\/readtogrow.org\/es\/wp-json\/wp\/v2\/comments?post=8356"}],"version-history":[{"count":45,"href":"https:\/\/readtogrow.org\/es\/wp-json\/wp\/v2\/pages\/8356\/revisions"}],"predecessor-version":[{"id":17631,"href":"https:\/\/readtogrow.org\/es\/wp-json\/wp\/v2\/pages\/8356\/revisions\/17631"}],"wp:attachment":[{"href":"https:\/\/readtogrow.org\/es\/wp-json\/wp\/v2\/media?parent=8356"}],"curies":[{"name":"wp","href":"https:\/\/api.w.org\/{rel}","templated":true}]}}