{"id":8359,"date":"2016-05-03T21:34:11","date_gmt":"2016-05-03T21:34:11","guid":{"rendered":"https:\/\/readtogrow.org\/es\/?page_id=8359"},"modified":"2025-09-16T16:59:20","modified_gmt":"2025-09-16T20:59:20","slug":"programa-de-books-for-kids","status":"publish","type":"page","link":"https:\/\/readtogrow.org\/es\/programa-de-books-for-kids\/","title":{"rendered":"Libros para ni\u00f1os"},"content":{"rendered":"\t\t<div data-elementor-type=\"wp-page\" data-elementor-id=\"8359\" class=\"elementor elementor-8359 elementor-6384\" data-elementor-post-type=\"page\">\n\t\t\t\t<div class=\"elementor-element elementor-element-7140d872 page-header e-flex e-con-boxed wpr-particle-no wpr-jarallax-no wpr-parallax-no wpr-sticky-section-no wpr-equal-height-no e-con e-parent\" data-id=\"7140d872\" data-element_type=\"container\" data-e-type=\"container\" id=\"page-header\" data-settings=\"{&quot;background_background&quot;:&quot;classic&quot;}\">\n\t\t\t\t\t<div class=\"e-con-inner\">\n\t\t\t\t<div class=\"elementor-element elementor-element-27471def elementor-widget elementor-widget-text-editor\" data-id=\"27471def\" data-element_type=\"widget\" data-e-type=\"widget\" data-widget_type=\"text-editor.default\">\n\t\t\t\t<div class=\"elementor-widget-container\">\n\t\t\t\t\t\t\t\t\t<h1>Libros para ni\u00f1os<\/h1>\t\t\t\t\t\t\t\t<\/div>\n\t\t\t\t<\/div>\n\t\t\t\t\t<\/div>\n\t\t\t\t<\/div>\n\t\t<div class=\"elementor-element elementor-element-2b311eac hero-section e-flex e-con-boxed wpr-particle-no wpr-jarallax-no wpr-parallax-no wpr-sticky-section-no wpr-equal-height-no e-con e-parent\" data-id=\"2b311eac\" data-element_type=\"container\" data-e-type=\"container\" data-settings=\"{&quot;background_background&quot;:&quot;classic&quot;}\">\n\t\t\t\t\t<div class=\"e-con-inner\">\n\t\t<div class=\"elementor-element elementor-element-1a72b7ee e-con-full e-flex wpr-particle-no wpr-jarallax-no wpr-parallax-no wpr-sticky-section-no wpr-equal-height-no e-con e-child\" data-id=\"1a72b7ee\" data-element_type=\"container\" data-e-type=\"container\" data-settings=\"{&quot;background_background&quot;:&quot;classic&quot;}\">\n\t\t\t\t<div class=\"elementor-element elementor-element-591a467 intro elementor-widget elementor-widget-text-editor\" data-id=\"591a467\" data-element_type=\"widget\" data-e-type=\"widget\" data-widget_type=\"text-editor.default\">\n\t\t\t\t<div class=\"elementor-widget-container\">\n\t\t\t\t\t\t\t\t\t<p>Como parte del programa de alfabetizaci\u00f3n temprana de Read to Grow, <strong>Books for Kids<\/strong> garantiza que los ni\u00f1os de todas las edades tengan acceso a libros, un recurso esencial para la alfabetizaci\u00f3n. El programa apoya a las familias que han participado en Books for Babies, as\u00ed como a aquellas que son nuevas en nuestros servicios, ayudando a fomentar h\u00e1bitos de lectura s\u00f3lidos desde la infancia hasta la ni\u00f1ez. <\/p><p>A trav\u00e9s de Books for Kids, proporcionamos libros gratuitos a familias, proveedores de cuidado infantil, educadores, profesionales de la salud, bibliotecas y organizaciones comunitarias.<\/p>\t\t\t\t\t\t\t\t<\/div>\n\t\t\t\t<\/div>\n\t\t\t\t<\/div>\n\t\t<div class=\"elementor-element elementor-element-628720ef e-con-full e-flex wpr-particle-no wpr-jarallax-no wpr-parallax-no wpr-sticky-section-no wpr-equal-height-no e-con e-child\" data-id=\"628720ef\" data-element_type=\"container\" data-e-type=\"container\" data-settings=\"{&quot;background_background&quot;:&quot;classic&quot;}\">\n\t\t\t\t<\/div>\n\t\t\t\t\t<\/div>\n\t\t\t\t<\/div>\n\t\t<div class=\"elementor-element elementor-element-c152ab8 e-flex e-con-boxed wpr-particle-no wpr-jarallax-no wpr-parallax-no wpr-sticky-section-no wpr-equal-height-no e-con e-parent\" data-id=\"c152ab8\" data-element_type=\"container\" data-e-type=\"container\">\n\t\t\t\t\t<div class=\"e-con-inner\">\n\t\t<div class=\"elementor-element elementor-element-d11bf05 e-flex e-con-boxed wpr-particle-no wpr-jarallax-no wpr-parallax-no wpr-sticky-section-no wpr-equal-height-no e-con e-child\" data-id=\"d11bf05\" data-element_type=\"container\" data-e-type=\"container\" data-settings=\"{&quot;background_background&quot;:&quot;classic&quot;}\">\n\t\t\t\t\t<div class=\"e-con-inner\">\n\t\t\t\t<div class=\"elementor-element elementor-element-1e2a51e4 elementor-widget elementor-widget-text-editor\" data-id=\"1e2a51e4\" data-element_type=\"widget\" data-e-type=\"widget\" data-widget_type=\"text-editor.default\">\n\t\t\t\t<div class=\"elementor-widget-container\">\n\t\t\t\t\t\t\t\t\t<p><span style=\"color: #243a78; font-size: 2.125rem; font-weight: 800;\">C\u00f3mo funciona<\/span><\/p><p>Books for Kids ofrece libros nuevos y usados en buen estado recogidos a trav\u00e9s de donaciones y campa\u00f1as de recogida de libros. El programa atiende solo a residentes de Connecticut y no puede atender solicitudes de fuera del estado. <\/p><p>Cada a\u00f1o, el programa distribuye m\u00e1s de 139.000 libros, y esa cifra sigue creciendo. Desde su lanzamiento en 2001, Books for Kids ha proporcionado m\u00e1s de 2,1 millones de libros nuevos y usados en buen estado a ni\u00f1os y familias en todo Connecticut. <\/p><p>Para solicitar libros, complete el formulario en l\u00ednea correspondiente que se encuentra en el enlace a continuaci\u00f3n. Las solicitudes suelen tardar de 4 a 6 semanas en procesarse y est\u00e1n sujetas a disponibilidad. Si bien hacemos todo lo posible para satisfacer cada solicitud, no podemos garantizar t\u00edtulos o cantidades espec\u00edficas. Si su solicitud es urgente, ll\u00e1menos al 203.488.6800 y pida hablar con un coordinador de Books for Kids.   <\/p><h2>C\u00f3mo solicitar libros<\/h2><p>Ofrecemos dos formularios de solicitud:<\/p>\t\t\t\t\t\t\t\t<\/div>\n\t\t\t\t<\/div>\n\t\t<div class=\"elementor-element elementor-element-1fbe08d e-flex e-con-boxed wpr-particle-no wpr-jarallax-no wpr-parallax-no wpr-sticky-section-no wpr-equal-height-no e-con e-child\" data-id=\"1fbe08d\" data-element_type=\"container\" data-e-type=\"container\">\n\t\t\t\t\t<div class=\"e-con-inner\">\n\t\t<div class=\"elementor-element elementor-element-c6bf77e e-con-full e-flex wpr-particle-no wpr-jarallax-no wpr-parallax-no wpr-sticky-section-no wpr-equal-height-no e-con e-child\" data-id=\"c6bf77e\" data-element_type=\"container\" data-e-type=\"container\" data-settings=\"{&quot;background_background&quot;:&quot;classic&quot;}\">\n\t\t<div class=\"elementor-element elementor-element-714b501 e-con-full e-flex wpr-particle-no wpr-jarallax-no wpr-parallax-no wpr-sticky-section-no wpr-equal-height-no e-con e-child\" data-id=\"714b501\" data-element_type=\"container\" data-e-type=\"container\">\n\t\t\t\t<div class=\"elementor-element elementor-element-c7a3c72 elementor-widget elementor-widget-heading\" data-id=\"c7a3c72\" data-element_type=\"widget\" data-e-type=\"widget\" data-widget_type=\"heading.default\">\n\t\t\t\t<div class=\"elementor-widget-container\">\n\t\t\t\t\t<h4 class=\"elementor-heading-title elementor-size-default\">Formulario de solicitud de libros para familias<\/h4>\t\t\t\t<\/div>\n\t\t\t\t<\/div>\n\t\t\t\t<div class=\"elementor-element elementor-element-5c50065 elementor-widget elementor-widget-text-editor\" data-id=\"5c50065\" data-element_type=\"widget\" data-e-type=\"widget\" data-widget_type=\"text-editor.default\">\n\t\t\t\t<div class=\"elementor-widget-container\">\n\t\t\t\t\t\t\t\t\t<p>para familias individuales<\/p>\t\t\t\t\t\t\t\t<\/div>\n\t\t\t\t<\/div>\n\t\t\t\t<\/div>\n\t\t\t\t<div class=\"elementor-element elementor-element-3973286 elementor-align-center align-self-end elementor-widget elementor-widget-button\" data-id=\"3973286\" data-element_type=\"widget\" data-e-type=\"widget\" data-widget_type=\"button.default\">\n\t\t\t\t<div class=\"elementor-widget-container\">\n\t\t\t\t\t\t\t\t\t<div class=\"elementor-button-wrapper\">\n\t\t\t\t\t<a class=\"elementor-button elementor-button-link elementor-size-sm\" href=\"https:\/\/cxl.474.myftpupload.com\/es\/formulario-de-solicitud-de-libro-de-familia\/\">\n\t\t\t\t\t\t<span class=\"elementor-button-content-wrapper\">\n\t\t\t\t\t\t\t\t\t<span class=\"elementor-button-text\">Ir al formulario<\/span>\n\t\t\t\t\t<\/span>\n\t\t\t\t\t<\/a>\n\t\t\t\t<\/div>\n\t\t\t\t\t\t\t\t<\/div>\n\t\t\t\t<\/div>\n\t\t\t\t<\/div>\n\t\t<div class=\"elementor-element elementor-element-03c0f84 e-con-full e-flex wpr-particle-no wpr-jarallax-no wpr-parallax-no wpr-sticky-section-no wpr-equal-height-no e-con e-child\" data-id=\"03c0f84\" data-element_type=\"container\" data-e-type=\"container\" data-settings=\"{&quot;background_background&quot;:&quot;classic&quot;}\">\n\t\t\t\t<div class=\"elementor-element elementor-element-c4e3846 elementor-widget elementor-widget-heading\" data-id=\"c4e3846\" data-element_type=\"widget\" data-e-type=\"widget\" data-widget_type=\"heading.default\">\n\t\t\t\t<div class=\"elementor-widget-container\">\n\t\t\t\t\t<h4 class=\"elementor-heading-title elementor-size-default\">Formulario de solicitud de libros del programa<\/h4>\t\t\t\t<\/div>\n\t\t\t\t<\/div>\n\t\t\t\t<div class=\"elementor-element elementor-element-71b1e53 elementor-widget elementor-widget-text-editor\" data-id=\"71b1e53\" data-element_type=\"widget\" data-e-type=\"widget\" data-widget_type=\"text-editor.default\">\n\t\t\t\t<div class=\"elementor-widget-container\">\n\t\t\t\t\t\t\t\t\tpara programas, organizaciones y proveedores de cuidado infantil en el hogar.\t\t\t\t\t\t\t\t<\/div>\n\t\t\t\t<\/div>\n\t\t\t\t<div class=\"elementor-element elementor-element-84fc50f elementor-align-center elementor-widget elementor-widget-button\" data-id=\"84fc50f\" data-element_type=\"widget\" data-e-type=\"widget\" data-widget_type=\"button.default\">\n\t\t\t\t<div class=\"elementor-widget-container\">\n\t\t\t\t\t\t\t\t\t<div class=\"elementor-button-wrapper\">\n\t\t\t\t\t<a class=\"elementor-button elementor-button-link elementor-size-sm\" href=\"https:\/\/cxl.474.myftpupload.com\/es\/formulario-de-solicitud-de-libro-de-programa\/\">\n\t\t\t\t\t\t<span class=\"elementor-button-content-wrapper\">\n\t\t\t\t\t\t\t\t\t<span class=\"elementor-button-text\">Ir al formulario<\/span>\n\t\t\t\t\t<\/span>\n\t\t\t\t\t<\/a>\n\t\t\t\t<\/div>\n\t\t\t\t\t\t\t\t<\/div>\n\t\t\t\t<\/div>\n\t\t\t\t<\/div>\n\t\t\t\t\t<\/div>\n\t\t\t\t<\/div>\n\t\t\t\t<div class=\"elementor-element elementor-element-1854266 elementor-widget elementor-widget-text-editor\" data-id=\"1854266\" data-element_type=\"widget\" data-e-type=\"widget\" data-widget_type=\"text-editor.default\">\n\t\t\t\t<div class=\"elementor-widget-container\">\n\t\t\t\t\t\t\t\t\t<p><strong>Tenga en cuenta: Cualquier programa que solicite libros gratuitos deber\u00e1 pagar una tarifa de $15 si desea que Read to Grow entregue el pedido. No hay tarifa por recoger los libros gratuitos en nuestra oficina en Branford. <\/strong><\/p><p>Antes de que se realice cualquier entrega de libros a un programa, el pago de la entrega debe hacerse ya sea por cheque o en l\u00ednea a trav\u00e9s de nuestro <strong><a href=\"https:\/\/www.sagepayments.net\/eftcart\/forms\/express.asp?M_id=657938137851&amp;T_amt=15\" target=\"_blank\" rel=\"noopener\">Formulario de pago de entrega de libros<\/a><\/strong>.<\/p><p>Todas las familias elegibles para la entrega est\u00e1n exentas de las tarifas de entrega, pero siempre animamos a recoger los libros en nuestra oficina.<\/p>\t\t\t\t\t\t\t\t<\/div>\n\t\t\t\t<\/div>\n\t\t\t\t<div class=\"elementor-element elementor-element-9ac54b6 elementor-align-center elementor-widget elementor-widget-button\" data-id=\"9ac54b6\" data-element_type=\"widget\" data-e-type=\"widget\" data-widget_type=\"button.default\">\n\t\t\t\t<div class=\"elementor-widget-container\">\n\t\t\t\t\t\t\t\t\t<div class=\"elementor-button-wrapper\">\n\t\t\t\t\t<a class=\"elementor-button elementor-button-link elementor-size-sm\" href=\"https:\/\/www.sagepayments.net\/eftcart\/forms\/express.asp?M_id=657938137851&#038;T_amt=15\" target=\"_blank\">\n\t\t\t\t\t\t<span class=\"elementor-button-content-wrapper\">\n\t\t\t\t\t\t\t\t\t<span class=\"elementor-button-text\">Realizar un pago de entrega de libros<\/span>\n\t\t\t\t\t<\/span>\n\t\t\t\t\t<\/a>\n\t\t\t\t<\/div>\n\t\t\t\t\t\t\t\t<\/div>\n\t\t\t\t<\/div>\n\t\t\t\t\t<\/div>\n\t\t\t\t<\/div>\n\t\t\t\t\t<\/div>\n\t\t\t\t<\/div>\n\t\t\t\t<\/div>\n\t\t","protected":false},"excerpt":{"rendered":"<p>Libros para ni\u00f1os Como parte del programa de alfabetizaci\u00f3n temprana de Read to Grow, Books for Kids garantiza que los ni\u00f1os de todas las edades tengan acceso a libros, un recurso esencial para la alfabetizaci\u00f3n. El programa apoya a las familias que han participado en Books for Babies, as\u00ed como a aquellas que son nuevas en nuestros servicios, ayudando a fomentar h\u00e1bitos de lectura s\u00f3lidos desde la infancia hasta la ni\u00f1ez. A trav\u00e9s de Books for Kids, proporcionamos libros gratuitos a familias, proveedores de cuidado infantil, educadores, profesionales de la salud, bibliotecas y organizaciones comunitarias. C\u00f3mo funciona Books for Kids ofrece libros nuevos y usados en buen estado recogidos a trav\u00e9s de donaciones y campa\u00f1as de recogida de libros. El programa atiende solo a residentes de Connecticut y no puede atender solicitudes de fuera del estado. Cada a\u00f1o, el programa distribuye m\u00e1s de 139.000 libros, y esa cifra sigue creciendo. Desde su lanzamiento en 2001, Books for Kids ha proporcionado m\u00e1s de 2,1 millones de libros nuevos y usados en buen estado a ni\u00f1os y familias en todo Connecticut. Para solicitar libros, complete el formulario en l\u00ednea correspondiente que se encuentra en el enlace a continuaci\u00f3n. Las solicitudes suelen tardar de 4 a 6 semanas en procesarse y est\u00e1n sujetas a disponibilidad. Si bien hacemos todo lo posible para satisfacer cada solicitud, no podemos garantizar t\u00edtulos o cantidades espec\u00edficas. Si su solicitud es urgente, ll\u00e1menos al 203.488.6800 y pida hablar con un coordinador de Books for Kids. C\u00f3mo solicitar libros Ofrecemos dos formularios de solicitud: Formulario de solicitud de libros para familias para familias individuales Ir al formulario Formulario de solicitud de libros del programa para programas, organizaciones y proveedores de cuidado infantil en el hogar. Ir al formulario Tenga en cuenta: Cualquier programa que solicite libros gratuitos deber\u00e1 pagar una tarifa de $15 si desea que Read to Grow entregue el pedido. No hay tarifa por recoger los libros gratuitos en nuestra oficina en Branford. Antes de que se realice cualquier entrega de libros a un programa, el pago de la entrega debe hacerse ya sea por cheque o en l\u00ednea a trav\u00e9s de nuestro Formulario de pago de entrega de libros. Todas las familias elegibles para la entrega est\u00e1n exentas de las tarifas de entrega, pero siempre animamos a recoger los libros en nuestra oficina. Realizar un pago de entrega de libros<\/p>\n","protected":false},"author":2,"featured_media":0,"parent":0,"menu_order":0,"comment_status":"closed","ping_status":"closed","template":"","meta":{"footnotes":""},"class_list":["post-8359","page","type-page","status-publish","hentry"],"_links":{"self":[{"href":"https:\/\/readtogrow.org\/es\/wp-json\/wp\/v2\/pages\/8359","targetHints":{"allow":["GET"]}}],"collection":[{"href":"https:\/\/readtogrow.org\/es\/wp-json\/wp\/v2\/pages"}],"about":[{"href":"https:\/\/readtogrow.org\/es\/wp-json\/wp\/v2\/types\/page"}],"author":[{"embeddable":true,"href":"https:\/\/readtogrow.org\/es\/wp-json\/wp\/v2\/users\/2"}],"replies":[{"embeddable":true,"href":"https:\/\/readtogrow.org\/es\/wp-json\/wp\/v2\/comments?post=8359"}],"version-history":[{"count":44,"href":"https:\/\/readtogrow.org\/es\/wp-json\/wp\/v2\/pages\/8359\/revisions"}],"predecessor-version":[{"id":17700,"href":"https:\/\/readtogrow.org\/es\/wp-json\/wp\/v2\/pages\/8359\/revisions\/17700"}],"wp:attachment":[{"href":"https:\/\/readtogrow.org\/es\/wp-json\/wp\/v2\/media?parent=8359"}],"curies":[{"name":"wp","href":"https:\/\/api.w.org\/{rel}","templated":true}]}}