{"id":8471,"date":"2016-05-04T17:35:58","date_gmt":"2016-05-04T17:35:58","guid":{"rendered":"https:\/\/readtogrow.org\/es\/?page_id=8471"},"modified":"2025-09-19T15:49:13","modified_gmt":"2025-09-19T19:49:13","slug":"ways-to-donate","status":"publish","type":"page","link":"https:\/\/readtogrow.org\/es\/ways-to-donate\/","title":{"rendered":"Formas de donar"},"content":{"rendered":"\t\t<div data-elementor-type=\"wp-page\" data-elementor-id=\"8471\" class=\"elementor elementor-8471 elementor-8084\" data-elementor-post-type=\"page\">\n\t\t\t\t<div class=\"elementor-element elementor-element-2c312ffc page-header e-flex e-con-boxed wpr-particle-no wpr-jarallax-no wpr-parallax-no wpr-sticky-section-no wpr-equal-height-no e-con e-parent\" data-id=\"2c312ffc\" data-element_type=\"container\" data-e-type=\"container\" id=\"page-header\" data-settings=\"{&quot;background_background&quot;:&quot;classic&quot;}\">\n\t\t\t\t\t<div class=\"e-con-inner\">\n\t\t\t\t<div class=\"elementor-element elementor-element-73324ec3 elementor-widget elementor-widget-text-editor\" data-id=\"73324ec3\" data-element_type=\"widget\" data-e-type=\"widget\" data-widget_type=\"text-editor.default\">\n\t\t\t\t<div class=\"elementor-widget-container\">\n\t\t\t\t\t\t\t\t\t<h1>Formas de donar<\/h1>\t\t\t\t\t\t\t\t<\/div>\n\t\t\t\t<\/div>\n\t\t\t\t\t<\/div>\n\t\t\t\t<\/div>\n\t\t<div class=\"elementor-element elementor-element-7ad61a6 e-flex e-con-boxed wpr-particle-no wpr-jarallax-no wpr-parallax-no wpr-sticky-section-no wpr-equal-height-no e-con e-parent\" data-id=\"7ad61a6\" data-element_type=\"container\" data-e-type=\"container\">\n\t\t\t\t\t<div class=\"e-con-inner\">\n\t\t<div class=\"elementor-element elementor-element-15cd166 e-flex e-con-boxed wpr-particle-no wpr-jarallax-no wpr-parallax-no wpr-sticky-section-no wpr-equal-height-no e-con e-child\" data-id=\"15cd166\" data-element_type=\"container\" data-e-type=\"container\" data-settings=\"{&quot;background_background&quot;:&quot;classic&quot;}\">\n\t\t\t\t\t<div class=\"e-con-inner\">\n\t\t\t\t<div class=\"elementor-element elementor-element-197c24f0 elementor-widget elementor-widget-text-editor\" data-id=\"197c24f0\" data-element_type=\"widget\" data-e-type=\"widget\" data-widget_type=\"text-editor.default\">\n\t\t\t\t<div class=\"elementor-widget-container\">\n\t\t\t\t\t\t\t\t\t<p>Siempre agradecemos cualquier contribuci\u00f3n que haga, cualquier tiempo que dedique. Su ayuda afecta directamente a cientos de miles de ni\u00f1os. Empodera a las familias con el regalo de los libros, el conocimiento para desarrollar habilidades ling\u00fc\u00edsticas y la promesa de alfabetizaci\u00f3n para los ni\u00f1os.  <\/p><p>Formas de marcar la diferencia:<\/p>\t\t\t\t\t\t\t\t<\/div>\n\t\t\t\t<\/div>\n\t\t<div class=\"elementor-element elementor-element-6eba3d4e e-con-full e-flex wpr-particle-no wpr-jarallax-no wpr-parallax-no wpr-sticky-section-no wpr-equal-height-no e-con e-child\" data-id=\"6eba3d4e\" data-element_type=\"container\" data-e-type=\"container\" data-settings=\"{&quot;background_background&quot;:&quot;classic&quot;}\">\n\t\t<div class=\"elementor-element elementor-element-6f8aa243 e-con-full e-flex wpr-particle-no wpr-jarallax-no wpr-parallax-no wpr-sticky-section-no wpr-equal-height-no e-con e-child\" data-id=\"6f8aa243\" data-element_type=\"container\" data-e-type=\"container\" data-settings=\"{&quot;background_background&quot;:&quot;classic&quot;}\">\n\t\t\t\t<div class=\"elementor-element elementor-element-7e8531d elementor-widget elementor-widget-heading\" data-id=\"7e8531d\" data-element_type=\"widget\" data-e-type=\"widget\" data-widget_type=\"heading.default\">\n\t\t\t\t<div class=\"elementor-widget-container\">\n\t\t\t\t\t<h3 class=\"elementor-heading-title elementor-size-default\">Hacer una donaci\u00f3n monetaria<\/h3>\t\t\t\t<\/div>\n\t\t\t\t<\/div>\n\t\t\t\t<div class=\"elementor-element elementor-element-191773f1 elementor-widget elementor-widget-text-editor\" data-id=\"191773f1\" data-element_type=\"widget\" data-e-type=\"widget\" data-widget_type=\"text-editor.default\">\n\t\t\t\t<div class=\"elementor-widget-container\">\n\t\t\t\t\t\t\t\t\tSu donaci\u00f3n econ\u00f3mica nos ayuda a comprar libros nuevos, apoyar la programaci\u00f3n de alfabetizaci\u00f3n y llegar a m\u00e1s familias cada a\u00f1o.\n<ul>\n \t<li>Done en l\u00ednea de forma segura con <a class=\"blue-bg\" href=\"https:\/\/crm.bloomerang.co\/HostedDonation?ApiKey=pub_ae9f0d7d-a156-11ec-af60-02eab0531019&amp;WidgetId=10243072\" target=\"_blank\" rel=\"noopener\">solo unos clics<\/a>.<\/li>\n \t<li>Haga una donaci\u00f3n \u00fanica o configure una donaci\u00f3n recurrente para tener un impacto a\u00fan mayor.<\/li>\n<\/ul>\t\t\t\t\t\t\t\t<\/div>\n\t\t\t\t<\/div>\n\t\t\t\t<div class=\"elementor-element elementor-element-472c8685 elementor-widget elementor-widget-image\" data-id=\"472c8685\" data-element_type=\"widget\" data-e-type=\"widget\" data-widget_type=\"image.default\">\n\t\t\t\t<div class=\"elementor-widget-container\">\n\t\t\t\t\t\t\t\t\t\t\t\t\t\t\t<img fetchpriority=\"high\" decoding=\"async\" width=\"1000\" height=\"750\" src=\"https:\/\/readtogrow.org\/wp-content\/uploads\/East-Haven-6.webp\" class=\"attachment-full size-full wp-image-15299\" alt=\"\" srcset=\"https:\/\/readtogrow.org\/wp-content\/uploads\/East-Haven-6.webp 1000w, https:\/\/readtogrow.org\/wp-content\/uploads\/East-Haven-6-300x225.webp 300w, https:\/\/readtogrow.org\/wp-content\/uploads\/East-Haven-6-768x576.webp 768w\" sizes=\"(max-width: 1000px) 100vw, 1000px\" \/>\t\t\t\t\t\t\t\t\t\t\t\t\t\t\t<\/div>\n\t\t\t\t<\/div>\n\t\t\t\t<\/div>\n\t\t<div class=\"elementor-element elementor-element-7b088eec e-con-full e-flex wpr-particle-no wpr-jarallax-no wpr-parallax-no wpr-sticky-section-no wpr-equal-height-no e-con e-child\" data-id=\"7b088eec\" data-element_type=\"container\" data-e-type=\"container\" data-settings=\"{&quot;background_background&quot;:&quot;classic&quot;}\">\n\t\t\t\t<div class=\"elementor-element elementor-element-9ed3eb3 elementor-widget elementor-widget-heading\" data-id=\"9ed3eb3\" data-element_type=\"widget\" data-e-type=\"widget\" data-widget_type=\"heading.default\">\n\t\t\t\t<div class=\"elementor-widget-container\">\n\t\t\t\t\t<h3 class=\"elementor-heading-title elementor-size-default\">Donar libros<\/h3>\t\t\t\t<\/div>\n\t\t\t\t<\/div>\n\t\t\t\t<div class=\"elementor-element elementor-element-f3a643d elementor-widget elementor-widget-text-editor\" data-id=\"f3a643d\" data-element_type=\"widget\" data-e-type=\"widget\" data-widget_type=\"text-editor.default\">\n\t\t\t\t<div class=\"elementor-widget-container\">\n\t\t\t\t\t\t\t\t\tAceptamos con gratitud donaciones de libros infantiles nuevos y en buen estado (para edades desde el nacimiento hasta la adolescencia).\n\nSus libros donados se compartir\u00e1n directamente con ni\u00f1os, familias y educadores de todo el estado.\n\nPautas para la donaci\u00f3n de libros:\n<ul>\n \t<li>Aceptamos libros en condiciones nuevas o muy buenas.<\/li>\n \t<li>No podemos aceptar libros de texto, enciclopedias o libros para adultos.<\/li>\n<\/ul>\nLas donaciones se pueden <a href=\"https:\/\/signup.com\/go\/FYEWkAr\" target=\"_blank\" rel=\"noopener\" class=\"green-bg\">programar aqu\u00ed<\/a> y dejarlas en nuestra oficina de Branford.\t\t\t\t\t\t\t\t<\/div>\n\t\t\t\t<\/div>\n\t\t\t\t<div class=\"elementor-element elementor-element-4cbb644b elementor-widget elementor-widget-image\" data-id=\"4cbb644b\" data-element_type=\"widget\" data-e-type=\"widget\" data-widget_type=\"image.default\">\n\t\t\t\t<div class=\"elementor-widget-container\">\n\t\t\t\t\t\t\t\t\t\t\t\t\t\t\t<img decoding=\"async\" width=\"1000\" height=\"750\" src=\"https:\/\/readtogrow.org\/wp-content\/uploads\/kiwanis-donation.webp\" class=\"attachment-full size-full wp-image-15312\" alt=\"\" srcset=\"https:\/\/readtogrow.org\/wp-content\/uploads\/kiwanis-donation.webp 1000w, https:\/\/readtogrow.org\/wp-content\/uploads\/kiwanis-donation-300x225.webp 300w, https:\/\/readtogrow.org\/wp-content\/uploads\/kiwanis-donation-768x576.webp 768w\" sizes=\"(max-width: 1000px) 100vw, 1000px\" \/>\t\t\t\t\t\t\t\t\t\t\t\t\t\t\t<\/div>\n\t\t\t\t<\/div>\n\t\t\t\t<\/div>\n\t\t<div class=\"elementor-element elementor-element-32a9e743 e-con-full e-flex wpr-particle-no wpr-jarallax-no wpr-parallax-no wpr-sticky-section-no wpr-equal-height-no e-con e-child\" data-id=\"32a9e743\" data-element_type=\"container\" data-e-type=\"container\" data-settings=\"{&quot;background_background&quot;:&quot;classic&quot;}\">\n\t\t\t\t<div class=\"elementor-element elementor-element-dc2eb58 elementor-widget elementor-widget-heading\" data-id=\"dc2eb58\" data-element_type=\"widget\" data-e-type=\"widget\" data-widget_type=\"heading.default\">\n\t\t\t\t<div class=\"elementor-widget-container\">\n\t\t\t\t\t<h3 class=\"elementor-heading-title elementor-size-default\">Organice una campa\u00f1a de libros<\/h3>\t\t\t\t<\/div>\n\t\t\t\t<\/div>\n\t\t\t\t<div class=\"elementor-element elementor-element-2cfb74c3 elementor-widget elementor-widget-text-editor\" data-id=\"2cfb74c3\" data-element_type=\"widget\" data-e-type=\"widget\" data-widget_type=\"text-editor.default\">\n\t\t\t\t<div class=\"elementor-widget-container\">\n\t\t\t\t\t\t\t\t\t\u00bfQuiere tener un impacto a\u00fan mayor? \u00a1Organice una campa\u00f1a de libros en su escuela, lugar de trabajo, lugar de culto o en su comunidad! \n\nLe proporcionaremos consejos, materiales y apoyo para ayudarle a llevar a cabo una campa\u00f1a exitosa que lleve libros a los ni\u00f1os que m\u00e1s los necesitan.\n\n<a class=\"lt-blue-bg\" href=\"https:\/\/cxl.474.myftpupload.com\/es\/formulario-de-inscripcion-para-la-colecta-de-libros\/\" target=\"_blank\" rel=\"noopener\">Comience con una campa\u00f1a de libros.<\/a>\t\t\t\t\t\t\t\t<\/div>\n\t\t\t\t<\/div>\n\t\t\t\t<div class=\"elementor-element elementor-element-4d01c2a0 elementor-widget elementor-widget-image\" data-id=\"4d01c2a0\" data-element_type=\"widget\" data-e-type=\"widget\" data-widget_type=\"image.default\">\n\t\t\t\t<div class=\"elementor-widget-container\">\n\t\t\t\t\t\t\t\t\t\t\t\t\t\t\t<img decoding=\"async\" width=\"1000\" height=\"750\" src=\"https:\/\/readtogrow.org\/wp-content\/uploads\/Harper-Book-Drive.webp\" class=\"attachment-full size-full wp-image-15291\" alt=\"\" srcset=\"https:\/\/readtogrow.org\/wp-content\/uploads\/Harper-Book-Drive.webp 1000w, https:\/\/readtogrow.org\/wp-content\/uploads\/Harper-Book-Drive-300x225.webp 300w, https:\/\/readtogrow.org\/wp-content\/uploads\/Harper-Book-Drive-768x576.webp 768w\" sizes=\"(max-width: 1000px) 100vw, 1000px\" \/>\t\t\t\t\t\t\t\t\t\t\t\t\t\t\t<\/div>\n\t\t\t\t<\/div>\n\t\t\t\t<\/div>\n\t\t\t\t<\/div>\n\t\t\t\t\t<\/div>\n\t\t\t\t<\/div>\n\t\t\t\t\t<\/div>\n\t\t\t\t<\/div>\n\t\t<div class=\"elementor-element elementor-element-3b84539b hero-section e-flex e-con-boxed wpr-particle-no wpr-jarallax-no wpr-parallax-no wpr-sticky-section-no wpr-equal-height-no e-con e-parent\" data-id=\"3b84539b\" data-element_type=\"container\" data-e-type=\"container\" data-settings=\"{&quot;background_background&quot;:&quot;classic&quot;}\">\n\t\t\t\t\t<div class=\"e-con-inner\">\n\t\t<div class=\"elementor-element elementor-element-f207048 e-con-full intro e-flex wpr-particle-no wpr-jarallax-no wpr-parallax-no wpr-sticky-section-no wpr-equal-height-no e-con e-child\" data-id=\"f207048\" data-element_type=\"container\" data-e-type=\"container\" data-settings=\"{&quot;background_background&quot;:&quot;classic&quot;}\">\n\t\t\t\t<div class=\"elementor-element elementor-element-7e925d3c elementor-widget elementor-widget-text-editor\" data-id=\"7e925d3c\" data-element_type=\"widget\" data-e-type=\"widget\" data-widget_type=\"text-editor.default\">\n\t\t\t\t<div class=\"elementor-widget-container\">\n\t\t\t\t\t\t\t\t\t<h2>Tu donaci\u00f3n importa<\/h2><p>Sin donantes, organizadores de campa\u00f1as de libros y otros voluntarios, la misi\u00f3n de Read to Grow de promover la alfabetizaci\u00f3n infantil temprana simplemente no podr\u00eda llevarse a cabo. Juntos, podemos construir un futuro donde cada ni\u00f1o tenga los libros que necesita para aprender, crecer y prosperar. <\/p><p>Cada donaci\u00f3n, grande o peque\u00f1a, nos ayuda a poner libros en manos de ni\u00f1os que de otro modo no los tendr\u00edan. \u00a1Gracias por ser parte de la comunidad de Read to Grow y por marcar una diferencia de por vida para los j\u00f3venes lectores! <\/p>\t\t\t\t\t\t\t\t<\/div>\n\t\t\t\t<\/div>\n\t\t\t\t<\/div>\n\t\t<div class=\"elementor-element elementor-element-53853975 e-con-full e-flex wpr-particle-no wpr-jarallax-no wpr-parallax-no wpr-sticky-section-no wpr-equal-height-no e-con e-child\" data-id=\"53853975\" data-element_type=\"container\" data-e-type=\"container\" data-settings=\"{&quot;background_background&quot;:&quot;classic&quot;}\">\n\t\t\t\t<\/div>\n\t\t\t\t\t<\/div>\n\t\t\t\t<\/div>\n\t\t\t\t<\/div>\n\t\t","protected":false},"excerpt":{"rendered":"<p>Formas de donar Siempre agradecemos cualquier contribuci\u00f3n que haga, cualquier tiempo que dedique. Su ayuda afecta directamente a cientos de miles de ni\u00f1os. Empodera a las familias con el regalo de los libros, el conocimiento para desarrollar habilidades ling\u00fc\u00edsticas y la promesa de alfabetizaci\u00f3n para los ni\u00f1os. Formas de marcar la diferencia: Hacer una donaci\u00f3n monetaria Su donaci\u00f3n econ\u00f3mica nos ayuda a comprar libros nuevos, apoyar la programaci\u00f3n de alfabetizaci\u00f3n y llegar a m\u00e1s familias cada a\u00f1o. Done en l\u00ednea de forma segura con solo unos clics. Haga una donaci\u00f3n \u00fanica o configure una donaci\u00f3n recurrente para tener un impacto a\u00fan mayor. Donar libros Aceptamos con gratitud donaciones de libros infantiles nuevos y en buen estado (para edades desde el nacimiento hasta la adolescencia). Sus libros donados se compartir\u00e1n directamente con ni\u00f1os, familias y educadores de todo el estado. Pautas para la donaci\u00f3n de libros: Aceptamos libros en condiciones nuevas o muy buenas. No podemos aceptar libros de texto, enciclopedias o libros para adultos. Las donaciones se pueden programar aqu\u00ed y dejarlas en nuestra oficina de Branford. Organice una campa\u00f1a de libros \u00bfQuiere tener un impacto a\u00fan mayor? \u00a1Organice una campa\u00f1a de libros en su escuela, lugar de trabajo, lugar de culto o en su comunidad! Le proporcionaremos consejos, materiales y apoyo para ayudarle a llevar a cabo una campa\u00f1a exitosa que lleve libros a los ni\u00f1os que m\u00e1s los necesitan. Comience con una campa\u00f1a de libros. Tu donaci\u00f3n importa Sin donantes, organizadores de campa\u00f1as de libros y otros voluntarios, la misi\u00f3n de Read to Grow de promover la alfabetizaci\u00f3n infantil temprana simplemente no podr\u00eda llevarse a cabo. Juntos, podemos construir un futuro donde cada ni\u00f1o tenga los libros que necesita para aprender, crecer y prosperar. Cada donaci\u00f3n, grande o peque\u00f1a, nos ayuda a poner libros en manos de ni\u00f1os que de otro modo no los tendr\u00edan. \u00a1Gracias por ser parte de la comunidad de Read to Grow y por marcar una diferencia de por vida para los j\u00f3venes lectores!<\/p>\n","protected":false},"author":2,"featured_media":0,"parent":0,"menu_order":0,"comment_status":"closed","ping_status":"closed","template":"","meta":{"footnotes":""},"class_list":["post-8471","page","type-page","status-publish","hentry"],"_links":{"self":[{"href":"https:\/\/readtogrow.org\/es\/wp-json\/wp\/v2\/pages\/8471","targetHints":{"allow":["GET"]}}],"collection":[{"href":"https:\/\/readtogrow.org\/es\/wp-json\/wp\/v2\/pages"}],"about":[{"href":"https:\/\/readtogrow.org\/es\/wp-json\/wp\/v2\/types\/page"}],"author":[{"embeddable":true,"href":"https:\/\/readtogrow.org\/es\/wp-json\/wp\/v2\/users\/2"}],"replies":[{"embeddable":true,"href":"https:\/\/readtogrow.org\/es\/wp-json\/wp\/v2\/comments?post=8471"}],"version-history":[{"count":9,"href":"https:\/\/readtogrow.org\/es\/wp-json\/wp\/v2\/pages\/8471\/revisions"}],"predecessor-version":[{"id":18983,"href":"https:\/\/readtogrow.org\/es\/wp-json\/wp\/v2\/pages\/8471\/revisions\/18983"}],"wp:attachment":[{"href":"https:\/\/readtogrow.org\/es\/wp-json\/wp\/v2\/media?parent=8471"}],"curies":[{"name":"wp","href":"https:\/\/api.w.org\/{rel}","templated":true}]}}