{"id":17625,"date":"2025-09-16T16:58:25","date_gmt":"2025-09-16T20:58:25","guid":{"rendered":"https:\/\/readtogrow.org\/des-livres-pour-les-bebes\/"},"modified":"2025-09-16T16:58:26","modified_gmt":"2025-09-16T20:58:26","slug":"des-livres-pour-les-bebes","status":"publish","type":"page","link":"https:\/\/readtogrow.org\/fr\/des-livres-pour-les-bebes\/","title":{"rendered":"Des livres pour les b\u00e9b\u00e9s"},"content":{"rendered":"\t\t<div data-elementor-type=\"wp-page\" data-elementor-id=\"17625\" class=\"elementor elementor-17625 elementor-6382\" data-elementor-post-type=\"page\">\n\t\t\t\t<div class=\"elementor-element elementor-element-748859fe page-header e-flex e-con-boxed wpr-particle-no wpr-jarallax-no wpr-parallax-no wpr-sticky-section-no wpr-column-slider-no wpr-equal-height-no e-con e-parent\" data-id=\"748859fe\" data-element_type=\"container\" data-e-type=\"container\" id=\"page-header\" data-settings=\"{&quot;background_background&quot;:&quot;classic&quot;}\">\n\t\t\t\t\t<div class=\"e-con-inner\">\n\t\t\t\t<div class=\"elementor-element elementor-element-3683a52f elementor-widget elementor-widget-text-editor\" data-id=\"3683a52f\" data-element_type=\"widget\" data-e-type=\"widget\" data-widget_type=\"text-editor.default\">\n\t\t\t\t<div class=\"elementor-widget-container\">\n\t\t\t\t\t\t\t\t\t<h1>Des livres pour les b\u00e9b\u00e9s<\/h1>\t\t\t\t\t\t\t\t<\/div>\n\t\t\t\t<\/div>\n\t\t\t\t\t<\/div>\n\t\t\t\t<\/div>\n\t\t<div class=\"elementor-element elementor-element-1c9d983e hero-section e-flex e-con-boxed wpr-particle-no wpr-jarallax-no wpr-parallax-no wpr-sticky-section-no wpr-column-slider-no wpr-equal-height-no e-con e-parent\" data-id=\"1c9d983e\" data-element_type=\"container\" data-e-type=\"container\" data-settings=\"{&quot;background_background&quot;:&quot;classic&quot;}\">\n\t\t\t\t\t<div class=\"e-con-inner\">\n\t\t<div class=\"elementor-element elementor-element-643a3ff1 e-con-full intro e-flex wpr-particle-no wpr-jarallax-no wpr-parallax-no wpr-sticky-section-no wpr-column-slider-no wpr-equal-height-no e-con e-child\" data-id=\"643a3ff1\" data-element_type=\"container\" data-e-type=\"container\" data-settings=\"{&quot;background_background&quot;:&quot;classic&quot;}\">\n\t\t\t\t<div class=\"elementor-element elementor-element-379b44bd elementor-widget elementor-widget-text-editor\" data-id=\"379b44bd\" data-element_type=\"widget\" data-e-type=\"widget\" data-widget_type=\"text-editor.default\">\n\t\t\t\t<div class=\"elementor-widget-container\">\n\t\t\t\t\t\t\t\t\t<p data-start=\"91\" data-end=\"347\"><strong data-start=\"91\" data-end=\"135\">Les parents sont les premiers \u00e9ducateurs de leur b\u00e9b\u00e9.<\/strong><br data-start=\"135\" data-end=\"138\">Bas\u00e9 dans le Connecticut, Books for Babies donne aux parents les moyens de soutenir l&rsquo;alphab\u00e9tisation pr\u00e9coce d\u00e8s le premier jour. Gr\u00e2ce \u00e0 des livres, des guides et du mat\u00e9riel, les familles acqui\u00e8rent les outils dont elles ont besoin pour nourrir le langage et les comp\u00e9tences en lecture. <\/p><p data-start=\"349\" data-end=\"654\"><strong data-start=\"349\" data-end=\"373\">L&rsquo;impact est clair :<\/strong> dans le Connecticut, seulement 51 % des familles lisent quotidiennement \u00e0 leurs enfants. Apr\u00e8s un premier contact avec Books for Babies, 71 % lisent ensemble quotidiennement, et apr\u00e8s un deuxi\u00e8me contact, ce chiffre passe \u00e0 80 %. Notre programme aide les familles \u00e0 acqu\u00e9rir des habitudes de lecture durables qui pr\u00e9parent les enfants \u00e0 une r\u00e9ussite \u00e0 long terme.  <\/p><p data-start=\"656\" data-end=\"813\">Read to Grow s&rsquo;engage \u00e0 fournir aux familles les connaissances et les ressources n\u00e9cessaires pour favoriser l&rsquo;alphab\u00e9tisation, la sant\u00e9 et l&rsquo;apprentissage tout au long de la vie d\u00e8s le premier jour.<\/p>\t\t\t\t\t\t\t\t<\/div>\n\t\t\t\t<\/div>\n\t\t\t\t<\/div>\n\t\t<div class=\"elementor-element elementor-element-249d834 e-con-full e-flex wpr-particle-no wpr-jarallax-no wpr-parallax-no wpr-sticky-section-no wpr-column-slider-no wpr-equal-height-no e-con e-child\" data-id=\"249d834\" data-element_type=\"container\" data-e-type=\"container\" data-settings=\"{&quot;background_background&quot;:&quot;classic&quot;}\">\n\t\t\t\t<\/div>\n\t\t\t\t\t<\/div>\n\t\t\t\t<\/div>\n\t\t<div class=\"elementor-element elementor-element-e549a7f e-flex e-con-boxed wpr-particle-no wpr-jarallax-no wpr-parallax-no wpr-sticky-section-no wpr-column-slider-no wpr-equal-height-no e-con e-parent\" data-id=\"e549a7f\" data-element_type=\"container\" data-e-type=\"container\" data-settings=\"{&quot;background_background&quot;:&quot;classic&quot;}\">\n\t\t\t\t\t<div class=\"e-con-inner\">\n\t\t<div class=\"elementor-element elementor-element-4c8fdaf e-flex e-con-boxed wpr-particle-no wpr-jarallax-no wpr-parallax-no wpr-sticky-section-no wpr-column-slider-no wpr-equal-height-no e-con e-child\" data-id=\"4c8fdaf\" data-element_type=\"container\" data-e-type=\"container\" data-settings=\"{&quot;background_background&quot;:&quot;classic&quot;}\">\n\t\t\t\t\t<div class=\"e-con-inner\">\n\t\t\t\t<div class=\"elementor-element elementor-element-c8148ea elementor-widget elementor-widget-text-editor\" data-id=\"c8148ea\" data-element_type=\"widget\" data-e-type=\"widget\" data-widget_type=\"text-editor.default\">\n\t\t\t\t<div class=\"elementor-widget-container\">\n\t\t\t\t\t\t\t\t\t<p>En tant que programme phare de Read to Grow, Books for Babies a d\u00e9but\u00e9 il y a plus de 25 ans au Yale New Haven Hospital et s&rsquo;est depuis \u00e9tendu \u00e0 trois initiatives cl\u00e9s :<\/p>\t\t\t\t\t\t\t\t<\/div>\n\t\t\t\t<\/div>\n\t\t<div class=\"elementor-element elementor-element-2c454870 e-con-full e-flex wpr-particle-no wpr-jarallax-no wpr-parallax-no wpr-sticky-section-no wpr-column-slider-no wpr-equal-height-no e-con e-child\" data-id=\"2c454870\" data-element_type=\"container\" data-e-type=\"container\" data-settings=\"{&quot;background_background&quot;:&quot;classic&quot;}\">\n\t\t<div class=\"elementor-element elementor-element-43de99ab e-con-full e-flex wpr-particle-no wpr-jarallax-no wpr-parallax-no wpr-sticky-section-no wpr-column-slider-no wpr-equal-height-no e-con e-child\" data-id=\"43de99ab\" data-element_type=\"container\" data-e-type=\"container\" data-settings=\"{&quot;background_background&quot;:&quot;classic&quot;}\">\n\t\t\t\t<div class=\"elementor-element elementor-element-6a62a75 elementor-widget elementor-widget-text-editor\" data-id=\"6a62a75\" data-element_type=\"widget\" data-e-type=\"widget\" data-widget_type=\"text-editor.default\">\n\t\t\t\t<div class=\"elementor-widget-container\">\n\t\t\t\t\t\t\t\t\t<h3>Projet nouveau-n\u00e9<\/h3><p>Notre projet nouveau-n\u00e9 poursuit le travail que nous avons commenc\u00e9 en 2001 au Yale New Haven Hospital et est maintenant mis en \u0153uvre dans les h\u00f4pitaux de tout le Connecticut. Chaque famille ayant un nouveau-n\u00e9 dans nos h\u00f4pitaux partenaires re\u00e7oit une trousse d&rsquo;alphab\u00e9tisation gratuite, remplie de ressources pour aider les parents \u00e0 soutenir l&rsquo;apprentissage pr\u00e9coce et le d\u00e9veloppement de l&rsquo;alphab\u00e9tisation de leur enfant. Les familles peuvent \u00e9galement s&rsquo;inscrire \u00e0 notre projet Premi\u00e8re ann\u00e9e, qui fournit des livres adapt\u00e9s \u00e0 l&rsquo;\u00e2ge et des conseils de d\u00e9veloppement suppl\u00e9mentaires aux \u00e9tapes cl\u00e9s, \u00e0 3 mois et \u00e0 1 an, aidant ainsi les parents \u00e0 favoriser la croissance de leur enfant \u00e0 chaque \u00e9tape.  <\/p>\t\t\t\t\t\t\t\t<\/div>\n\t\t\t\t<\/div>\n\t\t\t\t<div class=\"elementor-element elementor-element-e23fdaa elementor-widget__width-initial elementor-widget elementor-widget-image\" data-id=\"e23fdaa\" data-element_type=\"widget\" data-e-type=\"widget\" data-widget_type=\"image.default\">\n\t\t\t\t<div class=\"elementor-widget-container\">\n\t\t\t\t\t\t\t\t\t\t\t\t\t\t\t<img fetchpriority=\"high\" decoding=\"async\" width=\"2560\" height=\"1707\" src=\"https:\/\/readtogrow.org\/wp-content\/uploads\/RTG-yale-7344-scaled.jpg\" class=\"attachment-full size-full wp-image-16020\" alt=\"\" srcset=\"https:\/\/readtogrow.org\/wp-content\/uploads\/RTG-yale-7344-scaled.jpg 2560w, https:\/\/readtogrow.org\/wp-content\/uploads\/RTG-yale-7344-300x200.jpg 300w, https:\/\/readtogrow.org\/wp-content\/uploads\/RTG-yale-7344-1030x687.jpg 1030w, https:\/\/readtogrow.org\/wp-content\/uploads\/RTG-yale-7344-768x512.jpg 768w, https:\/\/readtogrow.org\/wp-content\/uploads\/RTG-yale-7344-391x260.jpg 391w, https:\/\/readtogrow.org\/wp-content\/uploads\/RTG-yale-7344-1536x1024.jpg 1536w, https:\/\/readtogrow.org\/wp-content\/uploads\/RTG-yale-7344-2048x1365.jpg 2048w\" sizes=\"(max-width: 2560px) 100vw, 2560px\" \/>\t\t\t\t\t\t\t\t\t\t\t\t\t\t\t<\/div>\n\t\t\t\t<\/div>\n\t\t\t\t<\/div>\n\t\t<div class=\"elementor-element elementor-element-6fadee0a e-con-full e-flex wpr-particle-no wpr-jarallax-no wpr-parallax-no wpr-sticky-section-no wpr-column-slider-no wpr-equal-height-no e-con e-child\" data-id=\"6fadee0a\" data-element_type=\"container\" data-e-type=\"container\" data-settings=\"{&quot;background_background&quot;:&quot;classic&quot;}\">\n\t\t\t\t<div class=\"elementor-element elementor-element-65e281e5 elementor-widget elementor-widget-text-editor\" data-id=\"65e281e5\" data-element_type=\"widget\" data-e-type=\"widget\" data-widget_type=\"text-editor.default\">\n\t\t\t\t<div class=\"elementor-widget-container\">\n\t\t\t\t\t\t\t\t\t<h3>Projet pr\u00e9natal<\/h3><p>Lanc\u00e9 en 2016, notre projet pr\u00e9natal fournit aux familles enceintes du mat\u00e9riel \u00e9ducatif et des livres cartonn\u00e9s par le biais de centres de sant\u00e9 communautaires et de cliniques. Cette initiative ax\u00e9e sur les besoins aide les parents \u00e0 \u00e9tablir des routines de lecture pr\u00e9coces et des interactions significatives avec leurs b\u00e9b\u00e9s avant la naissance. Les prestataires de soins de sant\u00e9 transmettent le message d&rsquo;alphab\u00e9tisation de Read to Grow et distribuent du mat\u00e9riel d&rsquo;alphab\u00e9tisation, notamment des livres gratuits, donnant ainsi aux familles les moyens de constituer une biblioth\u00e8que \u00e0 domicile d\u00e8s le d\u00e9part. Nous nous engageons \u00e0 d\u00e9velopper ce projet afin de servir encore plus de familles dans tout le Connecticut.   <\/p>\t\t\t\t\t\t\t\t<\/div>\n\t\t\t\t<\/div>\n\t\t\t\t<div class=\"elementor-element elementor-element-d8b49fb elementor-widget__width-initial elementor-widget elementor-widget-image\" data-id=\"d8b49fb\" data-element_type=\"widget\" data-e-type=\"widget\" data-widget_type=\"image.default\">\n\t\t\t\t<div class=\"elementor-widget-container\">\n\t\t\t\t\t\t\t\t\t\t\t\t\t\t\t<img decoding=\"async\" width=\"1432\" height=\"736\" src=\"https:\/\/readtogrow.org\/wp-content\/uploads\/download-e1754933193489.png\" class=\"attachment-full size-full wp-image-16015\" alt=\"\" \/>\t\t\t\t\t\t\t\t\t\t\t\t\t\t\t<\/div>\n\t\t\t\t<\/div>\n\t\t\t\t<\/div>\n\t\t<div class=\"elementor-element elementor-element-3087f13a e-con-full e-flex wpr-particle-no wpr-jarallax-no wpr-parallax-no wpr-sticky-section-no wpr-column-slider-no wpr-equal-height-no e-con e-child\" data-id=\"3087f13a\" data-element_type=\"container\" data-e-type=\"container\" data-settings=\"{&quot;background_background&quot;:&quot;classic&quot;}\">\n\t\t\t\t<div class=\"elementor-element elementor-element-357317bf elementor-widget elementor-widget-text-editor\" data-id=\"357317bf\" data-element_type=\"widget\" data-e-type=\"widget\" data-widget_type=\"text-editor.default\">\n\t\t\t\t<div class=\"elementor-widget-container\">\n\t\t\t\t\t\t\t\t\t<h3>Projet d&rsquo;alphab\u00e9tisation pr\u00e9coce en unit\u00e9 de soins intensifs n\u00e9onatals<\/h3><p data-start=\"127\" data-end=\"820\">Con\u00e7u pour soutenir le d\u00e9veloppement du langage des nourrissons dans les unit\u00e9s de soins intensifs n\u00e9onatals (USIN), notre projet d&rsquo;alphab\u00e9tisation pr\u00e9coce en USIN fournit des livres et des ressources d&rsquo;alphab\u00e9tisation directement dans l&rsquo;isolette de chaque b\u00e9b\u00e9. Lanc\u00e9e en 2020 \u00e0 l&rsquo;h\u00f4pital pour enfants du Connecticut, l&rsquo;initiative \u00ab\u00a0Tiny Tales\u00a0\u00bb encourage les parents \u00e0 lire, \u00e0 parler et \u00e0 chanter avec leurs nourrissons, des activit\u00e9s cl\u00e9s qui soutiennent la croissance cognitive et linguistique. La recherche montre que les nourrissons pr\u00e9matur\u00e9s sont plus \u00e0 risque de retards de d\u00e9veloppement, et Read to Grow vise \u00e0 combler cette lacune en favorisant l&rsquo;exposition pr\u00e9coce au langage. Nous sommes impatients d&rsquo;\u00e9tendre ce programme pour atteindre davantage d&rsquo;USIN et de familles dans tout le Connecticut.   <\/p>\t\t\t\t\t\t\t\t<\/div>\n\t\t\t\t<\/div>\n\t\t\t\t<div class=\"elementor-element elementor-element-686e36d elementor-widget__width-initial elementor-widget elementor-widget-image\" data-id=\"686e36d\" data-element_type=\"widget\" data-e-type=\"widget\" data-widget_type=\"image.default\">\n\t\t\t\t<div class=\"elementor-widget-container\">\n\t\t\t\t\t\t\t\t\t\t\t\t\t\t\t<img decoding=\"async\" width=\"612\" height=\"408\" src=\"https:\/\/readtogrow.org\/wp-content\/uploads\/istockphoto-147312603-612x612-1.jpg\" class=\"attachment-full size-full wp-image-16025\" alt=\"\" srcset=\"https:\/\/readtogrow.org\/wp-content\/uploads\/istockphoto-147312603-612x612-1.jpg 612w, https:\/\/readtogrow.org\/wp-content\/uploads\/istockphoto-147312603-612x612-1-300x200.jpg 300w, https:\/\/readtogrow.org\/wp-content\/uploads\/istockphoto-147312603-612x612-1-391x260.jpg 391w\" sizes=\"(max-width: 612px) 100vw, 612px\" \/>\t\t\t\t\t\t\t\t\t\t\t\t\t\t\t<\/div>\n\t\t\t\t<\/div>\n\t\t\t\t<\/div>\n\t\t\t\t<\/div>\n\t\t\t\t\t<\/div>\n\t\t\t\t<\/div>\n\t\t\t\t\t<\/div>\n\t\t\t\t<\/div>\n\t\t\t\t<\/div>\n\t\t","protected":false},"excerpt":{"rendered":"<p>Des livres pour les b\u00e9b\u00e9s Les parents sont les premiers \u00e9ducateurs de leur b\u00e9b\u00e9.Bas\u00e9 dans le Connecticut, Books for Babies donne aux parents les moyens de soutenir l&rsquo;alphab\u00e9tisation pr\u00e9coce d\u00e8s le premier jour. Gr\u00e2ce \u00e0 des livres, des guides et du mat\u00e9riel, les familles acqui\u00e8rent les outils dont elles ont besoin pour nourrir le langage et les comp\u00e9tences en lecture. L&rsquo;impact est clair : dans le Connecticut, seulement 51 % des familles lisent quotidiennement \u00e0 leurs enfants. Apr\u00e8s un premier contact avec Books for Babies, 71 % lisent ensemble quotidiennement, et apr\u00e8s un deuxi\u00e8me contact, ce chiffre passe \u00e0 80 %. Notre programme aide les familles \u00e0 acqu\u00e9rir des habitudes de lecture durables qui pr\u00e9parent les enfants \u00e0 une r\u00e9ussite \u00e0 long terme. Read to Grow s&rsquo;engage \u00e0 fournir aux familles les connaissances et les ressources n\u00e9cessaires pour favoriser l&rsquo;alphab\u00e9tisation, la sant\u00e9 et l&rsquo;apprentissage tout au long de la vie d\u00e8s le premier jour. En tant que programme phare de Read to Grow, Books for Babies a d\u00e9but\u00e9 il y a plus de 25 ans au Yale New Haven Hospital et s&rsquo;est depuis \u00e9tendu \u00e0 trois initiatives cl\u00e9s : Projet nouveau-n\u00e9 Notre projet nouveau-n\u00e9 poursuit le travail que nous avons commenc\u00e9 en 2001 au Yale New Haven Hospital et est maintenant mis en \u0153uvre dans les h\u00f4pitaux de tout le Connecticut. Chaque famille ayant un nouveau-n\u00e9 dans nos h\u00f4pitaux partenaires re\u00e7oit une trousse d&rsquo;alphab\u00e9tisation gratuite, remplie de ressources pour aider les parents \u00e0 soutenir l&rsquo;apprentissage pr\u00e9coce et le d\u00e9veloppement de l&rsquo;alphab\u00e9tisation de leur enfant. Les familles peuvent \u00e9galement s&rsquo;inscrire \u00e0 notre projet Premi\u00e8re ann\u00e9e, qui fournit des livres adapt\u00e9s \u00e0 l&rsquo;\u00e2ge et des conseils de d\u00e9veloppement suppl\u00e9mentaires aux \u00e9tapes cl\u00e9s, \u00e0 3 mois et \u00e0 1 an, aidant ainsi les parents \u00e0 favoriser la croissance de leur enfant \u00e0 chaque \u00e9tape. Projet pr\u00e9natal Lanc\u00e9 en 2016, notre projet pr\u00e9natal fournit aux familles enceintes du mat\u00e9riel \u00e9ducatif et des livres cartonn\u00e9s par le biais de centres de sant\u00e9 communautaires et de cliniques. Cette initiative ax\u00e9e sur les besoins aide les parents \u00e0 \u00e9tablir des routines de lecture pr\u00e9coces et des interactions significatives avec leurs b\u00e9b\u00e9s avant la naissance. Les prestataires de soins de sant\u00e9 transmettent le message d&rsquo;alphab\u00e9tisation de Read to Grow et distribuent du mat\u00e9riel d&rsquo;alphab\u00e9tisation, notamment des livres gratuits, donnant ainsi aux familles les moyens de constituer une biblioth\u00e8que \u00e0 domicile d\u00e8s le d\u00e9part. Nous nous engageons \u00e0 d\u00e9velopper ce projet afin de servir encore plus de familles dans tout le Connecticut. Projet d&rsquo;alphab\u00e9tisation pr\u00e9coce en unit\u00e9 de soins intensifs n\u00e9onatals Con\u00e7u pour soutenir le d\u00e9veloppement du langage des nourrissons dans les unit\u00e9s de soins intensifs n\u00e9onatals (USIN), notre projet d&rsquo;alphab\u00e9tisation pr\u00e9coce en USIN fournit des livres et des ressources d&rsquo;alphab\u00e9tisation directement dans l&rsquo;isolette de chaque b\u00e9b\u00e9. Lanc\u00e9e en 2020 \u00e0 l&rsquo;h\u00f4pital pour enfants du Connecticut, l&rsquo;initiative \u00ab\u00a0Tiny Tales\u00a0\u00bb encourage les parents \u00e0 lire, \u00e0 parler et \u00e0 chanter avec leurs nourrissons, des activit\u00e9s cl\u00e9s qui soutiennent la croissance cognitive et linguistique. La recherche montre que les nourrissons pr\u00e9matur\u00e9s sont plus \u00e0 risque de retards de d\u00e9veloppement, et Read to Grow vise \u00e0 combler cette lacune en favorisant l&rsquo;exposition pr\u00e9coce au langage. Nous sommes impatients d&rsquo;\u00e9tendre ce programme pour atteindre davantage d&rsquo;USIN et de familles dans tout le Connecticut.<\/p>\n","protected":false},"author":2,"featured_media":0,"parent":0,"menu_order":0,"comment_status":"closed","ping_status":"closed","template":"","meta":{"footnotes":""},"class_list":["post-17625","page","type-page","status-publish","hentry"],"_links":{"self":[{"href":"https:\/\/readtogrow.org\/fr\/wp-json\/wp\/v2\/pages\/17625","targetHints":{"allow":["GET"]}}],"collection":[{"href":"https:\/\/readtogrow.org\/fr\/wp-json\/wp\/v2\/pages"}],"about":[{"href":"https:\/\/readtogrow.org\/fr\/wp-json\/wp\/v2\/types\/page"}],"author":[{"embeddable":true,"href":"https:\/\/readtogrow.org\/fr\/wp-json\/wp\/v2\/users\/2"}],"replies":[{"embeddable":true,"href":"https:\/\/readtogrow.org\/fr\/wp-json\/wp\/v2\/comments?post=17625"}],"version-history":[{"count":1,"href":"https:\/\/readtogrow.org\/fr\/wp-json\/wp\/v2\/pages\/17625\/revisions"}],"predecessor-version":[{"id":17627,"href":"https:\/\/readtogrow.org\/fr\/wp-json\/wp\/v2\/pages\/17625\/revisions\/17627"}],"wp:attachment":[{"href":"https:\/\/readtogrow.org\/fr\/wp-json\/wp\/v2\/media?parent=17625"}],"curies":[{"name":"wp","href":"https:\/\/api.w.org\/{rel}","templated":true}]}}