{"id":17632,"date":"2025-09-16T16:58:26","date_gmt":"2025-09-16T20:58:26","guid":{"rendered":"https:\/\/readtogrow.org\/conditions-generales\/"},"modified":"2025-09-16T16:58:28","modified_gmt":"2025-09-16T20:58:28","slug":"conditions-generales","status":"publish","type":"page","link":"https:\/\/readtogrow.org\/fr\/conditions-generales\/","title":{"rendered":"Conditions g\u00e9n\u00e9rales"},"content":{"rendered":"\t\t<div data-elementor-type=\"wp-page\" data-elementor-id=\"17632\" class=\"elementor elementor-17632 elementor-6268\" data-elementor-post-type=\"page\">\n\t\t\t\t<div class=\"elementor-element elementor-element-ec42a6b page-header e-flex e-con-boxed wpr-particle-no wpr-jarallax-no wpr-parallax-no wpr-sticky-section-no wpr-equal-height-no e-con e-parent\" data-id=\"ec42a6b\" data-element_type=\"container\" data-e-type=\"container\" id=\"page-header\">\n\t\t\t\t\t<div class=\"e-con-inner\">\n\t\t\t\t<div class=\"elementor-element elementor-element-5c254fc elementor-widget elementor-widget-text-editor\" data-id=\"5c254fc\" data-element_type=\"widget\" data-e-type=\"widget\" data-widget_type=\"text-editor.default\">\n\t\t\t\t<div class=\"elementor-widget-container\">\n\t\t\t\t\t\t\t\t\t<h1>Conditions g\u00e9n\u00e9rales<\/h1>\t\t\t\t\t\t\t\t<\/div>\n\t\t\t\t<\/div>\n\t\t\t\t\t<\/div>\n\t\t\t\t<\/div>\n\t\t<div class=\"elementor-element elementor-element-6f83f5ce e-flex e-con-boxed wpr-particle-no wpr-jarallax-no wpr-parallax-no wpr-sticky-section-no wpr-equal-height-no e-con e-parent\" data-id=\"6f83f5ce\" data-element_type=\"container\" data-e-type=\"container\">\n\t\t\t\t\t<div class=\"e-con-inner\">\n\t\t\t\t<div class=\"elementor-element elementor-element-b82592b elementor-widget elementor-widget-text-editor\" data-id=\"b82592b\" data-element_type=\"widget\" data-e-type=\"widget\" data-widget_type=\"text-editor.default\">\n\t\t\t\t<div class=\"elementor-widget-container\">\n\t\t\t\t\t\t\t\t\t<p><span style=\"letter-spacing: 0.32px; font-size: 1rem;\">En visitant ce site web (https:\/\/readtogrow.org) (ci-apr\u00e8s le \u00ab&nbsp;site&nbsp;\u00bb ou \u00ab&nbsp;site web&nbsp;\u00bb), et\/ou en utilisant, consultant, acc\u00e9dant ou utilisant de toute autre mani\u00e8re les informations cr\u00e9\u00e9es, collect\u00e9es, compil\u00e9es, soumises ou fournies par ou au sein de ce site, vous acceptez d\u2019\u00eatre li\u00e9 par les pr\u00e9sentes conditions g\u00e9n\u00e9rales d\u2019utilisation. Si vous ne souhaitez pas \u00eatre li\u00e9 par le pr\u00e9sent accord, votre seule option est de ne pas visiter, consulter ou utiliser ce site de quelque mani\u00e8re que ce soit. Vous comprenez, acceptez et reconnaissez que le pr\u00e9sent accord constitue un accord juridiquement contraignant entre vous et Read to Grow (la \u00ab&nbsp;[Soci\u00e9t\u00e9]&nbsp;\u00bb), et que votre utilisation de ce site vaut acceptation d\u00e9finitive des pr\u00e9sentes conditions g\u00e9n\u00e9rales d\u2019utilisation.  <\/span><\/p><p>Les informations contenues sur ce site web sont uniquement destin\u00e9es \u00e0 pr\u00e9senter Read to Grow, ses produits et ses services. Elles sont fournies \u00ab&nbsp;en l\u2019\u00e9tat&nbsp;\u00bb et sans aucune responsabilit\u00e9, notamment (mais sans s\u2019y limiter) en ce qui concerne la mise \u00e0 jour, l\u2019exhaustivit\u00e9 ou l\u2019exactitude des informations, ou toute responsabilit\u00e9 concernant la qualit\u00e9 marchande des produits, leur ad\u00e9quation \u00e0 un usage particulier ou la violation des droits de tiers. Toute responsabilit\u00e9 pour les dommages caus\u00e9s par des virus contenus dans un fichier \u00e9lectronique consult\u00e9 ou t\u00e9l\u00e9charg\u00e9 \u00e0 partir de ce site est exclue. LES INFORMATIONS PROVENANT DU SITE OU TRANSITANT PAR CELUI-CI SONT FOURNIES \u00ab&nbsp;EN L\u2019\u00c9TAT&nbsp;\u00bb, \u00ab&nbsp;SELON LA DISPONIBILIT\u00c9&nbsp;\u00bb, ET TOUTE GARANTIE, EXPLICITE OU IMPLICITE, EST EXCLUE (Y COMPRIS, MAIS SANS S\u2019Y LIMITER, L\u2019EXCLUSION DE TOUTE GARANTIE IMPLICITE DE QUALIT\u00c9 MARCHANDE ET D\u2019AD\u00c9QUATION \u00c0 UN USAGE PARTICULIER). LE SITE ET LES INFORMATIONS QU\u2019IL CONTIENT PEUVENT CONTENIR DES BOGUES, DES ERREURS, DES PROBL\u00c8MES OU D\u2019AUTRES LIMITATIONS. READ TO GROW ET SES PARTIES AFFILI\u00c9ES N\u2019ASSUMENT AUCUNE RESPONSABILIT\u00c9 QUELLE QU\u2019ELLE SOIT QUANT \u00c0 VOTRE UTILISATION DES INFORMATIONS. EN PARTICULIER, MAIS SANS LIMITER LA G\u00c9N\u00c9RALIT\u00c9 DE CE QUI PR\u00c9C\u00c8DE, READ TO GROW ET SES PARTIES AFFILI\u00c9ES NE SONT PAS RESPONSABLES DES DOMMAGES INDIRECTS, SP\u00c9CIAUX, ACCESSOIRES OU CONS\u00c9CUTIFS (Y COMPRIS LES DOMMAGES POUR PERTE D\u2019ACTIVIT\u00c9, PERTE DE PROFITS, LITIGES OU AUTRES), QU\u2019ILS SOIENT FOND\u00c9S SUR UNE RUPTURE DE CONTRAT, UNE RUPTURE DE GARANTIE, UN D\u00c9LIT (Y COMPRIS LA N\u00c9GLIGENCE) OU AUTRE, M\u00caME SI LA POSSIBILIT\u00c9 DE TELS DOMMAGES A \u00c9T\u00c9 SIGNAL\u00c9E. CE SITE ET LES INFORMATIONS QU\u2019IL CONTIENT NE SERAIENT PAS FOURNIS SANS DE TELLES LIMITATIONS. AUCUN CONSEIL OU INFORMATION, QU\u2019IL SOIT ORAL OU \u00c9CRIT, OBTENU PAR VOUS DE READ TO GROW PAR LE BIAIS DU SITE NE SAURAIT CR\u00c9ER DE GARANTIE, DE D\u00c9CLARATION OU DE CAUTION.        <\/p><p>Read to Grow recommande de v\u00e9rifier toute information obtenue sur ce site web avant de l\u2019utiliser. Les utilisateurs de ce site web acceptent d\u2019acc\u00e9der au site web et \u00e0 son contenu \u00e0 leurs propres risques. Read to Grow ne saurait \u00eatre tenu responsable des dommages encourus en relation avec l\u2019utilisation de ce site web. Ce site contient des informations et des communiqu\u00e9s de presse sur Read to Grow. Bien que ces informations aient \u00e9t\u00e9 consid\u00e9r\u00e9es comme exactes \u00e0 la date de leur pr\u00e9paration, Read to Grow d\u00e9cline toute obligation de mettre \u00e0 jour ces informations ou tout communiqu\u00e9 de presse. Les informations sur les soci\u00e9t\u00e9s autres que Read to Grow contenues dans un communiqu\u00e9 de presse ou autre ne doivent pas \u00eatre consid\u00e9r\u00e9es comme fournies ou approuv\u00e9es par Read to Grow.     <\/p><p>Ce site web contient des liens et des r\u00e9f\u00e9rences \u00e0 des sites web fournis par des tiers ainsi qu\u2019\u00e0 des sites web de diff\u00e9rentes unit\u00e9s commerciales de Read to Grow. Read to Grow n\u2019a pas v\u00e9rifi\u00e9, examin\u00e9, surveill\u00e9 ou contr\u00f4l\u00e9 les informations fournies sur les sites web de tiers, ni leur exhaustivit\u00e9 ou leur exactitude. Les liens sont fournis uniquement pour la commodit\u00e9 de l\u2019utilisateur et ne constituent pas une approbation ou un parrainage par Read to Grow quant \u00e0 leur contenu, leur exactitude, leurs opinions ou autres. Read to Grow ne saurait \u00eatre tenu responsable de la disponibilit\u00e9 et du contenu de ces sites web de tiers ni de tout dommage ou pr\u00e9judice r\u00e9sultant de leur utilisation. Les liens vers des sites web de tiers sont signal\u00e9s par la mention \u00ab&nbsp;lien externe&nbsp;\u00bb (Remarque&nbsp;: cette fonction ne s\u2019applique pas si vous acc\u00e9dez au site web avec un appareil mobile). L\u2019inclusion d\u2019un site web li\u00e9 n\u2019implique pas l\u2019approbation ou l\u2019aval du site web li\u00e9 par Read to Grow. Si vous d\u00e9cidez de quitter le site web de Read to Grow et d\u2019acc\u00e9der \u00e0 ces sites tiers, vous le faites \u00e0 vos propres risques.      <\/p><p style=\"font-weight: bold;\">Droits d\u2019auteur et droits de propri\u00e9t\u00e9 intellectuelle<\/p><p>Le contenu de ce site web, en particulier tous les textes, images, graphiques, logos, enregistrements de webcam, sons, vid\u00e9os et fichiers anim\u00e9s, ainsi que leur disposition, les informations, les donn\u00e9es, les logiciels, les conceptions, les ic\u00f4nes, l\u2019organisation, les compilations, les traductions magn\u00e9tiques, les conversions num\u00e9riques et autres \u00e9l\u00e9ments, sous toutes leurs formes, li\u00e9s au site web (ci-apr\u00e8s le \u00ab&nbsp;Contenu&nbsp;\u00bb), sont soumis aux lois sur les droits d\u2019auteur et les marques, ainsi qu\u2019aux autres lois prot\u00e9geant la propri\u00e9t\u00e9 intellectuelle. Read to Grow se r\u00e9serve le droit, \u00e0 sa seule discr\u00e9tion, de modifier ou de supprimer tout document, information ou autre Contenu apparaissant sur le site web. <\/p><p>Le Contenu ne peut \u00eatre copi\u00e9, diffus\u00e9 et\/ou modifi\u00e9 \u00e0 des fins commerciales ou de distribution. L\u2019utilisation du Contenu sur d\u2019autres sites web est interdite. Les droits sur le Contenu peuvent dans certains cas \u00eatre d\u00e9tenus par des tiers (c\u2019est-\u00e0-dire des auteurs, des \u00e9diteurs, des photographes). La consultation, l\u2019impression ou le t\u00e9l\u00e9chargement de tout Contenu, graphique, formulaire ou document \u00e0 partir du site web ne vous accorde qu\u2019une licence limit\u00e9e et non exclusive pour une utilisation uniquement par vous pour votre propre usage personnel, et non pour la republication, la distribution, la cession, la sous-licence, la vente, la pr\u00e9paration d\u2019\u0153uvres d\u00e9riv\u00e9es ou toute autre utilisation. Aucune partie d\u2019un Contenu, d\u2019un formulaire ou d\u2019un document ne peut \u00eatre reproduite sous quelque forme que ce soit ou incorpor\u00e9e dans un syst\u00e8me de recherche d\u2019informations, \u00e9lectronique ou m\u00e9canique, autre que pour votre usage interne (mais pas pour la revente ou la redistribution). Les utilisations inappropri\u00e9es ou frauduleuses seront poursuivies dans toute la mesure permise par la loi. Sans limiter la g\u00e9n\u00e9ralit\u00e9 de ce qui pr\u00e9c\u00e8de, la copie, la redistribution, le stockage, l\u2019utilisation ou la publication par vous d\u2019un tel Contenu ou de toute partie du site web est soumise \u00e0 la loi am\u00e9ricaine sur le droit d\u2019auteur de 1976, titre&nbsp;17 du code des \u00c9tats-Unis, et strictement interdite. L\u2019affichage de Contenu sur le site web ne constitue pas une renonciation de Read to Grow \u00e0 ses droits sur ce Contenu.       <\/p><p>Ce site web n\u2019accorde aucun droit d\u2019utilisation des droits de propri\u00e9t\u00e9 intellectuelle tels que les marques et les brevets. Une telle utilisation, y compris, sans limitation, l\u2019utilisation commerciale, est explicitement interdite et constitue une violation des lois en vigueur. Vous n\u2019acqu\u00e9rez aucun droit de propri\u00e9t\u00e9 sur tout Contenu, document ou autre mat\u00e9riel consult\u00e9 par le biais du site web.  <\/p><p>Sauf indication contraire ou identifiable de toute autre mani\u00e8re, toutes les marques et tous les logos mentionn\u00e9s ou utilis\u00e9s sur ce site web sont des marques l\u00e9galement prot\u00e9g\u00e9es de Read to Grow. Ceci s\u2019applique particuli\u00e8rement au nom commercial et \u00e0 la marque \u00ab&nbsp;Read to Grow\u2122&nbsp;\u00bb. <\/p><p>Les hyperliens ne peuvent \u00eatre cr\u00e9\u00e9s sur ce site web qu\u2019apr\u00e8s avoir re\u00e7u le consentement pr\u00e9alable de Read to Grow. Pour obtenir ce consentement, veuillez vous adresser \u00e0 la personne de contact pour ce site web mentionn\u00e9e dans les \u00ab&nbsp;Informations sur la soci\u00e9t\u00e9&nbsp;\u00bb. <\/p><p style=\"font-weight: bold;\">Divers<\/p><ol><li>Juridiction&nbsp;; Lieu. Ce site (\u00e0 l\u2019exclusion de tout site web li\u00e9) est contr\u00f4l\u00e9 par Read to Grow depuis ses bureaux situ\u00e9s dans l\u2019\u00c9tat du Connecticut, aux \u00c9tats-Unis d\u2019Am\u00e9rique. Ce site est accessible depuis les 50&nbsp;\u00c9tats, ainsi que depuis d\u2019autres pays du monde. \u00c9tant donn\u00e9 que chacun de ces lieux a des lois qui peuvent diff\u00e9rer de celles du Connecticut, en acc\u00e9dant \u00e0 ce site, vous acceptez que les lois de l\u2019\u00c9tat du Connecticut, sans \u00e9gard aux principes de conflits de lois de celui-ci, s\u2019appliquent \u00e0 toutes les questions relatives \u00e0 l\u2019utilisation de ce site. Vous acceptez \u00e9galement que, dans le cas o\u00f9 Read to Grow intenterait une action en justice dans l\u2019\u00c9tat du Connecticut, vous vous soumettiez par la pr\u00e9sente \u00e0 la comp\u00e9tence personnelle et au lieu exclusifs de la Cour sup\u00e9rieure de Hartford, CT, et du Tribunal de district des \u00c9tats-Unis pour le district du Connecticut en ce qui concerne ces questions.    <\/li><li>Modification des conditions. Read to Grow se r\u00e9serve le droit de modifier les pr\u00e9sentes conditions g\u00e9n\u00e9rales d\u2019utilisation de temps \u00e0 autre, \u00e0 sa seule discr\u00e9tion et sans pr\u00e9avis. Les modifications apport\u00e9es aux pr\u00e9sentes conditions g\u00e9n\u00e9rales d\u2019utilisation entreront en vigueur \u00e0 la date de leur publication et votre utilisation continue de ce site apr\u00e8s de telles modifications signifiera votre accord d\u2019\u00eatre li\u00e9 par celles-ci.  <\/li><li>Autre. La langue utilis\u00e9e dans les pr\u00e9sentes conditions g\u00e9n\u00e9rales d\u2019utilisation doit \u00eatre interpr\u00e9t\u00e9e selon son sens juste et non strictement \u00e0 l\u2019encontre de Read to Grow, nonobstant le fait que Read to Grow les ait pr\u00e9par\u00e9es. Si une partie des pr\u00e9sentes conditions g\u00e9n\u00e9rales d\u2019utilisation est jug\u00e9e invalide ou inapplicable, cette partie doit \u00eatre interpr\u00e9t\u00e9e conform\u00e9ment \u00e0 la loi applicable et les parties restantes resteront pleinement en vigueur. Les pr\u00e9sentes conditions g\u00e9n\u00e9rales d\u2019utilisation constituent l\u2019int\u00e9gralit\u00e9 de l\u2019accord entre les parties et remplacent tous les accords, d\u00e9clarations, garanties et ententes ant\u00e9rieurs ou contemporains concernant ce site, le Contenu et l\u2019objet des pr\u00e9sentes conditions g\u00e9n\u00e9rales d\u2019utilisation. Dans la mesure o\u00f9 quoi que ce soit sur ce site ou associ\u00e9 \u00e0 celui-ci est en conflit ou incompatible avec les pr\u00e9sentes conditions g\u00e9n\u00e9rales d\u2019utilisation, les pr\u00e9sentes conditions g\u00e9n\u00e9rales d\u2019utilisation pr\u00e9vaudront. Le fait que Read to Grow n\u2019applique pas une disposition des pr\u00e9sentes conditions g\u00e9n\u00e9rales d\u2019utilisation ne saurait \u00eatre consid\u00e9r\u00e9 comme une renonciation \u00e0 cette disposition ni au droit de l\u2019appliquer. Les pr\u00e9sentes conditions g\u00e9n\u00e9rales d\u2019utilisation lieront les parties, leurs soci\u00e9t\u00e9s affili\u00e9es, leurs filiales, leurs successeurs, leurs h\u00e9ritiers et leurs ayants droit, et s\u2019appliqueront \u00e0 leur profit.      <\/li><\/ol><p>\u00a9 2&nbsp;mai&nbsp;2016<\/p>\t\t\t\t\t\t\t\t<\/div>\n\t\t\t\t<\/div>\n\t\t\t\t\t<\/div>\n\t\t\t\t<\/div>\n\t\t\t\t<\/div>\n\t\t","protected":false},"excerpt":{"rendered":"<p>Conditions g\u00e9n\u00e9rales En visitant ce site web (https:\/\/readtogrow.org) (ci-apr\u00e8s le \u00ab&nbsp;site&nbsp;\u00bb ou \u00ab&nbsp;site web&nbsp;\u00bb), et\/ou en utilisant, consultant, acc\u00e9dant ou utilisant de toute autre mani\u00e8re les informations cr\u00e9\u00e9es, collect\u00e9es, compil\u00e9es, soumises ou fournies par ou au sein de ce site, vous acceptez d\u2019\u00eatre li\u00e9 par les pr\u00e9sentes conditions g\u00e9n\u00e9rales d\u2019utilisation. Si vous ne souhaitez pas \u00eatre li\u00e9 par le pr\u00e9sent accord, votre seule option est de ne pas visiter, consulter ou utiliser ce site de quelque mani\u00e8re que ce soit. Vous comprenez, acceptez et reconnaissez que le pr\u00e9sent accord constitue un accord juridiquement contraignant entre vous et Read to Grow (la \u00ab&nbsp;[Soci\u00e9t\u00e9]&nbsp;\u00bb), et que votre utilisation de ce site vaut acceptation d\u00e9finitive des pr\u00e9sentes conditions g\u00e9n\u00e9rales d\u2019utilisation. Les informations contenues sur ce site web sont uniquement destin\u00e9es \u00e0 pr\u00e9senter Read to Grow, ses produits et ses services. Elles sont fournies \u00ab&nbsp;en l\u2019\u00e9tat&nbsp;\u00bb et sans aucune responsabilit\u00e9, notamment (mais sans s\u2019y limiter) en ce qui concerne la mise \u00e0 jour, l\u2019exhaustivit\u00e9 ou l\u2019exactitude des informations, ou toute responsabilit\u00e9 concernant la qualit\u00e9 marchande des produits, leur ad\u00e9quation \u00e0 un usage particulier ou la violation des droits de tiers. Toute responsabilit\u00e9 pour les dommages caus\u00e9s par des virus contenus dans un fichier \u00e9lectronique consult\u00e9 ou t\u00e9l\u00e9charg\u00e9 \u00e0 partir de ce site est exclue. LES INFORMATIONS PROVENANT DU SITE OU TRANSITANT PAR CELUI-CI SONT FOURNIES \u00ab&nbsp;EN L\u2019\u00c9TAT&nbsp;\u00bb, \u00ab&nbsp;SELON LA DISPONIBILIT\u00c9&nbsp;\u00bb, ET TOUTE GARANTIE, EXPLICITE OU IMPLICITE, EST EXCLUE (Y COMPRIS, MAIS SANS S\u2019Y LIMITER, L\u2019EXCLUSION DE TOUTE GARANTIE IMPLICITE DE QUALIT\u00c9 MARCHANDE ET D\u2019AD\u00c9QUATION \u00c0 UN USAGE PARTICULIER). LE SITE ET LES INFORMATIONS QU\u2019IL CONTIENT PEUVENT CONTENIR DES BOGUES, DES ERREURS, DES PROBL\u00c8MES OU D\u2019AUTRES LIMITATIONS. READ TO GROW ET SES PARTIES AFFILI\u00c9ES N\u2019ASSUMENT AUCUNE RESPONSABILIT\u00c9 QUELLE QU\u2019ELLE SOIT QUANT \u00c0 VOTRE UTILISATION DES INFORMATIONS. EN PARTICULIER, MAIS SANS LIMITER LA G\u00c9N\u00c9RALIT\u00c9 DE CE QUI PR\u00c9C\u00c8DE, READ TO GROW ET SES PARTIES AFFILI\u00c9ES NE SONT PAS RESPONSABLES DES DOMMAGES INDIRECTS, SP\u00c9CIAUX, ACCESSOIRES OU CONS\u00c9CUTIFS (Y COMPRIS LES DOMMAGES POUR PERTE D\u2019ACTIVIT\u00c9, PERTE DE PROFITS, LITIGES OU AUTRES), QU\u2019ILS SOIENT FOND\u00c9S SUR UNE RUPTURE DE CONTRAT, UNE RUPTURE DE GARANTIE, UN D\u00c9LIT (Y COMPRIS LA N\u00c9GLIGENCE) OU AUTRE, M\u00caME SI LA POSSIBILIT\u00c9 DE TELS DOMMAGES A \u00c9T\u00c9 SIGNAL\u00c9E. CE SITE ET LES INFORMATIONS QU\u2019IL CONTIENT NE SERAIENT PAS FOURNIS SANS DE TELLES LIMITATIONS. AUCUN CONSEIL OU INFORMATION, QU\u2019IL SOIT ORAL OU \u00c9CRIT, OBTENU PAR VOUS DE READ TO GROW PAR LE BIAIS DU SITE NE SAURAIT CR\u00c9ER DE GARANTIE, DE D\u00c9CLARATION OU DE CAUTION. Read to Grow recommande de v\u00e9rifier toute information obtenue sur ce site web avant de l\u2019utiliser. Les utilisateurs de ce site web acceptent d\u2019acc\u00e9der au site web et \u00e0 son contenu \u00e0 leurs propres risques. Read to Grow ne saurait \u00eatre tenu responsable des dommages encourus en relation avec l\u2019utilisation de ce site web. Ce site contient des informations et des communiqu\u00e9s de presse sur Read to Grow. Bien que ces informations aient \u00e9t\u00e9 consid\u00e9r\u00e9es comme exactes \u00e0 la date de leur pr\u00e9paration, Read to Grow d\u00e9cline toute obligation de mettre \u00e0 jour ces informations ou tout communiqu\u00e9 de presse. Les informations sur les soci\u00e9t\u00e9s autres que Read to Grow contenues dans un communiqu\u00e9 de presse ou autre ne doivent pas \u00eatre consid\u00e9r\u00e9es comme fournies ou approuv\u00e9es par Read to Grow. Ce site web contient des liens et des r\u00e9f\u00e9rences \u00e0 des sites web fournis par des tiers ainsi qu\u2019\u00e0 des sites web de diff\u00e9rentes unit\u00e9s commerciales de Read to Grow. Read to Grow n\u2019a pas v\u00e9rifi\u00e9, examin\u00e9, surveill\u00e9 ou contr\u00f4l\u00e9 les informations fournies sur les sites web de tiers, ni leur exhaustivit\u00e9 ou leur exactitude. Les liens sont fournis uniquement pour la commodit\u00e9 de l\u2019utilisateur et ne constituent pas une approbation ou un parrainage par Read to Grow quant \u00e0 leur contenu, leur exactitude, leurs opinions ou autres. Read to Grow ne saurait \u00eatre tenu responsable de la disponibilit\u00e9 et du contenu de ces sites web de tiers ni de tout dommage ou pr\u00e9judice r\u00e9sultant de leur utilisation. Les liens vers des sites web de tiers sont signal\u00e9s par la mention \u00ab&nbsp;lien externe&nbsp;\u00bb (Remarque&nbsp;: cette fonction ne s\u2019applique pas si vous acc\u00e9dez au site web avec un appareil mobile). L\u2019inclusion d\u2019un site web li\u00e9 n\u2019implique pas l\u2019approbation ou l\u2019aval du site web li\u00e9 par Read to Grow. Si vous d\u00e9cidez de quitter le site web de Read to Grow et d\u2019acc\u00e9der \u00e0 ces sites tiers, vous le faites \u00e0 vos propres risques. Droits d\u2019auteur et droits de propri\u00e9t\u00e9 intellectuelle Le contenu de ce site web, en particulier tous les textes, images, graphiques, logos, enregistrements de webcam, sons, vid\u00e9os et fichiers anim\u00e9s, ainsi que leur disposition, les informations, les donn\u00e9es, les logiciels, les conceptions, les ic\u00f4nes, l\u2019organisation, les compilations, les traductions magn\u00e9tiques, les conversions num\u00e9riques et autres \u00e9l\u00e9ments, sous toutes leurs formes, li\u00e9s au site web (ci-apr\u00e8s le \u00ab&nbsp;Contenu&nbsp;\u00bb), sont soumis aux lois sur les droits d\u2019auteur et les marques, ainsi qu\u2019aux autres lois prot\u00e9geant la propri\u00e9t\u00e9 intellectuelle. Read to Grow se r\u00e9serve le droit, \u00e0 sa seule discr\u00e9tion, de modifier ou de supprimer tout document, information ou autre Contenu apparaissant sur le site web. Le Contenu ne peut \u00eatre copi\u00e9, diffus\u00e9 et\/ou modifi\u00e9 \u00e0 des fins commerciales ou de distribution. L\u2019utilisation du Contenu sur d\u2019autres sites web est interdite. Les droits sur le Contenu peuvent dans certains cas \u00eatre d\u00e9tenus par des tiers (c\u2019est-\u00e0-dire des auteurs, des \u00e9diteurs, des photographes). La consultation, l\u2019impression ou le t\u00e9l\u00e9chargement de tout Contenu, graphique, formulaire ou document \u00e0 partir du site web ne vous accorde qu\u2019une licence limit\u00e9e et non exclusive pour une utilisation uniquement par vous pour votre propre usage personnel, et non pour la republication, la distribution, la cession, la sous-licence, la vente, la pr\u00e9paration d\u2019\u0153uvres d\u00e9riv\u00e9es ou toute autre utilisation. Aucune partie d\u2019un Contenu, d\u2019un formulaire ou d\u2019un document ne peut \u00eatre reproduite sous quelque forme que ce soit ou incorpor\u00e9e dans un syst\u00e8me de recherche d\u2019informations, \u00e9lectronique ou m\u00e9canique, autre que pour votre usage interne (mais pas pour la revente ou la redistribution). Les utilisations inappropri\u00e9es ou frauduleuses seront<\/p>\n","protected":false},"author":2,"featured_media":0,"parent":0,"menu_order":0,"comment_status":"closed","ping_status":"closed","template":"","meta":{"footnotes":""},"class_list":["post-17632","page","type-page","status-publish","hentry"],"_links":{"self":[{"href":"https:\/\/readtogrow.org\/fr\/wp-json\/wp\/v2\/pages\/17632","targetHints":{"allow":["GET"]}}],"collection":[{"href":"https:\/\/readtogrow.org\/fr\/wp-json\/wp\/v2\/pages"}],"about":[{"href":"https:\/\/readtogrow.org\/fr\/wp-json\/wp\/v2\/types\/page"}],"author":[{"embeddable":true,"href":"https:\/\/readtogrow.org\/fr\/wp-json\/wp\/v2\/users\/2"}],"replies":[{"embeddable":true,"href":"https:\/\/readtogrow.org\/fr\/wp-json\/wp\/v2\/comments?post=17632"}],"version-history":[{"count":1,"href":"https:\/\/readtogrow.org\/fr\/wp-json\/wp\/v2\/pages\/17632\/revisions"}],"predecessor-version":[{"id":17633,"href":"https:\/\/readtogrow.org\/fr\/wp-json\/wp\/v2\/pages\/17632\/revisions\/17633"}],"wp:attachment":[{"href":"https:\/\/readtogrow.org\/fr\/wp-json\/wp\/v2\/media?parent=17632"}],"curies":[{"name":"wp","href":"https:\/\/api.w.org\/{rel}","templated":true}]}}