{"id":17641,"date":"2025-09-16T16:58:31","date_gmt":"2025-09-16T20:58:31","guid":{"rendered":"https:\/\/readtogrow.org\/politique-de-confidentialite\/"},"modified":"2025-09-16T16:58:35","modified_gmt":"2025-09-16T20:58:35","slug":"politique-de-confidentialite","status":"publish","type":"page","link":"https:\/\/readtogrow.org\/fr\/politique-de-confidentialite\/","title":{"rendered":"Politique de confidentialit\u00e9"},"content":{"rendered":"\t\t<div data-elementor-type=\"wp-page\" data-elementor-id=\"17641\" class=\"elementor elementor-17641 elementor-6266\" data-elementor-post-type=\"page\">\n\t\t\t\t<div class=\"elementor-element elementor-element-3029350 page-header e-flex e-con-boxed wpr-particle-no wpr-jarallax-no wpr-parallax-no wpr-sticky-section-no wpr-column-slider-no wpr-equal-height-no e-con e-parent\" data-id=\"3029350\" data-element_type=\"container\" data-e-type=\"container\" id=\"page-header\">\n\t\t\t\t\t<div class=\"e-con-inner\">\n\t\t\t\t<div class=\"elementor-element elementor-element-b6aea72 elementor-widget elementor-widget-text-editor\" data-id=\"b6aea72\" data-element_type=\"widget\" data-e-type=\"widget\" data-widget_type=\"text-editor.default\">\n\t\t\t\t<div class=\"elementor-widget-container\">\n\t\t\t\t\t\t\t\t\t<h1>Politique de confidentialit\u00e9<\/h1>\t\t\t\t\t\t\t\t<\/div>\n\t\t\t\t<\/div>\n\t\t\t\t\t<\/div>\n\t\t\t\t<\/div>\n\t\t<div class=\"elementor-element elementor-element-322da98f e-flex e-con-boxed wpr-particle-no wpr-jarallax-no wpr-parallax-no wpr-sticky-section-no wpr-column-slider-no wpr-equal-height-no e-con e-parent\" data-id=\"322da98f\" data-element_type=\"container\" data-e-type=\"container\">\n\t\t\t\t\t<div class=\"e-con-inner\">\n\t\t<div class=\"elementor-element elementor-element-39fdf9ed e-flex e-con-boxed wpr-particle-no wpr-jarallax-no wpr-parallax-no wpr-sticky-section-no wpr-column-slider-no wpr-equal-height-no e-con e-child\" data-id=\"39fdf9ed\" data-element_type=\"container\" data-e-type=\"container\" data-settings=\"{&quot;background_background&quot;:&quot;classic&quot;}\">\n\t\t\t\t\t<div class=\"e-con-inner\">\n\t\t\t\t<div class=\"elementor-element elementor-element-7620ab9a elementor-widget elementor-widget-text-editor\" data-id=\"7620ab9a\" data-element_type=\"widget\" data-e-type=\"widget\" data-widget_type=\"text-editor.default\">\n\t\t\t\t<div class=\"elementor-widget-container\">\n\t\t\t\t\t\t\t\t\t<p>Nous accordons de l\u2019importance \u00e0 votre vie priv\u00e9e. Cette politique explique quelles informations nous recueillons sur notre site web, comment nous les utilisons et comment nous les prot\u00e9geons. <\/p><h4>Ce que nous recueillons<\/h4><p>Si vous remplissez un formulaire, demandez des livres, vous inscrivez \u00e0 un programme ou r\u00e9pondez \u00e0 un sondage sur notre site web, nous pouvons vous demander :<\/p><ul><li>Votre nom<\/li><li>Adresse postale<\/li><li>Adresse \u00e9lectronique<\/li><li>Num\u00e9ro de t\u00e9l\u00e9phone<\/li><li>L\u2019\u00e2ge ou le niveau scolaire de votre enfant (si vous demandez des livres pour un enfant)<\/li><li>Le nom de votre organisation (si vous demandez des livres pour un programme)<\/li><li>Nous pouvons \u00e9galement recueillir d\u2019autres informations que vous choisissez de partager avec nous par le biais de notre site web, de formulaires ou de sondages.<\/li><\/ul><h4>Comment nous utilisons vos informations<\/h4><p>Nous utilisons ces informations pour :<\/p><ul><li>Traiter et livrer vos demandes de livres<\/li><li>Vous inscrire \u00e0 des programmes ou \u00e0 des \u00e9v\u00e9nements<\/li><li>Assurer un suivi aupr\u00e8s de vous si nous avons des questions concernant votre formulaire ou votre sondage<\/li><li>Am\u00e9liorer nos services et nos programmes<\/li><li>Conserver des donn\u00e9es \u00e0 des fins de rapport<\/li><li>Nous ne recueillons que ce dont nous avons besoin pour fournir nos services.<\/li><\/ul><h4>Ce que nous ne faisons pas<\/h4><p>Nous ne vendons, ne louons ni n\u2019\u00e9changeons vos informations personnelles. Nous ne les partageons qu\u2019avec le personnel, les b\u00e9n\u00e9voles ou les fournisseurs de services de confiance lorsque cela est n\u00e9cessaire, afin de r\u00e9pondre \u00e0 votre demande ou de fournir un service. <\/p><h4>Vos choix<\/h4><ul><li>Vous pouvez visiter notre site web sans partager d\u2019informations personnelles.<\/li><li>Vous pouvez choisir de vous inscrire ou non \u00e0 nos mises \u00e0 jour par courriel.<\/li><li>Vous pouvez nous demander de corriger ou de supprimer vos informations \u00e0 tout moment.<\/li><\/ul><h4>Comment nous assurons leur s\u00e9curit\u00e9<\/h4><p>Nous utilisons des mesures de s\u00e9curit\u00e9 raisonnables pour prot\u00e9ger vos informations contre tout acc\u00e8s ou utilisation abusive non autoris\u00e9s.<\/p><h4>Contacte-nous<\/h4><p>Si vous avez des questions concernant notre politique de confidentialit\u00e9 ou la fa\u00e7on dont nous utilisons vos informations, contactez-nous :<\/p><ul><li><a href=\"mailto:info@readtogrow.org\">info@readtogrow.org<\/a><\/li><li>203.488.6800<\/li><li>53 school ground road, Branford, CT 06405<\/li><\/ul>\t\t\t\t\t\t\t\t<\/div>\n\t\t\t\t<\/div>\n\t\t\t\t\t<\/div>\n\t\t\t\t<\/div>\n\t\t\t\t\t<\/div>\n\t\t\t\t<\/div>\n\t\t\t\t<\/div>\n\t\t","protected":false},"excerpt":{"rendered":"<p>Politique de confidentialit\u00e9 Nous accordons de l\u2019importance \u00e0 votre vie priv\u00e9e. Cette politique explique quelles informations nous recueillons sur notre site web, comment nous les utilisons et comment nous les prot\u00e9geons. Ce que nous recueillons Si vous remplissez un formulaire, demandez des livres, vous inscrivez \u00e0 un programme ou r\u00e9pondez \u00e0 un sondage sur notre site web, nous pouvons vous demander : Votre nom Adresse postale Adresse \u00e9lectronique Num\u00e9ro de t\u00e9l\u00e9phone L\u2019\u00e2ge ou le niveau scolaire de votre enfant (si vous demandez des livres pour un enfant) Le nom de votre organisation (si vous demandez des livres pour un programme) Nous pouvons \u00e9galement recueillir d\u2019autres informations que vous choisissez de partager avec nous par le biais de notre site web, de formulaires ou de sondages. Comment nous utilisons vos informations Nous utilisons ces informations pour : Traiter et livrer vos demandes de livres Vous inscrire \u00e0 des programmes ou \u00e0 des \u00e9v\u00e9nements Assurer un suivi aupr\u00e8s de vous si nous avons des questions concernant votre formulaire ou votre sondage Am\u00e9liorer nos services et nos programmes Conserver des donn\u00e9es \u00e0 des fins de rapport Nous ne recueillons que ce dont nous avons besoin pour fournir nos services. Ce que nous ne faisons pas Nous ne vendons, ne louons ni n\u2019\u00e9changeons vos informations personnelles. Nous ne les partageons qu\u2019avec le personnel, les b\u00e9n\u00e9voles ou les fournisseurs de services de confiance lorsque cela est n\u00e9cessaire, afin de r\u00e9pondre \u00e0 votre demande ou de fournir un service. Vos choix Vous pouvez visiter notre site web sans partager d\u2019informations personnelles. Vous pouvez choisir de vous inscrire ou non \u00e0 nos mises \u00e0 jour par courriel. Vous pouvez nous demander de corriger ou de supprimer vos informations \u00e0 tout moment. Comment nous assurons leur s\u00e9curit\u00e9 Nous utilisons des mesures de s\u00e9curit\u00e9 raisonnables pour prot\u00e9ger vos informations contre tout acc\u00e8s ou utilisation abusive non autoris\u00e9s. Contacte-nous Si vous avez des questions concernant notre politique de confidentialit\u00e9 ou la fa\u00e7on dont nous utilisons vos informations, contactez-nous : info@readtogrow.org 203.488.6800 53 school ground road, Branford, CT 06405<\/p>\n","protected":false},"author":2,"featured_media":0,"parent":0,"menu_order":0,"comment_status":"closed","ping_status":"closed","template":"","meta":{"footnotes":""},"class_list":["post-17641","page","type-page","status-publish","hentry"],"_links":{"self":[{"href":"https:\/\/readtogrow.org\/fr\/wp-json\/wp\/v2\/pages\/17641","targetHints":{"allow":["GET"]}}],"collection":[{"href":"https:\/\/readtogrow.org\/fr\/wp-json\/wp\/v2\/pages"}],"about":[{"href":"https:\/\/readtogrow.org\/fr\/wp-json\/wp\/v2\/types\/page"}],"author":[{"embeddable":true,"href":"https:\/\/readtogrow.org\/fr\/wp-json\/wp\/v2\/users\/2"}],"replies":[{"embeddable":true,"href":"https:\/\/readtogrow.org\/fr\/wp-json\/wp\/v2\/comments?post=17641"}],"version-history":[{"count":1,"href":"https:\/\/readtogrow.org\/fr\/wp-json\/wp\/v2\/pages\/17641\/revisions"}],"predecessor-version":[{"id":17642,"href":"https:\/\/readtogrow.org\/fr\/wp-json\/wp\/v2\/pages\/17641\/revisions\/17642"}],"wp:attachment":[{"href":"https:\/\/readtogrow.org\/fr\/wp-json\/wp\/v2\/media?parent=17641"}],"curies":[{"name":"wp","href":"https:\/\/api.w.org\/{rel}","templated":true}]}}