{"id":17695,"date":"2025-09-16T16:59:13","date_gmt":"2025-09-16T20:59:13","guid":{"rendered":"https:\/\/readtogrow.org\/des-livres-pour-les-enfants\/"},"modified":"2025-09-16T17:07:51","modified_gmt":"2025-09-16T21:07:51","slug":"des-livres-pour-les-enfants","status":"publish","type":"page","link":"https:\/\/readtogrow.org\/fr\/des-livres-pour-les-enfants\/","title":{"rendered":"Des livres pour les enfants"},"content":{"rendered":"\t\t<div data-elementor-type=\"wp-page\" data-elementor-id=\"17695\" class=\"elementor elementor-17695 elementor-6384\" data-elementor-post-type=\"page\">\n\t\t\t\t<div class=\"elementor-element elementor-element-7140d872 page-header e-flex e-con-boxed wpr-particle-no wpr-jarallax-no wpr-parallax-no wpr-sticky-section-no wpr-equal-height-no e-con e-parent\" data-id=\"7140d872\" data-element_type=\"container\" data-e-type=\"container\" id=\"page-header\" data-settings=\"{&quot;background_background&quot;:&quot;classic&quot;}\">\n\t\t\t\t\t<div class=\"e-con-inner\">\n\t\t\t\t<div class=\"elementor-element elementor-element-27471def elementor-widget elementor-widget-text-editor\" data-id=\"27471def\" data-element_type=\"widget\" data-e-type=\"widget\" data-widget_type=\"text-editor.default\">\n\t\t\t\t<div class=\"elementor-widget-container\">\n\t\t\t\t\t\t\t\t\t<h1>Des livres pour les enfants<\/h1>\t\t\t\t\t\t\t\t<\/div>\n\t\t\t\t<\/div>\n\t\t\t\t\t<\/div>\n\t\t\t\t<\/div>\n\t\t<div class=\"elementor-element elementor-element-2b311eac hero-section e-flex e-con-boxed wpr-particle-no wpr-jarallax-no wpr-parallax-no wpr-sticky-section-no wpr-equal-height-no e-con e-parent\" data-id=\"2b311eac\" data-element_type=\"container\" data-e-type=\"container\" data-settings=\"{&quot;background_background&quot;:&quot;classic&quot;}\">\n\t\t\t\t\t<div class=\"e-con-inner\">\n\t\t<div class=\"elementor-element elementor-element-1a72b7ee e-con-full e-flex wpr-particle-no wpr-jarallax-no wpr-parallax-no wpr-sticky-section-no wpr-equal-height-no e-con e-child\" data-id=\"1a72b7ee\" data-element_type=\"container\" data-e-type=\"container\" data-settings=\"{&quot;background_background&quot;:&quot;classic&quot;}\">\n\t\t\t\t<div class=\"elementor-element elementor-element-591a467 intro elementor-widget elementor-widget-text-editor\" data-id=\"591a467\" data-element_type=\"widget\" data-e-type=\"widget\" data-widget_type=\"text-editor.default\">\n\t\t\t\t<div class=\"elementor-widget-container\">\n\t\t\t\t\t\t\t\t\t<p>Dans le cadre du continuum d&rsquo;alphab\u00e9tisation pr\u00e9coce de Read to Grow, <strong>Books for Kids<\/strong> veille \u00e0 ce que les enfants de tous \u00e2ges aient acc\u00e8s \u00e0 des livres, une ressource essentielle pour l&rsquo;alphab\u00e9tisation. Le programme soutient les familles qui ont particip\u00e9 \u00e0 Books for Babies, ainsi que celles qui d\u00e9couvrent nos services, contribuant ainsi \u00e0 encourager de solides habitudes de lecture de la petite enfance \u00e0 l&rsquo;enfance. <\/p><p>Gr\u00e2ce \u00e0 Books for Kids, nous fournissons des livres gratuits aux familles, aux prestataires de services de garde d&rsquo;enfants, aux \u00e9ducateurs, aux professionnels de la sant\u00e9, aux biblioth\u00e8ques et aux organismes communautaires.<\/p>\t\t\t\t\t\t\t\t<\/div>\n\t\t\t\t<\/div>\n\t\t\t\t<\/div>\n\t\t<div class=\"elementor-element elementor-element-628720ef e-con-full e-flex wpr-particle-no wpr-jarallax-no wpr-parallax-no wpr-sticky-section-no wpr-equal-height-no e-con e-child\" data-id=\"628720ef\" data-element_type=\"container\" data-e-type=\"container\" data-settings=\"{&quot;background_background&quot;:&quot;classic&quot;}\">\n\t\t\t\t<\/div>\n\t\t\t\t\t<\/div>\n\t\t\t\t<\/div>\n\t\t<div class=\"elementor-element elementor-element-c152ab8 e-flex e-con-boxed wpr-particle-no wpr-jarallax-no wpr-parallax-no wpr-sticky-section-no wpr-equal-height-no e-con e-parent\" data-id=\"c152ab8\" data-element_type=\"container\" data-e-type=\"container\">\n\t\t\t\t\t<div class=\"e-con-inner\">\n\t\t<div class=\"elementor-element elementor-element-d11bf05 e-flex e-con-boxed wpr-particle-no wpr-jarallax-no wpr-parallax-no wpr-sticky-section-no wpr-equal-height-no e-con e-child\" data-id=\"d11bf05\" data-element_type=\"container\" data-e-type=\"container\" data-settings=\"{&quot;background_background&quot;:&quot;classic&quot;}\">\n\t\t\t\t\t<div class=\"e-con-inner\">\n\t\t\t\t<div class=\"elementor-element elementor-element-1e2a51e4 elementor-widget elementor-widget-text-editor\" data-id=\"1e2a51e4\" data-element_type=\"widget\" data-e-type=\"widget\" data-widget_type=\"text-editor.default\">\n\t\t\t\t<div class=\"elementor-widget-container\">\n\t\t\t\t\t\t\t\t\t<p><span style=\"color: #243a78; font-size: 2.125rem; font-weight: 800;\">Comment \u00e7a marche<\/span><\/p><p>Books for Kids offre des livres neufs et d&rsquo;occasion en bon \u00e9tat, recueillis gr\u00e2ce \u00e0 des dons et des collectes de livres. Le programme s&rsquo;adresse uniquement aux r\u00e9sidents du Connecticut et ne peut pas r\u00e9pondre aux demandes provenant d&rsquo;autres \u00c9tats. <\/p><p>Chaque ann\u00e9e, le programme distribue plus de 139 000 livres, et ce nombre ne cesse de cro\u00eetre. Depuis son lancement en 2001, Books for Kids a fourni plus de 2,1 millions de livres neufs et d&rsquo;occasion en bon \u00e9tat aux enfants et aux familles du Connecticut. <\/p><p>Pour demander des livres, veuillez remplir le formulaire en ligne appropri\u00e9, dont le lien figure ci-dessous. Le traitement des demandes prend g\u00e9n\u00e9ralement de 4 \u00e0 6 semaines et est soumis \u00e0 disponibilit\u00e9. Bien que nous fassions tout notre possible pour r\u00e9pondre \u00e0 chaque demande, nous ne pouvons garantir des titres ou des quantit\u00e9s sp\u00e9cifiques. Si votre demande est urgente, veuillez nous appeler au 203.488.6800 et demander \u00e0 parler \u00e0 un coordinateur de Books for Kids.   <\/p><h2>Comment demander des livres<\/h2><p>Nous proposons deux formulaires de demande :<\/p>\t\t\t\t\t\t\t\t<\/div>\n\t\t\t\t<\/div>\n\t\t<div class=\"elementor-element elementor-element-1fbe08d e-flex e-con-boxed wpr-particle-no wpr-jarallax-no wpr-parallax-no wpr-sticky-section-no wpr-equal-height-no e-con e-child\" data-id=\"1fbe08d\" data-element_type=\"container\" data-e-type=\"container\">\n\t\t\t\t\t<div class=\"e-con-inner\">\n\t\t<div class=\"elementor-element elementor-element-c6bf77e e-con-full e-flex wpr-particle-no wpr-jarallax-no wpr-parallax-no wpr-sticky-section-no wpr-equal-height-no e-con e-child\" data-id=\"c6bf77e\" data-element_type=\"container\" data-e-type=\"container\" data-settings=\"{&quot;background_background&quot;:&quot;classic&quot;}\">\n\t\t<div class=\"elementor-element elementor-element-714b501 e-con-full e-flex wpr-particle-no wpr-jarallax-no wpr-parallax-no wpr-sticky-section-no wpr-equal-height-no e-con e-child\" data-id=\"714b501\" data-element_type=\"container\" data-e-type=\"container\">\n\t\t\t\t<div class=\"elementor-element elementor-element-c7a3c72 elementor-widget elementor-widget-heading\" data-id=\"c7a3c72\" data-element_type=\"widget\" data-e-type=\"widget\" data-widget_type=\"heading.default\">\n\t\t\t\t<div class=\"elementor-widget-container\">\n\t\t\t\t\t<h4 class=\"elementor-heading-title elementor-size-default\">Formulaire de demande de livres pour la famille<\/h4>\t\t\t\t<\/div>\n\t\t\t\t<\/div>\n\t\t\t\t<div class=\"elementor-element elementor-element-5c50065 elementor-widget elementor-widget-text-editor\" data-id=\"5c50065\" data-element_type=\"widget\" data-e-type=\"widget\" data-widget_type=\"text-editor.default\">\n\t\t\t\t<div class=\"elementor-widget-container\">\n\t\t\t\t\t\t\t\t\t<p>pour les familles individuelles<\/p>\t\t\t\t\t\t\t\t<\/div>\n\t\t\t\t<\/div>\n\t\t\t\t<\/div>\n\t\t\t\t<div class=\"elementor-element elementor-element-3973286 elementor-align-center align-self-end elementor-widget elementor-widget-button\" data-id=\"3973286\" data-element_type=\"widget\" data-e-type=\"widget\" data-widget_type=\"button.default\">\n\t\t\t\t<div class=\"elementor-widget-container\">\n\t\t\t\t\t\t\t\t\t<div class=\"elementor-button-wrapper\">\n\t\t\t\t\t<a class=\"elementor-button elementor-button-link elementor-size-sm\" href=\"https:\/\/cxl.474.myftpupload.com\/fr\/formulaire-de-demande-de-livres-pour-la-famille\/\">\n\t\t\t\t\t\t<span class=\"elementor-button-content-wrapper\">\n\t\t\t\t\t\t\t\t\t<span class=\"elementor-button-text\">Acc\u00e9der au formulaire<\/span>\n\t\t\t\t\t<\/span>\n\t\t\t\t\t<\/a>\n\t\t\t\t<\/div>\n\t\t\t\t\t\t\t\t<\/div>\n\t\t\t\t<\/div>\n\t\t\t\t<\/div>\n\t\t<div class=\"elementor-element elementor-element-03c0f84 e-con-full e-flex wpr-particle-no wpr-jarallax-no wpr-parallax-no wpr-sticky-section-no wpr-equal-height-no e-con e-child\" data-id=\"03c0f84\" data-element_type=\"container\" data-e-type=\"container\" data-settings=\"{&quot;background_background&quot;:&quot;classic&quot;}\">\n\t\t\t\t<div class=\"elementor-element elementor-element-c4e3846 elementor-widget elementor-widget-heading\" data-id=\"c4e3846\" data-element_type=\"widget\" data-e-type=\"widget\" data-widget_type=\"heading.default\">\n\t\t\t\t<div class=\"elementor-widget-container\">\n\t\t\t\t\t<h4 class=\"elementor-heading-title elementor-size-default\">Formulaire de demande de livres pour le programme<\/h4>\t\t\t\t<\/div>\n\t\t\t\t<\/div>\n\t\t\t\t<div class=\"elementor-element elementor-element-71b1e53 elementor-widget elementor-widget-text-editor\" data-id=\"71b1e53\" data-element_type=\"widget\" data-e-type=\"widget\" data-widget_type=\"text-editor.default\">\n\t\t\t\t<div class=\"elementor-widget-container\">\n\t\t\t\t\t\t\t\t\tpour les programmes, les organisations et les prestataires de services de garde d&rsquo;enfants \u00e0 domicile.\t\t\t\t\t\t\t\t<\/div>\n\t\t\t\t<\/div>\n\t\t\t\t<div class=\"elementor-element elementor-element-84fc50f elementor-align-center elementor-widget elementor-widget-button\" data-id=\"84fc50f\" data-element_type=\"widget\" data-e-type=\"widget\" data-widget_type=\"button.default\">\n\t\t\t\t<div class=\"elementor-widget-container\">\n\t\t\t\t\t\t\t\t\t<div class=\"elementor-button-wrapper\">\n\t\t\t\t\t<a class=\"elementor-button elementor-button-link elementor-size-sm\" href=\"https:\/\/cxl.474.myftpupload.com\/fr\/formulaire-de-demande-de-livres-pour-le-programme\/\">\n\t\t\t\t\t\t<span class=\"elementor-button-content-wrapper\">\n\t\t\t\t\t\t\t\t\t<span class=\"elementor-button-text\">Acc\u00e9der au formulaire<\/span>\n\t\t\t\t\t<\/span>\n\t\t\t\t\t<\/a>\n\t\t\t\t<\/div>\n\t\t\t\t\t\t\t\t<\/div>\n\t\t\t\t<\/div>\n\t\t\t\t<\/div>\n\t\t\t\t\t<\/div>\n\t\t\t\t<\/div>\n\t\t\t\t<div class=\"elementor-element elementor-element-1854266 elementor-widget elementor-widget-text-editor\" data-id=\"1854266\" data-element_type=\"widget\" data-e-type=\"widget\" data-widget_type=\"text-editor.default\">\n\t\t\t\t<div class=\"elementor-widget-container\">\n\t\t\t\t\t\t\t\t\t<p><strong>Remarque : Tout programme demandant des livres gratuits devra s&rsquo;acquitter de frais de 15 $ si Read to Grow doit livrer la commande. La collecte des livres gratuits \u00e0 nos bureaux de Branford est gratuite. <\/strong><\/p><p>Avant toute livraison de livres \u00e0 un programme, le paiement de la livraison doit \u00eatre effectu\u00e9 par ch\u00e8que ou en ligne via notre <strong><a href=\"https:\/\/www.sagepayments.net\/eftcart\/forms\/express.asp?M_id=657938137851&amp;T_amt=15\" target=\"_blank\" rel=\"noopener\">formulaire de paiement de la livraison de livres<\/a><\/strong>.<\/p><p>Toutes les familles admissibles \u00e0 la livraison sont exempt\u00e9es des frais de livraison, mais nous encourageons toujours la collecte de livres \u00e0 nos bureaux.<\/p>\t\t\t\t\t\t\t\t<\/div>\n\t\t\t\t<\/div>\n\t\t\t\t<div class=\"elementor-element elementor-element-9ac54b6 elementor-align-center elementor-widget elementor-widget-button\" data-id=\"9ac54b6\" data-element_type=\"widget\" data-e-type=\"widget\" data-widget_type=\"button.default\">\n\t\t\t\t<div class=\"elementor-widget-container\">\n\t\t\t\t\t\t\t\t\t<div class=\"elementor-button-wrapper\">\n\t\t\t\t\t<a class=\"elementor-button elementor-button-link elementor-size-sm\" href=\"https:\/\/www.sagepayments.net\/eftcart\/forms\/express.asp?M_id=657938137851&#038;T_amt=15\" target=\"_blank\">\n\t\t\t\t\t\t<span class=\"elementor-button-content-wrapper\">\n\t\t\t\t\t\t\t\t\t<span class=\"elementor-button-text\">Effectuer un paiement pour la livraison de livres<\/span>\n\t\t\t\t\t<\/span>\n\t\t\t\t\t<\/a>\n\t\t\t\t<\/div>\n\t\t\t\t\t\t\t\t<\/div>\n\t\t\t\t<\/div>\n\t\t\t\t\t<\/div>\n\t\t\t\t<\/div>\n\t\t\t\t\t<\/div>\n\t\t\t\t<\/div>\n\t\t\t\t<\/div>\n\t\t","protected":false},"excerpt":{"rendered":"<p>Des livres pour les enfants Dans le cadre du continuum d&rsquo;alphab\u00e9tisation pr\u00e9coce de Read to Grow, Books for Kids veille \u00e0 ce que les enfants de tous \u00e2ges aient acc\u00e8s \u00e0 des livres, une ressource essentielle pour l&rsquo;alphab\u00e9tisation. Le programme soutient les familles qui ont particip\u00e9 \u00e0 Books for Babies, ainsi que celles qui d\u00e9couvrent nos services, contribuant ainsi \u00e0 encourager de solides habitudes de lecture de la petite enfance \u00e0 l&rsquo;enfance. Gr\u00e2ce \u00e0 Books for Kids, nous fournissons des livres gratuits aux familles, aux prestataires de services de garde d&rsquo;enfants, aux \u00e9ducateurs, aux professionnels de la sant\u00e9, aux biblioth\u00e8ques et aux organismes communautaires. Comment \u00e7a marche Books for Kids offre des livres neufs et d&rsquo;occasion en bon \u00e9tat, recueillis gr\u00e2ce \u00e0 des dons et des collectes de livres. Le programme s&rsquo;adresse uniquement aux r\u00e9sidents du Connecticut et ne peut pas r\u00e9pondre aux demandes provenant d&rsquo;autres \u00c9tats. Chaque ann\u00e9e, le programme distribue plus de 139 000 livres, et ce nombre ne cesse de cro\u00eetre. Depuis son lancement en 2001, Books for Kids a fourni plus de 2,1 millions de livres neufs et d&rsquo;occasion en bon \u00e9tat aux enfants et aux familles du Connecticut. Pour demander des livres, veuillez remplir le formulaire en ligne appropri\u00e9, dont le lien figure ci-dessous. Le traitement des demandes prend g\u00e9n\u00e9ralement de 4 \u00e0 6 semaines et est soumis \u00e0 disponibilit\u00e9. Bien que nous fassions tout notre possible pour r\u00e9pondre \u00e0 chaque demande, nous ne pouvons garantir des titres ou des quantit\u00e9s sp\u00e9cifiques. Si votre demande est urgente, veuillez nous appeler au 203.488.6800 et demander \u00e0 parler \u00e0 un coordinateur de Books for Kids. Comment demander des livres Nous proposons deux formulaires de demande : Formulaire de demande de livres pour la famille pour les familles individuelles Acc\u00e9der au formulaire Formulaire de demande de livres pour le programme pour les programmes, les organisations et les prestataires de services de garde d&rsquo;enfants \u00e0 domicile. Acc\u00e9der au formulaire Remarque : Tout programme demandant des livres gratuits devra s&rsquo;acquitter de frais de 15 $ si Read to Grow doit livrer la commande. La collecte des livres gratuits \u00e0 nos bureaux de Branford est gratuite. Avant toute livraison de livres \u00e0 un programme, le paiement de la livraison doit \u00eatre effectu\u00e9 par ch\u00e8que ou en ligne via notre formulaire de paiement de la livraison de livres. Toutes les familles admissibles \u00e0 la livraison sont exempt\u00e9es des frais de livraison, mais nous encourageons toujours la collecte de livres \u00e0 nos bureaux. Effectuer un paiement pour la livraison de livres<\/p>\n","protected":false},"author":2,"featured_media":0,"parent":0,"menu_order":0,"comment_status":"closed","ping_status":"closed","template":"","meta":{"footnotes":""},"class_list":["post-17695","page","type-page","status-publish","hentry"],"_links":{"self":[{"href":"https:\/\/readtogrow.org\/fr\/wp-json\/wp\/v2\/pages\/17695","targetHints":{"allow":["GET"]}}],"collection":[{"href":"https:\/\/readtogrow.org\/fr\/wp-json\/wp\/v2\/pages"}],"about":[{"href":"https:\/\/readtogrow.org\/fr\/wp-json\/wp\/v2\/types\/page"}],"author":[{"embeddable":true,"href":"https:\/\/readtogrow.org\/fr\/wp-json\/wp\/v2\/users\/2"}],"replies":[{"embeddable":true,"href":"https:\/\/readtogrow.org\/fr\/wp-json\/wp\/v2\/comments?post=17695"}],"version-history":[{"count":3,"href":"https:\/\/readtogrow.org\/fr\/wp-json\/wp\/v2\/pages\/17695\/revisions"}],"predecessor-version":[{"id":18597,"href":"https:\/\/readtogrow.org\/fr\/wp-json\/wp\/v2\/pages\/17695\/revisions\/18597"}],"wp:attachment":[{"href":"https:\/\/readtogrow.org\/fr\/wp-json\/wp\/v2\/media?parent=17695"}],"curies":[{"name":"wp","href":"https:\/\/api.w.org\/{rel}","templated":true}]}}