{"id":17855,"date":"2025-09-16T17:00:39","date_gmt":"2025-09-16T21:00:39","guid":{"rendered":"https:\/\/readtogrow.org\/bibliobus\/"},"modified":"2025-09-16T17:00:45","modified_gmt":"2025-09-16T21:00:45","slug":"bibliobus","status":"publish","type":"page","link":"https:\/\/readtogrow.org\/fr\/bibliobus\/","title":{"rendered":"Bibliobus"},"content":{"rendered":"\t\t<div data-elementor-type=\"wp-page\" data-elementor-id=\"17855\" class=\"elementor elementor-17855 elementor-11430\" data-elementor-post-type=\"page\">\n\t\t\t\t<div class=\"elementor-element elementor-element-526a9d64 page-header e-con-full e-flex wpr-particle-no wpr-jarallax-no wpr-parallax-no wpr-sticky-section-no wpr-equal-height-no e-con e-parent\" data-id=\"526a9d64\" data-element_type=\"container\" data-e-type=\"container\" id=\"page-header\">\n\t\t\t\t<div class=\"elementor-element elementor-element-6a74617a elementor-widget elementor-widget-text-editor\" data-id=\"6a74617a\" data-element_type=\"widget\" data-e-type=\"widget\" data-widget_type=\"text-editor.default\">\n\t\t\t\t<div class=\"elementor-widget-container\">\n\t\t\t\t\t\t\t\t\t<h1>Bibliobus<\/h1>\t\t\t\t\t\t\t\t<\/div>\n\t\t\t\t<\/div>\n\t\t\t\t<\/div>\n\t\t<div class=\"elementor-element elementor-element-59f2e9f4 hero-section e-flex e-con-boxed wpr-particle-no wpr-jarallax-no wpr-parallax-no wpr-sticky-section-no wpr-equal-height-no e-con e-parent\" data-id=\"59f2e9f4\" data-element_type=\"container\" data-e-type=\"container\" data-settings=\"{&quot;background_background&quot;:&quot;classic&quot;}\">\n\t\t\t\t\t<div class=\"e-con-inner\">\n\t\t<div class=\"elementor-element elementor-element-60aa3c0 e-con-full e-flex wpr-particle-no wpr-jarallax-no wpr-parallax-no wpr-sticky-section-no wpr-equal-height-no e-con e-child\" data-id=\"60aa3c0\" data-element_type=\"container\" data-e-type=\"container\" data-settings=\"{&quot;background_background&quot;:&quot;classic&quot;}\">\n\t\t\t\t<div class=\"elementor-element elementor-element-4373d114 intro elementor-widget elementor-widget-text-editor\" data-id=\"4373d114\" data-element_type=\"widget\" data-e-type=\"widget\" data-widget_type=\"text-editor.default\">\n\t\t\t\t<div class=\"elementor-widget-container\">\n\t\t\t\t\t\t\t\t\t<h2>Tous \u00e0 bord du bibliobus&nbsp;!<\/h2><p>Le <strong>Bibliobus<\/strong> de Read to Grow, notre ressource d\u2019alphab\u00e9tisation sur roues, a pris la route en septembre&nbsp;2022 et apporte depuis la joie de la lecture aux enfants de tout le Connecticut.<\/p><p>Plus qu\u2019une simple biblioth\u00e8que mobile, le bibliobus cr\u00e9e un espace attrayant et interactif o\u00f9 les enfants peuvent choisir un livre \u00e0 conserver, se d\u00e9tendre sur nos bancs confortables ou se r\u00e9unir sur notre grand tapis douillet pour une lecture \u00e0 voix haute. Bien que notre programmation soit principalement con\u00e7ue pour les enfants de 0 \u00e0 7&nbsp;ans, nous acceptons parfois les visites d\u2019enfants plus \u00e2g\u00e9s en fonction des demandes sp\u00e9cifiques et des besoins de la communaut\u00e9. <\/p>\t\t\t\t\t\t\t\t<\/div>\n\t\t\t\t<\/div>\n\t\t\t\t<\/div>\n\t\t<div class=\"elementor-element elementor-element-f6d84b e-con-full e-flex wpr-particle-no wpr-jarallax-no wpr-parallax-no wpr-sticky-section-no wpr-equal-height-no e-con e-child\" data-id=\"f6d84b\" data-element_type=\"container\" data-e-type=\"container\" data-settings=\"{&quot;background_background&quot;:&quot;classic&quot;}\">\n\t\t\t\t<\/div>\n\t\t\t\t\t<\/div>\n\t\t\t\t<\/div>\n\t\t<div class=\"elementor-element elementor-element-cfe9bbc e-flex e-con-boxed wpr-particle-no wpr-jarallax-no wpr-parallax-no wpr-sticky-section-no wpr-equal-height-no e-con e-parent\" data-id=\"cfe9bbc\" data-element_type=\"container\" data-e-type=\"container\">\n\t\t\t\t\t<div class=\"e-con-inner\">\n\t\t<div class=\"elementor-element elementor-element-a0ec543 e-flex e-con-boxed wpr-particle-no wpr-jarallax-no wpr-parallax-no wpr-sticky-section-no wpr-equal-height-no e-con e-child\" data-id=\"a0ec543\" data-element_type=\"container\" data-e-type=\"container\" data-settings=\"{&quot;background_background&quot;:&quot;classic&quot;}\">\n\t\t\t\t\t<div class=\"e-con-inner\">\n\t\t\t\t<div class=\"elementor-element elementor-element-349cade elementor-widget elementor-widget-heading\" data-id=\"349cade\" data-element_type=\"widget\" data-e-type=\"widget\" data-widget_type=\"heading.default\">\n\t\t\t\t<div class=\"elementor-widget-container\">\n\t\t\t\t\t<h2 class=\"elementor-heading-title elementor-size-default\">Vous souhaitez que le bibliobus visite votre communaut\u00e9&nbsp;?<\/h2>\t\t\t\t<\/div>\n\t\t\t\t<\/div>\n\t\t\t\t<div class=\"elementor-element elementor-element-b26e116 elementor-widget elementor-widget-text-editor\" data-id=\"b26e116\" data-element_type=\"widget\" data-e-type=\"widget\" data-widget_type=\"text-editor.default\">\n\t\t\t\t<div class=\"elementor-widget-container\">\n\t\t\t\t\t\t\t\t\t<p>Si vous souhaitez que le bibliobus se rende dans votre communaut\u00e9, veuillez remplir le formulaire de demande de bibliobus. Bien que nous ne soyons pas en mesure de r\u00e9pondre \u00e0 toutes les demandes, nous vous contacterons dans tous les cas. <\/p><p>Pour toute question, contactez-nous \u00e0 l\u2019adresse <span style=\"color: #ffffff;\"><a style=\"color: #ffffff;\" href=\"mailto:bookmobile@readtogrow.org\">bookmobile@readtogrow.org<\/a>.<\/span><\/p>\t\t\t\t\t\t\t\t<\/div>\n\t\t\t\t<\/div>\n\t\t<div class=\"elementor-element elementor-element-7cb231ee e-con-full e-flex wpr-particle-no wpr-jarallax-no wpr-parallax-no wpr-sticky-section-no wpr-equal-height-no e-con e-child\" data-id=\"7cb231ee\" data-element_type=\"container\" data-e-type=\"container\" data-settings=\"{&quot;background_background&quot;:&quot;classic&quot;}\">\n\t\t\t\t<div class=\"elementor-element elementor-element-64e5a865 elementor-widget elementor-widget-heading\" data-id=\"64e5a865\" data-element_type=\"widget\" data-e-type=\"widget\" data-widget_type=\"heading.default\">\n\t\t\t\t<div class=\"elementor-widget-container\">\n\t\t\t\t\t<h4 class=\"elementor-heading-title elementor-size-default\">Formulaire de demande de bibliobus<\/h4>\t\t\t\t<\/div>\n\t\t\t\t<\/div>\n\t\t\t\t<div class=\"elementor-element elementor-element-5dab3cfc elementor-align-center align-self-end elementor-widget elementor-widget-button\" data-id=\"5dab3cfc\" data-element_type=\"widget\" data-e-type=\"widget\" data-widget_type=\"button.default\">\n\t\t\t\t<div class=\"elementor-widget-container\">\n\t\t\t\t\t\t\t\t\t<div class=\"elementor-button-wrapper\">\n\t\t\t\t\t<a class=\"elementor-button elementor-button-link elementor-size-sm\" href=\"https:\/\/cxl.474.myftpupload.com\/fr\/formulaire-de-demande-de-bibliobus\/\">\n\t\t\t\t\t\t<span class=\"elementor-button-content-wrapper\">\n\t\t\t\t\t\t\t\t\t<span class=\"elementor-button-text\">Acc\u00e9der au formulaire<\/span>\n\t\t\t\t\t<\/span>\n\t\t\t\t\t<\/a>\n\t\t\t\t<\/div>\n\t\t\t\t\t\t\t\t<\/div>\n\t\t\t\t<\/div>\n\t\t\t\t<\/div>\n\t\t\t\t\t<\/div>\n\t\t\t\t<\/div>\n\t\t\t\t\t<\/div>\n\t\t\t\t<\/div>\n\t\t<div class=\"elementor-element elementor-element-6df88615 e-flex e-con-boxed wpr-particle-no wpr-jarallax-no wpr-parallax-no wpr-sticky-section-no wpr-equal-height-no e-con e-parent\" data-id=\"6df88615\" data-element_type=\"container\" data-e-type=\"container\" data-settings=\"{&quot;background_background&quot;:&quot;classic&quot;}\">\n\t\t\t\t\t<div class=\"e-con-inner\">\n\t\t<div class=\"elementor-element elementor-element-99dda5c e-flex e-con-boxed wpr-particle-no wpr-jarallax-no wpr-parallax-no wpr-sticky-section-no wpr-equal-height-no e-con e-child\" data-id=\"99dda5c\" data-element_type=\"container\" data-e-type=\"container\" data-settings=\"{&quot;background_background&quot;:&quot;classic&quot;}\">\n\t\t\t\t\t<div class=\"e-con-inner\">\n\t\t\t\t<div class=\"elementor-element elementor-element-5a9ff966 elementor-widget elementor-widget-text-editor\" data-id=\"5a9ff966\" data-element_type=\"widget\" data-e-type=\"widget\" data-widget_type=\"text-editor.default\">\n\t\t\t\t<div class=\"elementor-widget-container\">\n\t\t\t\t\t\t\t\t\t<h2 style=\"text-align: center;\">Apporter des livres aux communaut\u00e9s du Connecticut<\/h2><p>Le bibliobus est disponible pour se rendre dans n\u2019importe quel comt\u00e9 ou communaut\u00e9 du Connecticut, avec un accent particulier sur les zones mal desservies. Notre objectif est de rendre les livres et les exp\u00e9riences d\u2019alphab\u00e9tisation accessibles \u00e0 tous les enfants, peu importe o\u00f9 ils vivent. <\/p>\t\t\t\t\t\t\t\t<\/div>\n\t\t\t\t<\/div>\n\t\t<div class=\"elementor-element elementor-element-8ab8752 e-flex e-con-boxed wpr-particle-no wpr-jarallax-no wpr-parallax-no wpr-sticky-section-no wpr-equal-height-no e-con e-child\" data-id=\"8ab8752\" data-element_type=\"container\" data-e-type=\"container\">\n\t\t\t\t\t<div class=\"e-con-inner\">\n\t\t<div class=\"elementor-element elementor-element-b76cd4a e-con-full e-flex wpr-particle-no wpr-jarallax-no wpr-parallax-no wpr-sticky-section-no wpr-equal-height-no e-con e-child\" data-id=\"b76cd4a\" data-element_type=\"container\" data-e-type=\"container\">\n\t\t\t\t<div class=\"elementor-element elementor-element-bc6e28e elementor-widget elementor-widget-image\" data-id=\"bc6e28e\" data-element_type=\"widget\" data-e-type=\"widget\" data-widget_type=\"image.default\">\n\t\t\t\t<div class=\"elementor-widget-container\">\n\t\t\t\t\t\t\t\t\t\t\t\t\t\t\t<img fetchpriority=\"high\" decoding=\"async\" width=\"595\" height=\"800\" src=\"https:\/\/readtogrow.org\/wp-content\/uploads\/IMG_3519.jpg\" class=\"attachment-large size-large wp-image-15920\" alt=\"\" srcset=\"https:\/\/readtogrow.org\/wp-content\/uploads\/IMG_3519.jpg 595w, https:\/\/readtogrow.org\/wp-content\/uploads\/IMG_3519-223x300.jpg 223w\" sizes=\"(max-width: 595px) 100vw, 595px\" \/>\t\t\t\t\t\t\t\t\t\t\t\t\t\t\t<\/div>\n\t\t\t\t<\/div>\n\t\t\t\t<\/div>\n\t\t<div class=\"elementor-element elementor-element-bade5d8 e-con-full e-flex wpr-particle-no wpr-jarallax-no wpr-parallax-no wpr-sticky-section-no wpr-equal-height-no e-con e-child\" data-id=\"bade5d8\" data-element_type=\"container\" data-e-type=\"container\">\n\t\t\t\t<div class=\"elementor-element elementor-element-e0d2739 elementor-widget elementor-widget-image\" data-id=\"e0d2739\" data-element_type=\"widget\" data-e-type=\"widget\" data-widget_type=\"image.default\">\n\t\t\t\t<div class=\"elementor-widget-container\">\n\t\t\t\t\t\t\t\t\t\t\t\t\t\t\t<img decoding=\"async\" width=\"773\" height=\"1030\" src=\"https:\/\/readtogrow.org\/wp-content\/uploads\/Bookmobile-Image-4-773x1030.webp\" class=\"attachment-large size-large wp-image-14610\" alt=\"\" srcset=\"https:\/\/readtogrow.org\/wp-content\/uploads\/Bookmobile-Image-4-773x1030.webp 773w, https:\/\/readtogrow.org\/wp-content\/uploads\/Bookmobile-Image-4-225x300.webp 225w, https:\/\/readtogrow.org\/wp-content\/uploads\/Bookmobile-Image-4-768x1024.webp 768w, https:\/\/readtogrow.org\/wp-content\/uploads\/Bookmobile-Image-4.webp 1000w\" sizes=\"(max-width: 773px) 100vw, 773px\" \/>\t\t\t\t\t\t\t\t\t\t\t\t\t\t\t<\/div>\n\t\t\t\t<\/div>\n\t\t\t\t<\/div>\n\t\t<div class=\"elementor-element elementor-element-c1311d8 e-con-full e-flex wpr-particle-no wpr-jarallax-no wpr-parallax-no wpr-sticky-section-no wpr-equal-height-no e-con e-child\" data-id=\"c1311d8\" data-element_type=\"container\" data-e-type=\"container\">\n\t\t\t\t<div class=\"elementor-element elementor-element-079c29f elementor-widget elementor-widget-image\" data-id=\"079c29f\" data-element_type=\"widget\" data-e-type=\"widget\" data-widget_type=\"image.default\">\n\t\t\t\t<div class=\"elementor-widget-container\">\n\t\t\t\t\t\t\t\t\t\t\t\t\t\t\t<img decoding=\"async\" width=\"773\" height=\"1030\" src=\"https:\/\/readtogrow.org\/wp-content\/uploads\/Bookmobile-Image-13-773x1030.webp\" class=\"attachment-large size-large wp-image-14638\" alt=\"\" srcset=\"https:\/\/readtogrow.org\/wp-content\/uploads\/Bookmobile-Image-13-773x1030.webp 773w, https:\/\/readtogrow.org\/wp-content\/uploads\/Bookmobile-Image-13-225x300.webp 225w, https:\/\/readtogrow.org\/wp-content\/uploads\/Bookmobile-Image-13-768x1024.webp 768w, https:\/\/readtogrow.org\/wp-content\/uploads\/Bookmobile-Image-13.webp 1000w\" sizes=\"(max-width: 773px) 100vw, 773px\" \/>\t\t\t\t\t\t\t\t\t\t\t\t\t\t\t<\/div>\n\t\t\t\t<\/div>\n\t\t\t\t<\/div>\n\t\t\t\t\t<\/div>\n\t\t\t\t<\/div>\n\t\t\t\t\t<\/div>\n\t\t\t\t<\/div>\n\t\t\t\t\t<\/div>\n\t\t\t\t<\/div>\n\t\t\t\t<\/div>\n\t\t","protected":false},"excerpt":{"rendered":"<p>Bibliobus Tous \u00e0 bord du bibliobus&nbsp;! Le Bibliobus de Read to Grow, notre ressource d\u2019alphab\u00e9tisation sur roues, a pris la route en septembre&nbsp;2022 et apporte depuis la joie de la lecture aux enfants de tout le Connecticut. Plus qu\u2019une simple biblioth\u00e8que mobile, le bibliobus cr\u00e9e un espace attrayant et interactif o\u00f9 les enfants peuvent choisir un livre \u00e0 conserver, se d\u00e9tendre sur nos bancs confortables ou se r\u00e9unir sur notre grand tapis douillet pour une lecture \u00e0 voix haute. Bien que notre programmation soit principalement con\u00e7ue pour les enfants de 0 \u00e0 7&nbsp;ans, nous acceptons parfois les visites d\u2019enfants plus \u00e2g\u00e9s en fonction des demandes sp\u00e9cifiques et des besoins de la communaut\u00e9. Vous souhaitez que le bibliobus visite votre communaut\u00e9&nbsp;? Si vous souhaitez que le bibliobus se rende dans votre communaut\u00e9, veuillez remplir le formulaire de demande de bibliobus. Bien que nous ne soyons pas en mesure de r\u00e9pondre \u00e0 toutes les demandes, nous vous contacterons dans tous les cas. Pour toute question, contactez-nous \u00e0 l\u2019adresse bookmobile@readtogrow.org. Formulaire de demande de bibliobus Acc\u00e9der au formulaire Apporter des livres aux communaut\u00e9s du Connecticut Le bibliobus est disponible pour se rendre dans n\u2019importe quel comt\u00e9 ou communaut\u00e9 du Connecticut, avec un accent particulier sur les zones mal desservies. Notre objectif est de rendre les livres et les exp\u00e9riences d\u2019alphab\u00e9tisation accessibles \u00e0 tous les enfants, peu importe o\u00f9 ils vivent.<\/p>\n","protected":false},"author":2,"featured_media":0,"parent":0,"menu_order":0,"comment_status":"closed","ping_status":"closed","template":"","meta":{"footnotes":""},"class_list":["post-17855","page","type-page","status-publish","hentry"],"_links":{"self":[{"href":"https:\/\/readtogrow.org\/fr\/wp-json\/wp\/v2\/pages\/17855","targetHints":{"allow":["GET"]}}],"collection":[{"href":"https:\/\/readtogrow.org\/fr\/wp-json\/wp\/v2\/pages"}],"about":[{"href":"https:\/\/readtogrow.org\/fr\/wp-json\/wp\/v2\/types\/page"}],"author":[{"embeddable":true,"href":"https:\/\/readtogrow.org\/fr\/wp-json\/wp\/v2\/users\/2"}],"replies":[{"embeddable":true,"href":"https:\/\/readtogrow.org\/fr\/wp-json\/wp\/v2\/comments?post=17855"}],"version-history":[{"count":4,"href":"https:\/\/readtogrow.org\/fr\/wp-json\/wp\/v2\/pages\/17855\/revisions"}],"predecessor-version":[{"id":17873,"href":"https:\/\/readtogrow.org\/fr\/wp-json\/wp\/v2\/pages\/17855\/revisions\/17873"}],"wp:attachment":[{"href":"https:\/\/readtogrow.org\/fr\/wp-json\/wp\/v2\/media?parent=17855"}],"curies":[{"name":"wp","href":"https:\/\/api.w.org\/{rel}","templated":true}]}}