{"id":18093,"date":"2025-09-16T17:01:47","date_gmt":"2025-09-16T21:01:47","guid":{"rendered":"https:\/\/readtogrow.org\/benevole\/"},"modified":"2025-09-16T17:01:55","modified_gmt":"2025-09-16T21:01:55","slug":"benevole","status":"publish","type":"page","link":"https:\/\/readtogrow.org\/fr\/benevole\/","title":{"rendered":"B\u00e9n\u00e9vole"},"content":{"rendered":"\t\t<div data-elementor-type=\"wp-page\" data-elementor-id=\"18093\" class=\"elementor elementor-18093 elementor-12845\" data-elementor-post-type=\"page\">\n\t\t\t\t<div class=\"elementor-element elementor-element-24234775 page-header e-flex e-con-boxed wpr-particle-no wpr-jarallax-no wpr-parallax-no wpr-sticky-section-no wpr-equal-height-no e-con e-parent\" data-id=\"24234775\" data-element_type=\"container\" data-e-type=\"container\" id=\"page-header\" data-settings=\"{&quot;background_background&quot;:&quot;classic&quot;}\">\n\t\t\t\t\t<div class=\"e-con-inner\">\n\t\t\t\t<div class=\"elementor-element elementor-element-18f098c0 elementor-widget elementor-widget-text-editor\" data-id=\"18f098c0\" data-element_type=\"widget\" data-e-type=\"widget\" data-widget_type=\"text-editor.default\">\n\t\t\t\t<div class=\"elementor-widget-container\">\n\t\t\t\t\t\t\t\t\t<h1>Devenez b\u00e9n\u00e9vole aupr\u00e8s de Read to Grow<\/h1>\t\t\t\t\t\t\t\t<\/div>\n\t\t\t\t<\/div>\n\t\t\t\t\t<\/div>\n\t\t\t\t<\/div>\n\t\t<div class=\"elementor-element elementor-element-7e780054 hero-section e-flex e-con-boxed wpr-particle-no wpr-jarallax-no wpr-parallax-no wpr-sticky-section-no wpr-equal-height-no e-con e-parent\" data-id=\"7e780054\" data-element_type=\"container\" data-e-type=\"container\" data-settings=\"{&quot;background_background&quot;:&quot;classic&quot;}\">\n\t\t\t\t\t<div class=\"e-con-inner\">\n\t\t<div class=\"elementor-element elementor-element-29f9c98f e-con-full intro e-flex wpr-particle-no wpr-jarallax-no wpr-parallax-no wpr-sticky-section-no wpr-equal-height-no e-con e-child\" data-id=\"29f9c98f\" data-element_type=\"container\" data-e-type=\"container\" data-settings=\"{&quot;background_background&quot;:&quot;classic&quot;}\">\n\t\t\t\t<div class=\"elementor-element elementor-element-2da1dd79 elementor-widget elementor-widget-text-editor\" data-id=\"2da1dd79\" data-element_type=\"widget\" data-e-type=\"widget\" data-widget_type=\"text-editor.default\">\n\t\t\t\t<div class=\"elementor-widget-container\">\n\t\t\t\t\t\t\t\t\t<h2>Aidez-nous \u00e0 offrir \u00e0 chaque enfant le cadeau de l\u2019alphab\u00e9tisation<\/h2><p>Chez Read to Grow, les b\u00e9n\u00e9voles sont au c\u0153ur de notre mission. Qu\u2019il s\u2019agisse d\u2019assembler des trousses d\u2019alphab\u00e9tisation pour les nouveaux parents ou de placer des livres entre les mains des enfants dans tout le Connecticut, nos b\u00e9n\u00e9voles rendent tout cela possible. Nous sommes profond\u00e9ment reconnaissants de votre temps, de votre \u00e9nergie et de votre d\u00e9vouement&nbsp;: nous ne pourrions vraiment pas y arriver sans vous.  <\/p>\t\t\t\t\t\t\t\t<\/div>\n\t\t\t\t<\/div>\n\t\t\t\t<\/div>\n\t\t<div class=\"elementor-element elementor-element-162415ea e-con-full e-flex wpr-particle-no wpr-jarallax-no wpr-parallax-no wpr-sticky-section-no wpr-equal-height-no e-con e-child\" data-id=\"162415ea\" data-element_type=\"container\" data-e-type=\"container\" data-settings=\"{&quot;background_background&quot;:&quot;classic&quot;}\">\n\t\t\t\t<\/div>\n\t\t\t\t\t<\/div>\n\t\t\t\t<\/div>\n\t\t<div class=\"elementor-element elementor-element-5ccece46 e-flex e-con-boxed wpr-particle-no wpr-jarallax-no wpr-parallax-no wpr-sticky-section-no wpr-equal-height-no e-con e-parent\" data-id=\"5ccece46\" data-element_type=\"container\" data-e-type=\"container\">\n\t\t\t\t\t<div class=\"e-con-inner\">\n\t\t<div class=\"elementor-element elementor-element-780ec8a4 e-flex e-con-boxed wpr-particle-no wpr-jarallax-no wpr-parallax-no wpr-sticky-section-no wpr-equal-height-no e-con e-child\" data-id=\"780ec8a4\" data-element_type=\"container\" data-e-type=\"container\" data-settings=\"{&quot;background_background&quot;:&quot;classic&quot;}\">\n\t\t\t\t\t<div class=\"e-con-inner\">\n\t\t\t\t<div class=\"elementor-element elementor-element-5d8c98af elementor-widget elementor-widget-text-editor\" data-id=\"5d8c98af\" data-element_type=\"widget\" data-e-type=\"widget\" data-widget_type=\"text-editor.default\">\n\t\t\t\t<div class=\"elementor-widget-container\">\n\t\t\t\t\t\t\t\t\t<p data-start=\"76\" data-end=\"423\">Bien que les occasions de b\u00e9n\u00e9volat chez Read to Grow ne se pr\u00e9sentent pas tous les jours, lorsqu\u2019elles se pr\u00e9sentent, elles sont toujours significatives et profond\u00e9ment enrichissantes. Que vous assembliez des trousses d\u2019alphab\u00e9tisation pour les nouveaux parents ou que vous aidiez \u00e0 distribuer des livres lors d\u2019\u00e9v\u00e9nements communautaires, chaque instant que vous donnez contribue \u00e0 mettre des histoires et des sourires entre les mains des enfants qui en ont le plus besoin. <\/p><h3>Pr\u00eat(e) \u00e0 commencer&nbsp;?<\/h3><p data-start=\"425\" data-end=\"662\">Si vous souhaitez partager votre temps et vos talents, veuillez remplir le formulaire ci-dessous pour \u00eatre ajout\u00e9(e) \u00e0 notre liste de b\u00e9n\u00e9voles. Nous vous contacterons d\u00e8s que des occasions se pr\u00e9senteront, afin que vous puissiez vous lancer et faire une diff\u00e9rence au bon moment. <\/p><p data-start=\"664\" data-end=\"815\">Du tri des livres au soutien des \u00e9v\u00e9nements en passant par un coup de main au bureau, vos contributions comptent vraiment pour les enfants et les familles de tout le Connecticut.<\/p><p data-start=\"817\" data-end=\"937\">Si vous avez des questions avant de soumettre votre candidature, n\u2019h\u00e9sitez pas \u00e0 nous appeler au 203.488.6800.<\/p><p data-start=\"939\" data-end=\"1013\"><strong>Nous sommes tr\u00e8s heureux de votre int\u00e9r\u00eat \u00e0 rejoindre notre famille Read to Grow&nbsp;!<\/strong><\/p>\t\t\t\t\t\t\t\t<\/div>\n\t\t\t\t<\/div>\n\t\t\t\t<div class=\"elementor-element elementor-element-0260527 elementor-align-center elementor-widget elementor-widget-button\" data-id=\"0260527\" data-element_type=\"widget\" data-e-type=\"widget\" data-widget_type=\"button.default\">\n\t\t\t\t<div class=\"elementor-widget-container\">\n\t\t\t\t\t\t\t\t\t<div class=\"elementor-button-wrapper\">\n\t\t\t\t\t<a class=\"elementor-button elementor-button-link elementor-size-sm\" href=\"https:\/\/cxl.474.myftpupload.com\/fr\/candidature-de-benevolat\/\">\n\t\t\t\t\t\t<span class=\"elementor-button-content-wrapper\">\n\t\t\t\t\t\t\t\t\t<span class=\"elementor-button-text\">Soumettre une demande de b\u00e9n\u00e9volat<\/span>\n\t\t\t\t\t<\/span>\n\t\t\t\t\t<\/a>\n\t\t\t\t<\/div>\n\t\t\t\t\t\t\t\t<\/div>\n\t\t\t\t<\/div>\n\t\t\t\t\t<\/div>\n\t\t\t\t<\/div>\n\t\t\t\t\t<\/div>\n\t\t\t\t<\/div>\n\t\t<div class=\"elementor-element elementor-element-4bbe800f e-flex e-con-boxed wpr-particle-no wpr-jarallax-no wpr-parallax-no wpr-sticky-section-no wpr-equal-height-no e-con e-child\" data-id=\"4bbe800f\" data-element_type=\"container\" data-e-type=\"container\" data-settings=\"{&quot;background_background&quot;:&quot;classic&quot;}\">\n\t\t\t\t\t<div class=\"e-con-inner\">\n\t\t<div class=\"elementor-element elementor-element-6dd6bdd e-flex e-con-boxed wpr-particle-no wpr-jarallax-no wpr-parallax-no wpr-sticky-section-no wpr-equal-height-no e-con e-child\" data-id=\"6dd6bdd\" data-element_type=\"container\" data-e-type=\"container\" data-settings=\"{&quot;background_background&quot;:&quot;classic&quot;}\">\n\t\t\t\t\t<div class=\"e-con-inner\">\n\t\t\t\t<div class=\"elementor-element elementor-element-6922f6a9 elementor-widget elementor-widget-heading\" data-id=\"6922f6a9\" data-element_type=\"widget\" data-e-type=\"widget\" data-widget_type=\"heading.default\">\n\t\t\t\t<div class=\"elementor-widget-container\">\n\t\t\t\t\t<h2 class=\"elementor-heading-title elementor-size-default\">Possibilit\u00e9s de b\u00e9n\u00e9volat<\/h2>\t\t\t\t<\/div>\n\t\t\t\t<\/div>\n\t\t\t\t<div class=\"elementor-element elementor-element-45a91058 elementor-widget elementor-widget-text-editor\" data-id=\"45a91058\" data-element_type=\"widget\" data-e-type=\"widget\" data-widget_type=\"text-editor.default\">\n\t\t\t\t<div class=\"elementor-widget-container\">\n\t\t\t\t\t\t\t\t\t<p>Read to Grow touche les familles t\u00f4t et souvent gr\u00e2ce \u00e0 un ensemble de programmes interconnect\u00e9s :<\/p>\t\t\t\t\t\t\t\t<\/div>\n\t\t\t\t<\/div>\n\t\t<div class=\"elementor-element elementor-element-6811a356 e-flex e-con-boxed wpr-particle-no wpr-jarallax-no wpr-parallax-no wpr-sticky-section-no wpr-equal-height-no e-con e-child\" data-id=\"6811a356\" data-element_type=\"container\" data-e-type=\"container\">\n\t\t\t\t\t<div class=\"e-con-inner\">\n\t\t<div class=\"elementor-element elementor-element-14201101 e-con-full e-flex wpr-particle-no wpr-jarallax-no wpr-parallax-no wpr-sticky-section-no wpr-equal-height-no e-con e-child\" data-id=\"14201101\" data-element_type=\"container\" data-e-type=\"container\">\n\t\t\t\t<div class=\"elementor-element elementor-element-b91e2a4 elementor-widget elementor-widget-heading\" data-id=\"b91e2a4\" data-element_type=\"widget\" data-e-type=\"widget\" data-widget_type=\"heading.default\">\n\t\t\t\t<div class=\"elementor-widget-container\">\n\t\t\t\t\t<h4 class=\"elementor-heading-title elementor-size-default\">Des livres pour les b\u00e9b\u00e9s<\/h4>\t\t\t\t<\/div>\n\t\t\t\t<\/div>\n\t\t\t\t<div class=\"elementor-element elementor-element-7973d544 elementor-widget elementor-widget-text-editor\" data-id=\"7973d544\" data-element_type=\"widget\" data-e-type=\"widget\" data-widget_type=\"text-editor.default\">\n\t\t\t\t<div class=\"elementor-widget-container\">\n\t\t\t\t\t\t\t\t\t<ul><li>Assembler des trousses d\u2019alphab\u00e9tisation<\/li><li>Saisie de donn\u00e9es et envois postaux<\/li><li>Visiter les familles dans nos h\u00f4pitaux partenaires<\/li><\/ul>\t\t\t\t\t\t\t\t<\/div>\n\t\t\t\t<\/div>\n\t\t\t\t<\/div>\n\t\t<div class=\"elementor-element elementor-element-4b4165b9 e-con-full e-flex wpr-particle-no wpr-jarallax-no wpr-parallax-no wpr-sticky-section-no wpr-equal-height-no e-con e-child\" data-id=\"4b4165b9\" data-element_type=\"container\" data-e-type=\"container\">\n\t\t\t\t<div class=\"elementor-element elementor-element-454bd97d elementor-widget elementor-widget-heading\" data-id=\"454bd97d\" data-element_type=\"widget\" data-e-type=\"widget\" data-widget_type=\"heading.default\">\n\t\t\t\t<div class=\"elementor-widget-container\">\n\t\t\t\t\t<h4 class=\"elementor-heading-title elementor-size-default\">Des livres pour les enfants<\/h4>\t\t\t\t<\/div>\n\t\t\t\t<\/div>\n\t\t\t\t<div class=\"elementor-element elementor-element-13ffc25a elementor-widget elementor-widget-text-editor\" data-id=\"13ffc25a\" data-element_type=\"widget\" data-e-type=\"widget\" data-widget_type=\"text-editor.default\">\n\t\t\t\t<div class=\"elementor-widget-container\">\n\t\t\t\t\t\t\t\t\t<ul><li>Trier et organiser les livres donn\u00e9s<\/li><li>Assembler les demandes de livres<\/li><li>Organiser une collecte de livres<\/li><\/ul>\t\t\t\t\t\t\t\t<\/div>\n\t\t\t\t<\/div>\n\t\t\t\t<\/div>\n\t\t<div class=\"elementor-element elementor-element-2070ed35 e-con-full e-flex wpr-particle-no wpr-jarallax-no wpr-parallax-no wpr-sticky-section-no wpr-equal-height-no e-con e-child\" data-id=\"2070ed35\" data-element_type=\"container\" data-e-type=\"container\">\n\t\t\t\t<div class=\"elementor-element elementor-element-290a41d9 elementor-widget elementor-widget-heading\" data-id=\"290a41d9\" data-element_type=\"widget\" data-e-type=\"widget\" data-widget_type=\"heading.default\">\n\t\t\t\t<div class=\"elementor-widget-container\">\n\t\t\t\t\t<h4 class=\"elementor-heading-title elementor-size-default\">Bibliobus\/\u00c9v\u00e9nements sp\u00e9ciaux<\/h4>\t\t\t\t<\/div>\n\t\t\t\t<\/div>\n\t\t\t\t<div class=\"elementor-element elementor-element-3225b43f elementor-widget elementor-widget-text-editor\" data-id=\"3225b43f\" data-element_type=\"widget\" data-e-type=\"widget\" data-widget_type=\"text-editor.default\">\n\t\t\t\t<div class=\"elementor-widget-container\">\n\t\t\t\t\t\t\t\t\t<ul><li>Interagir avec nos familles sur place<\/li><li>Avoir une attitude amicale<\/li><li>T\u00e2ches l\u00e9g\u00e8res de levage et op\u00e9rationnelles<\/li><\/ul>\t\t\t\t\t\t\t\t<\/div>\n\t\t\t\t<\/div>\n\t\t\t\t<\/div>\n\t\t\t\t\t<\/div>\n\t\t\t\t<\/div>\n\t\t\t\t\t<\/div>\n\t\t\t\t<\/div>\n\t\t\t\t\t<\/div>\n\t\t\t\t<\/div>\n\t\t\t\t<\/div>\n\t\t","protected":false},"excerpt":{"rendered":"<p>Devenez b\u00e9n\u00e9vole aupr\u00e8s de Read to Grow Aidez-nous \u00e0 offrir \u00e0 chaque enfant le cadeau de l\u2019alphab\u00e9tisation Chez Read to Grow, les b\u00e9n\u00e9voles sont au c\u0153ur de notre mission. Qu\u2019il s\u2019agisse d\u2019assembler des trousses d\u2019alphab\u00e9tisation pour les nouveaux parents ou de placer des livres entre les mains des enfants dans tout le Connecticut, nos b\u00e9n\u00e9voles rendent tout cela possible. Nous sommes profond\u00e9ment reconnaissants de votre temps, de votre \u00e9nergie et de votre d\u00e9vouement&nbsp;: nous ne pourrions vraiment pas y arriver sans vous. Bien que les occasions de b\u00e9n\u00e9volat chez Read to Grow ne se pr\u00e9sentent pas tous les jours, lorsqu\u2019elles se pr\u00e9sentent, elles sont toujours significatives et profond\u00e9ment enrichissantes. Que vous assembliez des trousses d\u2019alphab\u00e9tisation pour les nouveaux parents ou que vous aidiez \u00e0 distribuer des livres lors d\u2019\u00e9v\u00e9nements communautaires, chaque instant que vous donnez contribue \u00e0 mettre des histoires et des sourires entre les mains des enfants qui en ont le plus besoin. Pr\u00eat(e) \u00e0 commencer&nbsp;? Si vous souhaitez partager votre temps et vos talents, veuillez remplir le formulaire ci-dessous pour \u00eatre ajout\u00e9(e) \u00e0 notre liste de b\u00e9n\u00e9voles. Nous vous contacterons d\u00e8s que des occasions se pr\u00e9senteront, afin que vous puissiez vous lancer et faire une diff\u00e9rence au bon moment. Du tri des livres au soutien des \u00e9v\u00e9nements en passant par un coup de main au bureau, vos contributions comptent vraiment pour les enfants et les familles de tout le Connecticut. Si vous avez des questions avant de soumettre votre candidature, n\u2019h\u00e9sitez pas \u00e0 nous appeler au 203.488.6800. Nous sommes tr\u00e8s heureux de votre int\u00e9r\u00eat \u00e0 rejoindre notre famille Read to Grow&nbsp;! Soumettre une demande de b\u00e9n\u00e9volat Possibilit\u00e9s de b\u00e9n\u00e9volat Read to Grow touche les familles t\u00f4t et souvent gr\u00e2ce \u00e0 un ensemble de programmes interconnect\u00e9s : Des livres pour les b\u00e9b\u00e9s Assembler des trousses d\u2019alphab\u00e9tisation Saisie de donn\u00e9es et envois postaux Visiter les familles dans nos h\u00f4pitaux partenaires Des livres pour les enfants Trier et organiser les livres donn\u00e9s Assembler les demandes de livres Organiser une collecte de livres Bibliobus\/\u00c9v\u00e9nements sp\u00e9ciaux Interagir avec nos familles sur place Avoir une attitude amicale T\u00e2ches l\u00e9g\u00e8res de levage et op\u00e9rationnelles<\/p>\n","protected":false},"author":2,"featured_media":0,"parent":0,"menu_order":0,"comment_status":"closed","ping_status":"closed","template":"","meta":{"footnotes":""},"class_list":["post-18093","page","type-page","status-publish","hentry"],"_links":{"self":[{"href":"https:\/\/readtogrow.org\/fr\/wp-json\/wp\/v2\/pages\/18093","targetHints":{"allow":["GET"]}}],"collection":[{"href":"https:\/\/readtogrow.org\/fr\/wp-json\/wp\/v2\/pages"}],"about":[{"href":"https:\/\/readtogrow.org\/fr\/wp-json\/wp\/v2\/types\/page"}],"author":[{"embeddable":true,"href":"https:\/\/readtogrow.org\/fr\/wp-json\/wp\/v2\/users\/2"}],"replies":[{"embeddable":true,"href":"https:\/\/readtogrow.org\/fr\/wp-json\/wp\/v2\/comments?post=18093"}],"version-history":[{"count":2,"href":"https:\/\/readtogrow.org\/fr\/wp-json\/wp\/v2\/pages\/18093\/revisions"}],"predecessor-version":[{"id":18100,"href":"https:\/\/readtogrow.org\/fr\/wp-json\/wp\/v2\/pages\/18093\/revisions\/18100"}],"wp:attachment":[{"href":"https:\/\/readtogrow.org\/fr\/wp-json\/wp\/v2\/media?parent=18093"}],"curies":[{"name":"wp","href":"https:\/\/api.w.org\/{rel}","templated":true}]}}