{"id":18135,"date":"2025-09-16T17:01:58","date_gmt":"2025-09-16T21:01:58","guid":{"rendered":"https:\/\/readtogrow.org\/obtenir-des-livres\/"},"modified":"2025-09-16T17:07:53","modified_gmt":"2025-09-16T21:07:53","slug":"obtenir-des-livres","status":"publish","type":"page","link":"https:\/\/readtogrow.org\/fr\/obtenir-des-livres\/","title":{"rendered":"Obtenir des livres"},"content":{"rendered":"\t\t<div data-elementor-type=\"wp-page\" data-elementor-id=\"18135\" class=\"elementor elementor-18135 elementor-12638\" data-elementor-post-type=\"page\">\n\t\t\t\t<div class=\"elementor-element elementor-element-737c0c6d page-header e-flex e-con-boxed wpr-particle-no wpr-jarallax-no wpr-parallax-no wpr-sticky-section-no wpr-equal-height-no e-con e-parent\" data-id=\"737c0c6d\" data-element_type=\"container\" data-e-type=\"container\" id=\"page-header\" data-settings=\"{&quot;background_background&quot;:&quot;classic&quot;}\">\n\t\t\t\t\t<div class=\"e-con-inner\">\n\t\t\t\t<div class=\"elementor-element elementor-element-3ac96992 elementor-widget elementor-widget-text-editor\" data-id=\"3ac96992\" data-element_type=\"widget\" data-e-type=\"widget\" data-widget_type=\"text-editor.default\">\n\t\t\t\t<div class=\"elementor-widget-container\">\n\t\t\t\t\t\t\t\t\t<h1>Obtenir des livres<\/h1>\t\t\t\t\t\t\t\t<\/div>\n\t\t\t\t<\/div>\n\t\t\t\t\t<\/div>\n\t\t\t\t<\/div>\n\t\t<div class=\"elementor-element elementor-element-8c58516 hero-section e-flex e-con-boxed wpr-particle-no wpr-jarallax-no wpr-parallax-no wpr-sticky-section-no wpr-equal-height-no e-con e-parent\" data-id=\"8c58516\" data-element_type=\"container\" data-e-type=\"container\" data-settings=\"{&quot;background_background&quot;:&quot;classic&quot;}\">\n\t\t\t\t\t<div class=\"e-con-inner\">\n\t\t<div class=\"elementor-element elementor-element-2d6fdc5e e-con-full e-flex wpr-particle-no wpr-jarallax-no wpr-parallax-no wpr-sticky-section-no wpr-equal-height-no e-con e-child\" data-id=\"2d6fdc5e\" data-element_type=\"container\" data-e-type=\"container\" data-settings=\"{&quot;background_background&quot;:&quot;classic&quot;}\">\n\t\t\t\t<div class=\"elementor-element elementor-element-4879288e intro elementor-widget elementor-widget-text-editor\" data-id=\"4879288e\" data-element_type=\"widget\" data-e-type=\"widget\" data-widget_type=\"text-editor.default\">\n\t\t\t\t<div class=\"elementor-widget-container\">\n\t\t\t\t\t\t\t\t\t<p>Chez Read to Grow, nous pensons que chaque enfant m\u00e9rite d&rsquo;avoir acc\u00e8s \u00e0 des livres, d\u00e8s la naissance et tout au long de la petite enfance et au-del\u00e0. Gr\u00e2ce \u00e0 notre programme Livres pour enfants et au bibliobus Read to Grow, nous permettons aux familles, aux \u00e9ducateurs et aux organismes communautaires d&rsquo;obtenir facilement des livres pour enfants gratuits et de qualit\u00e9. <\/p>\t\t\t\t\t\t\t\t<\/div>\n\t\t\t\t<\/div>\n\t\t\t\t<\/div>\n\t\t<div class=\"elementor-element elementor-element-27e8a597 e-con-full e-flex wpr-particle-no wpr-jarallax-no wpr-parallax-no wpr-sticky-section-no wpr-equal-height-no e-con e-child\" data-id=\"27e8a597\" data-element_type=\"container\" data-e-type=\"container\" data-settings=\"{&quot;background_background&quot;:&quot;classic&quot;}\">\n\t\t\t\t<\/div>\n\t\t\t\t\t<\/div>\n\t\t\t\t<\/div>\n\t\t<div class=\"elementor-element elementor-element-2d1e8e9a e-flex e-con-boxed wpr-particle-no wpr-jarallax-no wpr-parallax-no wpr-sticky-section-no wpr-equal-height-no e-con e-parent\" data-id=\"2d1e8e9a\" data-element_type=\"container\" data-e-type=\"container\" data-settings=\"{&quot;background_background&quot;:&quot;classic&quot;}\">\n\t\t\t\t\t<div class=\"e-con-inner\">\n\t\t<div class=\"elementor-element elementor-element-a130836 e-flex e-con-boxed wpr-particle-no wpr-jarallax-no wpr-parallax-no wpr-sticky-section-no wpr-equal-height-no e-con e-child\" data-id=\"a130836\" data-element_type=\"container\" data-e-type=\"container\" data-settings=\"{&quot;background_background&quot;:&quot;classic&quot;}\">\n\t\t\t\t\t<div class=\"e-con-inner\">\n\t\t<div class=\"elementor-element elementor-element-be712dd e-con-full e-flex wpr-particle-no wpr-jarallax-no wpr-parallax-no wpr-sticky-section-no wpr-equal-height-no e-con e-child\" data-id=\"be712dd\" data-element_type=\"container\" data-e-type=\"container\">\n\t\t\t\t<div class=\"elementor-element elementor-element-09f23b3 elementor-widget elementor-widget-image\" data-id=\"09f23b3\" data-element_type=\"widget\" data-e-type=\"widget\" data-widget_type=\"image.default\">\n\t\t\t\t<div class=\"elementor-widget-container\">\n\t\t\t\t\t\t\t\t\t\t\t\t\t\t\t<img fetchpriority=\"high\" decoding=\"async\" width=\"1500\" height=\"1000\" src=\"https:\/\/readtogrow.org\/wp-content\/uploads\/ESSS-Coordinator-Cherese.webp\" class=\"attachment-full size-full wp-image-14741\" alt=\"\" srcset=\"https:\/\/readtogrow.org\/wp-content\/uploads\/ESSS-Coordinator-Cherese.webp 1500w, https:\/\/readtogrow.org\/wp-content\/uploads\/ESSS-Coordinator-Cherese-300x200.webp 300w, https:\/\/readtogrow.org\/wp-content\/uploads\/ESSS-Coordinator-Cherese-1030x687.webp 1030w, https:\/\/readtogrow.org\/wp-content\/uploads\/ESSS-Coordinator-Cherese-768x512.webp 768w\" sizes=\"(max-width: 1500px) 100vw, 1500px\" \/>\t\t\t\t\t\t\t\t\t\t\t\t\t\t\t<\/div>\n\t\t\t\t<\/div>\n\t\t\t\t<\/div>\n\t\t<div class=\"elementor-element elementor-element-c8a4d0b e-con-full e-flex wpr-particle-no wpr-jarallax-no wpr-parallax-no wpr-sticky-section-no wpr-equal-height-no e-con e-child\" data-id=\"c8a4d0b\" data-element_type=\"container\" data-e-type=\"container\">\n\t\t\t\t<div class=\"elementor-element elementor-element-75a54164 elementor-widget elementor-widget-text-editor\" data-id=\"75a54164\" data-element_type=\"widget\" data-e-type=\"widget\" data-widget_type=\"text-editor.default\">\n\t\t\t\t<div class=\"elementor-widget-container\">\n\t\t\t\t\t\t\t\t\t<h2>Moyens d&rsquo;obtenir des livres<\/h2><p><strong><a href=\"https:\/\/cxl.474.myftpupload.com\/fr\/formulaire-de-demande-de-livres-pour-la-famille\/\">Pour les familles et les particuliers<\/a>&nbsp;:<\/strong> Que vous soyez parent, tuteur ou enfant, vous pouvez demander des livres gratuits pour les biblioth\u00e8ques familiales gr\u00e2ce \u00e0 notre programme Livres pour enfants.<\/p><p><strong><a href=\"https:\/\/cxl.474.myftpupload.com\/fr\/formulaire-de-demande-de-livres-pour-le-programme\/\">Pour les organisations et les \u00e9coles<\/a>&nbsp;:<\/strong> Nous collaborons avec les garderies, les \u00e9coles et les organismes communautaires pour fournir des dons de livres en gros qui soutiennent les efforts d&rsquo;alphab\u00e9tisation dans tout le Connecticut.<\/p><p><strong><a href=\"https:\/\/cxl.474.myftpupload.com\/fr\/bibliobus\/\">Bibliobus Read to Grow<\/a>&nbsp;:<\/strong> Notre bibliobus apporte des livres directement aux quartiers, aux \u00e9coles et aux \u00e9v\u00e9nements communautaires dans tout le Connecticut, offrant aux enfants la possibilit\u00e9 de choisir leurs propres livres gratuits.<\/p>\t\t\t\t\t\t\t\t<\/div>\n\t\t\t\t<\/div>\n\t\t\t\t<\/div>\n\t\t\t\t\t<\/div>\n\t\t\t\t<\/div>\n\t\t\t\t\t<\/div>\n\t\t\t\t<\/div>\n\t\t\t\t<\/div>\n\t\t","protected":false},"excerpt":{"rendered":"<p>Obtenir des livres Chez Read to Grow, nous pensons que chaque enfant m\u00e9rite d&rsquo;avoir acc\u00e8s \u00e0 des livres, d\u00e8s la naissance et tout au long de la petite enfance et au-del\u00e0. Gr\u00e2ce \u00e0 notre programme Livres pour enfants et au bibliobus Read to Grow, nous permettons aux familles, aux \u00e9ducateurs et aux organismes communautaires d&rsquo;obtenir facilement des livres pour enfants gratuits et de qualit\u00e9. Moyens d&rsquo;obtenir des livres Pour les familles et les particuliers&nbsp;: Que vous soyez parent, tuteur ou enfant, vous pouvez demander des livres gratuits pour les biblioth\u00e8ques familiales gr\u00e2ce \u00e0 notre programme Livres pour enfants. Pour les organisations et les \u00e9coles&nbsp;: Nous collaborons avec les garderies, les \u00e9coles et les organismes communautaires pour fournir des dons de livres en gros qui soutiennent les efforts d&rsquo;alphab\u00e9tisation dans tout le Connecticut. Bibliobus Read to Grow&nbsp;: Notre bibliobus apporte des livres directement aux quartiers, aux \u00e9coles et aux \u00e9v\u00e9nements communautaires dans tout le Connecticut, offrant aux enfants la possibilit\u00e9 de choisir leurs propres livres gratuits.<\/p>\n","protected":false},"author":2,"featured_media":0,"parent":0,"menu_order":0,"comment_status":"closed","ping_status":"closed","template":"","meta":{"footnotes":""},"class_list":["post-18135","page","type-page","status-publish","hentry"],"_links":{"self":[{"href":"https:\/\/readtogrow.org\/fr\/wp-json\/wp\/v2\/pages\/18135","targetHints":{"allow":["GET"]}}],"collection":[{"href":"https:\/\/readtogrow.org\/fr\/wp-json\/wp\/v2\/pages"}],"about":[{"href":"https:\/\/readtogrow.org\/fr\/wp-json\/wp\/v2\/types\/page"}],"author":[{"embeddable":true,"href":"https:\/\/readtogrow.org\/fr\/wp-json\/wp\/v2\/users\/2"}],"replies":[{"embeddable":true,"href":"https:\/\/readtogrow.org\/fr\/wp-json\/wp\/v2\/comments?post=18135"}],"version-history":[{"count":2,"href":"https:\/\/readtogrow.org\/fr\/wp-json\/wp\/v2\/pages\/18135\/revisions"}],"predecessor-version":[{"id":18601,"href":"https:\/\/readtogrow.org\/fr\/wp-json\/wp\/v2\/pages\/18135\/revisions\/18601"}],"wp:attachment":[{"href":"https:\/\/readtogrow.org\/fr\/wp-json\/wp\/v2\/media?parent=18135"}],"curies":[{"name":"wp","href":"https:\/\/api.w.org\/{rel}","templated":true}]}}