{"id":18595,"date":"2025-09-16T17:07:38","date_gmt":"2025-09-16T21:07:38","guid":{"rendered":"https:\/\/readtogrow.org\/notre-conseil-dadministration\/"},"modified":"2025-09-24T15:37:52","modified_gmt":"2025-09-24T19:37:52","slug":"notre-conseil-dadministration","status":"publish","type":"page","link":"https:\/\/readtogrow.org\/fr\/notre-conseil-dadministration\/","title":{"rendered":"Notre conseil d&rsquo;administration"},"content":{"rendered":"\t\t<div data-elementor-type=\"wp-page\" data-elementor-id=\"18595\" class=\"elementor elementor-18595 elementor-6989\" data-elementor-post-type=\"page\">\n\t\t\t\t<div class=\"elementor-element elementor-element-46260b5c page-header e-flex e-con-boxed wpr-particle-no wpr-jarallax-no wpr-parallax-no wpr-sticky-section-no wpr-equal-height-no e-con e-parent\" data-id=\"46260b5c\" data-element_type=\"container\" data-e-type=\"container\" id=\"page-header\">\n\t\t\t\t\t<div class=\"e-con-inner\">\n\t\t\t\t<div class=\"elementor-element elementor-element-3df86055 elementor-widget elementor-widget-text-editor\" data-id=\"3df86055\" data-element_type=\"widget\" data-e-type=\"widget\" data-widget_type=\"text-editor.default\">\n\t\t\t\t<div class=\"elementor-widget-container\">\n\t\t\t\t\t\t\t\t\t<h1>Notre conseil d&rsquo;administration<\/h1>\t\t\t\t\t\t\t\t<\/div>\n\t\t\t\t<\/div>\n\t\t\t\t\t<\/div>\n\t\t\t\t<\/div>\n\t\t<div class=\"elementor-element elementor-element-1325fce7 e-flex e-con-boxed wpr-particle-no wpr-jarallax-no wpr-parallax-no wpr-sticky-section-no wpr-equal-height-no e-con e-parent\" data-id=\"1325fce7\" data-element_type=\"container\" data-e-type=\"container\">\n\t\t\t\t\t<div class=\"e-con-inner\">\n\t\t<div class=\"elementor-element elementor-element-3ae567c4 e-flex e-con-boxed wpr-particle-no wpr-jarallax-no wpr-parallax-no wpr-sticky-section-no wpr-equal-height-no e-con e-child\" data-id=\"3ae567c4\" data-element_type=\"container\" data-e-type=\"container\" data-settings=\"{&quot;background_background&quot;:&quot;classic&quot;}\">\n\t\t\t\t\t<div class=\"e-con-inner\">\n\t\t\t\t<div class=\"elementor-element elementor-element-384971bc narrow board elementor-widget elementor-widget-text-editor\" data-id=\"384971bc\" data-element_type=\"widget\" data-e-type=\"widget\" data-widget_type=\"text-editor.default\">\n\t\t\t\t<div class=\"elementor-widget-container\">\n\t\t\t\t\t\t\t\t\t<h4>Monette Ferguson, ph.d., pr\u00e9sidente<\/h4><p>Directrice ex\u00e9cutive, Alliance pour l&rsquo;autonomisation communautaire<\/p><h4>Carla M. Horwitz, Ed.D., vice-pr\u00e9sidente<\/h4><p>Charg\u00e9e de cours, Yale Child Study Center &amp; Department of Psychology&nbsp;;<br>Directrice \u00e9m\u00e9rite, Calvin Hill Day Care Center &amp; Kitty Lustman-Findling Kindergarten<\/p><h4>Jane Lee, m.B.a., tr\u00e9sori\u00e8re<\/h4><p>Coach\/consultante en d\u00e9veloppement \u00e9conomique, all our Kin, new Haven<\/p><h4>Jennifer Groves fusco, j.d., secr\u00e9taire<\/h4><p>Directrice, Updike, Kelly &amp; Spellacy, P.C., New Haven<\/p><h4>Barbara Clerkin, R.N., M.P.H.  <\/h4><p>Retrait\u00e9, \u00c9cole de m\u00e9decine de l&rsquo;UCLA, D\u00e9partement de chirurgie  <\/p><h4>Katherine kohari, m.D.<\/h4><p>Yale maternal fetal medicine, new Haven<\/p><h4>Shabnam lainwala, m.D., ph.d.<\/h4><p>Directrice du programme r\u00e9gional de suivi du d\u00e9veloppement neurologique n\u00e9onatal, connecticut children&rsquo;s, Hartford<\/p><h4>Nick Lebron<\/h4><p>Catholic charities, coordinateur r\u00e9gional et responsable de l&rsquo;\u00e9cole communautaire, Hartford<\/p><h4>Lisa maass<\/h4><p>Pr\u00e9sidente, Citizens Bank CT, New Haven<\/p><h4>Irene peluso<\/h4><p>Ressources humaines, viking global investors, greenwich<\/p><h4>Kymberlee powe<\/h4><p>Consultante pour enfants et jeunes adultes, connecticut state library, Middletown<\/p><h4>Anna reiter<\/h4><p>Directrice de campagne, g\u00e9ologue<\/p><h4>John toscano, c.P.a.<\/h4><p>Directeur, Clifton, Larson, Allen, LLP, West Hartford<\/p><h4>Roxanne J. Coady, fondatrice et administratrice \u00e9m\u00e9rite<\/h4><p>Pr\u00e9sidente et propri\u00e9taire, r. J. Julia booksellers<\/p>\t\t\t\t\t\t\t\t<\/div>\n\t\t\t\t<\/div>\n\t\t\t\t\t<\/div>\n\t\t\t\t<\/div>\n\t\t\t\t\t<\/div>\n\t\t\t\t<\/div>\n\t\t\t\t<\/div>\n\t\t","protected":false},"excerpt":{"rendered":"<p>Notre conseil d&rsquo;administration Monette Ferguson, ph.d., pr\u00e9sidente Directrice ex\u00e9cutive, Alliance pour l&rsquo;autonomisation communautaire Carla M. Horwitz, Ed.D., vice-pr\u00e9sidente Charg\u00e9e de cours, Yale Child Study Center &amp; Department of Psychology&nbsp;;Directrice \u00e9m\u00e9rite, Calvin Hill Day Care Center &amp; Kitty Lustman-Findling Kindergarten Jane Lee, m.B.a., tr\u00e9sori\u00e8re Coach\/consultante en d\u00e9veloppement \u00e9conomique, all our Kin, new Haven Jennifer Groves fusco, j.d., secr\u00e9taire Directrice, Updike, Kelly &amp; Spellacy, P.C., New Haven Barbara Clerkin, R.N., M.P.H. Retrait\u00e9, \u00c9cole de m\u00e9decine de l&rsquo;UCLA, D\u00e9partement de chirurgie Katherine kohari, m.D. Yale maternal fetal medicine, new Haven Shabnam lainwala, m.D., ph.d. Directrice du programme r\u00e9gional de suivi du d\u00e9veloppement neurologique n\u00e9onatal, connecticut children&rsquo;s, Hartford Nick Lebron Catholic charities, coordinateur r\u00e9gional et responsable de l&rsquo;\u00e9cole communautaire, Hartford Lisa maass Pr\u00e9sidente, Citizens Bank CT, New Haven Irene peluso Ressources humaines, viking global investors, greenwich Kymberlee powe Consultante pour enfants et jeunes adultes, connecticut state library, Middletown Anna reiter Directrice de campagne, g\u00e9ologue John toscano, c.P.a. Directeur, Clifton, Larson, Allen, LLP, West Hartford Roxanne J. Coady, fondatrice et administratrice \u00e9m\u00e9rite Pr\u00e9sidente et propri\u00e9taire, r. J. Julia booksellers<\/p>\n","protected":false},"author":2,"featured_media":0,"parent":0,"menu_order":0,"comment_status":"closed","ping_status":"closed","template":"","meta":{"footnotes":""},"class_list":["post-18595","page","type-page","status-publish","hentry"],"_links":{"self":[{"href":"https:\/\/readtogrow.org\/fr\/wp-json\/wp\/v2\/pages\/18595","targetHints":{"allow":["GET"]}}],"collection":[{"href":"https:\/\/readtogrow.org\/fr\/wp-json\/wp\/v2\/pages"}],"about":[{"href":"https:\/\/readtogrow.org\/fr\/wp-json\/wp\/v2\/types\/page"}],"author":[{"embeddable":true,"href":"https:\/\/readtogrow.org\/fr\/wp-json\/wp\/v2\/users\/2"}],"replies":[{"embeddable":true,"href":"https:\/\/readtogrow.org\/fr\/wp-json\/wp\/v2\/comments?post=18595"}],"version-history":[{"count":2,"href":"https:\/\/readtogrow.org\/fr\/wp-json\/wp\/v2\/pages\/18595\/revisions"}],"predecessor-version":[{"id":19559,"href":"https:\/\/readtogrow.org\/fr\/wp-json\/wp\/v2\/pages\/18595\/revisions\/19559"}],"wp:attachment":[{"href":"https:\/\/readtogrow.org\/fr\/wp-json\/wp\/v2\/media?parent=18595"}],"curies":[{"name":"wp","href":"https:\/\/api.w.org\/{rel}","templated":true}]}}