{"id":17612,"date":"2025-09-16T16:57:33","date_gmt":"2025-09-16T20:57:33","guid":{"rendered":"https:\/\/readtogrow.org\/contacta-nos\/"},"modified":"2025-09-16T16:57:39","modified_gmt":"2025-09-16T20:57:39","slug":"contacta-nos","status":"publish","type":"page","link":"https:\/\/readtogrow.org\/pt-pt\/contacta-nos\/","title":{"rendered":"Contacta-nos"},"content":{"rendered":"\t\t<div data-elementor-type=\"wp-page\" data-elementor-id=\"17612\" class=\"elementor elementor-17612 elementor-22\" data-elementor-post-type=\"page\">\n\t\t\t\t<div class=\"elementor-element elementor-element-177b5e5d page-header e-flex e-con-boxed wpr-particle-no wpr-jarallax-no wpr-parallax-no wpr-sticky-section-no wpr-equal-height-no e-con e-parent\" data-id=\"177b5e5d\" data-element_type=\"container\" data-e-type=\"container\" id=\"page-header\">\n\t\t\t\t\t<div class=\"e-con-inner\">\n\t\t\t\t<div class=\"elementor-element elementor-element-a3c5c7e elementor-widget elementor-widget-text-editor\" data-id=\"a3c5c7e\" data-element_type=\"widget\" data-e-type=\"widget\" data-widget_type=\"text-editor.default\">\n\t\t\t\t<div class=\"elementor-widget-container\">\n\t\t\t\t\t\t\t\t\t<h1>Contacta-nos<\/h1>\t\t\t\t\t\t\t\t<\/div>\n\t\t\t\t<\/div>\n\t\t\t\t\t<\/div>\n\t\t\t\t<\/div>\n\t\t<div class=\"elementor-element elementor-element-71066224 e-flex e-con-boxed wpr-particle-no wpr-jarallax-no wpr-parallax-no wpr-sticky-section-no wpr-equal-height-no e-con e-parent\" data-id=\"71066224\" data-element_type=\"container\" data-e-type=\"container\">\n\t\t\t\t\t<div class=\"e-con-inner\">\n\t\t<div class=\"elementor-element elementor-element-1ae5ff1a e-flex e-con-boxed wpr-particle-no wpr-jarallax-no wpr-parallax-no wpr-sticky-section-no wpr-equal-height-no e-con e-child\" data-id=\"1ae5ff1a\" data-element_type=\"container\" data-e-type=\"container\" data-settings=\"{&quot;background_background&quot;:&quot;classic&quot;}\">\n\t\t\t\t\t<div class=\"e-con-inner\">\n\t\t\t\t<div class=\"elementor-element elementor-element-508e5aff elementor-widget elementor-widget-text-editor\" data-id=\"508e5aff\" data-element_type=\"widget\" data-e-type=\"widget\" data-widget_type=\"text-editor.default\">\n\t\t\t\t<div class=\"elementor-widget-container\">\n\t\t\t\t\t\t\t\t\t<h5>Escrit\u00f3rio \/ armaz\u00e9m<\/h5><p>Read to Grow, Inc.<br>53 School Ground Road, Unit 3<br>Branford, CT 06405<\/p><p>Tel: 203.488.6800<\/p><p>Fax: 203.488.7735<\/p><p>Email: <a href=\"mailto:readtogrow@readtogrow.org\">readtogrow@readtogrow.org<\/a><\/p><h5> <\/h5><h5>Hor\u00e1rio regular<\/h5><p>A equipa est\u00e1 no escrit\u00f3rio das 9h \u00e0s 17h, de segunda a sexta-feira.<\/p>\t\t\t\t\t\t\t\t<\/div>\n\t\t\t\t<\/div>\n\t\t\t\t\t<\/div>\n\t\t\t\t<\/div>\n\t\t\t\t\t<\/div>\n\t\t\t\t<\/div>\n\t\t\t\t<\/div>\n\t\t","protected":false},"excerpt":{"rendered":"<p>Contacta-nos Escrit\u00f3rio \/ armaz\u00e9m Read to Grow, Inc.53 School Ground Road, Unit 3Branford, CT 06405 Tel: 203.488.6800 Fax: 203.488.7735 Email: readtogrow@readtogrow.org Hor\u00e1rio regular A equipa est\u00e1 no escrit\u00f3rio das 9h \u00e0s 17h, de segunda a sexta-feira.<\/p>\n","protected":false},"author":2,"featured_media":0,"parent":0,"menu_order":0,"comment_status":"closed","ping_status":"closed","template":"","meta":{"footnotes":""},"class_list":["post-17612","page","type-page","status-publish","hentry"],"_links":{"self":[{"href":"https:\/\/readtogrow.org\/pt-pt\/wp-json\/wp\/v2\/pages\/17612","targetHints":{"allow":["GET"]}}],"collection":[{"href":"https:\/\/readtogrow.org\/pt-pt\/wp-json\/wp\/v2\/pages"}],"about":[{"href":"https:\/\/readtogrow.org\/pt-pt\/wp-json\/wp\/v2\/types\/page"}],"author":[{"embeddable":true,"href":"https:\/\/readtogrow.org\/pt-pt\/wp-json\/wp\/v2\/users\/2"}],"replies":[{"embeddable":true,"href":"https:\/\/readtogrow.org\/pt-pt\/wp-json\/wp\/v2\/comments?post=17612"}],"version-history":[{"count":1,"href":"https:\/\/readtogrow.org\/pt-pt\/wp-json\/wp\/v2\/pages\/17612\/revisions"}],"predecessor-version":[{"id":17614,"href":"https:\/\/readtogrow.org\/pt-pt\/wp-json\/wp\/v2\/pages\/17612\/revisions\/17614"}],"wp:attachment":[{"href":"https:\/\/readtogrow.org\/pt-pt\/wp-json\/wp\/v2\/media?parent=17612"}],"curies":[{"name":"wp","href":"https:\/\/api.w.org\/{rel}","templated":true}]}}