{"id":17628,"date":"2025-09-16T16:58:26","date_gmt":"2025-09-16T20:58:26","guid":{"rendered":"https:\/\/readtogrow.org\/termos-e-condicoes\/"},"modified":"2025-09-16T16:58:28","modified_gmt":"2025-09-16T20:58:28","slug":"termos-e-condicoes","status":"publish","type":"page","link":"https:\/\/readtogrow.org\/pt-pt\/termos-e-condicoes\/","title":{"rendered":"Termos e condi\u00e7\u00f5es"},"content":{"rendered":"\t\t<div data-elementor-type=\"wp-page\" data-elementor-id=\"17628\" class=\"elementor elementor-17628 elementor-6268\" data-elementor-post-type=\"page\">\n\t\t\t\t<div class=\"elementor-element elementor-element-ec42a6b page-header e-flex e-con-boxed wpr-particle-no wpr-jarallax-no wpr-parallax-no wpr-sticky-section-no wpr-equal-height-no e-con e-parent\" data-id=\"ec42a6b\" data-element_type=\"container\" data-e-type=\"container\" id=\"page-header\">\n\t\t\t\t\t<div class=\"e-con-inner\">\n\t\t\t\t<div class=\"elementor-element elementor-element-5c254fc elementor-widget elementor-widget-text-editor\" data-id=\"5c254fc\" data-element_type=\"widget\" data-e-type=\"widget\" data-widget_type=\"text-editor.default\">\n\t\t\t\t<div class=\"elementor-widget-container\">\n\t\t\t\t\t\t\t\t\t<h1>Termos e condi\u00e7\u00f5es<\/h1>\t\t\t\t\t\t\t\t<\/div>\n\t\t\t\t<\/div>\n\t\t\t\t\t<\/div>\n\t\t\t\t<\/div>\n\t\t<div class=\"elementor-element elementor-element-6f83f5ce e-flex e-con-boxed wpr-particle-no wpr-jarallax-no wpr-parallax-no wpr-sticky-section-no wpr-equal-height-no e-con e-parent\" data-id=\"6f83f5ce\" data-element_type=\"container\" data-e-type=\"container\">\n\t\t\t\t\t<div class=\"e-con-inner\">\n\t\t\t\t<div class=\"elementor-element elementor-element-b82592b elementor-widget elementor-widget-text-editor\" data-id=\"b82592b\" data-element_type=\"widget\" data-e-type=\"widget\" data-widget_type=\"text-editor.default\">\n\t\t\t\t<div class=\"elementor-widget-container\">\n\t\t\t\t\t\t\t\t\t<p><span style=\"letter-spacing: 0.32px; font-size: 1rem;\">Ao visitar este website (https:\/\/readtogrow.org) (este \u201csite\u201d ou \u201cwebsite\u201d), e\/ou utilizar, visualizar, aceder ou de outra forma usar qualquer informa\u00e7\u00e3o criada, recolhida, compilada, submetida ou fornecida por ou dentro deste site, concorda em ficar vinculado por estes Termos e condi\u00e7\u00f5es. Se n\u00e3o quiser ficar vinculado por este Acordo, a sua \u00fanica op\u00e7\u00e3o \u00e9 n\u00e3o visitar, visualizar ou de outra forma usar este site. Compreende, concorda e reconhece que este Acordo constitui um acordo legalmente vinculativo entre si e a Read to Grow (a \u201c[Empresa]\u201d), e que o seu uso deste site indicar\u00e1 a sua aceita\u00e7\u00e3o conclusiva destes Termos e condi\u00e7\u00f5es.  <\/span><\/p><p>A informa\u00e7\u00e3o neste website destina-se apenas a apresentar a Read to Grow e os seus produtos e servi\u00e7os. \u00c9 fornecida numa base \u201ctal como est\u00e1\u201d e sem qualquer responsabilidade, incluindo particularmente (mas n\u00e3o limitado a) responsabilidade quanto ao estado atualizado, integridade ou corre\u00e7\u00e3o da informa\u00e7\u00e3o ou qualquer responsabilidade pela comercializa\u00e7\u00e3o dos produtos, sua adequa\u00e7\u00e3o a qualquer prop\u00f3sito espec\u00edfico, ou a viola\u00e7\u00e3o de direitos de terceiros. Toda a responsabilidade ou obriga\u00e7\u00e3o por quaisquer danos causados por v\u00edrus contidos em qualquer ficheiro eletr\u00f3nico acessado ou descarregado deste site \u00e9 declinada. A INFORMA\u00c7\u00c3O DO OU ATRAV\u00c9S DO SITE \u00c9 FORNECIDA &#8220;TAL COMO EST\u00c1&#8221;, &#8220;TAL COMO DISPON\u00cdVEL&#8221;, E TODAS AS GARANTIAS, EXPRESSAS OU IMPL\u00cdCITAS, S\u00c3O DECLINADAS (INCLUINDO MAS N\u00c3O LIMITADO \u00c0 DECLINA\u00c7\u00c3O DE QUALQUER GARANTIA IMPL\u00cdCITA DE COMERCIALIZA\u00c7\u00c3O E ADEQUA\u00c7\u00c3O A UM PROP\u00d3SITO ESPEC\u00cdFICO). O SITE E A INFORMA\u00c7\u00c3O NELE CONTIDA PODEM CONTER ERROS, PROBLEMAS OU OUTRAS LIMITA\u00c7\u00d5ES. A READ TO GROW E AS PARTES AFILIADAS N\u00c3O T\u00caM QUALQUER RESPONSABILIDADE PELO SEU USO DE QUALQUER INFORMA\u00c7\u00c3O. EM PARTICULAR, MAS N\u00c3O COMO UMA LIMITA\u00c7\u00c3O DISSO, A READ TO GROW E AS PARTES AFILIADAS N\u00c3O S\u00c3O RESPONS\u00c1VEIS POR QUAISQUER DANOS INDIRETOS, ESPECIAIS, INCIDENTAIS OU CONSEQUENCIAIS (INCLUINDO DANOS POR PERDA DE NEG\u00d3CIOS, PERDA DE LUCROS, LIT\u00cdGIO, OU SEMELHANTES), SEJA BASEADO EM VIOLA\u00c7\u00c3O DE CONTRATO, VIOLA\u00c7\u00c3O DE GARANTIA, DELITO (INCLUINDO NEGLIG\u00caNCIA) OU OUTRO, MESMO QUE AVISADO DA POSSIBILIDADE DE TAIS DANOS. ESTE SITE E A INFORMA\u00c7\u00c3O NELE CONTIDA N\u00c3O SERIAM FORNECIDOS SEM TAIS LIMITA\u00c7\u00d5ES. NENHUM CONSELHO OU INFORMA\u00c7\u00c3O, SEJA ORAL OU ESCRITA, OBTIDA POR SI DA READ TO GROW ATRAV\u00c9S DO SITE CRIAR\u00c1 QUALQUER GARANTIA, REPRESENTA\u00c7\u00c3O OU GARANTIA.        <\/p><p>A Read to Grow recomenda verificar qualquer informa\u00e7\u00e3o obtida deste website antes de a utilizar. Os utilizadores deste website concordam em aceder ao website e ao seu conte\u00fado por sua pr\u00f3pria conta e risco. A Read to Grow n\u00e3o ser\u00e1 respons\u00e1vel por quaisquer danos incorridos em conex\u00e3o com o uso deste website. Este site cont\u00e9m informa\u00e7\u00f5es e comunicados de imprensa sobre a Read to Grow. Embora esta informa\u00e7\u00e3o fosse considerada precisa na data em que foi preparada, a Read to Grow declina qualquer dever ou obriga\u00e7\u00e3o de atualizar esta informa\u00e7\u00e3o ou qualquer comunicado de imprensa. Informa\u00e7\u00e3o sobre empresas que n\u00e3o sejam a Read to Grow contida em qualquer comunicado de imprensa ou de outra forma, n\u00e3o deve ser considerada como fornecida ou endossada pela Read to Grow.     <\/p><p>Este website cont\u00e9m links e refer\u00eancias a websites fornecidos por terceiros, bem como a websites de diferentes unidades de neg\u00f3cios da Read to Grow. A Read to Grow n\u00e3o verificou, investigou, monitorizou ou verificou a informa\u00e7\u00e3o fornecida em qualquer website de terceiros, ou a integridade ou precis\u00e3o da mesma. Os links s\u00e3o fornecidos apenas para conveni\u00eancia do utilizador e n\u00e3o constituem uma aprova\u00e7\u00e3o ou patroc\u00ednio por parte da Read to Grow quanto ao seu conte\u00fado, precis\u00e3o, opini\u00f5es ou de outra forma. A Read to Grow n\u00e3o ser\u00e1 respons\u00e1vel pela disponibilidade e conte\u00fado de tais websites de terceiros ou por qualquer dano ou les\u00e3o resultante do uso dos mesmos. Links para websites de terceiros s\u00e3o marcados como &#8220;link externo&#8221; (Nota: Esta fun\u00e7\u00e3o n\u00e3o se aplica se aceder ao website com um dispositivo m\u00f3vel). A inclus\u00e3o de qualquer website ligado n\u00e3o implica aprova\u00e7\u00e3o ou endosso do website ligado pela Read to Grow. Se decidir sair do website da Read to Grow e aceder a estes sites de terceiros, f\u00e1-lo por sua pr\u00f3pria conta e risco.      <\/p><p style=\"font-weight: bold;\">Direitos de autor e direitos de propriedade intelectual<\/p><p>O conte\u00fado deste website, em particular todos os textos, imagens, gr\u00e1ficos, log\u00f3tipos, grava\u00e7\u00f5es de webcam, som, v\u00eddeo e ficheiros animados, bem como a sua disposi\u00e7\u00e3o, informa\u00e7\u00e3o, dados, software, designs, \u00edcones, organiza\u00e7\u00e3o, compila\u00e7\u00f5es, tradu\u00e7\u00f5es magn\u00e9ticas, convers\u00f5es digitais e outros assuntos, em todas as formas, relacionados com o website (doravante \u201cConte\u00fado\u201d), est\u00e3o sujeitos a leis de direitos de autor e marcas registadas, e outras leis que protegem a propriedade intelectual. A Read to Grow reserva-se o direito, a seu exclusivo crit\u00e9rio, de editar ou eliminar qualquer documento, informa\u00e7\u00e3o ou outro Conte\u00fado que apare\u00e7a no website. <\/p><p>O Conte\u00fado n\u00e3o pode ser copiado, disseminado e\/ou modificado para fins comerciais ou para distribui\u00e7\u00e3o. O uso do Conte\u00fado em outros websites \u00e9 proibido. Os direitos sobre o Conte\u00fado podem, em casos individuais, ser detidos por terceiros (ou seja, autores, editores, fot\u00f3grafos). A visualiza\u00e7\u00e3o, impress\u00e3o ou descarregamento de qualquer Conte\u00fado, gr\u00e1fico, formul\u00e1rio ou documento do website concede-lhe apenas uma licen\u00e7a limitada e n\u00e3o exclusiva para uso exclusivamente por si para seu uso pessoal, e n\u00e3o para republica\u00e7\u00e3o, distribui\u00e7\u00e3o, atribui\u00e7\u00e3o, sublicenciamento, venda, prepara\u00e7\u00e3o de obras derivadas ou outro uso. Nenhuma parte de qualquer Conte\u00fado, formul\u00e1rio ou documento pode ser reproduzida em qualquer forma ou incorporada em qualquer sistema de recupera\u00e7\u00e3o de informa\u00e7\u00e3o, eletr\u00f3nico ou mec\u00e2nico, al\u00e9m do seu uso interno (mas n\u00e3o para revenda ou redistribui\u00e7\u00e3o). Usos impr\u00f3prios ou fraudulentos ser\u00e3o processados na m\u00e1xima extens\u00e3o da lei. Sem limitar a generalidade do exposto, a c\u00f3pia, redistribui\u00e7\u00e3o, armazenamento, uso ou publica\u00e7\u00e3o por si de qualquer tal Conte\u00fado ou qualquer parte do website est\u00e1 sujeita ao U.S. Copyright Act de 1976, T\u00edtulo 17 do C\u00f3digo dos Estados Unidos, e estritamente proibida. A publica\u00e7\u00e3o de Conte\u00fado no website n\u00e3o constitui uma ren\u00fancia da Read to Grow a quaisquer direitos sobre tal Conte\u00fado.       <\/p><p>Este website n\u00e3o concede qualquer direito de uso a direitos de propriedade intelectual, como marcas registadas e patentes. Tal uso, incluindo sem limita\u00e7\u00e3o uso comercial, \u00e9 explicitamente proibido e constitui uma viola\u00e7\u00e3o dos estatutos vigentes. N\u00e3o adquire direitos de propriedade sobre qualquer Conte\u00fado, documento ou outros materiais visualizados atrav\u00e9s do website.  <\/p><p>A menos que marcado de outra forma ou de qualquer outra forma identific\u00e1vel, todas as marcas e log\u00f3tipos mencionados ou usados neste website s\u00e3o marcas registadas legalmente protegidas da Read to Grow. Isto aplica-se particularmente ao nome comercial e marca registada \u201cRead to Grow\u2122.\u201d <\/p><p>Os hiperliga\u00e7\u00f5es s\u00f3 podem ser configuradas neste website ap\u00f3s receber consentimento pr\u00e9vio da Read to Grow. Para obter tal consentimento, por favor consulte a pessoa de contacto para este website nomeada na \u201cInforma\u00e7\u00e3o da Empresa.\u201d <\/p><p style=\"font-weight: bold;\">Diversos<\/p><ol><li>Jurisdic\u00e7\u00e3o; Local. Este site (excluindo quaisquer websites ligados) \u00e9 controlado pela Read to Grow a partir dos seus escrit\u00f3rios no Estado de Connecticut, Estados Unidos da Am\u00e9rica. Este site pode ser acedido a partir de todos os 50 estados, bem como de outros pa\u00edses ao redor do mundo. Como cada um destes lugares tem leis que podem diferir das de Connecticut, ao aceder a este site, concorda que os estatutos e leis do Estado de Connecticut, sem considerar os princ\u00edpios de conflitos de leis, se aplicar\u00e3o a todas as quest\u00f5es relacionadas com o uso deste site. Tamb\u00e9m concorda que, no caso de a Read to Grow iniciar uma a\u00e7\u00e3o legal no Estado de Connecticut, submete-se \u00e0 jurisdi\u00e7\u00e3o pessoal exclusiva e ao local do Tribunal Superior de Hartford, CT, e do Tribunal Distrital dos Estados Unidos para o Distrito de Connecticut em rela\u00e7\u00e3o a tais quest\u00f5es.    <\/li><li>Altera\u00e7\u00e3o nos Termos. A Read to Grow reserva-se o direito de modificar estes Termos e condi\u00e7\u00f5es de tempos a tempos a seu exclusivo crit\u00e9rio e sem qualquer aviso. As altera\u00e7\u00f5es a estes Termos e condi\u00e7\u00f5es tornar-se-\u00e3o efetivas na data em que forem publicadas e o seu uso continuado deste site ap\u00f3s quaisquer tais altera\u00e7\u00f5es significar\u00e1 o seu acordo em ficar vinculado por elas.  <\/li><li>Outros. A linguagem nestes Termos e condi\u00e7\u00f5es deve ser interpretada de acordo com o seu significado justo e n\u00e3o estritamente contra a Read to Grow, n\u00e3o obstante que a Read to Grow os tenha preparado. Caso qualquer parte destes Termos e condi\u00e7\u00f5es seja considerada inv\u00e1lida ou inexequ\u00edvel, essa parte deve ser interpretada de forma consistente com a lei aplic\u00e1vel e as partes restantes devem permanecer em pleno vigor e efeito. Estes Termos e condi\u00e7\u00f5es constituem o \u00fanico e \u00fanico acordo entre as partes e substituem quaisquer e todos os acordos, representa\u00e7\u00f5es, garantias e entendimentos anteriores ou contempor\u00e2neos com respeito a este site, os Conte\u00fados e o assunto destes Termos e condi\u00e7\u00f5es. Na medida em que qualquer coisa em ou associada a este site esteja em conflito ou inconsistente com estes Termos e condi\u00e7\u00f5es, estes Termos e condi\u00e7\u00f5es devem prevalecer. A falha da Read to Grow em aplicar qualquer disposi\u00e7\u00e3o destes Termos e condi\u00e7\u00f5es n\u00e3o ser\u00e1 considerada uma ren\u00fancia de tal disposi\u00e7\u00e3o nem do direito de aplicar tal disposi\u00e7\u00e3o. Estes Termos e condi\u00e7\u00f5es ser\u00e3o vinculativos para, e reverter\u00e3o em benef\u00edcio das partes, suas empresas afiliadas, subsidi\u00e1rias, sucessores, herdeiros e cession\u00e1rios.      <\/li><\/ol><p>\u00a9 2 de maio de 2016<\/p>\t\t\t\t\t\t\t\t<\/div>\n\t\t\t\t<\/div>\n\t\t\t\t\t<\/div>\n\t\t\t\t<\/div>\n\t\t\t\t<\/div>\n\t\t","protected":false},"excerpt":{"rendered":"<p>Termos e condi\u00e7\u00f5es Ao visitar este website (https:\/\/readtogrow.org) (este \u201csite\u201d ou \u201cwebsite\u201d), e\/ou utilizar, visualizar, aceder ou de outra forma usar qualquer informa\u00e7\u00e3o criada, recolhida, compilada, submetida ou fornecida por ou dentro deste site, concorda em ficar vinculado por estes Termos e condi\u00e7\u00f5es. Se n\u00e3o quiser ficar vinculado por este Acordo, a sua \u00fanica op\u00e7\u00e3o \u00e9 n\u00e3o visitar, visualizar ou de outra forma usar este site. Compreende, concorda e reconhece que este Acordo constitui um acordo legalmente vinculativo entre si e a Read to Grow (a \u201c[Empresa]\u201d), e que o seu uso deste site indicar\u00e1 a sua aceita\u00e7\u00e3o conclusiva destes Termos e condi\u00e7\u00f5es. A informa\u00e7\u00e3o neste website destina-se apenas a apresentar a Read to Grow e os seus produtos e servi\u00e7os. \u00c9 fornecida numa base \u201ctal como est\u00e1\u201d e sem qualquer responsabilidade, incluindo particularmente (mas n\u00e3o limitado a) responsabilidade quanto ao estado atualizado, integridade ou corre\u00e7\u00e3o da informa\u00e7\u00e3o ou qualquer responsabilidade pela comercializa\u00e7\u00e3o dos produtos, sua adequa\u00e7\u00e3o a qualquer prop\u00f3sito espec\u00edfico, ou a viola\u00e7\u00e3o de direitos de terceiros. Toda a responsabilidade ou obriga\u00e7\u00e3o por quaisquer danos causados por v\u00edrus contidos em qualquer ficheiro eletr\u00f3nico acessado ou descarregado deste site \u00e9 declinada. A INFORMA\u00c7\u00c3O DO OU ATRAV\u00c9S DO SITE \u00c9 FORNECIDA &#8220;TAL COMO EST\u00c1&#8221;, &#8220;TAL COMO DISPON\u00cdVEL&#8221;, E TODAS AS GARANTIAS, EXPRESSAS OU IMPL\u00cdCITAS, S\u00c3O DECLINADAS (INCLUINDO MAS N\u00c3O LIMITADO \u00c0 DECLINA\u00c7\u00c3O DE QUALQUER GARANTIA IMPL\u00cdCITA DE COMERCIALIZA\u00c7\u00c3O E ADEQUA\u00c7\u00c3O A UM PROP\u00d3SITO ESPEC\u00cdFICO). O SITE E A INFORMA\u00c7\u00c3O NELE CONTIDA PODEM CONTER ERROS, PROBLEMAS OU OUTRAS LIMITA\u00c7\u00d5ES. A READ TO GROW E AS PARTES AFILIADAS N\u00c3O T\u00caM QUALQUER RESPONSABILIDADE PELO SEU USO DE QUALQUER INFORMA\u00c7\u00c3O. EM PARTICULAR, MAS N\u00c3O COMO UMA LIMITA\u00c7\u00c3O DISSO, A READ TO GROW E AS PARTES AFILIADAS N\u00c3O S\u00c3O RESPONS\u00c1VEIS POR QUAISQUER DANOS INDIRETOS, ESPECIAIS, INCIDENTAIS OU CONSEQUENCIAIS (INCLUINDO DANOS POR PERDA DE NEG\u00d3CIOS, PERDA DE LUCROS, LIT\u00cdGIO, OU SEMELHANTES), SEJA BASEADO EM VIOLA\u00c7\u00c3O DE CONTRATO, VIOLA\u00c7\u00c3O DE GARANTIA, DELITO (INCLUINDO NEGLIG\u00caNCIA) OU OUTRO, MESMO QUE AVISADO DA POSSIBILIDADE DE TAIS DANOS. ESTE SITE E A INFORMA\u00c7\u00c3O NELE CONTIDA N\u00c3O SERIAM FORNECIDOS SEM TAIS LIMITA\u00c7\u00d5ES. NENHUM CONSELHO OU INFORMA\u00c7\u00c3O, SEJA ORAL OU ESCRITA, OBTIDA POR SI DA READ TO GROW ATRAV\u00c9S DO SITE CRIAR\u00c1 QUALQUER GARANTIA, REPRESENTA\u00c7\u00c3O OU GARANTIA. A Read to Grow recomenda verificar qualquer informa\u00e7\u00e3o obtida deste website antes de a utilizar. Os utilizadores deste website concordam em aceder ao website e ao seu conte\u00fado por sua pr\u00f3pria conta e risco. A Read to Grow n\u00e3o ser\u00e1 respons\u00e1vel por quaisquer danos incorridos em conex\u00e3o com o uso deste website. Este site cont\u00e9m informa\u00e7\u00f5es e comunicados de imprensa sobre a Read to Grow. Embora esta informa\u00e7\u00e3o fosse considerada precisa na data em que foi preparada, a Read to Grow declina qualquer dever ou obriga\u00e7\u00e3o de atualizar esta informa\u00e7\u00e3o ou qualquer comunicado de imprensa. Informa\u00e7\u00e3o sobre empresas que n\u00e3o sejam a Read to Grow contida em qualquer comunicado de imprensa ou de outra forma, n\u00e3o deve ser considerada como fornecida ou endossada pela Read to Grow. Este website cont\u00e9m links e refer\u00eancias a websites fornecidos por terceiros, bem como a websites de diferentes unidades de neg\u00f3cios da Read to Grow. A Read to Grow n\u00e3o verificou, investigou, monitorizou ou verificou a informa\u00e7\u00e3o fornecida em qualquer website de terceiros, ou a integridade ou precis\u00e3o da mesma. Os links s\u00e3o fornecidos apenas para conveni\u00eancia do utilizador e n\u00e3o constituem uma aprova\u00e7\u00e3o ou patroc\u00ednio por parte da Read to Grow quanto ao seu conte\u00fado, precis\u00e3o, opini\u00f5es ou de outra forma. A Read to Grow n\u00e3o ser\u00e1 respons\u00e1vel pela disponibilidade e conte\u00fado de tais websites de terceiros ou por qualquer dano ou les\u00e3o resultante do uso dos mesmos. Links para websites de terceiros s\u00e3o marcados como &#8220;link externo&#8221; (Nota: Esta fun\u00e7\u00e3o n\u00e3o se aplica se aceder ao website com um dispositivo m\u00f3vel). A inclus\u00e3o de qualquer website ligado n\u00e3o implica aprova\u00e7\u00e3o ou endosso do website ligado pela Read to Grow. Se decidir sair do website da Read to Grow e aceder a estes sites de terceiros, f\u00e1-lo por sua pr\u00f3pria conta e risco. Direitos de autor e direitos de propriedade intelectual O conte\u00fado deste website, em particular todos os textos, imagens, gr\u00e1ficos, log\u00f3tipos, grava\u00e7\u00f5es de webcam, som, v\u00eddeo e ficheiros animados, bem como a sua disposi\u00e7\u00e3o, informa\u00e7\u00e3o, dados, software, designs, \u00edcones, organiza\u00e7\u00e3o, compila\u00e7\u00f5es, tradu\u00e7\u00f5es magn\u00e9ticas, convers\u00f5es digitais e outros assuntos, em todas as formas, relacionados com o website (doravante \u201cConte\u00fado\u201d), est\u00e3o sujeitos a leis de direitos de autor e marcas registadas, e outras leis que protegem a propriedade intelectual. A Read to Grow reserva-se o direito, a seu exclusivo crit\u00e9rio, de editar ou eliminar qualquer documento, informa\u00e7\u00e3o ou outro Conte\u00fado que apare\u00e7a no website. O Conte\u00fado n\u00e3o pode ser copiado, disseminado e\/ou modificado para fins comerciais ou para distribui\u00e7\u00e3o. O uso do Conte\u00fado em outros websites \u00e9 proibido. Os direitos sobre o Conte\u00fado podem, em casos individuais, ser detidos por terceiros (ou seja, autores, editores, fot\u00f3grafos). A visualiza\u00e7\u00e3o, impress\u00e3o ou descarregamento de qualquer Conte\u00fado, gr\u00e1fico, formul\u00e1rio ou documento do website concede-lhe apenas uma licen\u00e7a limitada e n\u00e3o exclusiva para uso exclusivamente por si para seu uso pessoal, e n\u00e3o para republica\u00e7\u00e3o, distribui\u00e7\u00e3o, atribui\u00e7\u00e3o, sublicenciamento, venda, prepara\u00e7\u00e3o de obras derivadas ou outro uso. Nenhuma parte de qualquer Conte\u00fado, formul\u00e1rio ou documento pode ser reproduzida em qualquer forma ou incorporada em qualquer sistema de recupera\u00e7\u00e3o de informa\u00e7\u00e3o, eletr\u00f3nico ou mec\u00e2nico, al\u00e9m do seu uso interno (mas n\u00e3o para revenda ou redistribui\u00e7\u00e3o). Usos impr\u00f3prios ou fraudulentos ser\u00e3o processados na m\u00e1xima extens\u00e3o da lei. Sem limitar a generalidade do exposto, a c\u00f3pia, redistribui\u00e7\u00e3o, armazenamento, uso ou publica\u00e7\u00e3o por si de qualquer tal Conte\u00fado ou qualquer parte do website est\u00e1 sujeita ao U.S. Copyright Act de 1976, T\u00edtulo 17 do C\u00f3digo dos Estados Unidos, e estritamente proibida. A publica\u00e7\u00e3o de Conte\u00fado no website n\u00e3o constitui uma ren\u00fancia da Read to Grow a quaisquer direitos sobre tal Conte\u00fado. Este website n\u00e3o concede qualquer direito de uso a direitos de propriedade intelectual, como marcas registadas e patentes. Tal uso, incluindo sem limita\u00e7\u00e3o uso comercial, \u00e9 explicitamente proibido e constitui uma viola\u00e7\u00e3o dos estatutos vigentes. N\u00e3o adquire<\/p>\n","protected":false},"author":2,"featured_media":0,"parent":0,"menu_order":0,"comment_status":"closed","ping_status":"closed","template":"","meta":{"footnotes":""},"class_list":["post-17628","page","type-page","status-publish","hentry"],"_links":{"self":[{"href":"https:\/\/readtogrow.org\/pt-pt\/wp-json\/wp\/v2\/pages\/17628","targetHints":{"allow":["GET"]}}],"collection":[{"href":"https:\/\/readtogrow.org\/pt-pt\/wp-json\/wp\/v2\/pages"}],"about":[{"href":"https:\/\/readtogrow.org\/pt-pt\/wp-json\/wp\/v2\/types\/page"}],"author":[{"embeddable":true,"href":"https:\/\/readtogrow.org\/pt-pt\/wp-json\/wp\/v2\/users\/2"}],"replies":[{"embeddable":true,"href":"https:\/\/readtogrow.org\/pt-pt\/wp-json\/wp\/v2\/comments?post=17628"}],"version-history":[{"count":1,"href":"https:\/\/readtogrow.org\/pt-pt\/wp-json\/wp\/v2\/pages\/17628\/revisions"}],"predecessor-version":[{"id":17629,"href":"https:\/\/readtogrow.org\/pt-pt\/wp-json\/wp\/v2\/pages\/17628\/revisions\/17629"}],"wp:attachment":[{"href":"https:\/\/readtogrow.org\/pt-pt\/wp-json\/wp\/v2\/media?parent=17628"}],"curies":[{"name":"wp","href":"https:\/\/api.w.org\/{rel}","templated":true}]}}