{"id":17639,"date":"2025-09-16T16:58:28","date_gmt":"2025-09-16T20:58:28","guid":{"rendered":"https:\/\/readtogrow.org\/politica-de-privacidade\/"},"modified":"2025-09-16T16:58:28","modified_gmt":"2025-09-16T20:58:28","slug":"politica-de-privacidade","status":"publish","type":"page","link":"https:\/\/readtogrow.org\/pt-pt\/politica-de-privacidade\/","title":{"rendered":"Pol\u00edtica de Privacidade"},"content":{"rendered":"\t\t<div data-elementor-type=\"wp-page\" data-elementor-id=\"17639\" class=\"elementor elementor-17639 elementor-6266\" data-elementor-post-type=\"page\">\n\t\t\t\t<div class=\"elementor-element elementor-element-3029350 page-header e-flex e-con-boxed wpr-particle-no wpr-jarallax-no wpr-parallax-no wpr-sticky-section-no wpr-column-slider-no wpr-equal-height-no e-con e-parent\" data-id=\"3029350\" data-element_type=\"container\" data-e-type=\"container\" id=\"page-header\">\n\t\t\t\t\t<div class=\"e-con-inner\">\n\t\t\t\t<div class=\"elementor-element elementor-element-b6aea72 elementor-widget elementor-widget-text-editor\" data-id=\"b6aea72\" data-element_type=\"widget\" data-e-type=\"widget\" data-widget_type=\"text-editor.default\">\n\t\t\t\t<div class=\"elementor-widget-container\">\n\t\t\t\t\t\t\t\t\t<h1>Pol\u00edtica de Privacidade<\/h1>\t\t\t\t\t\t\t\t<\/div>\n\t\t\t\t<\/div>\n\t\t\t\t\t<\/div>\n\t\t\t\t<\/div>\n\t\t<div class=\"elementor-element elementor-element-322da98f e-flex e-con-boxed wpr-particle-no wpr-jarallax-no wpr-parallax-no wpr-sticky-section-no wpr-column-slider-no wpr-equal-height-no e-con e-parent\" data-id=\"322da98f\" data-element_type=\"container\" data-e-type=\"container\">\n\t\t\t\t\t<div class=\"e-con-inner\">\n\t\t<div class=\"elementor-element elementor-element-39fdf9ed e-flex e-con-boxed wpr-particle-no wpr-jarallax-no wpr-parallax-no wpr-sticky-section-no wpr-column-slider-no wpr-equal-height-no e-con e-child\" data-id=\"39fdf9ed\" data-element_type=\"container\" data-e-type=\"container\" data-settings=\"{&quot;background_background&quot;:&quot;classic&quot;}\">\n\t\t\t\t\t<div class=\"e-con-inner\">\n\t\t\t\t<div class=\"elementor-element elementor-element-7620ab9a elementor-widget elementor-widget-text-editor\" data-id=\"7620ab9a\" data-element_type=\"widget\" data-e-type=\"widget\" data-widget_type=\"text-editor.default\">\n\t\t\t\t<div class=\"elementor-widget-container\">\n\t\t\t\t\t\t\t\t\t<p>Preocupamo-nos com a sua privacidade. Esta pol\u00edtica explica que informa\u00e7\u00f5es recolhemos no nosso s\u00edtio Web, como as utilizamos e como as mantemos seguras. <\/p><h4>O que recolhemos<\/h4><p>Se preencher um formul\u00e1rio, solicitar livros, inscrever-se num programa ou completar um question\u00e1rio no nosso s\u00edtio Web, podemos pedir:<\/p><ul><li>O seu nome<\/li><li>Endere\u00e7o postal<\/li><li>Endere\u00e7o de email<\/li><li>N\u00famero de telefone<\/li><li>Idade ou n\u00edvel escolar do seu filho (se solicitar livros para uma crian\u00e7a)<\/li><li>Nome da sua organiza\u00e7\u00e3o (se solicitar livros para um programa)<\/li><li>Podemos tamb\u00e9m recolher outras informa\u00e7\u00f5es que escolha partilhar connosco atrav\u00e9s do nosso s\u00edtio Web, formul\u00e1rios ou question\u00e1rios.<\/li><\/ul><h4>Como utilizamos as suas informa\u00e7\u00f5es<\/h4><p>Utilizamos estas informa\u00e7\u00f5es para:<\/p><ul><li>Processar e entregar os seus pedidos de livros<\/li><li>Inscrev\u00ea-lo em programas ou eventos<\/li><li>Entrar em contacto consigo se tivermos d\u00favidas sobre o seu formul\u00e1rio ou question\u00e1rio<\/li><li>Melhorar os nossos servi\u00e7os e programas<\/li><li>Manter registos para fins de relat\u00f3rio<\/li><li>Recolhemos apenas o que \u00e9 necess\u00e1rio para fornecer os nossos servi\u00e7os.<\/li><\/ul><h4>O que n\u00e3o fazemos<\/h4><p>N\u00e3o vendemos, alugamos ou trocamos as suas informa\u00e7\u00f5es pessoais. Apenas as partilhamos com funcion\u00e1rios, volunt\u00e1rios ou prestadores de servi\u00e7os de confian\u00e7a, quando necess\u00e1rio, para satisfazer o seu pedido ou fornecer um servi\u00e7o. <\/p><h4>As suas escolhas<\/h4><ul><li>Pode visitar o nosso s\u00edtio Web sem partilhar informa\u00e7\u00f5es pessoais.<\/li><li>Pode escolher inscrever-se ou n\u00e3o nas nossas atualiza\u00e7\u00f5es por email.<\/li><li>Pode pedir-nos para corrigir ou eliminar as suas informa\u00e7\u00f5es a qualquer momento.<\/li><\/ul><h4>Como mantemos a seguran\u00e7a<\/h4><p>Utilizamos medidas de seguran\u00e7a razo\u00e1veis para proteger as suas informa\u00e7\u00f5es contra acesso n\u00e3o autorizado ou uso indevido.<\/p><h4>Contacta-nos<\/h4><p>Se tiver d\u00favidas sobre a nossa pol\u00edtica de privacidade ou sobre como utilizamos as suas informa\u00e7\u00f5es, contacte-nos:<\/p><ul><li><a href=\"mailto:info@readtogrow.org\">info@readtogrow.org<\/a><\/li><li>203.488.6800<\/li><li>53 School Ground Road, Branford, CT 06405<\/li><\/ul>\t\t\t\t\t\t\t\t<\/div>\n\t\t\t\t<\/div>\n\t\t\t\t\t<\/div>\n\t\t\t\t<\/div>\n\t\t\t\t\t<\/div>\n\t\t\t\t<\/div>\n\t\t\t\t<\/div>\n\t\t","protected":false},"excerpt":{"rendered":"<p>Pol\u00edtica de Privacidade Preocupamo-nos com a sua privacidade. Esta pol\u00edtica explica que informa\u00e7\u00f5es recolhemos no nosso s\u00edtio Web, como as utilizamos e como as mantemos seguras. O que recolhemos Se preencher um formul\u00e1rio, solicitar livros, inscrever-se num programa ou completar um question\u00e1rio no nosso s\u00edtio Web, podemos pedir: O seu nome Endere\u00e7o postal Endere\u00e7o de email N\u00famero de telefone Idade ou n\u00edvel escolar do seu filho (se solicitar livros para uma crian\u00e7a) Nome da sua organiza\u00e7\u00e3o (se solicitar livros para um programa) Podemos tamb\u00e9m recolher outras informa\u00e7\u00f5es que escolha partilhar connosco atrav\u00e9s do nosso s\u00edtio Web, formul\u00e1rios ou question\u00e1rios. Como utilizamos as suas informa\u00e7\u00f5es Utilizamos estas informa\u00e7\u00f5es para: Processar e entregar os seus pedidos de livros Inscrev\u00ea-lo em programas ou eventos Entrar em contacto consigo se tivermos d\u00favidas sobre o seu formul\u00e1rio ou question\u00e1rio Melhorar os nossos servi\u00e7os e programas Manter registos para fins de relat\u00f3rio Recolhemos apenas o que \u00e9 necess\u00e1rio para fornecer os nossos servi\u00e7os. O que n\u00e3o fazemos N\u00e3o vendemos, alugamos ou trocamos as suas informa\u00e7\u00f5es pessoais. Apenas as partilhamos com funcion\u00e1rios, volunt\u00e1rios ou prestadores de servi\u00e7os de confian\u00e7a, quando necess\u00e1rio, para satisfazer o seu pedido ou fornecer um servi\u00e7o. As suas escolhas Pode visitar o nosso s\u00edtio Web sem partilhar informa\u00e7\u00f5es pessoais. Pode escolher inscrever-se ou n\u00e3o nas nossas atualiza\u00e7\u00f5es por email. Pode pedir-nos para corrigir ou eliminar as suas informa\u00e7\u00f5es a qualquer momento. Como mantemos a seguran\u00e7a Utilizamos medidas de seguran\u00e7a razo\u00e1veis para proteger as suas informa\u00e7\u00f5es contra acesso n\u00e3o autorizado ou uso indevido. Contacta-nos Se tiver d\u00favidas sobre a nossa pol\u00edtica de privacidade ou sobre como utilizamos as suas informa\u00e7\u00f5es, contacte-nos: info@readtogrow.org 203.488.6800 53 School Ground Road, Branford, CT 06405<\/p>\n","protected":false},"author":2,"featured_media":0,"parent":0,"menu_order":0,"comment_status":"closed","ping_status":"closed","template":"","meta":{"footnotes":""},"class_list":["post-17639","page","type-page","status-publish","hentry"],"_links":{"self":[{"href":"https:\/\/readtogrow.org\/pt-pt\/wp-json\/wp\/v2\/pages\/17639","targetHints":{"allow":["GET"]}}],"collection":[{"href":"https:\/\/readtogrow.org\/pt-pt\/wp-json\/wp\/v2\/pages"}],"about":[{"href":"https:\/\/readtogrow.org\/pt-pt\/wp-json\/wp\/v2\/types\/page"}],"author":[{"embeddable":true,"href":"https:\/\/readtogrow.org\/pt-pt\/wp-json\/wp\/v2\/users\/2"}],"replies":[{"embeddable":true,"href":"https:\/\/readtogrow.org\/pt-pt\/wp-json\/wp\/v2\/comments?post=17639"}],"version-history":[{"count":1,"href":"https:\/\/readtogrow.org\/pt-pt\/wp-json\/wp\/v2\/pages\/17639\/revisions"}],"predecessor-version":[{"id":17640,"href":"https:\/\/readtogrow.org\/pt-pt\/wp-json\/wp\/v2\/pages\/17639\/revisions\/17640"}],"wp:attachment":[{"href":"https:\/\/readtogrow.org\/pt-pt\/wp-json\/wp\/v2\/media?parent=17639"}],"curies":[{"name":"wp","href":"https:\/\/api.w.org\/{rel}","templated":true}]}}