{"id":17650,"date":"2025-09-16T16:58:33","date_gmt":"2025-09-16T20:58:33","guid":{"rendered":"https:\/\/readtogrow.org\/boletins-informativos-e-relatorios-anuais\/"},"modified":"2025-11-13T16:11:30","modified_gmt":"2025-11-13T21:11:30","slug":"boletins-informativos-e-relatorios-anuais","status":"publish","type":"page","link":"https:\/\/readtogrow.org\/pt-pt\/boletins-informativos-e-relatorios-anuais\/","title":{"rendered":"Boletins informativos e relat\u00f3rios anuais"},"content":{"rendered":"\t\t<div data-elementor-type=\"wp-page\" data-elementor-id=\"17650\" class=\"elementor elementor-17650 elementor-220\" data-elementor-post-type=\"page\">\n\t\t\t\t<div class=\"elementor-element elementor-element-31d0f143 page-header e-flex e-con-boxed wpr-particle-no wpr-jarallax-no wpr-parallax-no wpr-sticky-section-no wpr-equal-height-no e-con e-parent\" data-id=\"31d0f143\" data-element_type=\"container\" data-e-type=\"container\" id=\"page-header\">\n\t\t\t\t\t<div class=\"e-con-inner\">\n\t\t\t\t<div class=\"elementor-element elementor-element-7d2bb450 elementor-widget elementor-widget-text-editor\" data-id=\"7d2bb450\" data-element_type=\"widget\" data-e-type=\"widget\" data-widget_type=\"text-editor.default\">\n\t\t\t\t<div class=\"elementor-widget-container\">\n\t\t\t\t\t\t\t\t\t<h1>Boletins informativos e relat\u00f3rios anuais<\/h1>\t\t\t\t\t\t\t\t<\/div>\n\t\t\t\t<\/div>\n\t\t\t\t\t<\/div>\n\t\t\t\t<\/div>\n\t\t<div class=\"elementor-element elementor-element-62610c57 e-flex e-con-boxed wpr-particle-no wpr-jarallax-no wpr-parallax-no wpr-sticky-section-no wpr-equal-height-no e-con e-parent\" data-id=\"62610c57\" data-element_type=\"container\" data-e-type=\"container\">\n\t\t\t\t\t<div class=\"e-con-inner\">\n\t\t<div class=\"elementor-element elementor-element-334bf9e1 e-flex e-con-boxed wpr-particle-no wpr-jarallax-no wpr-parallax-no wpr-sticky-section-no wpr-equal-height-no e-con e-child\" data-id=\"334bf9e1\" data-element_type=\"container\" data-e-type=\"container\" data-settings=\"{&quot;background_background&quot;:&quot;classic&quot;}\">\n\t\t\t\t\t<div class=\"e-con-inner\">\n\t\t<div class=\"elementor-element elementor-element-ff30867 e-con-full e-flex wpr-particle-no wpr-jarallax-no wpr-parallax-no wpr-sticky-section-no wpr-equal-height-no e-con e-child\" data-id=\"ff30867\" data-element_type=\"container\" data-e-type=\"container\">\n\t\t\t\t<div class=\"elementor-element elementor-element-70d0032f elementor-widget elementor-widget-text-editor\" data-id=\"70d0032f\" data-element_type=\"widget\" data-e-type=\"widget\" data-widget_type=\"text-editor.default\">\n\t\t\t\t<div class=\"elementor-widget-container\">\n\t\t\t\t\t\t\t\t\t<h3>Boletins informativos<\/h3><h6><a href=\"\/wp-content\/uploads\/RTG-Newsletter-Fall-2025.pdf\" target=\"_blank\" rel=\"noopener\">Outono 2025 | Volume 26, n.\u00ba 2<\/a><\/h6><h6><a href=\"\/wp-content\/uploads\/RTG-Newsletter-Spring-2025.pdf\" target=\"_blank\" rel=\"noopener\">primavera 2025 | Volume 26, #1<\/a><\/h6><h6><a href=\"\/wp-content\/uploads\/RTG-Newsletter-Fall-2024.pdf\" target=\"_blank\" rel=\"noopener\">outono de 2024 | Volume 25, #2<\/a><\/h6><h6><a href=\"\/wp-content\/uploads\/RTG-Newsletter-Spring-2024.pdf\" target=\"_blank\" rel=\"noopener\">primavera 2024 | Volume 25, #1<\/a><\/h6><h6><a href=\"\/wp-content\/uploads\/RTG-Newsletter-Fall-2023.pdf\" target=\"_blank\" rel=\"noopener\">outono de 2023 | Volume 24, #2<\/a><\/h6><h6><a href=\"\/wp-content\/uploads\/RTG-Newsletter-Spring-2023.pdf\" target=\"_blank\" rel=\"noopener\">primavera 2023 | Volume 24, #1<\/a><\/h6><h6><a href=\"\/wp-content\/uploads\/RTG-Newsletter-Fall-2022.pdf\" target=\"_blank\" rel=\"noopener\">outono de 2022 | Volume 23, #2<\/a><\/h6><h6><a href=\"\/wp-content\/uploads\/RTG-Newsletter-Spring-2022.pdf\" target=\"_blank\" rel=\"noopener\">primavera 2022 | Volume 23, #1<\/a><\/h6><h6><a href=\"\/wp-content\/uploads\/RTG-Newsletter-Fall-2021-3.pdf\" target=\"_blank\" rel=\"noopener\">outono de 2021 | Volume 22, #2<\/a><\/h6><h6><a href=\"\/wp-content\/uploads\/RTG-Newsletter-Spring-2021.pdf\" target=\"_blank\" rel=\"noopener\">primavera 2021 | Volume 22, #1<\/a><\/h6>\t\t\t\t\t\t\t\t<\/div>\n\t\t\t\t<\/div>\n\t\t\t\t<\/div>\n\t\t<div class=\"elementor-element elementor-element-aaa1cfe e-con-full e-flex wpr-particle-no wpr-jarallax-no wpr-parallax-no wpr-sticky-section-no wpr-equal-height-no e-con e-child\" data-id=\"aaa1cfe\" data-element_type=\"container\" data-e-type=\"container\">\n\t\t\t\t<div class=\"elementor-element elementor-element-6e52d27 elementor-widget elementor-widget-text-editor\" data-id=\"6e52d27\" data-element_type=\"widget\" data-e-type=\"widget\" data-widget_type=\"text-editor.default\">\n\t\t\t\t<div class=\"elementor-widget-container\">\n\t\t\t\t\t\t\t\t\t<h3>Relat\u00f3rios anuais<\/h3>\n<h6><a href=\"\/wp-content\/uploads\/RTG-Annual-Report-2025.pdf\" target=\"_blank\" rel=\"noopener\">Relat\u00f3rio anual de 2025<\/a><\/h6>\n<h6><a href=\"\/wp-content\/uploads\/RTG-Annual-Report-2024.pdf\" target=\"_blank\" rel=\"noopener\">Relat\u00f3rio anual 2024<\/a><\/h6>\n<h6><a href=\"\/wp-content\/uploads\/RTG-Annual-Report-2023.pdf\" target=\"_blank\" rel=\"noopener\">Relat\u00f3rio anual 2023<\/a><\/h6>\n<h6><a href=\"\/wp-content\/uploads\/RTG-Annual-Report-2022.pdf\" target=\"_blank\" rel=\"noopener\">Relat\u00f3rio Anual 2022<\/a><\/h6>\n<h6><a href=\"\/wp-content\/uploads\/RTG-Annual-Report-2021-3.pdf\" target=\"_blank\" rel=\"noopener\">Relat\u00f3rio anual 2021<\/a><\/h6>\t\t\t\t\t\t\t\t<\/div>\n\t\t\t\t<\/div>\n\t\t\t\t<\/div>\n\t\t\t\t\t<\/div>\n\t\t\t\t<\/div>\n\t\t\t\t\t<\/div>\n\t\t\t\t<\/div>\n\t\t\t\t<\/div>\n\t\t","protected":false},"excerpt":{"rendered":"<p>Boletins informativos e relat\u00f3rios anuais Boletins informativos Outono 2025 | Volume 26, n.\u00ba 2 primavera 2025 | Volume 26, #1 outono de 2024 | Volume 25, #2 primavera 2024 | Volume 25, #1 outono de 2023 | Volume 24, #2 primavera 2023 | Volume 24, #1 outono de 2022 | Volume 23, #2 primavera 2022 | Volume 23, #1 outono de 2021 | Volume 22, #2 primavera 2021 | Volume 22, #1 Relat\u00f3rios anuais Relat\u00f3rio anual de 2025 Relat\u00f3rio anual 2024 Relat\u00f3rio anual 2023 Relat\u00f3rio Anual 2022 Relat\u00f3rio anual 2021<\/p>\n","protected":false},"author":2,"featured_media":0,"parent":0,"menu_order":0,"comment_status":"closed","ping_status":"closed","template":"","meta":{"footnotes":""},"class_list":["post-17650","page","type-page","status-publish","hentry"],"_links":{"self":[{"href":"https:\/\/readtogrow.org\/pt-pt\/wp-json\/wp\/v2\/pages\/17650","targetHints":{"allow":["GET"]}}],"collection":[{"href":"https:\/\/readtogrow.org\/pt-pt\/wp-json\/wp\/v2\/pages"}],"about":[{"href":"https:\/\/readtogrow.org\/pt-pt\/wp-json\/wp\/v2\/types\/page"}],"author":[{"embeddable":true,"href":"https:\/\/readtogrow.org\/pt-pt\/wp-json\/wp\/v2\/users\/2"}],"replies":[{"embeddable":true,"href":"https:\/\/readtogrow.org\/pt-pt\/wp-json\/wp\/v2\/comments?post=17650"}],"version-history":[{"count":4,"href":"https:\/\/readtogrow.org\/pt-pt\/wp-json\/wp\/v2\/pages\/17650\/revisions"}],"predecessor-version":[{"id":19918,"href":"https:\/\/readtogrow.org\/pt-pt\/wp-json\/wp\/v2\/pages\/17650\/revisions\/19918"}],"wp:attachment":[{"href":"https:\/\/readtogrow.org\/pt-pt\/wp-json\/wp\/v2\/media?parent=17650"}],"curies":[{"name":"wp","href":"https:\/\/api.w.org\/{rel}","templated":true}]}}