{"id":17684,"date":"2025-09-16T16:59:07","date_gmt":"2025-09-16T20:59:07","guid":{"rendered":"https:\/\/readtogrow.org\/o-nosso-conselho\/"},"modified":"2025-09-24T15:37:50","modified_gmt":"2025-09-24T19:37:50","slug":"o-nosso-conselho","status":"publish","type":"page","link":"https:\/\/readtogrow.org\/pt-pt\/o-nosso-conselho\/","title":{"rendered":"O nosso conselho"},"content":{"rendered":"\t\t<div data-elementor-type=\"wp-page\" data-elementor-id=\"17684\" class=\"elementor elementor-17684 elementor-6989\" data-elementor-post-type=\"page\">\n\t\t\t\t<div class=\"elementor-element elementor-element-46260b5c page-header e-flex e-con-boxed wpr-particle-no wpr-jarallax-no wpr-parallax-no wpr-sticky-section-no wpr-column-slider-no wpr-equal-height-no e-con e-parent\" data-id=\"46260b5c\" data-element_type=\"container\" data-e-type=\"container\" id=\"page-header\">\n\t\t\t\t\t<div class=\"e-con-inner\">\n\t\t\t\t<div class=\"elementor-element elementor-element-3df86055 elementor-widget elementor-widget-text-editor\" data-id=\"3df86055\" data-element_type=\"widget\" data-e-type=\"widget\" data-widget_type=\"text-editor.default\">\n\t\t\t\t<div class=\"elementor-widget-container\">\n\t\t\t\t\t\t\t\t\t<h1>O nosso conselho<\/h1>\t\t\t\t\t\t\t\t<\/div>\n\t\t\t\t<\/div>\n\t\t\t\t\t<\/div>\n\t\t\t\t<\/div>\n\t\t<div class=\"elementor-element elementor-element-1325fce7 e-flex e-con-boxed wpr-particle-no wpr-jarallax-no wpr-parallax-no wpr-sticky-section-no wpr-column-slider-no wpr-equal-height-no e-con e-parent\" data-id=\"1325fce7\" data-element_type=\"container\" data-e-type=\"container\">\n\t\t\t\t\t<div class=\"e-con-inner\">\n\t\t<div class=\"elementor-element elementor-element-3ae567c4 e-flex e-con-boxed wpr-particle-no wpr-jarallax-no wpr-parallax-no wpr-sticky-section-no wpr-column-slider-no wpr-equal-height-no e-con e-child\" data-id=\"3ae567c4\" data-element_type=\"container\" data-e-type=\"container\" data-settings=\"{&quot;background_background&quot;:&quot;classic&quot;}\">\n\t\t\t\t\t<div class=\"e-con-inner\">\n\t\t\t\t<div class=\"elementor-element elementor-element-384971bc narrow board elementor-widget elementor-widget-text-editor\" data-id=\"384971bc\" data-element_type=\"widget\" data-e-type=\"widget\" data-widget_type=\"text-editor.default\">\n\t\t\t\t<div class=\"elementor-widget-container\">\n\t\t\t\t\t\t\t\t\t<h4>Monette Ferguson, Ph.D., Presidente<\/h4><p>Diretora Executiva, Alian\u00e7a para o Empoderamento Comunit\u00e1rio<\/p><h4>Carla M. Horwitz, Ed.D., Vice-Presidente<\/h4><p>Professora, Yale Child Study Center &amp; Departamento de Psicologia;<br>Diretora Em\u00e9rita, Calvin Hill Day Care Center &amp; Jardim de Inf\u00e2ncia Kitty Lustman-Findling<\/p><h4>Jane Lee, M.B.A., Tesoureira<\/h4><p>Coach de Desenvolvimento Econ\u00f3mico\/Consultora, All Our Kin, New Haven<\/p><h4>Jennifer Groves Fusco, J.D., Secret\u00e1ria<\/h4><p>Diretora, Updike, Kelly &amp; Spellacy, P.C., New Haven<\/p><h4>Barbara Clerkin, R.N., M.P.H.  <\/h4><p>Reformado, Escola de Medicina da UCLA, Departamento de Cirurgia  <\/p><h4>Katherine Kohari, M.D.<\/h4><p>Yale Maternal Fetal Medicine, New Haven<\/p><h4>Shabnam Lainwala, M.D., Ph.D.<\/h4><p>Diretora do Programa Regional de Acompanhamento Neurodesenvolvimental Neonatal, Connecticut Children&#8217;s, Hartford<\/p><h4>Nick Lebron<\/h4><p>Caridades Cat\u00f3licas, Coordenador Regional &amp; Gestor de Escola Comunit\u00e1ria, Hartford<\/p><h4>Lisa Maass<\/h4><p>Presidente, Citizens Bank CT, New Haven<\/p><h4>Irene Peluso<\/h4><p>Recursos Humanos, Viking Global Investors, Greenwich<\/p><h4>Kymberlee Powe<\/h4><p>Consultora de Crian\u00e7as e Jovens Adultos, Biblioteca Estadual de Connecticut, Middletown<\/p><h4>Anna Reiter<\/h4><p>Gestora de Campanha, Ge\u00f3loga<\/p><h4>John Toscano, C.P.A.<\/h4><p>Diretor, Clifton, Larson, Allen, LLP, West Hartford<\/p><h4>Roxanne J. Coady, Fundadora e Membro Em\u00e9rito do Conselho<\/h4><p>Presidente e Propriet\u00e1ria, R. J. Julia Booksellers<\/p>\t\t\t\t\t\t\t\t<\/div>\n\t\t\t\t<\/div>\n\t\t\t\t\t<\/div>\n\t\t\t\t<\/div>\n\t\t\t\t\t<\/div>\n\t\t\t\t<\/div>\n\t\t\t\t<\/div>\n\t\t","protected":false},"excerpt":{"rendered":"<p>O nosso conselho Monette Ferguson, Ph.D., Presidente Diretora Executiva, Alian\u00e7a para o Empoderamento Comunit\u00e1rio Carla M. Horwitz, Ed.D., Vice-Presidente Professora, Yale Child Study Center &amp; Departamento de Psicologia;Diretora Em\u00e9rita, Calvin Hill Day Care Center &amp; Jardim de Inf\u00e2ncia Kitty Lustman-Findling Jane Lee, M.B.A., Tesoureira Coach de Desenvolvimento Econ\u00f3mico\/Consultora, All Our Kin, New Haven Jennifer Groves Fusco, J.D., Secret\u00e1ria Diretora, Updike, Kelly &amp; Spellacy, P.C., New Haven Barbara Clerkin, R.N., M.P.H. Reformado, Escola de Medicina da UCLA, Departamento de Cirurgia Katherine Kohari, M.D. Yale Maternal Fetal Medicine, New Haven Shabnam Lainwala, M.D., Ph.D. Diretora do Programa Regional de Acompanhamento Neurodesenvolvimental Neonatal, Connecticut Children&#8217;s, Hartford Nick Lebron Caridades Cat\u00f3licas, Coordenador Regional &amp; Gestor de Escola Comunit\u00e1ria, Hartford Lisa Maass Presidente, Citizens Bank CT, New Haven Irene Peluso Recursos Humanos, Viking Global Investors, Greenwich Kymberlee Powe Consultora de Crian\u00e7as e Jovens Adultos, Biblioteca Estadual de Connecticut, Middletown Anna Reiter Gestora de Campanha, Ge\u00f3loga John Toscano, C.P.A. Diretor, Clifton, Larson, Allen, LLP, West Hartford Roxanne J. Coady, Fundadora e Membro Em\u00e9rito do Conselho Presidente e Propriet\u00e1ria, R. J. Julia Booksellers<\/p>\n","protected":false},"author":2,"featured_media":0,"parent":0,"menu_order":0,"comment_status":"closed","ping_status":"closed","template":"","meta":{"footnotes":""},"class_list":["post-17684","page","type-page","status-publish","hentry"],"_links":{"self":[{"href":"https:\/\/readtogrow.org\/pt-pt\/wp-json\/wp\/v2\/pages\/17684","targetHints":{"allow":["GET"]}}],"collection":[{"href":"https:\/\/readtogrow.org\/pt-pt\/wp-json\/wp\/v2\/pages"}],"about":[{"href":"https:\/\/readtogrow.org\/pt-pt\/wp-json\/wp\/v2\/types\/page"}],"author":[{"embeddable":true,"href":"https:\/\/readtogrow.org\/pt-pt\/wp-json\/wp\/v2\/users\/2"}],"replies":[{"embeddable":true,"href":"https:\/\/readtogrow.org\/pt-pt\/wp-json\/wp\/v2\/comments?post=17684"}],"version-history":[{"count":2,"href":"https:\/\/readtogrow.org\/pt-pt\/wp-json\/wp\/v2\/pages\/17684\/revisions"}],"predecessor-version":[{"id":19556,"href":"https:\/\/readtogrow.org\/pt-pt\/wp-json\/wp\/v2\/pages\/17684\/revisions\/19556"}],"wp:attachment":[{"href":"https:\/\/readtogrow.org\/pt-pt\/wp-json\/wp\/v2\/media?parent=17684"}],"curies":[{"name":"wp","href":"https:\/\/api.w.org\/{rel}","templated":true}]}}