{"id":17689,"date":"2025-09-16T16:59:12","date_gmt":"2025-09-16T20:59:12","guid":{"rendered":"https:\/\/readtogrow.org\/livros-para-criancas\/"},"modified":"2025-09-16T16:59:40","modified_gmt":"2025-09-16T20:59:40","slug":"livros-para-criancas","status":"publish","type":"page","link":"https:\/\/readtogrow.org\/pt-pt\/livros-para-criancas\/","title":{"rendered":"Livros para crian\u00e7as"},"content":{"rendered":"\t\t<div data-elementor-type=\"wp-page\" data-elementor-id=\"17689\" class=\"elementor elementor-17689 elementor-6384\" data-elementor-post-type=\"page\">\n\t\t\t\t<div class=\"elementor-element elementor-element-7140d872 page-header e-flex e-con-boxed wpr-particle-no wpr-jarallax-no wpr-parallax-no wpr-sticky-section-no wpr-equal-height-no e-con e-parent\" data-id=\"7140d872\" data-element_type=\"container\" data-e-type=\"container\" id=\"page-header\" data-settings=\"{&quot;background_background&quot;:&quot;classic&quot;}\">\n\t\t\t\t\t<div class=\"e-con-inner\">\n\t\t\t\t<div class=\"elementor-element elementor-element-27471def elementor-widget elementor-widget-text-editor\" data-id=\"27471def\" data-element_type=\"widget\" data-e-type=\"widget\" data-widget_type=\"text-editor.default\">\n\t\t\t\t<div class=\"elementor-widget-container\">\n\t\t\t\t\t\t\t\t\t<h1>Livros para crian\u00e7as<\/h1>\t\t\t\t\t\t\t\t<\/div>\n\t\t\t\t<\/div>\n\t\t\t\t\t<\/div>\n\t\t\t\t<\/div>\n\t\t<div class=\"elementor-element elementor-element-2b311eac hero-section e-flex e-con-boxed wpr-particle-no wpr-jarallax-no wpr-parallax-no wpr-sticky-section-no wpr-equal-height-no e-con e-parent\" data-id=\"2b311eac\" data-element_type=\"container\" data-e-type=\"container\" data-settings=\"{&quot;background_background&quot;:&quot;classic&quot;}\">\n\t\t\t\t\t<div class=\"e-con-inner\">\n\t\t<div class=\"elementor-element elementor-element-1a72b7ee e-con-full e-flex wpr-particle-no wpr-jarallax-no wpr-parallax-no wpr-sticky-section-no wpr-equal-height-no e-con e-child\" data-id=\"1a72b7ee\" data-element_type=\"container\" data-e-type=\"container\" data-settings=\"{&quot;background_background&quot;:&quot;classic&quot;}\">\n\t\t\t\t<div class=\"elementor-element elementor-element-591a467 intro elementor-widget elementor-widget-text-editor\" data-id=\"591a467\" data-element_type=\"widget\" data-e-type=\"widget\" data-widget_type=\"text-editor.default\">\n\t\t\t\t<div class=\"elementor-widget-container\">\n\t\t\t\t\t\t\t\t\t<p>Como parte do continuum de literacia precoce da Read to Grow, <strong>Livros para Crian\u00e7as<\/strong> garante que crian\u00e7as de todas as idades tenham acesso a livros, um recurso essencial de literacia. O programa apoia fam\u00edlias que participaram no Livros para Beb\u00e9s, bem como aquelas que s\u00e3o novas nos nossos servi\u00e7os\u2014ajudando a cultivar h\u00e1bitos de leitura fortes desde a inf\u00e2ncia at\u00e9 \u00e0 adolesc\u00eancia. <\/p><p>Atrav\u00e9s do Livros para Crian\u00e7as, fornecemos livros gratuitos a fam\u00edlias, prestadores de cuidados infantis, educadores, profissionais de sa\u00fade, bibliotecas e organiza\u00e7\u00f5es comunit\u00e1rias.<\/p>\t\t\t\t\t\t\t\t<\/div>\n\t\t\t\t<\/div>\n\t\t\t\t<\/div>\n\t\t<div class=\"elementor-element elementor-element-628720ef e-con-full e-flex wpr-particle-no wpr-jarallax-no wpr-parallax-no wpr-sticky-section-no wpr-equal-height-no e-con e-child\" data-id=\"628720ef\" data-element_type=\"container\" data-e-type=\"container\" data-settings=\"{&quot;background_background&quot;:&quot;classic&quot;}\">\n\t\t\t\t<\/div>\n\t\t\t\t\t<\/div>\n\t\t\t\t<\/div>\n\t\t<div class=\"elementor-element elementor-element-c152ab8 e-flex e-con-boxed wpr-particle-no wpr-jarallax-no wpr-parallax-no wpr-sticky-section-no wpr-equal-height-no e-con e-parent\" data-id=\"c152ab8\" data-element_type=\"container\" data-e-type=\"container\">\n\t\t\t\t\t<div class=\"e-con-inner\">\n\t\t<div class=\"elementor-element elementor-element-d11bf05 e-flex e-con-boxed wpr-particle-no wpr-jarallax-no wpr-parallax-no wpr-sticky-section-no wpr-equal-height-no e-con e-child\" data-id=\"d11bf05\" data-element_type=\"container\" data-e-type=\"container\" data-settings=\"{&quot;background_background&quot;:&quot;classic&quot;}\">\n\t\t\t\t\t<div class=\"e-con-inner\">\n\t\t\t\t<div class=\"elementor-element elementor-element-1e2a51e4 elementor-widget elementor-widget-text-editor\" data-id=\"1e2a51e4\" data-element_type=\"widget\" data-e-type=\"widget\" data-widget_type=\"text-editor.default\">\n\t\t\t\t<div class=\"elementor-widget-container\">\n\t\t\t\t\t\t\t\t\t<p><span style=\"color: #243a78; font-size: 2.125rem; font-weight: 800;\">Como funciona<\/span><\/p><p>Livros para Crian\u00e7as oferece tanto livros novos como usados, recolhidos atrav\u00e9s de doa\u00e7\u00f5es e campanhas de recolha de livros. O programa serve apenas residentes de Connecticut e n\u00e3o pode atender pedidos de fora do estado. <\/p><p>Cada ano, o programa distribui mais de 139.000 livros, e esse n\u00famero continua a crescer. Desde o seu lan\u00e7amento em 2001, Livros para Crian\u00e7as j\u00e1 forneceu mais de 2,1 milh\u00f5es de livros novos e usados a crian\u00e7as e fam\u00edlias em todo o Connecticut. <\/p><p>Para solicitar livros, por favor complete o formul\u00e1rio online apropriado abaixo. Os pedidos geralmente levam de 4 a 6 semanas para serem processados e est\u00e3o sujeitos \u00e0 disponibilidade. Embora fa\u00e7amos todos os esfor\u00e7os para atender cada pedido, n\u00e3o podemos garantir t\u00edtulos ou quantidades espec\u00edficas. Se o seu pedido for urgente, por favor ligue para n\u00f3s no 203.488.6800 e pe\u00e7a para falar com um coordenador do Livros para Crian\u00e7as.   <\/p><h2>Como solicitar livros<\/h2><p>Oferecemos dois formul\u00e1rios de pedido:<\/p>\t\t\t\t\t\t\t\t<\/div>\n\t\t\t\t<\/div>\n\t\t<div class=\"elementor-element elementor-element-1fbe08d e-flex e-con-boxed wpr-particle-no wpr-jarallax-no wpr-parallax-no wpr-sticky-section-no wpr-equal-height-no e-con e-child\" data-id=\"1fbe08d\" data-element_type=\"container\" data-e-type=\"container\">\n\t\t\t\t\t<div class=\"e-con-inner\">\n\t\t<div class=\"elementor-element elementor-element-c6bf77e e-con-full e-flex wpr-particle-no wpr-jarallax-no wpr-parallax-no wpr-sticky-section-no wpr-equal-height-no e-con e-child\" data-id=\"c6bf77e\" data-element_type=\"container\" data-e-type=\"container\" data-settings=\"{&quot;background_background&quot;:&quot;classic&quot;}\">\n\t\t<div class=\"elementor-element elementor-element-714b501 e-con-full e-flex wpr-particle-no wpr-jarallax-no wpr-parallax-no wpr-sticky-section-no wpr-equal-height-no e-con e-child\" data-id=\"714b501\" data-element_type=\"container\" data-e-type=\"container\">\n\t\t\t\t<div class=\"elementor-element elementor-element-c7a3c72 elementor-widget elementor-widget-heading\" data-id=\"c7a3c72\" data-element_type=\"widget\" data-e-type=\"widget\" data-widget_type=\"heading.default\">\n\t\t\t\t<div class=\"elementor-widget-container\">\n\t\t\t\t\t<h4 class=\"elementor-heading-title elementor-size-default\">Formul\u00e1rio de pedido de livros para fam\u00edlia<\/h4>\t\t\t\t<\/div>\n\t\t\t\t<\/div>\n\t\t\t\t<div class=\"elementor-element elementor-element-5c50065 elementor-widget elementor-widget-text-editor\" data-id=\"5c50065\" data-element_type=\"widget\" data-e-type=\"widget\" data-widget_type=\"text-editor.default\">\n\t\t\t\t<div class=\"elementor-widget-container\">\n\t\t\t\t\t\t\t\t\t<p>para fam\u00edlias individuais<\/p>\t\t\t\t\t\t\t\t<\/div>\n\t\t\t\t<\/div>\n\t\t\t\t<\/div>\n\t\t\t\t<div class=\"elementor-element elementor-element-3973286 elementor-align-center align-self-end elementor-widget elementor-widget-button\" data-id=\"3973286\" data-element_type=\"widget\" data-e-type=\"widget\" data-widget_type=\"button.default\">\n\t\t\t\t<div class=\"elementor-widget-container\">\n\t\t\t\t\t\t\t\t\t<div class=\"elementor-button-wrapper\">\n\t\t\t\t\t<a class=\"elementor-button elementor-button-link elementor-size-sm\" href=\"https:\/\/cxl.474.myftpupload.com\/pt-pt\/formulario-de-pedido-de-livros-para-familia\/\">\n\t\t\t\t\t\t<span class=\"elementor-button-content-wrapper\">\n\t\t\t\t\t\t\t\t\t<span class=\"elementor-button-text\">Ir para o formul\u00e1rio<\/span>\n\t\t\t\t\t<\/span>\n\t\t\t\t\t<\/a>\n\t\t\t\t<\/div>\n\t\t\t\t\t\t\t\t<\/div>\n\t\t\t\t<\/div>\n\t\t\t\t<\/div>\n\t\t<div class=\"elementor-element elementor-element-03c0f84 e-con-full e-flex wpr-particle-no wpr-jarallax-no wpr-parallax-no wpr-sticky-section-no wpr-equal-height-no e-con e-child\" data-id=\"03c0f84\" data-element_type=\"container\" data-e-type=\"container\" data-settings=\"{&quot;background_background&quot;:&quot;classic&quot;}\">\n\t\t\t\t<div class=\"elementor-element elementor-element-c4e3846 elementor-widget elementor-widget-heading\" data-id=\"c4e3846\" data-element_type=\"widget\" data-e-type=\"widget\" data-widget_type=\"heading.default\">\n\t\t\t\t<div class=\"elementor-widget-container\">\n\t\t\t\t\t<h4 class=\"elementor-heading-title elementor-size-default\">Formul\u00e1rio de pedido de livros do programa<\/h4>\t\t\t\t<\/div>\n\t\t\t\t<\/div>\n\t\t\t\t<div class=\"elementor-element elementor-element-71b1e53 elementor-widget elementor-widget-text-editor\" data-id=\"71b1e53\" data-element_type=\"widget\" data-e-type=\"widget\" data-widget_type=\"text-editor.default\">\n\t\t\t\t<div class=\"elementor-widget-container\">\n\t\t\t\t\t\t\t\t\tpara programas, organiza\u00e7\u00f5es e prestadores de cuidados infantis em casa.\t\t\t\t\t\t\t\t<\/div>\n\t\t\t\t<\/div>\n\t\t\t\t<div class=\"elementor-element elementor-element-84fc50f elementor-align-center elementor-widget elementor-widget-button\" data-id=\"84fc50f\" data-element_type=\"widget\" data-e-type=\"widget\" data-widget_type=\"button.default\">\n\t\t\t\t<div class=\"elementor-widget-container\">\n\t\t\t\t\t\t\t\t\t<div class=\"elementor-button-wrapper\">\n\t\t\t\t\t<a class=\"elementor-button elementor-button-link elementor-size-sm\" href=\"https:\/\/cxl.474.myftpupload.com\/pt-pt\/formulario-de-pedido-de-livros-do-programa\/\">\n\t\t\t\t\t\t<span class=\"elementor-button-content-wrapper\">\n\t\t\t\t\t\t\t\t\t<span class=\"elementor-button-text\">Ir para o formul\u00e1rio<\/span>\n\t\t\t\t\t<\/span>\n\t\t\t\t\t<\/a>\n\t\t\t\t<\/div>\n\t\t\t\t\t\t\t\t<\/div>\n\t\t\t\t<\/div>\n\t\t\t\t<\/div>\n\t\t\t\t\t<\/div>\n\t\t\t\t<\/div>\n\t\t\t\t<div class=\"elementor-element elementor-element-1854266 elementor-widget elementor-widget-text-editor\" data-id=\"1854266\" data-element_type=\"widget\" data-e-type=\"widget\" data-widget_type=\"text-editor.default\">\n\t\t\t\t<div class=\"elementor-widget-container\">\n\t\t\t\t\t\t\t\t\t<p><strong>Por favor, note: Qualquer programa que solicite livros gratuitos deve pagar uma taxa de $15 se desejar que a Read to Grow entregue o pedido. N\u00e3o h\u00e1 taxa para recolher os livros gratuitos no nosso escrit\u00f3rio em Branford. <\/strong><\/p><p>Antes de qualquer entrega de livros a um programa, o pagamento da entrega deve ser feito por cheque ou online atrav\u00e9s do nosso <strong><a href=\"https:\/\/www.sagepayments.net\/eftcart\/forms\/express.asp?M_id=657938137851&amp;T_amt=15\" target=\"_blank\" rel=\"noopener\">Formul\u00e1rio de Pagamento de Entrega de Livros<\/a><\/strong>.<\/p><p>Todas as fam\u00edlias eleg\u00edveis para entrega est\u00e3o isentas de taxas de entrega, mas incentivamos sempre a recolha de livros no nosso escrit\u00f3rio.<\/p>\t\t\t\t\t\t\t\t<\/div>\n\t\t\t\t<\/div>\n\t\t\t\t<div class=\"elementor-element elementor-element-9ac54b6 elementor-align-center elementor-widget elementor-widget-button\" data-id=\"9ac54b6\" data-element_type=\"widget\" data-e-type=\"widget\" data-widget_type=\"button.default\">\n\t\t\t\t<div class=\"elementor-widget-container\">\n\t\t\t\t\t\t\t\t\t<div class=\"elementor-button-wrapper\">\n\t\t\t\t\t<a class=\"elementor-button elementor-button-link elementor-size-sm\" href=\"https:\/\/www.sagepayments.net\/eftcart\/forms\/express.asp?M_id=657938137851&#038;T_amt=15\" target=\"_blank\">\n\t\t\t\t\t\t<span class=\"elementor-button-content-wrapper\">\n\t\t\t\t\t\t\t\t\t<span class=\"elementor-button-text\">Fazer um pagamento de entrega de livros<\/span>\n\t\t\t\t\t<\/span>\n\t\t\t\t\t<\/a>\n\t\t\t\t<\/div>\n\t\t\t\t\t\t\t\t<\/div>\n\t\t\t\t<\/div>\n\t\t\t\t\t<\/div>\n\t\t\t\t<\/div>\n\t\t\t\t\t<\/div>\n\t\t\t\t<\/div>\n\t\t\t\t<\/div>\n\t\t","protected":false},"excerpt":{"rendered":"<p>Livros para crian\u00e7as Como parte do continuum de literacia precoce da Read to Grow, Livros para Crian\u00e7as garante que crian\u00e7as de todas as idades tenham acesso a livros, um recurso essencial de literacia. O programa apoia fam\u00edlias que participaram no Livros para Beb\u00e9s, bem como aquelas que s\u00e3o novas nos nossos servi\u00e7os\u2014ajudando a cultivar h\u00e1bitos de leitura fortes desde a inf\u00e2ncia at\u00e9 \u00e0 adolesc\u00eancia. Atrav\u00e9s do Livros para Crian\u00e7as, fornecemos livros gratuitos a fam\u00edlias, prestadores de cuidados infantis, educadores, profissionais de sa\u00fade, bibliotecas e organiza\u00e7\u00f5es comunit\u00e1rias. Como funciona Livros para Crian\u00e7as oferece tanto livros novos como usados, recolhidos atrav\u00e9s de doa\u00e7\u00f5es e campanhas de recolha de livros. O programa serve apenas residentes de Connecticut e n\u00e3o pode atender pedidos de fora do estado. Cada ano, o programa distribui mais de 139.000 livros, e esse n\u00famero continua a crescer. Desde o seu lan\u00e7amento em 2001, Livros para Crian\u00e7as j\u00e1 forneceu mais de 2,1 milh\u00f5es de livros novos e usados a crian\u00e7as e fam\u00edlias em todo o Connecticut. Para solicitar livros, por favor complete o formul\u00e1rio online apropriado abaixo. Os pedidos geralmente levam de 4 a 6 semanas para serem processados e est\u00e3o sujeitos \u00e0 disponibilidade. Embora fa\u00e7amos todos os esfor\u00e7os para atender cada pedido, n\u00e3o podemos garantir t\u00edtulos ou quantidades espec\u00edficas. Se o seu pedido for urgente, por favor ligue para n\u00f3s no 203.488.6800 e pe\u00e7a para falar com um coordenador do Livros para Crian\u00e7as. Como solicitar livros Oferecemos dois formul\u00e1rios de pedido: Formul\u00e1rio de pedido de livros para fam\u00edlia para fam\u00edlias individuais Ir para o formul\u00e1rio Formul\u00e1rio de pedido de livros do programa para programas, organiza\u00e7\u00f5es e prestadores de cuidados infantis em casa. Ir para o formul\u00e1rio Por favor, note: Qualquer programa que solicite livros gratuitos deve pagar uma taxa de $15 se desejar que a Read to Grow entregue o pedido. N\u00e3o h\u00e1 taxa para recolher os livros gratuitos no nosso escrit\u00f3rio em Branford. Antes de qualquer entrega de livros a um programa, o pagamento da entrega deve ser feito por cheque ou online atrav\u00e9s do nosso Formul\u00e1rio de Pagamento de Entrega de Livros. Todas as fam\u00edlias eleg\u00edveis para entrega est\u00e3o isentas de taxas de entrega, mas incentivamos sempre a recolha de livros no nosso escrit\u00f3rio. Fazer um pagamento de entrega de livros<\/p>\n","protected":false},"author":2,"featured_media":0,"parent":0,"menu_order":0,"comment_status":"closed","ping_status":"closed","template":"","meta":{"footnotes":""},"class_list":["post-17689","page","type-page","status-publish","hentry"],"_links":{"self":[{"href":"https:\/\/readtogrow.org\/pt-pt\/wp-json\/wp\/v2\/pages\/17689","targetHints":{"allow":["GET"]}}],"collection":[{"href":"https:\/\/readtogrow.org\/pt-pt\/wp-json\/wp\/v2\/pages"}],"about":[{"href":"https:\/\/readtogrow.org\/pt-pt\/wp-json\/wp\/v2\/types\/page"}],"author":[{"embeddable":true,"href":"https:\/\/readtogrow.org\/pt-pt\/wp-json\/wp\/v2\/users\/2"}],"replies":[{"embeddable":true,"href":"https:\/\/readtogrow.org\/pt-pt\/wp-json\/wp\/v2\/comments?post=17689"}],"version-history":[{"count":3,"href":"https:\/\/readtogrow.org\/pt-pt\/wp-json\/wp\/v2\/pages\/17689\/revisions"}],"predecessor-version":[{"id":17744,"href":"https:\/\/readtogrow.org\/pt-pt\/wp-json\/wp\/v2\/pages\/17689\/revisions\/17744"}],"wp:attachment":[{"href":"https:\/\/readtogrow.org\/pt-pt\/wp-json\/wp\/v2\/media?parent=17689"}],"curies":[{"name":"wp","href":"https:\/\/api.w.org\/{rel}","templated":true}]}}