{"id":17782,"date":"2025-09-16T17:00:01","date_gmt":"2025-09-16T21:00:01","guid":{"rendered":"https:\/\/readtogrow.org\/formas-de-doar\/"},"modified":"2025-09-19T15:49:13","modified_gmt":"2025-09-19T19:49:13","slug":"formas-de-doar","status":"publish","type":"page","link":"https:\/\/readtogrow.org\/pt-pt\/formas-de-doar\/","title":{"rendered":"Formas de doar"},"content":{"rendered":"\t\t<div data-elementor-type=\"wp-page\" data-elementor-id=\"17782\" class=\"elementor elementor-17782 elementor-8084\" data-elementor-post-type=\"page\">\n\t\t\t\t<div class=\"elementor-element elementor-element-2c312ffc page-header e-flex e-con-boxed wpr-particle-no wpr-jarallax-no wpr-parallax-no wpr-sticky-section-no wpr-column-slider-no wpr-equal-height-no e-con e-parent\" data-id=\"2c312ffc\" data-element_type=\"container\" data-e-type=\"container\" id=\"page-header\" data-settings=\"{&quot;background_background&quot;:&quot;classic&quot;}\">\n\t\t\t\t\t<div class=\"e-con-inner\">\n\t\t\t\t<div class=\"elementor-element elementor-element-73324ec3 elementor-widget elementor-widget-text-editor\" data-id=\"73324ec3\" data-element_type=\"widget\" data-e-type=\"widget\" data-widget_type=\"text-editor.default\">\n\t\t\t\t<div class=\"elementor-widget-container\">\n\t\t\t\t\t\t\t\t\t<h1>Formas de doar<\/h1>\t\t\t\t\t\t\t\t<\/div>\n\t\t\t\t<\/div>\n\t\t\t\t\t<\/div>\n\t\t\t\t<\/div>\n\t\t<div class=\"elementor-element elementor-element-7ad61a6 e-flex e-con-boxed wpr-particle-no wpr-jarallax-no wpr-parallax-no wpr-sticky-section-no wpr-column-slider-no wpr-equal-height-no e-con e-parent\" data-id=\"7ad61a6\" data-element_type=\"container\" data-e-type=\"container\">\n\t\t\t\t\t<div class=\"e-con-inner\">\n\t\t<div class=\"elementor-element elementor-element-15cd166 e-flex e-con-boxed wpr-particle-no wpr-jarallax-no wpr-parallax-no wpr-sticky-section-no wpr-column-slider-no wpr-equal-height-no e-con e-child\" data-id=\"15cd166\" data-element_type=\"container\" data-e-type=\"container\" data-settings=\"{&quot;background_background&quot;:&quot;classic&quot;}\">\n\t\t\t\t\t<div class=\"e-con-inner\">\n\t\t\t\t<div class=\"elementor-element elementor-element-197c24f0 elementor-widget elementor-widget-text-editor\" data-id=\"197c24f0\" data-element_type=\"widget\" data-e-type=\"widget\" data-widget_type=\"text-editor.default\">\n\t\t\t\t<div class=\"elementor-widget-container\">\n\t\t\t\t\t\t\t\t\t<p>Estamos sempre gratos por qualquer contribui\u00e7\u00e3o que fa\u00e7a, a qualquer momento que dedique. A sua ajuda afeta diretamente centenas de milhares de crian\u00e7as. Voc\u00ea capacita fam\u00edlias com o presente dos livros, o conhecimento para desenvolver habilidades lingu\u00edsticas e a promessa de literacia para as crian\u00e7as.  <\/p><p>Formas de fazer a diferen\u00e7a:<\/p>\t\t\t\t\t\t\t\t<\/div>\n\t\t\t\t<\/div>\n\t\t<div class=\"elementor-element elementor-element-6eba3d4e e-con-full e-flex wpr-particle-no wpr-jarallax-no wpr-parallax-no wpr-sticky-section-no wpr-column-slider-no wpr-equal-height-no e-con e-child\" data-id=\"6eba3d4e\" data-element_type=\"container\" data-e-type=\"container\" data-settings=\"{&quot;background_background&quot;:&quot;classic&quot;}\">\n\t\t<div class=\"elementor-element elementor-element-6f8aa243 e-con-full e-flex wpr-particle-no wpr-jarallax-no wpr-parallax-no wpr-sticky-section-no wpr-column-slider-no wpr-equal-height-no e-con e-child\" data-id=\"6f8aa243\" data-element_type=\"container\" data-e-type=\"container\" data-settings=\"{&quot;background_background&quot;:&quot;classic&quot;}\">\n\t\t\t\t<div class=\"elementor-element elementor-element-7e8531d elementor-widget elementor-widget-heading\" data-id=\"7e8531d\" data-element_type=\"widget\" data-e-type=\"widget\" data-widget_type=\"heading.default\">\n\t\t\t\t<div class=\"elementor-widget-container\">\n\t\t\t\t\t<h3 class=\"elementor-heading-title elementor-size-default\">Fa\u00e7a uma doa\u00e7\u00e3o monet\u00e1ria<\/h3>\t\t\t\t<\/div>\n\t\t\t\t<\/div>\n\t\t\t\t<div class=\"elementor-element elementor-element-191773f1 elementor-widget elementor-widget-text-editor\" data-id=\"191773f1\" data-element_type=\"widget\" data-e-type=\"widget\" data-widget_type=\"text-editor.default\">\n\t\t\t\t<div class=\"elementor-widget-container\">\n\t\t\t\t\t\t\t\t\tO seu contributo financeiro ajuda-nos a comprar novos livros, apoiar programas de literacia e alcan\u00e7ar mais fam\u00edlias todos os anos.\n<ul>\n \t<li>Doe online de forma segura com <a class=\"blue-bg\" href=\"https:\/\/crm.bloomerang.co\/HostedDonation?ApiKey=pub_ae9f0d7d-a156-11ec-af60-02eab0531019&amp;WidgetId=10243072\" target=\"_blank\" rel=\"noopener\">apenas alguns cliques<\/a>.<\/li>\n \t<li>Fa\u00e7a uma doa\u00e7\u00e3o \u00fanica ou configure uma doa\u00e7\u00e3o recorrente para ter um impacto ainda maior.<\/li>\n<\/ul>\t\t\t\t\t\t\t\t<\/div>\n\t\t\t\t<\/div>\n\t\t\t\t<div class=\"elementor-element elementor-element-472c8685 elementor-widget elementor-widget-image\" data-id=\"472c8685\" data-element_type=\"widget\" data-e-type=\"widget\" data-widget_type=\"image.default\">\n\t\t\t\t<div class=\"elementor-widget-container\">\n\t\t\t\t\t\t\t\t\t\t\t\t\t\t\t<img fetchpriority=\"high\" decoding=\"async\" width=\"1000\" height=\"750\" src=\"https:\/\/readtogrow.org\/wp-content\/uploads\/East-Haven-6.webp\" class=\"attachment-full size-full wp-image-15298\" alt=\"\" srcset=\"https:\/\/readtogrow.org\/wp-content\/uploads\/East-Haven-6.webp 1000w, https:\/\/readtogrow.org\/wp-content\/uploads\/East-Haven-6-300x225.webp 300w, https:\/\/readtogrow.org\/wp-content\/uploads\/East-Haven-6-768x576.webp 768w\" sizes=\"(max-width: 1000px) 100vw, 1000px\" \/>\t\t\t\t\t\t\t\t\t\t\t\t\t\t\t<\/div>\n\t\t\t\t<\/div>\n\t\t\t\t<\/div>\n\t\t<div class=\"elementor-element elementor-element-7b088eec e-con-full e-flex wpr-particle-no wpr-jarallax-no wpr-parallax-no wpr-sticky-section-no wpr-column-slider-no wpr-equal-height-no e-con e-child\" data-id=\"7b088eec\" data-element_type=\"container\" data-e-type=\"container\" data-settings=\"{&quot;background_background&quot;:&quot;classic&quot;}\">\n\t\t\t\t<div class=\"elementor-element elementor-element-9ed3eb3 elementor-widget elementor-widget-heading\" data-id=\"9ed3eb3\" data-element_type=\"widget\" data-e-type=\"widget\" data-widget_type=\"heading.default\">\n\t\t\t\t<div class=\"elementor-widget-container\">\n\t\t\t\t\t<h3 class=\"elementor-heading-title elementor-size-default\">Doe livros<\/h3>\t\t\t\t<\/div>\n\t\t\t\t<\/div>\n\t\t\t\t<div class=\"elementor-element elementor-element-f3a643d elementor-widget elementor-widget-text-editor\" data-id=\"f3a643d\" data-element_type=\"widget\" data-e-type=\"widget\" data-widget_type=\"text-editor.default\">\n\t\t\t\t<div class=\"elementor-widget-container\">\n\t\t\t\t\t\t\t\t\tAceitamos com gratid\u00e3o doa\u00e7\u00f5es de livros novos e usados em bom estado para crian\u00e7as (desde o nascimento at\u00e9 \u00e0 adolesc\u00eancia).\n\nOs livros doados ser\u00e3o partilhados diretamente com crian\u00e7as, fam\u00edlias e educadores em todo o estado.\n\nDiretrizes para doa\u00e7\u00e3o de livros:\n<ul>\n \t<li>Aceitamos livros em estado novo ou muito bom.<\/li>\n \t<li>N\u00e3o podemos aceitar manuais escolares, enciclop\u00e9dias ou livros para adultos.<\/li>\n<\/ul>\nAs doa\u00e7\u00f5es podem ser <a href=\"https:\/\/signup.com\/go\/FYEWkAr\" target=\"_blank\" rel=\"noopener\" class=\"green-bg\">agendadas aqui<\/a> e entregues no nosso escrit\u00f3rio em Branford.\t\t\t\t\t\t\t\t<\/div>\n\t\t\t\t<\/div>\n\t\t\t\t<div class=\"elementor-element elementor-element-4cbb644b elementor-widget elementor-widget-image\" data-id=\"4cbb644b\" data-element_type=\"widget\" data-e-type=\"widget\" data-widget_type=\"image.default\">\n\t\t\t\t<div class=\"elementor-widget-container\">\n\t\t\t\t\t\t\t\t\t\t\t\t\t\t\t<img decoding=\"async\" width=\"1000\" height=\"750\" src=\"https:\/\/readtogrow.org\/wp-content\/uploads\/kiwanis-donation.webp\" class=\"attachment-full size-full wp-image-15311\" alt=\"\" srcset=\"https:\/\/readtogrow.org\/wp-content\/uploads\/kiwanis-donation.webp 1000w, https:\/\/readtogrow.org\/wp-content\/uploads\/kiwanis-donation-300x225.webp 300w, https:\/\/readtogrow.org\/wp-content\/uploads\/kiwanis-donation-768x576.webp 768w\" sizes=\"(max-width: 1000px) 100vw, 1000px\" \/>\t\t\t\t\t\t\t\t\t\t\t\t\t\t\t<\/div>\n\t\t\t\t<\/div>\n\t\t\t\t<\/div>\n\t\t<div class=\"elementor-element elementor-element-32a9e743 e-con-full e-flex wpr-particle-no wpr-jarallax-no wpr-parallax-no wpr-sticky-section-no wpr-column-slider-no wpr-equal-height-no e-con e-child\" data-id=\"32a9e743\" data-element_type=\"container\" data-e-type=\"container\" data-settings=\"{&quot;background_background&quot;:&quot;classic&quot;}\">\n\t\t\t\t<div class=\"elementor-element elementor-element-dc2eb58 elementor-widget elementor-widget-heading\" data-id=\"dc2eb58\" data-element_type=\"widget\" data-e-type=\"widget\" data-widget_type=\"heading.default\">\n\t\t\t\t<div class=\"elementor-widget-container\">\n\t\t\t\t\t<h3 class=\"elementor-heading-title elementor-size-default\">Organize uma campanha de recolha de livros<\/h3>\t\t\t\t<\/div>\n\t\t\t\t<\/div>\n\t\t\t\t<div class=\"elementor-element elementor-element-2cfb74c3 elementor-widget elementor-widget-text-editor\" data-id=\"2cfb74c3\" data-element_type=\"widget\" data-e-type=\"widget\" data-widget_type=\"text-editor.default\">\n\t\t\t\t<div class=\"elementor-widget-container\">\n\t\t\t\t\t\t\t\t\tQuer ter um impacto ainda maior? Organize uma campanha de recolha de livros na sua escola, local de trabalho, local de culto ou na sua comunidade! \n\nForneceremos dicas, materiais e apoio para ajud\u00e1-lo a realizar uma campanha bem-sucedida que traga livros para as crian\u00e7as que mais precisam.\n\n<a class=\"lt-blue-bg\" href=\"https:\/\/cxl.474.myftpupload.com\/pt-pt\/formulario-de-inscricao-para-recolha-de-livros\/\" target=\"_blank\" rel=\"noopener\">Comece com uma campanha de recolha de livros.<\/a>\t\t\t\t\t\t\t\t<\/div>\n\t\t\t\t<\/div>\n\t\t\t\t<div class=\"elementor-element elementor-element-4d01c2a0 elementor-widget elementor-widget-image\" data-id=\"4d01c2a0\" data-element_type=\"widget\" data-e-type=\"widget\" data-widget_type=\"image.default\">\n\t\t\t\t<div class=\"elementor-widget-container\">\n\t\t\t\t\t\t\t\t\t\t\t\t\t\t\t<img decoding=\"async\" width=\"1000\" height=\"750\" src=\"https:\/\/readtogrow.org\/wp-content\/uploads\/Harper-Book-Drive.webp\" class=\"attachment-full size-full wp-image-15290\" alt=\"\" srcset=\"https:\/\/readtogrow.org\/wp-content\/uploads\/Harper-Book-Drive.webp 1000w, https:\/\/readtogrow.org\/wp-content\/uploads\/Harper-Book-Drive-300x225.webp 300w, https:\/\/readtogrow.org\/wp-content\/uploads\/Harper-Book-Drive-768x576.webp 768w\" sizes=\"(max-width: 1000px) 100vw, 1000px\" \/>\t\t\t\t\t\t\t\t\t\t\t\t\t\t\t<\/div>\n\t\t\t\t<\/div>\n\t\t\t\t<\/div>\n\t\t\t\t<\/div>\n\t\t\t\t\t<\/div>\n\t\t\t\t<\/div>\n\t\t\t\t\t<\/div>\n\t\t\t\t<\/div>\n\t\t<div class=\"elementor-element elementor-element-3b84539b hero-section e-flex e-con-boxed wpr-particle-no wpr-jarallax-no wpr-parallax-no wpr-sticky-section-no wpr-column-slider-no wpr-equal-height-no e-con e-parent\" data-id=\"3b84539b\" data-element_type=\"container\" data-e-type=\"container\" data-settings=\"{&quot;background_background&quot;:&quot;classic&quot;}\">\n\t\t\t\t\t<div class=\"e-con-inner\">\n\t\t<div class=\"elementor-element elementor-element-f207048 e-con-full intro e-flex wpr-particle-no wpr-jarallax-no wpr-parallax-no wpr-sticky-section-no wpr-column-slider-no wpr-equal-height-no e-con e-child\" data-id=\"f207048\" data-element_type=\"container\" data-e-type=\"container\" data-settings=\"{&quot;background_background&quot;:&quot;classic&quot;}\">\n\t\t\t\t<div class=\"elementor-element elementor-element-7e925d3c elementor-widget elementor-widget-text-editor\" data-id=\"7e925d3c\" data-element_type=\"widget\" data-e-type=\"widget\" data-widget_type=\"text-editor.default\">\n\t\t\t\t<div class=\"elementor-widget-container\">\n\t\t\t\t\t\t\t\t\t<h2>O seu contributo \u00e9 importante<\/h2><p>Sem doadores, organizadores de campanhas de recolha de livros e outros volunt\u00e1rios, a miss\u00e3o da Read to Grow de promover a literacia na inf\u00e2ncia simplesmente n\u00e3o poderia ser realizada. Juntos, podemos construir um futuro onde cada crian\u00e7a tenha os livros de que precisa para aprender, crescer e prosperar. <\/p><p>Cada doa\u00e7\u00e3o\u2014grande ou pequena\u2014ajuda-nos a colocar livros nas m\u00e3os de crian\u00e7as que, de outra forma, n\u00e3o os teriam. Obrigado por fazer parte da comunidade Read to Grow e por fazer uma diferen\u00e7a duradoura para os jovens leitores! <\/p>\t\t\t\t\t\t\t\t<\/div>\n\t\t\t\t<\/div>\n\t\t\t\t<\/div>\n\t\t<div class=\"elementor-element elementor-element-53853975 e-con-full e-flex wpr-particle-no wpr-jarallax-no wpr-parallax-no wpr-sticky-section-no wpr-column-slider-no wpr-equal-height-no e-con e-child\" data-id=\"53853975\" data-element_type=\"container\" data-e-type=\"container\" data-settings=\"{&quot;background_background&quot;:&quot;classic&quot;}\">\n\t\t\t\t<\/div>\n\t\t\t\t\t<\/div>\n\t\t\t\t<\/div>\n\t\t\t\t<\/div>\n\t\t","protected":false},"excerpt":{"rendered":"<p>Formas de doar Estamos sempre gratos por qualquer contribui\u00e7\u00e3o que fa\u00e7a, a qualquer momento que dedique. A sua ajuda afeta diretamente centenas de milhares de crian\u00e7as. Voc\u00ea capacita fam\u00edlias com o presente dos livros, o conhecimento para desenvolver habilidades lingu\u00edsticas e a promessa de literacia para as crian\u00e7as. Formas de fazer a diferen\u00e7a: Fa\u00e7a uma doa\u00e7\u00e3o monet\u00e1ria O seu contributo financeiro ajuda-nos a comprar novos livros, apoiar programas de literacia e alcan\u00e7ar mais fam\u00edlias todos os anos. Doe online de forma segura com apenas alguns cliques. Fa\u00e7a uma doa\u00e7\u00e3o \u00fanica ou configure uma doa\u00e7\u00e3o recorrente para ter um impacto ainda maior. Doe livros Aceitamos com gratid\u00e3o doa\u00e7\u00f5es de livros novos e usados em bom estado para crian\u00e7as (desde o nascimento at\u00e9 \u00e0 adolesc\u00eancia). Os livros doados ser\u00e3o partilhados diretamente com crian\u00e7as, fam\u00edlias e educadores em todo o estado. Diretrizes para doa\u00e7\u00e3o de livros: Aceitamos livros em estado novo ou muito bom. N\u00e3o podemos aceitar manuais escolares, enciclop\u00e9dias ou livros para adultos. As doa\u00e7\u00f5es podem ser agendadas aqui e entregues no nosso escrit\u00f3rio em Branford. Organize uma campanha de recolha de livros Quer ter um impacto ainda maior? Organize uma campanha de recolha de livros na sua escola, local de trabalho, local de culto ou na sua comunidade! Forneceremos dicas, materiais e apoio para ajud\u00e1-lo a realizar uma campanha bem-sucedida que traga livros para as crian\u00e7as que mais precisam. Comece com uma campanha de recolha de livros. O seu contributo \u00e9 importante Sem doadores, organizadores de campanhas de recolha de livros e outros volunt\u00e1rios, a miss\u00e3o da Read to Grow de promover a literacia na inf\u00e2ncia simplesmente n\u00e3o poderia ser realizada. Juntos, podemos construir um futuro onde cada crian\u00e7a tenha os livros de que precisa para aprender, crescer e prosperar. Cada doa\u00e7\u00e3o\u2014grande ou pequena\u2014ajuda-nos a colocar livros nas m\u00e3os de crian\u00e7as que, de outra forma, n\u00e3o os teriam. Obrigado por fazer parte da comunidade Read to Grow e por fazer uma diferen\u00e7a duradoura para os jovens leitores!<\/p>\n","protected":false},"author":2,"featured_media":0,"parent":0,"menu_order":0,"comment_status":"closed","ping_status":"closed","template":"","meta":{"footnotes":""},"class_list":["post-17782","page","type-page","status-publish","hentry"],"_links":{"self":[{"href":"https:\/\/readtogrow.org\/pt-pt\/wp-json\/wp\/v2\/pages\/17782","targetHints":{"allow":["GET"]}}],"collection":[{"href":"https:\/\/readtogrow.org\/pt-pt\/wp-json\/wp\/v2\/pages"}],"about":[{"href":"https:\/\/readtogrow.org\/pt-pt\/wp-json\/wp\/v2\/types\/page"}],"author":[{"embeddable":true,"href":"https:\/\/readtogrow.org\/pt-pt\/wp-json\/wp\/v2\/users\/2"}],"replies":[{"embeddable":true,"href":"https:\/\/readtogrow.org\/pt-pt\/wp-json\/wp\/v2\/comments?post=17782"}],"version-history":[{"count":2,"href":"https:\/\/readtogrow.org\/pt-pt\/wp-json\/wp\/v2\/pages\/17782\/revisions"}],"predecessor-version":[{"id":18985,"href":"https:\/\/readtogrow.org\/pt-pt\/wp-json\/wp\/v2\/pages\/17782\/revisions\/18985"}],"wp:attachment":[{"href":"https:\/\/readtogrow.org\/pt-pt\/wp-json\/wp\/v2\/media?parent=17782"}],"curies":[{"name":"wp","href":"https:\/\/api.w.org\/{rel}","templated":true}]}}