{"id":17846,"date":"2025-09-16T17:00:38","date_gmt":"2025-09-16T21:00:38","guid":{"rendered":"https:\/\/readtogrow.org\/bibliobus\/"},"modified":"2025-09-16T17:00:45","modified_gmt":"2025-09-16T21:00:45","slug":"bibliobus","status":"publish","type":"page","link":"https:\/\/readtogrow.org\/pt-pt\/bibliobus\/","title":{"rendered":"Bibliobus"},"content":{"rendered":"\t\t<div data-elementor-type=\"wp-page\" data-elementor-id=\"17846\" class=\"elementor elementor-17846 elementor-11430\" data-elementor-post-type=\"page\">\n\t\t\t\t<div class=\"elementor-element elementor-element-526a9d64 page-header e-con-full e-flex wpr-particle-no wpr-jarallax-no wpr-parallax-no wpr-sticky-section-no wpr-equal-height-no e-con e-parent\" data-id=\"526a9d64\" data-element_type=\"container\" data-e-type=\"container\" id=\"page-header\">\n\t\t\t\t<div class=\"elementor-element elementor-element-6a74617a elementor-widget elementor-widget-text-editor\" data-id=\"6a74617a\" data-element_type=\"widget\" data-e-type=\"widget\" data-widget_type=\"text-editor.default\">\n\t\t\t\t<div class=\"elementor-widget-container\">\n\t\t\t\t\t\t\t\t\t<h1>Bibliobus<\/h1>\t\t\t\t\t\t\t\t<\/div>\n\t\t\t\t<\/div>\n\t\t\t\t<\/div>\n\t\t<div class=\"elementor-element elementor-element-59f2e9f4 hero-section e-flex e-con-boxed wpr-particle-no wpr-jarallax-no wpr-parallax-no wpr-sticky-section-no wpr-equal-height-no e-con e-parent\" data-id=\"59f2e9f4\" data-element_type=\"container\" data-e-type=\"container\" data-settings=\"{&quot;background_background&quot;:&quot;classic&quot;}\">\n\t\t\t\t\t<div class=\"e-con-inner\">\n\t\t<div class=\"elementor-element elementor-element-60aa3c0 e-con-full e-flex wpr-particle-no wpr-jarallax-no wpr-parallax-no wpr-sticky-section-no wpr-equal-height-no e-con e-child\" data-id=\"60aa3c0\" data-element_type=\"container\" data-e-type=\"container\" data-settings=\"{&quot;background_background&quot;:&quot;classic&quot;}\">\n\t\t\t\t<div class=\"elementor-element elementor-element-4373d114 intro elementor-widget elementor-widget-text-editor\" data-id=\"4373d114\" data-element_type=\"widget\" data-e-type=\"widget\" data-widget_type=\"text-editor.default\">\n\t\t\t\t<div class=\"elementor-widget-container\">\n\t\t\t\t\t\t\t\t\t<h2>Todos a bordo do bookmobile!<\/h2><p>O <strong>Bookmobile<\/strong> da Read to Grow, o nosso recurso de literacia sobre rodas, come\u00e7ou a circular em setembro de 2022 e tem trazido a alegria da leitura \u00e0s crian\u00e7as em todo o Connecticut desde ent\u00e3o.<\/p><p>Mais do que apenas uma biblioteca m\u00f3vel, o Bookmobile cria um espa\u00e7o envolvente e interativo onde as crian\u00e7as podem escolher um livro para guardar, relaxar nos nossos bancos acolhedores ou reunir-se no nosso grande tapete confort\u00e1vel para uma leitura em voz alta. Embora o nosso programa seja principalmente destinado a crian\u00e7as dos 0 aos 7 anos, ocasionalmente acomodamos visitas para crian\u00e7as mais velhas, com base em pedidos espec\u00edficos e necessidades da comunidade. <\/p>\t\t\t\t\t\t\t\t<\/div>\n\t\t\t\t<\/div>\n\t\t\t\t<\/div>\n\t\t<div class=\"elementor-element elementor-element-f6d84b e-con-full e-flex wpr-particle-no wpr-jarallax-no wpr-parallax-no wpr-sticky-section-no wpr-equal-height-no e-con e-child\" data-id=\"f6d84b\" data-element_type=\"container\" data-e-type=\"container\" data-settings=\"{&quot;background_background&quot;:&quot;classic&quot;}\">\n\t\t\t\t<\/div>\n\t\t\t\t\t<\/div>\n\t\t\t\t<\/div>\n\t\t<div class=\"elementor-element elementor-element-cfe9bbc e-flex e-con-boxed wpr-particle-no wpr-jarallax-no wpr-parallax-no wpr-sticky-section-no wpr-equal-height-no e-con e-parent\" data-id=\"cfe9bbc\" data-element_type=\"container\" data-e-type=\"container\">\n\t\t\t\t\t<div class=\"e-con-inner\">\n\t\t<div class=\"elementor-element elementor-element-a0ec543 e-flex e-con-boxed wpr-particle-no wpr-jarallax-no wpr-parallax-no wpr-sticky-section-no wpr-equal-height-no e-con e-child\" data-id=\"a0ec543\" data-element_type=\"container\" data-e-type=\"container\" data-settings=\"{&quot;background_background&quot;:&quot;classic&quot;}\">\n\t\t\t\t\t<div class=\"e-con-inner\">\n\t\t\t\t<div class=\"elementor-element elementor-element-349cade elementor-widget elementor-widget-heading\" data-id=\"349cade\" data-element_type=\"widget\" data-e-type=\"widget\" data-widget_type=\"heading.default\">\n\t\t\t\t<div class=\"elementor-widget-container\">\n\t\t\t\t\t<h2 class=\"elementor-heading-title elementor-size-default\">Quer que o bookmobile visite a sua comunidade?<\/h2>\t\t\t\t<\/div>\n\t\t\t\t<\/div>\n\t\t\t\t<div class=\"elementor-element elementor-element-b26e116 elementor-widget elementor-widget-text-editor\" data-id=\"b26e116\" data-element_type=\"widget\" data-e-type=\"widget\" data-widget_type=\"text-editor.default\">\n\t\t\t\t<div class=\"elementor-widget-container\">\n\t\t\t\t\t\t\t\t\t<p>Se estiver interessado em trazer o Bookmobile para a sua comunidade, por favor preencha o Formul\u00e1rio de Pedido do Bookmobile. Embora possamos n\u00e3o conseguir atender a todos os pedidos, entraremos em contacto consigo de qualquer forma. <\/p><p>Para quaisquer perguntas, contacte-nos em <span style=\"color: #ffffff;\"><a style=\"color: #ffffff;\" href=\"mailto:bookmobile@readtogrow.org\">bookmobile@readtogrow.org<\/a>.<\/span><\/p>\t\t\t\t\t\t\t\t<\/div>\n\t\t\t\t<\/div>\n\t\t<div class=\"elementor-element elementor-element-7cb231ee e-con-full e-flex wpr-particle-no wpr-jarallax-no wpr-parallax-no wpr-sticky-section-no wpr-equal-height-no e-con e-child\" data-id=\"7cb231ee\" data-element_type=\"container\" data-e-type=\"container\" data-settings=\"{&quot;background_background&quot;:&quot;classic&quot;}\">\n\t\t\t\t<div class=\"elementor-element elementor-element-64e5a865 elementor-widget elementor-widget-heading\" data-id=\"64e5a865\" data-element_type=\"widget\" data-e-type=\"widget\" data-widget_type=\"heading.default\">\n\t\t\t\t<div class=\"elementor-widget-container\">\n\t\t\t\t\t<h4 class=\"elementor-heading-title elementor-size-default\">Formul\u00e1rio de pedido da Biblioteca M\u00f3vel<\/h4>\t\t\t\t<\/div>\n\t\t\t\t<\/div>\n\t\t\t\t<div class=\"elementor-element elementor-element-5dab3cfc elementor-align-center align-self-end elementor-widget elementor-widget-button\" data-id=\"5dab3cfc\" data-element_type=\"widget\" data-e-type=\"widget\" data-widget_type=\"button.default\">\n\t\t\t\t<div class=\"elementor-widget-container\">\n\t\t\t\t\t\t\t\t\t<div class=\"elementor-button-wrapper\">\n\t\t\t\t\t<a class=\"elementor-button elementor-button-link elementor-size-sm\" href=\"https:\/\/cxl.474.myftpupload.com\/pt-pt\/formulario-de-pedido-da-biblioteca-movel\/\">\n\t\t\t\t\t\t<span class=\"elementor-button-content-wrapper\">\n\t\t\t\t\t\t\t\t\t<span class=\"elementor-button-text\">Ir para o formul\u00e1rio<\/span>\n\t\t\t\t\t<\/span>\n\t\t\t\t\t<\/a>\n\t\t\t\t<\/div>\n\t\t\t\t\t\t\t\t<\/div>\n\t\t\t\t<\/div>\n\t\t\t\t<\/div>\n\t\t\t\t\t<\/div>\n\t\t\t\t<\/div>\n\t\t\t\t\t<\/div>\n\t\t\t\t<\/div>\n\t\t<div class=\"elementor-element elementor-element-6df88615 e-flex e-con-boxed wpr-particle-no wpr-jarallax-no wpr-parallax-no wpr-sticky-section-no wpr-equal-height-no e-con e-parent\" data-id=\"6df88615\" data-element_type=\"container\" data-e-type=\"container\" data-settings=\"{&quot;background_background&quot;:&quot;classic&quot;}\">\n\t\t\t\t\t<div class=\"e-con-inner\">\n\t\t<div class=\"elementor-element elementor-element-99dda5c e-flex e-con-boxed wpr-particle-no wpr-jarallax-no wpr-parallax-no wpr-sticky-section-no wpr-equal-height-no e-con e-child\" data-id=\"99dda5c\" data-element_type=\"container\" data-e-type=\"container\" data-settings=\"{&quot;background_background&quot;:&quot;classic&quot;}\">\n\t\t\t\t\t<div class=\"e-con-inner\">\n\t\t\t\t<div class=\"elementor-element elementor-element-5a9ff966 elementor-widget elementor-widget-text-editor\" data-id=\"5a9ff966\" data-element_type=\"widget\" data-e-type=\"widget\" data-widget_type=\"text-editor.default\">\n\t\t\t\t<div class=\"elementor-widget-container\">\n\t\t\t\t\t\t\t\t\t<h2 style=\"text-align: center;\">Levando livros \u00e0s comunidades em todo o Connecticut<\/h2><p>O Bookmobile est\u00e1 dispon\u00edvel para viajar para qualquer condado ou comunidade em Connecticut, com um foco especial em \u00e1reas com poucos recursos. O nosso objetivo \u00e9 tornar os livros e as experi\u00eancias de literacia acess\u00edveis a todas as crian\u00e7as, independentemente de onde vivam. <\/p>\t\t\t\t\t\t\t\t<\/div>\n\t\t\t\t<\/div>\n\t\t<div class=\"elementor-element elementor-element-8ab8752 e-flex e-con-boxed wpr-particle-no wpr-jarallax-no wpr-parallax-no wpr-sticky-section-no wpr-equal-height-no e-con e-child\" data-id=\"8ab8752\" data-element_type=\"container\" data-e-type=\"container\">\n\t\t\t\t\t<div class=\"e-con-inner\">\n\t\t<div class=\"elementor-element elementor-element-b76cd4a e-con-full e-flex wpr-particle-no wpr-jarallax-no wpr-parallax-no wpr-sticky-section-no wpr-equal-height-no e-con e-child\" data-id=\"b76cd4a\" data-element_type=\"container\" data-e-type=\"container\">\n\t\t\t\t<div class=\"elementor-element elementor-element-bc6e28e elementor-widget elementor-widget-image\" data-id=\"bc6e28e\" data-element_type=\"widget\" data-e-type=\"widget\" data-widget_type=\"image.default\">\n\t\t\t\t<div class=\"elementor-widget-container\">\n\t\t\t\t\t\t\t\t\t\t\t\t\t\t\t<img fetchpriority=\"high\" decoding=\"async\" width=\"595\" height=\"800\" src=\"https:\/\/readtogrow.org\/wp-content\/uploads\/IMG_3519.jpg\" class=\"attachment-large size-large wp-image-15921\" alt=\"\" srcset=\"https:\/\/readtogrow.org\/wp-content\/uploads\/IMG_3519.jpg 595w, https:\/\/readtogrow.org\/wp-content\/uploads\/IMG_3519-223x300.jpg 223w\" sizes=\"(max-width: 595px) 100vw, 595px\" \/>\t\t\t\t\t\t\t\t\t\t\t\t\t\t\t<\/div>\n\t\t\t\t<\/div>\n\t\t\t\t<\/div>\n\t\t<div class=\"elementor-element elementor-element-bade5d8 e-con-full e-flex wpr-particle-no wpr-jarallax-no wpr-parallax-no wpr-sticky-section-no wpr-equal-height-no e-con e-child\" data-id=\"bade5d8\" data-element_type=\"container\" data-e-type=\"container\">\n\t\t\t\t<div class=\"elementor-element elementor-element-e0d2739 elementor-widget elementor-widget-image\" data-id=\"e0d2739\" data-element_type=\"widget\" data-e-type=\"widget\" data-widget_type=\"image.default\">\n\t\t\t\t<div class=\"elementor-widget-container\">\n\t\t\t\t\t\t\t\t\t\t\t\t\t\t\t<img decoding=\"async\" width=\"773\" height=\"1030\" src=\"https:\/\/readtogrow.org\/wp-content\/uploads\/Bookmobile-Image-4-773x1030.webp\" class=\"attachment-large size-large wp-image-14611\" alt=\"\" srcset=\"https:\/\/readtogrow.org\/wp-content\/uploads\/Bookmobile-Image-4-773x1030.webp 773w, https:\/\/readtogrow.org\/wp-content\/uploads\/Bookmobile-Image-4-225x300.webp 225w, https:\/\/readtogrow.org\/wp-content\/uploads\/Bookmobile-Image-4-768x1024.webp 768w, https:\/\/readtogrow.org\/wp-content\/uploads\/Bookmobile-Image-4.webp 1000w\" sizes=\"(max-width: 773px) 100vw, 773px\" \/>\t\t\t\t\t\t\t\t\t\t\t\t\t\t\t<\/div>\n\t\t\t\t<\/div>\n\t\t\t\t<\/div>\n\t\t<div class=\"elementor-element elementor-element-c1311d8 e-con-full e-flex wpr-particle-no wpr-jarallax-no wpr-parallax-no wpr-sticky-section-no wpr-equal-height-no e-con e-child\" data-id=\"c1311d8\" data-element_type=\"container\" data-e-type=\"container\">\n\t\t\t\t<div class=\"elementor-element elementor-element-079c29f elementor-widget elementor-widget-image\" data-id=\"079c29f\" data-element_type=\"widget\" data-e-type=\"widget\" data-widget_type=\"image.default\">\n\t\t\t\t<div class=\"elementor-widget-container\">\n\t\t\t\t\t\t\t\t\t\t\t\t\t\t\t<img decoding=\"async\" width=\"773\" height=\"1030\" src=\"https:\/\/readtogrow.org\/wp-content\/uploads\/Bookmobile-Image-13-773x1030.webp\" class=\"attachment-large size-large wp-image-14639\" alt=\"\" srcset=\"https:\/\/readtogrow.org\/wp-content\/uploads\/Bookmobile-Image-13-773x1030.webp 773w, https:\/\/readtogrow.org\/wp-content\/uploads\/Bookmobile-Image-13-225x300.webp 225w, https:\/\/readtogrow.org\/wp-content\/uploads\/Bookmobile-Image-13-768x1024.webp 768w, https:\/\/readtogrow.org\/wp-content\/uploads\/Bookmobile-Image-13.webp 1000w\" sizes=\"(max-width: 773px) 100vw, 773px\" \/>\t\t\t\t\t\t\t\t\t\t\t\t\t\t\t<\/div>\n\t\t\t\t<\/div>\n\t\t\t\t<\/div>\n\t\t\t\t\t<\/div>\n\t\t\t\t<\/div>\n\t\t\t\t\t<\/div>\n\t\t\t\t<\/div>\n\t\t\t\t\t<\/div>\n\t\t\t\t<\/div>\n\t\t\t\t<\/div>\n\t\t","protected":false},"excerpt":{"rendered":"<p>Bibliobus Todos a bordo do bookmobile! O Bookmobile da Read to Grow, o nosso recurso de literacia sobre rodas, come\u00e7ou a circular em setembro de 2022 e tem trazido a alegria da leitura \u00e0s crian\u00e7as em todo o Connecticut desde ent\u00e3o. Mais do que apenas uma biblioteca m\u00f3vel, o Bookmobile cria um espa\u00e7o envolvente e interativo onde as crian\u00e7as podem escolher um livro para guardar, relaxar nos nossos bancos acolhedores ou reunir-se no nosso grande tapete confort\u00e1vel para uma leitura em voz alta. Embora o nosso programa seja principalmente destinado a crian\u00e7as dos 0 aos 7 anos, ocasionalmente acomodamos visitas para crian\u00e7as mais velhas, com base em pedidos espec\u00edficos e necessidades da comunidade. Quer que o bookmobile visite a sua comunidade? Se estiver interessado em trazer o Bookmobile para a sua comunidade, por favor preencha o Formul\u00e1rio de Pedido do Bookmobile. Embora possamos n\u00e3o conseguir atender a todos os pedidos, entraremos em contacto consigo de qualquer forma. Para quaisquer perguntas, contacte-nos em bookmobile@readtogrow.org. Formul\u00e1rio de pedido da Biblioteca M\u00f3vel Ir para o formul\u00e1rio Levando livros \u00e0s comunidades em todo o Connecticut O Bookmobile est\u00e1 dispon\u00edvel para viajar para qualquer condado ou comunidade em Connecticut, com um foco especial em \u00e1reas com poucos recursos. O nosso objetivo \u00e9 tornar os livros e as experi\u00eancias de literacia acess\u00edveis a todas as crian\u00e7as, independentemente de onde vivam.<\/p>\n","protected":false},"author":2,"featured_media":0,"parent":0,"menu_order":0,"comment_status":"closed","ping_status":"closed","template":"","meta":{"footnotes":""},"class_list":["post-17846","page","type-page","status-publish","hentry"],"_links":{"self":[{"href":"https:\/\/readtogrow.org\/pt-pt\/wp-json\/wp\/v2\/pages\/17846","targetHints":{"allow":["GET"]}}],"collection":[{"href":"https:\/\/readtogrow.org\/pt-pt\/wp-json\/wp\/v2\/pages"}],"about":[{"href":"https:\/\/readtogrow.org\/pt-pt\/wp-json\/wp\/v2\/types\/page"}],"author":[{"embeddable":true,"href":"https:\/\/readtogrow.org\/pt-pt\/wp-json\/wp\/v2\/users\/2"}],"replies":[{"embeddable":true,"href":"https:\/\/readtogrow.org\/pt-pt\/wp-json\/wp\/v2\/comments?post=17846"}],"version-history":[{"count":2,"href":"https:\/\/readtogrow.org\/pt-pt\/wp-json\/wp\/v2\/pages\/17846\/revisions"}],"predecessor-version":[{"id":17860,"href":"https:\/\/readtogrow.org\/pt-pt\/wp-json\/wp\/v2\/pages\/17846\/revisions\/17860"}],"wp:attachment":[{"href":"https:\/\/readtogrow.org\/pt-pt\/wp-json\/wp\/v2\/media?parent=17846"}],"curies":[{"name":"wp","href":"https:\/\/api.w.org\/{rel}","templated":true}]}}