{"id":18107,"date":"2025-09-16T17:01:50","date_gmt":"2025-09-16T21:01:50","guid":{"rendered":"https:\/\/readtogrow.org\/voluntario\/"},"modified":"2025-09-16T17:01:51","modified_gmt":"2025-09-16T21:01:51","slug":"voluntario","status":"publish","type":"page","link":"https:\/\/readtogrow.org\/pt-pt\/voluntario\/","title":{"rendered":"Volunt\u00e1rio"},"content":{"rendered":"\t\t<div data-elementor-type=\"wp-page\" data-elementor-id=\"18107\" class=\"elementor elementor-18107 elementor-12845\" data-elementor-post-type=\"page\">\n\t\t\t\t<div class=\"elementor-element elementor-element-24234775 page-header e-flex e-con-boxed wpr-particle-no wpr-jarallax-no wpr-parallax-no wpr-sticky-section-no wpr-equal-height-no e-con e-parent\" data-id=\"24234775\" data-element_type=\"container\" data-e-type=\"container\" id=\"page-header\" data-settings=\"{&quot;background_background&quot;:&quot;classic&quot;}\">\n\t\t\t\t\t<div class=\"e-con-inner\">\n\t\t\t\t<div class=\"elementor-element elementor-element-18f098c0 elementor-widget elementor-widget-text-editor\" data-id=\"18f098c0\" data-element_type=\"widget\" data-e-type=\"widget\" data-widget_type=\"text-editor.default\">\n\t\t\t\t<div class=\"elementor-widget-container\">\n\t\t\t\t\t\t\t\t\t<h1>Volunt\u00e1rio na Read to Grow<\/h1>\t\t\t\t\t\t\t\t<\/div>\n\t\t\t\t<\/div>\n\t\t\t\t\t<\/div>\n\t\t\t\t<\/div>\n\t\t<div class=\"elementor-element elementor-element-7e780054 hero-section e-flex e-con-boxed wpr-particle-no wpr-jarallax-no wpr-parallax-no wpr-sticky-section-no wpr-equal-height-no e-con e-parent\" data-id=\"7e780054\" data-element_type=\"container\" data-e-type=\"container\" data-settings=\"{&quot;background_background&quot;:&quot;classic&quot;}\">\n\t\t\t\t\t<div class=\"e-con-inner\">\n\t\t<div class=\"elementor-element elementor-element-29f9c98f e-con-full intro e-flex wpr-particle-no wpr-jarallax-no wpr-parallax-no wpr-sticky-section-no wpr-equal-height-no e-con e-child\" data-id=\"29f9c98f\" data-element_type=\"container\" data-e-type=\"container\" data-settings=\"{&quot;background_background&quot;:&quot;classic&quot;}\">\n\t\t\t\t<div class=\"elementor-element elementor-element-2da1dd79 elementor-widget elementor-widget-text-editor\" data-id=\"2da1dd79\" data-element_type=\"widget\" data-e-type=\"widget\" data-widget_type=\"text-editor.default\">\n\t\t\t\t<div class=\"elementor-widget-container\">\n\t\t\t\t\t\t\t\t\t<h2>Ajuda-nos a dar a cada crian\u00e7a o presente da literacia<\/h2><p>Na Read to Grow, os volunt\u00e1rios s\u00e3o o cora\u00e7\u00e3o da nossa miss\u00e3o. Quer seja a montar pacotes de literacia para novos pais ou a colocar livros nas m\u00e3os de crian\u00e7as em todo o Connecticut, os nossos volunt\u00e1rios tornam tudo isto poss\u00edvel. Estamos profundamente gratos pelo teu tempo, energia e dedica\u00e7\u00e3o\u2014n\u00e3o poder\u00edamos fazer isto sem ti.  <\/p>\t\t\t\t\t\t\t\t<\/div>\n\t\t\t\t<\/div>\n\t\t\t\t<\/div>\n\t\t<div class=\"elementor-element elementor-element-162415ea e-con-full e-flex wpr-particle-no wpr-jarallax-no wpr-parallax-no wpr-sticky-section-no wpr-equal-height-no e-con e-child\" data-id=\"162415ea\" data-element_type=\"container\" data-e-type=\"container\" data-settings=\"{&quot;background_background&quot;:&quot;classic&quot;}\">\n\t\t\t\t<\/div>\n\t\t\t\t\t<\/div>\n\t\t\t\t<\/div>\n\t\t<div class=\"elementor-element elementor-element-5ccece46 e-flex e-con-boxed wpr-particle-no wpr-jarallax-no wpr-parallax-no wpr-sticky-section-no wpr-equal-height-no e-con e-parent\" data-id=\"5ccece46\" data-element_type=\"container\" data-e-type=\"container\">\n\t\t\t\t\t<div class=\"e-con-inner\">\n\t\t<div class=\"elementor-element elementor-element-780ec8a4 e-flex e-con-boxed wpr-particle-no wpr-jarallax-no wpr-parallax-no wpr-sticky-section-no wpr-equal-height-no e-con e-child\" data-id=\"780ec8a4\" data-element_type=\"container\" data-e-type=\"container\" data-settings=\"{&quot;background_background&quot;:&quot;classic&quot;}\">\n\t\t\t\t\t<div class=\"e-con-inner\">\n\t\t\t\t<div class=\"elementor-element elementor-element-5d8c98af elementor-widget elementor-widget-text-editor\" data-id=\"5d8c98af\" data-element_type=\"widget\" data-e-type=\"widget\" data-widget_type=\"text-editor.default\">\n\t\t\t\t<div class=\"elementor-widget-container\">\n\t\t\t\t\t\t\t\t\t<p data-start=\"76\" data-end=\"423\">Embora as oportunidades de voluntariado na Read to Grow n\u00e3o aconte\u00e7am todos os dias, quando acontecem, s\u00e3o sempre significativas e profundamente gratificantes. Quer estejas a montar pacotes de literacia para novos pais ou a ajudar a distribuir livros em eventos comunit\u00e1rios, cada momento que d\u00e1s ajuda a colocar hist\u00f3rias e sorrisos nas m\u00e3os das crian\u00e7as que mais precisam. <\/p><h3>Pronto para come\u00e7ar?<\/h3><p data-start=\"425\" data-end=\"662\">Se gostarias de partilhar o teu tempo e talentos, por favor completa o formul\u00e1rio abaixo para seres adicionado \u00e0 nossa lista de volunt\u00e1rios. Entraremos em contacto sempre que surgirem oportunidades, para que possas participar e fazer a diferen\u00e7a quando o momento for certo. <\/p><p data-start=\"664\" data-end=\"815\">Desde a separa\u00e7\u00e3o de livros ao apoio em eventos ou a dar uma m\u00e3o no escrit\u00f3rio, as tuas contribui\u00e7\u00f5es realmente importam para crian\u00e7as e fam\u00edlias em todo o Connecticut.<\/p><p data-start=\"817\" data-end=\"937\">Se tiveres alguma d\u00favida antes de submeter a tua candidatura, adorar\u00edamos ouvir-te, basta ligar para o 203.488.6800.<\/p><p data-start=\"939\" data-end=\"1013\"><strong>Estamos muito entusiasmados com o teu interesse em juntar-te \u00e0 nossa fam\u00edlia Read to Grow!<\/strong><\/p>\t\t\t\t\t\t\t\t<\/div>\n\t\t\t\t<\/div>\n\t\t\t\t<div class=\"elementor-element elementor-element-0260527 elementor-align-center elementor-widget elementor-widget-button\" data-id=\"0260527\" data-element_type=\"widget\" data-e-type=\"widget\" data-widget_type=\"button.default\">\n\t\t\t\t<div class=\"elementor-widget-container\">\n\t\t\t\t\t\t\t\t\t<div class=\"elementor-button-wrapper\">\n\t\t\t\t\t<a class=\"elementor-button elementor-button-link elementor-size-sm\" href=\"https:\/\/cxl.474.myftpupload.com\/pt-pt\/candidatura-de-voluntario\/\">\n\t\t\t\t\t\t<span class=\"elementor-button-content-wrapper\">\n\t\t\t\t\t\t\t\t\t<span class=\"elementor-button-text\">Submeter uma candidatura de volunt\u00e1rio<\/span>\n\t\t\t\t\t<\/span>\n\t\t\t\t\t<\/a>\n\t\t\t\t<\/div>\n\t\t\t\t\t\t\t\t<\/div>\n\t\t\t\t<\/div>\n\t\t\t\t\t<\/div>\n\t\t\t\t<\/div>\n\t\t\t\t\t<\/div>\n\t\t\t\t<\/div>\n\t\t<div class=\"elementor-element elementor-element-4bbe800f e-flex e-con-boxed wpr-particle-no wpr-jarallax-no wpr-parallax-no wpr-sticky-section-no wpr-equal-height-no e-con e-child\" data-id=\"4bbe800f\" data-element_type=\"container\" data-e-type=\"container\" data-settings=\"{&quot;background_background&quot;:&quot;classic&quot;}\">\n\t\t\t\t\t<div class=\"e-con-inner\">\n\t\t<div class=\"elementor-element elementor-element-6dd6bdd e-flex e-con-boxed wpr-particle-no wpr-jarallax-no wpr-parallax-no wpr-sticky-section-no wpr-equal-height-no e-con e-child\" data-id=\"6dd6bdd\" data-element_type=\"container\" data-e-type=\"container\" data-settings=\"{&quot;background_background&quot;:&quot;classic&quot;}\">\n\t\t\t\t\t<div class=\"e-con-inner\">\n\t\t\t\t<div class=\"elementor-element elementor-element-6922f6a9 elementor-widget elementor-widget-heading\" data-id=\"6922f6a9\" data-element_type=\"widget\" data-e-type=\"widget\" data-widget_type=\"heading.default\">\n\t\t\t\t<div class=\"elementor-widget-container\">\n\t\t\t\t\t<h2 class=\"elementor-heading-title elementor-size-default\">Oportunidades de voluntariado<\/h2>\t\t\t\t<\/div>\n\t\t\t\t<\/div>\n\t\t\t\t<div class=\"elementor-element elementor-element-45a91058 elementor-widget elementor-widget-text-editor\" data-id=\"45a91058\" data-element_type=\"widget\" data-e-type=\"widget\" data-widget_type=\"text-editor.default\">\n\t\t\t\t<div class=\"elementor-widget-container\">\n\t\t\t\t\t\t\t\t\t<p>A Read to Grow alcan\u00e7a as fam\u00edlias cedo e frequentemente atrav\u00e9s de um conjunto de programas interligados:<\/p>\t\t\t\t\t\t\t\t<\/div>\n\t\t\t\t<\/div>\n\t\t<div class=\"elementor-element elementor-element-6811a356 e-flex e-con-boxed wpr-particle-no wpr-jarallax-no wpr-parallax-no wpr-sticky-section-no wpr-equal-height-no e-con e-child\" data-id=\"6811a356\" data-element_type=\"container\" data-e-type=\"container\">\n\t\t\t\t\t<div class=\"e-con-inner\">\n\t\t<div class=\"elementor-element elementor-element-14201101 e-con-full e-flex wpr-particle-no wpr-jarallax-no wpr-parallax-no wpr-sticky-section-no wpr-equal-height-no e-con e-child\" data-id=\"14201101\" data-element_type=\"container\" data-e-type=\"container\">\n\t\t\t\t<div class=\"elementor-element elementor-element-b91e2a4 elementor-widget elementor-widget-heading\" data-id=\"b91e2a4\" data-element_type=\"widget\" data-e-type=\"widget\" data-widget_type=\"heading.default\">\n\t\t\t\t<div class=\"elementor-widget-container\">\n\t\t\t\t\t<h4 class=\"elementor-heading-title elementor-size-default\">Livros para beb\u00e9s<\/h4>\t\t\t\t<\/div>\n\t\t\t\t<\/div>\n\t\t\t\t<div class=\"elementor-element elementor-element-7973d544 elementor-widget elementor-widget-text-editor\" data-id=\"7973d544\" data-element_type=\"widget\" data-e-type=\"widget\" data-widget_type=\"text-editor.default\">\n\t\t\t\t<div class=\"elementor-widget-container\">\n\t\t\t\t\t\t\t\t\t<ul><li>Montar pacotes de literacia<\/li><li>Introdu\u00e7\u00e3o de dados e envios<\/li><li>Visitar fam\u00edlias nos nossos hospitais parceiros<\/li><\/ul>\t\t\t\t\t\t\t\t<\/div>\n\t\t\t\t<\/div>\n\t\t\t\t<\/div>\n\t\t<div class=\"elementor-element elementor-element-4b4165b9 e-con-full e-flex wpr-particle-no wpr-jarallax-no wpr-parallax-no wpr-sticky-section-no wpr-equal-height-no e-con e-child\" data-id=\"4b4165b9\" data-element_type=\"container\" data-e-type=\"container\">\n\t\t\t\t<div class=\"elementor-element elementor-element-454bd97d elementor-widget elementor-widget-heading\" data-id=\"454bd97d\" data-element_type=\"widget\" data-e-type=\"widget\" data-widget_type=\"heading.default\">\n\t\t\t\t<div class=\"elementor-widget-container\">\n\t\t\t\t\t<h4 class=\"elementor-heading-title elementor-size-default\">Livros para crian\u00e7as<\/h4>\t\t\t\t<\/div>\n\t\t\t\t<\/div>\n\t\t\t\t<div class=\"elementor-element elementor-element-13ffc25a elementor-widget elementor-widget-text-editor\" data-id=\"13ffc25a\" data-element_type=\"widget\" data-e-type=\"widget\" data-widget_type=\"text-editor.default\">\n\t\t\t\t<div class=\"elementor-widget-container\">\n\t\t\t\t\t\t\t\t\t<ul><li>Separar e organizar livros doados<\/li><li>Montar pedidos de livros<\/li><li>Organizar uma campanha de livros<\/li><\/ul>\t\t\t\t\t\t\t\t<\/div>\n\t\t\t\t<\/div>\n\t\t\t\t<\/div>\n\t\t<div class=\"elementor-element elementor-element-2070ed35 e-con-full e-flex wpr-particle-no wpr-jarallax-no wpr-parallax-no wpr-sticky-section-no wpr-equal-height-no e-con e-child\" data-id=\"2070ed35\" data-element_type=\"container\" data-e-type=\"container\">\n\t\t\t\t<div class=\"elementor-element elementor-element-290a41d9 elementor-widget elementor-widget-heading\" data-id=\"290a41d9\" data-element_type=\"widget\" data-e-type=\"widget\" data-widget_type=\"heading.default\">\n\t\t\t\t<div class=\"elementor-widget-container\">\n\t\t\t\t\t<h4 class=\"elementor-heading-title elementor-size-default\">Bookmobile\/Eventos especiais<\/h4>\t\t\t\t<\/div>\n\t\t\t\t<\/div>\n\t\t\t\t<div class=\"elementor-element elementor-element-3225b43f elementor-widget elementor-widget-text-editor\" data-id=\"3225b43f\" data-element_type=\"widget\" data-e-type=\"widget\" data-widget_type=\"text-editor.default\">\n\t\t\t\t<div class=\"elementor-widget-container\">\n\t\t\t\t\t\t\t\t\t<ul><li>Interagir com as nossas fam\u00edlias no local<\/li><li>Ter uma atitude amig\u00e1vel<\/li><li>Levantamento leve e tarefas operacionais<\/li><\/ul>\t\t\t\t\t\t\t\t<\/div>\n\t\t\t\t<\/div>\n\t\t\t\t<\/div>\n\t\t\t\t\t<\/div>\n\t\t\t\t<\/div>\n\t\t\t\t\t<\/div>\n\t\t\t\t<\/div>\n\t\t\t\t\t<\/div>\n\t\t\t\t<\/div>\n\t\t\t\t<\/div>\n\t\t","protected":false},"excerpt":{"rendered":"<p>Volunt\u00e1rio na Read to Grow Ajuda-nos a dar a cada crian\u00e7a o presente da literacia Na Read to Grow, os volunt\u00e1rios s\u00e3o o cora\u00e7\u00e3o da nossa miss\u00e3o. Quer seja a montar pacotes de literacia para novos pais ou a colocar livros nas m\u00e3os de crian\u00e7as em todo o Connecticut, os nossos volunt\u00e1rios tornam tudo isto poss\u00edvel. Estamos profundamente gratos pelo teu tempo, energia e dedica\u00e7\u00e3o\u2014n\u00e3o poder\u00edamos fazer isto sem ti. Embora as oportunidades de voluntariado na Read to Grow n\u00e3o aconte\u00e7am todos os dias, quando acontecem, s\u00e3o sempre significativas e profundamente gratificantes. Quer estejas a montar pacotes de literacia para novos pais ou a ajudar a distribuir livros em eventos comunit\u00e1rios, cada momento que d\u00e1s ajuda a colocar hist\u00f3rias e sorrisos nas m\u00e3os das crian\u00e7as que mais precisam. Pronto para come\u00e7ar? Se gostarias de partilhar o teu tempo e talentos, por favor completa o formul\u00e1rio abaixo para seres adicionado \u00e0 nossa lista de volunt\u00e1rios. Entraremos em contacto sempre que surgirem oportunidades, para que possas participar e fazer a diferen\u00e7a quando o momento for certo. Desde a separa\u00e7\u00e3o de livros ao apoio em eventos ou a dar uma m\u00e3o no escrit\u00f3rio, as tuas contribui\u00e7\u00f5es realmente importam para crian\u00e7as e fam\u00edlias em todo o Connecticut. Se tiveres alguma d\u00favida antes de submeter a tua candidatura, adorar\u00edamos ouvir-te, basta ligar para o 203.488.6800. Estamos muito entusiasmados com o teu interesse em juntar-te \u00e0 nossa fam\u00edlia Read to Grow! Submeter uma candidatura de volunt\u00e1rio Oportunidades de voluntariado A Read to Grow alcan\u00e7a as fam\u00edlias cedo e frequentemente atrav\u00e9s de um conjunto de programas interligados: Livros para beb\u00e9s Montar pacotes de literacia Introdu\u00e7\u00e3o de dados e envios Visitar fam\u00edlias nos nossos hospitais parceiros Livros para crian\u00e7as Separar e organizar livros doados Montar pedidos de livros Organizar uma campanha de livros Bookmobile\/Eventos especiais Interagir com as nossas fam\u00edlias no local Ter uma atitude amig\u00e1vel Levantamento leve e tarefas operacionais<\/p>\n","protected":false},"author":2,"featured_media":0,"parent":0,"menu_order":0,"comment_status":"closed","ping_status":"closed","template":"","meta":{"footnotes":""},"class_list":["post-18107","page","type-page","status-publish","hentry"],"_links":{"self":[{"href":"https:\/\/readtogrow.org\/pt-pt\/wp-json\/wp\/v2\/pages\/18107","targetHints":{"allow":["GET"]}}],"collection":[{"href":"https:\/\/readtogrow.org\/pt-pt\/wp-json\/wp\/v2\/pages"}],"about":[{"href":"https:\/\/readtogrow.org\/pt-pt\/wp-json\/wp\/v2\/types\/page"}],"author":[{"embeddable":true,"href":"https:\/\/readtogrow.org\/pt-pt\/wp-json\/wp\/v2\/users\/2"}],"replies":[{"embeddable":true,"href":"https:\/\/readtogrow.org\/pt-pt\/wp-json\/wp\/v2\/comments?post=18107"}],"version-history":[{"count":1,"href":"https:\/\/readtogrow.org\/pt-pt\/wp-json\/wp\/v2\/pages\/18107\/revisions"}],"predecessor-version":[{"id":18109,"href":"https:\/\/readtogrow.org\/pt-pt\/wp-json\/wp\/v2\/pages\/18107\/revisions\/18109"}],"wp:attachment":[{"href":"https:\/\/readtogrow.org\/pt-pt\/wp-json\/wp\/v2\/media?parent=18107"}],"curies":[{"name":"wp","href":"https:\/\/api.w.org\/{rel}","templated":true}]}}