{"id":18118,"date":"2025-09-16T17:01:57","date_gmt":"2025-09-16T21:01:57","guid":{"rendered":"https:\/\/readtogrow.org\/pipocas-pjs\/"},"modified":"2026-01-23T09:36:12","modified_gmt":"2026-01-23T14:36:12","slug":"pipocas-pjs","status":"publish","type":"page","link":"https:\/\/readtogrow.org\/pt-pt\/pipocas-pjs\/","title":{"rendered":"Pipocas &amp; PJs"},"content":{"rendered":"\t\t<div data-elementor-type=\"wp-page\" data-elementor-id=\"18118\" class=\"elementor elementor-18118 elementor-11872\" data-elementor-post-type=\"page\">\n\t\t\t\t<div class=\"elementor-element elementor-element-6c7c25bd page-header e-flex e-con-boxed wpr-particle-no wpr-jarallax-no wpr-parallax-no wpr-sticky-section-no wpr-column-slider-no wpr-equal-height-no e-con e-parent\" data-id=\"6c7c25bd\" data-element_type=\"container\" data-e-type=\"container\" id=\"page-header\" data-settings=\"{&quot;background_background&quot;:&quot;classic&quot;}\">\n\t\t\t\t\t<div class=\"e-con-inner\">\n\t\t\t\t<div class=\"elementor-element elementor-element-2ecb79f3 elementor-widget elementor-widget-text-editor\" data-id=\"2ecb79f3\" data-element_type=\"widget\" data-e-type=\"widget\" data-widget_type=\"text-editor.default\">\n\t\t\t\t<div class=\"elementor-widget-container\">\n\t\t\t\t\t\t\t\t\t<h1>Pipocas &amp; PJs<\/h1>\t\t\t\t\t\t\t\t<\/div>\n\t\t\t\t<\/div>\n\t\t\t\t\t<\/div>\n\t\t\t\t<\/div>\n\t\t<div class=\"elementor-element elementor-element-734140a6 hero-section e-flex e-con-boxed wpr-particle-no wpr-jarallax-no wpr-parallax-no wpr-sticky-section-no wpr-column-slider-no wpr-equal-height-no e-con e-parent\" data-id=\"734140a6\" data-element_type=\"container\" data-e-type=\"container\" data-settings=\"{&quot;background_background&quot;:&quot;classic&quot;}\">\n\t\t\t\t\t<div class=\"e-con-inner\">\n\t\t<div class=\"elementor-element elementor-element-43cedd4c e-con-full e-flex wpr-particle-no wpr-jarallax-no wpr-parallax-no wpr-sticky-section-no wpr-column-slider-no wpr-equal-height-no e-con e-child\" data-id=\"43cedd4c\" data-element_type=\"container\" data-e-type=\"container\" data-settings=\"{&quot;background_background&quot;:&quot;classic&quot;}\">\n\t\t\t\t<div class=\"elementor-element elementor-element-759706c7 intro elementor-widget elementor-widget-text-editor\" data-id=\"759706c7\" data-element_type=\"widget\" data-e-type=\"widget\" data-widget_type=\"text-editor.default\">\n\t\t\t\t<div class=\"elementor-widget-container\">\n\t\t\t\t\t\t\t\t\t<h2>Conecta-te com os livros de uma forma totalmente nova<\/h2><p>Na Read to Grow, sabemos que fomentar fortes compet\u00eancias de literacia requer uma variedade de experi\u00eancias envolventes e acess\u00edveis. \u00c9 por isso que cri\u00e1mos <strong>Pipocas &amp; PJs<\/strong>\u2014uma forma divertida e interativa para as fam\u00edlias se conectarem com os livros de uma maneira totalmente nova. <\/p>\t\t\t\t\t\t\t\t<\/div>\n\t\t\t\t<\/div>\n\t\t\t\t<\/div>\n\t\t<div class=\"elementor-element elementor-element-1a76f5fc e-con-full e-flex wpr-particle-no wpr-jarallax-no wpr-parallax-no wpr-sticky-section-no wpr-column-slider-no wpr-equal-height-no e-con e-child\" data-id=\"1a76f5fc\" data-element_type=\"container\" data-e-type=\"container\" data-settings=\"{&quot;background_background&quot;:&quot;classic&quot;}\">\n\t\t\t\t<\/div>\n\t\t\t\t\t<\/div>\n\t\t\t\t<\/div>\n\t\t<div class=\"elementor-element elementor-element-b36db05 e-flex e-con-boxed wpr-particle-no wpr-jarallax-no wpr-parallax-no wpr-sticky-section-no wpr-column-slider-no wpr-equal-height-no e-con e-parent\" data-id=\"b36db05\" data-element_type=\"container\" data-e-type=\"container\">\n\t\t\t\t\t<div class=\"e-con-inner\">\n\t\t<div class=\"elementor-element elementor-element-53126953 e-flex e-con-boxed wpr-particle-no wpr-jarallax-no wpr-parallax-no wpr-sticky-section-no wpr-column-slider-no wpr-equal-height-no e-con e-child\" data-id=\"53126953\" data-element_type=\"container\" data-e-type=\"container\" data-settings=\"{&quot;background_background&quot;:&quot;classic&quot;}\">\n\t\t\t\t\t<div class=\"e-con-inner\">\n\t\t\t\t<div class=\"elementor-element elementor-element-34e6943 elementor-widget elementor-widget-text-editor\" data-id=\"34e6943\" data-element_type=\"widget\" data-e-type=\"widget\" data-widget_type=\"text-editor.default\">\n\t\t\t\t<div class=\"elementor-widget-container\">\n\t\t\t\t\t\t\t\t\t<p>Atrav\u00e9s de Pipocas &amp; PJs, as fam\u00edlias podem participar numa hora do conto virtual com um autor convidado que d\u00e1 vida ao seu livro com uma leitura em direto. Ap\u00f3s a leitura, o autor responde a perguntas, partilha ideias sobre a hist\u00f3ria e lidera uma atividade baseada na literacia, concebida para envolver tanto as crian\u00e7as como os pais. <\/p><p>Pipocas &amp; PJs \u00e9 a forma perfeita de despertar a curiosidade, incentivar o amor pela leitura e criar mem\u00f3rias familiares duradouras\u2014tudo a partir do conforto de casa.<\/p>\t\t\t\t\t\t\t\t<\/div>\n\t\t\t\t<\/div>\n\t\t\t\t<div class=\"elementor-element elementor-element-ddfb49a elementor-widget elementor-widget-text-editor\" data-id=\"ddfb49a\" data-element_type=\"widget\" data-e-type=\"widget\" data-widget_type=\"text-editor.default\">\n\t\t\t\t<div class=\"elementor-widget-container\">\n\t\t\t\t\t\t\t\t\t<h1>Torna as noites de fam\u00edlia de outono extra especiais com pipocas e pijamas!<\/h1>\t\t\t\t\t\t\t\t<\/div>\n\t\t\t\t<\/div>\n\t\t\t\t<div class=\"elementor-element elementor-element-877fee1 elementor-widget elementor-widget-image\" data-id=\"877fee1\" data-element_type=\"widget\" data-e-type=\"widget\" data-widget_type=\"image.default\">\n\t\t\t\t<div class=\"elementor-widget-container\">\n\t\t\t\t\t\t\t\t\t\t\t\t\t\t\t\t<a href=\"https:\/\/givebutter.com\/read-to-grow\">\n\t\t\t\t\t\t\t<img fetchpriority=\"high\" decoding=\"async\" width=\"1540\" height=\"600\" src=\"https:\/\/readtogrow.org\/wp-content\/uploads\/Fall-2025-PPJs-Banner-1.png\" class=\"attachment-full size-full wp-image-21457\" alt=\"\" srcset=\"https:\/\/readtogrow.org\/wp-content\/uploads\/Fall-2025-PPJs-Banner-1.png 1540w, https:\/\/readtogrow.org\/wp-content\/uploads\/Fall-2025-PPJs-Banner-1-300x117.png 300w, https:\/\/readtogrow.org\/wp-content\/uploads\/Fall-2025-PPJs-Banner-1-1030x401.png 1030w, https:\/\/readtogrow.org\/wp-content\/uploads\/Fall-2025-PPJs-Banner-1-768x299.png 768w, https:\/\/readtogrow.org\/wp-content\/uploads\/Fall-2025-PPJs-Banner-1-1536x598.png 1536w\" sizes=\"(max-width: 1540px) 100vw, 1540px\" \/>\t\t\t\t\t\t\t\t<\/a>\n\t\t\t\t\t\t\t\t\t\t\t\t\t\t\t<\/div>\n\t\t\t\t<\/div>\n\t\t\t\t<div class=\"elementor-element elementor-element-3b8c6fc elementor-widget elementor-widget-text-editor\" data-id=\"3b8c6fc\" data-element_type=\"widget\" data-e-type=\"widget\" data-widget_type=\"text-editor.default\">\n\t\t\t\t<div class=\"elementor-widget-container\">\n\t\t\t\t\t\t\t\t\t<p data-start=\"294\" data-end=\"583\">Looking for a cozy, fun, and meaningful activity to enjoy with your kids this fall? Join us for <b>Fall\u00a0<\/b><strong data-start=\"454\" data-end=\"471\">Popcorn &amp; PJs<\/strong><b>!<\/b><\/p><p data-start=\"585\" data-end=\"748\">This <span data-start=\"590\" data-end=\"610\">season<\/span><strong data-start=\"590\" data-end=\"610\">\u00a0<\/strong>you can enjoy a lineup of unforgettable evenings together:<\/p><p data-start=\"750\" data-end=\"983\"><img decoding=\"async\" class=\"emoji\" role=\"img\" draggable=\"false\" src=\"https:\/\/s.w.org\/images\/core\/emoji\/16.0.1\/svg\/1f37f.svg\" alt=\"\ud83c\udf7f\" \/> <a href=\"https:\/\/givebutter.com\/NZNwAA\"><strong data-start=\"753\" data-end=\"766\">Alan Katz<\/strong><\/a> kicks off the season with <em data-start=\"793\" data-end=\"804\">Zooloween<\/em><br data-start=\"804\" data-end=\"807\" \/><img decoding=\"async\" class=\"emoji\" role=\"img\" draggable=\"false\" src=\"https:\/\/s.w.org\/images\/core\/emoji\/16.0.1\/svg\/1faae.svg\" alt=\"\ud83e\udeae\" \/> <a href=\"https:\/\/givebutter.com\/x8FeSK\"><strong data-start=\"810\" data-end=\"829\">Malik Champlain<\/strong><\/a> shares <em data-start=\"837\" data-end=\"865\">Mason\u2019s Big Hair Adventure<\/em>, co-written with his son, Mason<br data-start=\"890\" data-end=\"893\" \/><img decoding=\"async\" class=\"emoji\" role=\"img\" draggable=\"false\" src=\"https:\/\/s.w.org\/images\/core\/emoji\/16.0.1\/svg\/1f32e.svg\" alt=\"\ud83c\udf2e\" \/> <a href=\"https:\/\/givebutter.com\/Q3mTkx\"><strong data-start=\"896\" data-end=\"915\">Stephen Shaskan<\/strong><\/a> brings <em data-start=\"923\" data-end=\"939\" data-is-only-node=\"\">Pizza and Taco<\/em> to life in a graphic novel double feature<\/p><p data-start=\"985\" data-end=\"1197\">Each event is packed with laughter, creativity, and connection!<\/p><p data-start=\"1199\" data-end=\"1254\"><img decoding=\"async\" class=\"emoji\" role=\"img\" draggable=\"false\" src=\"https:\/\/s.w.org\/images\/core\/emoji\/16.0.1\/svg\/1f449.svg\" alt=\"\ud83d\udc49\" \/> <a href=\"https:\/\/givebutter.com\/F0ZWC2\"><b>Click here to purchase tickets for the Fall 2025 Season!<\/b><\/a><\/p>\t\t\t\t\t\t\t\t<\/div>\n\t\t\t\t<\/div>\n\t\t\t\t<div class=\"elementor-element elementor-element-7b9df0d elementor-widget elementor-widget-text-editor\" data-id=\"7b9df0d\" data-element_type=\"widget\" data-e-type=\"widget\" data-widget_type=\"text-editor.default\">\n\t\t\t\t<div class=\"elementor-widget-container\">\n\t\t\t\t\t\t\t\t\t<h1>Turn Cozy Winter Nights into Storytime Magic with Popcorn &amp; PJs!<\/h1>\t\t\t\t\t\t\t\t<\/div>\n\t\t\t\t<\/div>\n\t\t\t\t<div class=\"elementor-element elementor-element-5da359d elementor-widget elementor-widget-image\" data-id=\"5da359d\" data-element_type=\"widget\" data-e-type=\"widget\" data-widget_type=\"image.default\">\n\t\t\t\t<div class=\"elementor-widget-container\">\n\t\t\t\t\t\t\t\t\t\t\t\t\t\t\t\t<a href=\"https:\/\/givebutter.com\/read-to-grow\">\n\t\t\t\t\t\t\t<img decoding=\"async\" width=\"1540\" height=\"600\" src=\"https:\/\/readtogrow.org\/wp-content\/uploads\/Winter-2026-PPJs-Banner-1.png\" class=\"attachment-full size-full wp-image-21456\" alt=\"\" srcset=\"https:\/\/readtogrow.org\/wp-content\/uploads\/Winter-2026-PPJs-Banner-1.png 1540w, https:\/\/readtogrow.org\/wp-content\/uploads\/Winter-2026-PPJs-Banner-1-300x117.png 300w, https:\/\/readtogrow.org\/wp-content\/uploads\/Winter-2026-PPJs-Banner-1-1030x401.png 1030w, https:\/\/readtogrow.org\/wp-content\/uploads\/Winter-2026-PPJs-Banner-1-768x299.png 768w, https:\/\/readtogrow.org\/wp-content\/uploads\/Winter-2026-PPJs-Banner-1-1536x598.png 1536w\" sizes=\"(max-width: 1540px) 100vw, 1540px\" \/>\t\t\t\t\t\t\t\t<\/a>\n\t\t\t\t\t\t\t\t\t\t\t\t\t\t\t<\/div>\n\t\t\t\t<\/div>\n\t\t\t\t<div class=\"elementor-element elementor-element-1b86cbd elementor-widget elementor-widget-text-editor\" data-id=\"1b86cbd\" data-element_type=\"widget\" data-e-type=\"widget\" data-widget_type=\"text-editor.default\">\n\t\t\t\t<div class=\"elementor-widget-container\">\n\t\t\t\t\t\t\t\t\t<p data-start=\"123\" data-end=\"258\">Looking for a cozy, fun, and meaningful way to brighten the winter months with your kids? Join us for <b>Winter\u00a0<\/b><strong data-start=\"225\" data-end=\"258\">Popcorn &amp; PJs!<\/strong><\/p><p data-start=\"260\" data-end=\"359\">This season brings another lineup of heartwarming, imaginative evenings the whole family will love:<\/p><p data-start=\"361\" data-end=\"893\">\ud83c\udfdb\ufe0f <a href=\"https:\/\/givebutter.com\/OBxReo\"><strong data-start=\"364\" data-end=\"401\">Pat Zietlow Miller &amp; Jerry Jordan<\/strong><\/a> inspire with <em data-start=\"415\" data-end=\"496\">Unstoppable John: How John Lewis Got His Library Card\u2014and Helped Change History<\/em><br data-start=\"496\" data-end=\"499\" \/>\ud83d\udc20 <a href=\"https:\/\/givebutter.com\/GIFc67\"><strong data-start=\"502\" data-end=\"520\">Deborah Diesen<\/strong><\/a> delivers a Pout-Pout Fish double feature: <em data-start=\"567\" data-end=\"588\">Goes to the Dentist<\/em> and <em data-start=\"593\" data-end=\"639\">The Pout-Pout Fish and the Can&#8217;t-Sleep Blues<\/em><br data-start=\"639\" data-end=\"642\" \/>\ud83d\udc12 <a href=\"https:\/\/givebutter.com\/s9R8jo\"><strong data-start=\"645\" data-end=\"661\">Suzanne Lang<\/strong><\/a> brings big feelings and bigger giggles with <em data-start=\"706\" data-end=\"742\">Grumpy Monkey: Get Your Grumps Out<\/em> and <em data-start=\"747\" data-end=\"777\">Grumpy Monkey: Too Many Bugs<\/em><br data-start=\"777\" data-end=\"780\" \/>\ud83d\udcca <a href=\"https:\/\/givebutter.com\/7CR8Cr\"><strong data-start=\"783\" data-end=\"811\">Reif Larsen &amp; Ben Gibson<\/strong><\/a> close out the season with the wonderfully whimsical <em data-start=\"864\" data-end=\"893\">Uma Wimple Charts Her House<\/em><\/p><p data-start=\"895\" data-end=\"1116\">Every event brings fun, creativity, and meaningful moments!<\/p><p data-start=\"895\" data-end=\"1116\"><span style=\"font-size: clamp(1rem, 3.2vw, 1.125rem);\">\ud83d\udc49 <\/span><a style=\"background-color: #f6f2e9; font-size: clamp(1rem, 3.2vw, 1.125rem);\" href=\"https:\/\/givebutter.com\/Ve501d\"><strong data-start=\"1121\" data-end=\"1183\">Click here to purchase tickets for the Winter 2025 Season!<\/strong><\/a><\/p>\t\t\t\t\t\t\t\t<\/div>\n\t\t\t\t<\/div>\n\t\t\t\t<div class=\"elementor-element elementor-element-72fd659 elementor-widget elementor-widget-text-editor\" data-id=\"72fd659\" data-element_type=\"widget\" data-e-type=\"widget\" data-widget_type=\"text-editor.default\">\n\t\t\t\t<div class=\"elementor-widget-container\">\n\t\t\t\t\t\t\t\t\t<h1>Celebrate a Full Year of Family Fun with Popcorn &amp; PJs!<\/h1>\t\t\t\t\t\t\t\t<\/div>\n\t\t\t\t<\/div>\n\t\t\t\t<div class=\"elementor-element elementor-element-6c667f7 elementor-widget elementor-widget-image\" data-id=\"6c667f7\" data-element_type=\"widget\" data-e-type=\"widget\" data-widget_type=\"image.default\">\n\t\t\t\t<div class=\"elementor-widget-container\">\n\t\t\t\t\t\t\t\t\t\t\t\t\t\t\t\t<a href=\"https:\/\/givebutter.com\/read-to-grow\">\n\t\t\t\t\t\t\t<img decoding=\"async\" width=\"1540\" height=\"600\" src=\"https:\/\/readtogrow.org\/wp-content\/uploads\/Fall-2025-Winter-2026-PPJs-Banner-1.png\" class=\"attachment-full size-full wp-image-21455\" alt=\"\" srcset=\"https:\/\/readtogrow.org\/wp-content\/uploads\/Fall-2025-Winter-2026-PPJs-Banner-1.png 1540w, https:\/\/readtogrow.org\/wp-content\/uploads\/Fall-2025-Winter-2026-PPJs-Banner-1-300x117.png 300w, https:\/\/readtogrow.org\/wp-content\/uploads\/Fall-2025-Winter-2026-PPJs-Banner-1-1030x401.png 1030w, https:\/\/readtogrow.org\/wp-content\/uploads\/Fall-2025-Winter-2026-PPJs-Banner-1-768x299.png 768w, https:\/\/readtogrow.org\/wp-content\/uploads\/Fall-2025-Winter-2026-PPJs-Banner-1-1536x598.png 1536w\" sizes=\"(max-width: 1540px) 100vw, 1540px\" \/>\t\t\t\t\t\t\t\t<\/a>\n\t\t\t\t\t\t\t\t\t\t\t\t\t\t\t<\/div>\n\t\t\t\t<\/div>\n\t\t\t\t<div class=\"elementor-element elementor-element-ba323d6 elementor-widget elementor-widget-text-editor\" data-id=\"ba323d6\" data-element_type=\"widget\" data-e-type=\"widget\" data-widget_type=\"text-editor.default\">\n\t\t\t\t<div class=\"elementor-widget-container\">\n\t\t\t\t\t\t\t\t\t<p data-start=\"123\" data-end=\"258\">Join us for Popcorn &amp; PJs at a special discounted rate with our full Fall and Winter season package! Each month, from autumn through winter, you\u2019ll enjoy fun-filled storytime events featuring celebrated authors and illustrators.<\/p><p data-start=\"123\" data-end=\"258\">It\u2019s the perfect family activity to enjoy all year long\u2014full of laughter, learning, and cozy storytime fun!<\/p><p data-start=\"123\" data-end=\"258\"><span style=\"font-size: clamp(1rem, 3.2vw, 1.125rem);\">\ud83d\udc49\u00a0<\/span><a style=\"background-color: #f6f2e9; color: #00a5e8; font-size: clamp(1rem, 3.2vw, 1.125rem);\" href=\"https:\/\/givebutter.com\/vq2vWj\"><span style=\"font-weight: 800;\" data-start=\"1121\" data-end=\"1183\">Click here to purchase tickets for the full 2025-26 Season!<\/span><\/a><\/p>\t\t\t\t\t\t\t\t<\/div>\n\t\t\t\t<\/div>\n\t\t\t\t\t<\/div>\n\t\t\t\t<\/div>\n\t\t\t\t\t<\/div>\n\t\t\t\t<\/div>\n\t\t\t\t<\/div>\n\t\t","protected":false},"excerpt":{"rendered":"<p>Pipocas &amp; PJs Conecta-te com os livros de uma forma totalmente nova Na Read to Grow, sabemos que fomentar fortes compet\u00eancias de literacia requer uma variedade de experi\u00eancias envolventes e acess\u00edveis. \u00c9 por isso que cri\u00e1mos Pipocas &amp; PJs\u2014uma forma divertida e interativa para as fam\u00edlias se conectarem com os livros de uma maneira totalmente nova. Atrav\u00e9s de Pipocas &amp; PJs, as fam\u00edlias podem participar numa hora do conto virtual com um autor convidado que d\u00e1 vida ao seu livro com uma leitura em direto. Ap\u00f3s a leitura, o autor responde a perguntas, partilha ideias sobre a hist\u00f3ria e lidera uma atividade baseada na literacia, concebida para envolver tanto as crian\u00e7as como os pais. Pipocas &amp; PJs \u00e9 a forma perfeita de despertar a curiosidade, incentivar o amor pela leitura e criar mem\u00f3rias familiares duradouras\u2014tudo a partir do conforto de casa. Torna as noites de fam\u00edlia de outono extra especiais com pipocas e pijamas! Looking for a cozy, fun, and meaningful activity to enjoy with your kids this fall? Join us for Fall\u00a0Popcorn &amp; PJs! This season\u00a0you can enjoy a lineup of unforgettable evenings together: Alan Katz kicks off the season with Zooloween Malik Champlain shares Mason\u2019s Big Hair Adventure, co-written with his son, Mason Stephen Shaskan brings Pizza and Taco to life in a graphic novel double feature Each event is packed with laughter, creativity, and connection! Click here to purchase tickets for the Fall 2025 Season! Turn Cozy Winter Nights into Storytime Magic with Popcorn &amp; PJs! Looking for a cozy, fun, and meaningful way to brighten the winter months with your kids? Join us for Winter\u00a0Popcorn &amp; PJs! This season brings another lineup of heartwarming, imaginative evenings the whole family will love: \ud83c\udfdb\ufe0f Pat Zietlow Miller &amp; Jerry Jordan inspire with Unstoppable John: How John Lewis Got His Library Card\u2014and Helped Change History\ud83d\udc20 Deborah Diesen delivers a Pout-Pout Fish double feature: Goes to the Dentist and The Pout-Pout Fish and the Can&#8217;t-Sleep Blues\ud83d\udc12 Suzanne Lang brings big feelings and bigger giggles with Grumpy Monkey: Get Your Grumps Out and Grumpy Monkey: Too Many Bugs\ud83d\udcca Reif Larsen &amp; Ben Gibson close out the season with the wonderfully whimsical Uma Wimple Charts Her House Every event brings fun, creativity, and meaningful moments! \ud83d\udc49 Click here to purchase tickets for the Winter 2025 Season! Celebrate a Full Year of Family Fun with Popcorn &amp; PJs! Join us for Popcorn &amp; PJs at a special discounted rate with our full Fall and Winter season package! Each month, from autumn through winter, you\u2019ll enjoy fun-filled storytime events featuring celebrated authors and illustrators. It\u2019s the perfect family activity to enjoy all year long\u2014full of laughter, learning, and cozy storytime fun! \ud83d\udc49\u00a0Click here to purchase tickets for the full 2025-26 Season!<\/p>\n","protected":false},"author":2,"featured_media":0,"parent":0,"menu_order":0,"comment_status":"closed","ping_status":"closed","template":"","meta":{"footnotes":""},"class_list":["post-18118","page","type-page","status-publish","hentry"],"_links":{"self":[{"href":"https:\/\/readtogrow.org\/pt-pt\/wp-json\/wp\/v2\/pages\/18118","targetHints":{"allow":["GET"]}}],"collection":[{"href":"https:\/\/readtogrow.org\/pt-pt\/wp-json\/wp\/v2\/pages"}],"about":[{"href":"https:\/\/readtogrow.org\/pt-pt\/wp-json\/wp\/v2\/types\/page"}],"author":[{"embeddable":true,"href":"https:\/\/readtogrow.org\/pt-pt\/wp-json\/wp\/v2\/users\/2"}],"replies":[{"embeddable":true,"href":"https:\/\/readtogrow.org\/pt-pt\/wp-json\/wp\/v2\/comments?post=18118"}],"version-history":[{"count":10,"href":"https:\/\/readtogrow.org\/pt-pt\/wp-json\/wp\/v2\/pages\/18118\/revisions"}],"predecessor-version":[{"id":21465,"href":"https:\/\/readtogrow.org\/pt-pt\/wp-json\/wp\/v2\/pages\/18118\/revisions\/21465"}],"wp:attachment":[{"href":"https:\/\/readtogrow.org\/pt-pt\/wp-json\/wp\/v2\/media?parent=18118"}],"curies":[{"name":"wp","href":"https:\/\/api.w.org\/{rel}","templated":true}]}}