{"id":18127,"date":"2025-09-16T17:01:57","date_gmt":"2025-09-16T21:01:57","guid":{"rendered":"https:\/\/readtogrow.org\/obtenha-livros\/"},"modified":"2025-09-16T17:02:02","modified_gmt":"2025-09-16T21:02:02","slug":"obtenha-livros","status":"publish","type":"page","link":"https:\/\/readtogrow.org\/pt-pt\/obtenha-livros\/","title":{"rendered":"Obtenha livros"},"content":{"rendered":"\t\t<div data-elementor-type=\"wp-page\" data-elementor-id=\"18127\" class=\"elementor elementor-18127 elementor-12638\" data-elementor-post-type=\"page\">\n\t\t\t\t<div class=\"elementor-element elementor-element-737c0c6d page-header e-flex e-con-boxed wpr-particle-no wpr-jarallax-no wpr-parallax-no wpr-sticky-section-no wpr-equal-height-no e-con e-parent\" data-id=\"737c0c6d\" data-element_type=\"container\" data-e-type=\"container\" id=\"page-header\" data-settings=\"{&quot;background_background&quot;:&quot;classic&quot;}\">\n\t\t\t\t\t<div class=\"e-con-inner\">\n\t\t\t\t<div class=\"elementor-element elementor-element-3ac96992 elementor-widget elementor-widget-text-editor\" data-id=\"3ac96992\" data-element_type=\"widget\" data-e-type=\"widget\" data-widget_type=\"text-editor.default\">\n\t\t\t\t<div class=\"elementor-widget-container\">\n\t\t\t\t\t\t\t\t\t<h1>Obtenha livros<\/h1>\t\t\t\t\t\t\t\t<\/div>\n\t\t\t\t<\/div>\n\t\t\t\t\t<\/div>\n\t\t\t\t<\/div>\n\t\t<div class=\"elementor-element elementor-element-8c58516 hero-section e-flex e-con-boxed wpr-particle-no wpr-jarallax-no wpr-parallax-no wpr-sticky-section-no wpr-equal-height-no e-con e-parent\" data-id=\"8c58516\" data-element_type=\"container\" data-e-type=\"container\" data-settings=\"{&quot;background_background&quot;:&quot;classic&quot;}\">\n\t\t\t\t\t<div class=\"e-con-inner\">\n\t\t<div class=\"elementor-element elementor-element-2d6fdc5e e-con-full e-flex wpr-particle-no wpr-jarallax-no wpr-parallax-no wpr-sticky-section-no wpr-equal-height-no e-con e-child\" data-id=\"2d6fdc5e\" data-element_type=\"container\" data-e-type=\"container\" data-settings=\"{&quot;background_background&quot;:&quot;classic&quot;}\">\n\t\t\t\t<div class=\"elementor-element elementor-element-4879288e intro elementor-widget elementor-widget-text-editor\" data-id=\"4879288e\" data-element_type=\"widget\" data-e-type=\"widget\" data-widget_type=\"text-editor.default\">\n\t\t\t\t<div class=\"elementor-widget-container\">\n\t\t\t\t\t\t\t\t\t<p>Na Read to Grow, acreditamos que todas as crian\u00e7as merecem acesso a livros\u2014desde o nascimento e continuando pela inf\u00e2ncia e al\u00e9m. Atrav\u00e9s do nosso programa Books for Kids e do Read to Grow Bookmobile, facilitamos o acesso de fam\u00edlias, educadores e organiza\u00e7\u00f5es comunit\u00e1rias a livros infantis gratuitos e de alta qualidade. <\/p>\t\t\t\t\t\t\t\t<\/div>\n\t\t\t\t<\/div>\n\t\t\t\t<\/div>\n\t\t<div class=\"elementor-element elementor-element-27e8a597 e-con-full e-flex wpr-particle-no wpr-jarallax-no wpr-parallax-no wpr-sticky-section-no wpr-equal-height-no e-con e-child\" data-id=\"27e8a597\" data-element_type=\"container\" data-e-type=\"container\" data-settings=\"{&quot;background_background&quot;:&quot;classic&quot;}\">\n\t\t\t\t<\/div>\n\t\t\t\t\t<\/div>\n\t\t\t\t<\/div>\n\t\t<div class=\"elementor-element elementor-element-2d1e8e9a e-flex e-con-boxed wpr-particle-no wpr-jarallax-no wpr-parallax-no wpr-sticky-section-no wpr-equal-height-no e-con e-parent\" data-id=\"2d1e8e9a\" data-element_type=\"container\" data-e-type=\"container\" data-settings=\"{&quot;background_background&quot;:&quot;classic&quot;}\">\n\t\t\t\t\t<div class=\"e-con-inner\">\n\t\t<div class=\"elementor-element elementor-element-a130836 e-flex e-con-boxed wpr-particle-no wpr-jarallax-no wpr-parallax-no wpr-sticky-section-no wpr-equal-height-no e-con e-child\" data-id=\"a130836\" data-element_type=\"container\" data-e-type=\"container\" data-settings=\"{&quot;background_background&quot;:&quot;classic&quot;}\">\n\t\t\t\t\t<div class=\"e-con-inner\">\n\t\t<div class=\"elementor-element elementor-element-be712dd e-con-full e-flex wpr-particle-no wpr-jarallax-no wpr-parallax-no wpr-sticky-section-no wpr-equal-height-no e-con e-child\" data-id=\"be712dd\" data-element_type=\"container\" data-e-type=\"container\">\n\t\t\t\t<div class=\"elementor-element elementor-element-09f23b3 elementor-widget elementor-widget-image\" data-id=\"09f23b3\" data-element_type=\"widget\" data-e-type=\"widget\" data-widget_type=\"image.default\">\n\t\t\t\t<div class=\"elementor-widget-container\">\n\t\t\t\t\t\t\t\t\t\t\t\t\t\t\t<img fetchpriority=\"high\" decoding=\"async\" width=\"1500\" height=\"1000\" src=\"https:\/\/readtogrow.org\/wp-content\/uploads\/ESSS-Coordinator-Cherese.webp\" class=\"attachment-full size-full wp-image-14742\" alt=\"\" srcset=\"https:\/\/readtogrow.org\/wp-content\/uploads\/ESSS-Coordinator-Cherese.webp 1500w, https:\/\/readtogrow.org\/wp-content\/uploads\/ESSS-Coordinator-Cherese-300x200.webp 300w, https:\/\/readtogrow.org\/wp-content\/uploads\/ESSS-Coordinator-Cherese-1030x687.webp 1030w, https:\/\/readtogrow.org\/wp-content\/uploads\/ESSS-Coordinator-Cherese-768x512.webp 768w\" sizes=\"(max-width: 1500px) 100vw, 1500px\" \/>\t\t\t\t\t\t\t\t\t\t\t\t\t\t\t<\/div>\n\t\t\t\t<\/div>\n\t\t\t\t<\/div>\n\t\t<div class=\"elementor-element elementor-element-c8a4d0b e-con-full e-flex wpr-particle-no wpr-jarallax-no wpr-parallax-no wpr-sticky-section-no wpr-equal-height-no e-con e-child\" data-id=\"c8a4d0b\" data-element_type=\"container\" data-e-type=\"container\">\n\t\t\t\t<div class=\"elementor-element elementor-element-75a54164 elementor-widget elementor-widget-text-editor\" data-id=\"75a54164\" data-element_type=\"widget\" data-e-type=\"widget\" data-widget_type=\"text-editor.default\">\n\t\t\t\t<div class=\"elementor-widget-container\">\n\t\t\t\t\t\t\t\t\t<h2>Maneiras de obter livros<\/h2><p><strong><a href=\"https:\/\/cxl.474.myftpupload.com\/pt-pt\/formulario-de-pedido-de-livros-para-familia\/\">Para fam\u00edlias e indiv\u00edduos<\/a>:<\/strong> Quer seja um pai, cuidador ou uma crian\u00e7a, pode solicitar livros gratuitos para bibliotecas dom\u00e9sticas atrav\u00e9s do nosso programa Books for Kids.<\/p><p><strong><a href=\"https:\/\/cxl.474.myftpupload.com\/pt-pt\/formulario-de-pedido-de-livros-do-programa\/\">Para organiza\u00e7\u00f5es e escolas<\/a>:<\/strong> Fazemos parcerias com centros de cuidados infantis, escolas e organiza\u00e7\u00f5es comunit\u00e1rias para fornecer doa\u00e7\u00f5es de livros em grande quantidade que apoiam os esfor\u00e7os de literacia em todo o Connecticut.<\/p><p><strong><a href=\"https:\/\/cxl.474.myftpupload.com\/pt-pt\/bibliobus\/\">Read to Grow Bookmobile<\/a>:<\/strong> O nosso Bookmobile leva livros diretamente a bairros, escolas e eventos comunit\u00e1rios em todo o Connecticut, oferecendo \u00e0s crian\u00e7as a oportunidade de escolherem os seus pr\u00f3prios livros gratuitos.<\/p>\t\t\t\t\t\t\t\t<\/div>\n\t\t\t\t<\/div>\n\t\t\t\t<\/div>\n\t\t\t\t\t<\/div>\n\t\t\t\t<\/div>\n\t\t\t\t\t<\/div>\n\t\t\t\t<\/div>\n\t\t\t\t<\/div>\n\t\t","protected":false},"excerpt":{"rendered":"<p>Obtenha livros Na Read to Grow, acreditamos que todas as crian\u00e7as merecem acesso a livros\u2014desde o nascimento e continuando pela inf\u00e2ncia e al\u00e9m. Atrav\u00e9s do nosso programa Books for Kids e do Read to Grow Bookmobile, facilitamos o acesso de fam\u00edlias, educadores e organiza\u00e7\u00f5es comunit\u00e1rias a livros infantis gratuitos e de alta qualidade. Maneiras de obter livros Para fam\u00edlias e indiv\u00edduos: Quer seja um pai, cuidador ou uma crian\u00e7a, pode solicitar livros gratuitos para bibliotecas dom\u00e9sticas atrav\u00e9s do nosso programa Books for Kids. Para organiza\u00e7\u00f5es e escolas: Fazemos parcerias com centros de cuidados infantis, escolas e organiza\u00e7\u00f5es comunit\u00e1rias para fornecer doa\u00e7\u00f5es de livros em grande quantidade que apoiam os esfor\u00e7os de literacia em todo o Connecticut. Read to Grow Bookmobile: O nosso Bookmobile leva livros diretamente a bairros, escolas e eventos comunit\u00e1rios em todo o Connecticut, oferecendo \u00e0s crian\u00e7as a oportunidade de escolherem os seus pr\u00f3prios livros gratuitos.<\/p>\n","protected":false},"author":2,"featured_media":0,"parent":0,"menu_order":0,"comment_status":"closed","ping_status":"closed","template":"","meta":{"footnotes":""},"class_list":["post-18127","page","type-page","status-publish","hentry"],"_links":{"self":[{"href":"https:\/\/readtogrow.org\/pt-pt\/wp-json\/wp\/v2\/pages\/18127","targetHints":{"allow":["GET"]}}],"collection":[{"href":"https:\/\/readtogrow.org\/pt-pt\/wp-json\/wp\/v2\/pages"}],"about":[{"href":"https:\/\/readtogrow.org\/pt-pt\/wp-json\/wp\/v2\/types\/page"}],"author":[{"embeddable":true,"href":"https:\/\/readtogrow.org\/pt-pt\/wp-json\/wp\/v2\/users\/2"}],"replies":[{"embeddable":true,"href":"https:\/\/readtogrow.org\/pt-pt\/wp-json\/wp\/v2\/comments?post=18127"}],"version-history":[{"count":1,"href":"https:\/\/readtogrow.org\/pt-pt\/wp-json\/wp\/v2\/pages\/18127\/revisions"}],"predecessor-version":[{"id":18131,"href":"https:\/\/readtogrow.org\/pt-pt\/wp-json\/wp\/v2\/pages\/18127\/revisions\/18131"}],"wp:attachment":[{"href":"https:\/\/readtogrow.org\/pt-pt\/wp-json\/wp\/v2\/media?parent=18127"}],"curies":[{"name":"wp","href":"https:\/\/api.w.org\/{rel}","templated":true}]}}